{"id":3878,"date":"2016-12-08T02:59:22","date_gmt":"2016-12-08T01:59:22","guid":{"rendered":"https:\/\/adidam.eu\/adi-da\/"},"modified":"2025-03-10T11:07:23","modified_gmt":"2025-03-10T10:07:23","slug":"adi-da","status":"publish","type":"page","link":"https:\/\/adidam.eu\/de\/adi-da\/","title":{"rendered":"Adi Da"},"content":{"rendered":"<div class=\"fusion-fullwidth fullwidth-box fusion-builder-row-1 nonhundred-percent-fullwidth non-hundred-percent-height-scrolling\" style=\"--awb-border-radius-top-left:0px;--awb-border-radius-top-right:0px;--awb-border-radius-bottom-right:0px;--awb-border-radius-bottom-left:0px;--awb-padding-top:20px;--awb-padding-bottom:20px;--awb-flex-wrap:wrap;\" ><div class=\"fusion-builder-row fusion-row\"><div class=\"fusion-layout-column fusion_builder_column fusion-builder-column-0 fusion_builder_column_2_3 2_3 fusion-two-third fusion-column-first\" style=\"--awb-bg-size:cover;width:66.666666666667%;width:calc(66.666666666667% - ( ( 4% ) * 0.66666666666667 ) );margin-right: 4%;\"><div class=\"fusion-column-wrapper fusion-flex-column-wrapper-legacy\"><div class=\"fusion-text fusion-text-1\"><h1 class=\"adida-page-adi-da-quote\"><em>In allen \u201ereligi\u00f6sen\u201c und spirituellen Traditionen wird viel Wert auf eine zentrale Person gelegt. Es gibt keine gro\u00dfe spirituelle Tradition ohne eine Person im Mittelpunkt des Prozesses.<\/em><\/h1>\n<\/div><div class=\"fusion-sep-clear\"><\/div><div class=\"fusion-separator fusion-full-width-sep\" style=\"margin-left: auto;margin-right: auto;margin-top:20px;width:100%;\"><\/div><div class=\"fusion-sep-clear\"><\/div><div class=\"fusion-text fusion-text-2\"><h1 class=\"adida-page-adi-da-quote\"><em>Die prim\u00e4re Kraft und \u201eWurzel\u201c aller esoterischen Traditionen der Menschheit sind die verwirklichten Meister, die tats\u00e4chlich (zu einem oder anderen Grad) die spirituelle und transzendentale Natur der Realit\u00e4t verwirklichen.<\/em><\/h1>\n<\/div><div class=\"fusion-sep-clear\"><\/div><div class=\"fusion-separator fusion-full-width-sep\" style=\"margin-left: auto;margin-right: auto;margin-top:10px;width:100%;\"><\/div><div class=\"fusion-sep-clear\"><\/div><div class=\"fusion-text fusion-text-3\"><p class=\"adi-da-quote-sub\" style=\"text-align: right;\">~ Avatar Adi Da Samraj<\/p>\n<\/div><div class=\"fusion-builder-row fusion-builder-row-inner fusion-row\"><div class=\"fusion-layout-column fusion_builder_column_inner fusion-builder-nested-column-0 fusion_builder_column_inner_1_2 1_2 fusion-one-half fusion-column-first\" style=\"--awb-bg-size:cover;width:50%;width:calc(50% - ( ( 4% ) * 0.5 ) );margin-right: 4%;\"><div class=\"fusion-column-wrapper fusion-flex-column-wrapper-legacy\"><div class=\"fusion-text fusion-text-4\"><p><strong>Spirituell verwirklichte Meister <\/strong>verschiedener Grade sind im Laufe der Geschichte aufgetreten, um die Menschheit zu lehren, zu segnen und zu erwecken. Adi Da Samraj ist innerhalb der alten und ehrw\u00fcrdigen Tradition aller g\u00f6ttlich verwirklichten Meister erschienen, mit dem gleichen Impuls, die Menschheit zu lehren und zur einen Wahrheit zu erwecken, die die Realit\u00e4t selbst ist.<\/p>\n<p>Das prim\u00e4re spirituelle Bed\u00fcrfnis jedes menschlichen Herzens ist es, das Paradox der Sterblichkeit, der k\u00f6rperlichen Existenz in einer endlichen Welt zu \u00fcberschreiten und die unendliche Liebe, perfekte Freiheit und das grenzenlose Gl\u00fcck zu verwirklichen. Die grundlegende Botschaft, die Adi Da Samraj allen bringt, ist, dass eine solche Verwirklichung nicht nur unser wesentlichstes spirituelles Bed\u00fcrfnis, sondern auch unser unvermeidliches und unendliches Schicksal ist. Denn der wahre Zustand der Realit\u00e4t selbst ist nicht diese endliche, sterbliche Welt; er ist unteilbares bewusstes Licht \u2013 das sich als unendliche Liebe, perfekte Freiheit und grenzenloses Gl\u00fcck manifestiert.<\/p>\n<p>Adi Da Samraj verwirklichte diesen strahlenden Zustand bei Seiner Geburt<\/p>\n<\/div><div class=\"fusion-clearfix\"><\/div><\/div><\/div><div class=\"fusion-layout-column fusion_builder_column_inner fusion-builder-nested-column-1 fusion_builder_column_inner_1_2 1_2 fusion-one-half fusion-column-last\" style=\"--awb-bg-size:cover;width:50%;width:calc(50% - ( ( 4% ) * 0.5 ) );\"><div class=\"fusion-column-wrapper fusion-flex-column-wrapper-legacy\"><div class=\"fusion-text fusion-text-5\"><p>und bezeichnete ihn seit Seiner fr\u00fchen Kindheit als das \u201eHelle\u201c. Er \u00fcbermittelte diese gleiche Verwirklichung anderen, solange Er leiblich lebte, und tut dies weiterhin durch alle Formen der Vermittlung der spirituellen \u00dcbertragung, die Er w\u00e4hrend Seines Lebens etabliert hat. Das Hauptmittel, das Adi Da Samraj einsetzte, um andere zu Seiner Verwirklichung zu erwecken, ist dasselbe, das von verwirklichten Meistern seit der Antike vorgeschrieben wird: die Beziehung zwischen Guru und Sch\u00fcler, bewusst gelebt und gegenseitig umarmt. Das Kernprinzip der Guru-Sch\u00fcler-Beziehung ist, sich mit dem Zustand des Verwirklichers zu verbinden oder \u00fcber ihn zu meditieren.<\/p>\n<p><strong class=\"red-subhead\">Die Einzigartigkeit von Adi Da: Spirituelle Suche vs. der Wirklichkeits-Weg von Adidam<\/strong><br \/>\nAlle vorherigen Wege, \u00f6stlich oder westlich, exoterisch oder esoterisch, beginnen aus der Sicht des Egos oder des Gef\u00fchls eines getrennten Selbst. Jeder Weg bietet eine M\u00f6glichkeit, von diesem sterblichen und furchtbaren Gef\u00fchl der Trennung durch verschiedene Methoden, Glaubens\u00fcberzeugungen, Rituale, Techniken, Meditationspraktiken usw. befreit zu werden.<\/p>\n<\/div><div class=\"fusion-clearfix\"><\/div><\/div><\/div><\/div><div class=\"fusion-builder-row fusion-builder-row-inner fusion-row\"><div class=\"fusion-layout-column fusion_builder_column_inner fusion-builder-nested-column-2 fusion_builder_column_inner_1_1 1_1 fusion-one-full fusion-column-first fusion-column-last adidapage-centerquote-container\" style=\"--awb-bg-size:cover;\"><div class=\"fusion-column-wrapper fusion-flex-column-wrapper-legacy\"><div class=\"fusion-text fusion-text-6\"><p class=\"adida-page-center-qoute\">Das lebende menschliche \u201eerfahrende\u201c Wesen ist nicht in einem unabh\u00e4ngigen (oder nicht abh\u00e4ngigen) \u201einneren Selbst\u201c, \u201eGeist\u201c, \u201ePsyche\u201c, \u201eSeele\u201c, \u201eK\u00f6rperlichkeit\u201c, \u201eOrt\u201c oder \u201eStandpunkt\u201c \u201ezentrale\u201c (oder \u201everwurzelte\u201c) Wesen. Das lebende menschliche \u201eerfahrende\u201c Wesen ist (innerhalb seines bedingt erscheinenden Kontexts) von Natur aus nicht-getrennt\u2014oder intrinsisch, und abh\u00e4ngig, und untrennbar von einer vorhergehenden Einheit und Ganzheit.<\/p>\n<\/div><div class=\"fusion-text fusion-text-7\"><p class=\"adida-page-center-qoute-signature\">~ Das Aletheon<\/p>\n<\/div><div class=\"fusion-clearfix\"><\/div><\/div><\/div><\/div><div class=\"fusion-builder-row fusion-builder-row-inner fusion-row\"><div class=\"fusion-layout-column fusion_builder_column_inner fusion-builder-nested-column-3 fusion_builder_column_inner_1_2 1_2 fusion-one-half fusion-column-first\" style=\"--awb-bg-size:cover;width:50%;width:calc(50% - ( ( 4% ) * 0.5 ) );margin-right: 4%;\"><div class=\"fusion-column-wrapper fusion-flex-column-wrapper-legacy\"><div class=\"fusion-text fusion-text-8\"><p>Avatar Adi Da beschreibt in aller Ausf\u00fchrlichkeit das Gef\u00fchl der Unruhe oder des Dilemmas, das diese Suche motiviert. Er erkl\u00e4rt, dass diese Gef\u00fchle aus der chronischen Aktivit\u00e4t hervorgehen, die die Quelle des Gef\u00fchls der Trennung ist: Jede vorstellbare Form menschlichen Leidens stammt aus diesem einzigartigen Irrtum \u2013 der schmerzhaften Illusion, dass das \u201eich\u201c ein getrenntes, sterbliches Wesen ist, getrennt von allen \u201eanderen\u201c und irgendwie getrennt vom einen strahlenden g\u00f6ttlichen Bewusstsein, in dem das gesamte Spiel der Existenz erfahren wird. Da das illusorische Ego selbst das Problem ist, ist der Versuch des Egos, sich zu befreien, wie jemand, der versucht, ein Brett aufzuheben, w\u00e4hrend er darauf steht.<\/p>\n<p>Im Gegensatz zu allen traditionellen Wegen der Suchenden gibt es im  Wirklichkeits-Weg von Adidam kein Ziel zu erreichen oder eine andere Welt zu erlangen. Stattdessen wird der Sch\u00fcler von Adi Da\u2018s g\u00f6ttlichem Sein angezogen und tritt responsiv in eine hingebungsvolle Vereinigung mit Ihm ein. Anders als traditionelle spirituelle Methoden, die ein \u201eEndergebnis\u201c suchen, geschieht dieser Prozess bereits zu Beginn der Praxis in Adi Da\u2018s Gegenwart und enth\u00e4lt in sich die letztliche Verwirklichung von Realit\u00e4t und Wahrheit.<\/p>\n<\/div><div class=\"fusion-clearfix\"><\/div><\/div><\/div><div class=\"fusion-layout-column fusion_builder_column_inner fusion-builder-nested-column-4 fusion_builder_column_inner_1_2 1_2 fusion-one-half fusion-column-last\" style=\"--awb-bg-size:cover;width:50%;width:calc(50% - ( ( 4% ) * 0.5 ) );\"><div class=\"fusion-column-wrapper fusion-flex-column-wrapper-legacy\"><div class=\"fusion-text fusion-text-9\"><p>Avatar Adi Da\u2018s wahre Funktion besteht nicht darin, zu lehren oder auf magische Weise die Verwirklichung in Seinen Sch\u00fclern zu \u201ebewirken\u201c. Vielmehr besteht Seine Funktion darin, einfach zu Sein \u2013 so wie Er ist, als der g\u00f6ttliche Realit\u00e4ts-Zustand \u2013 und damit die direkte Offenbarung der Realit\u00e4t selbst verf\u00fcgbar zu machen. Der Sch\u00fcler \u201esteht dann in der Position der Verwirklichung \u2013 vor der Identifikation mit dem K\u00f6rper-Geist \u2013 und der K\u00f6rper-Geist wird immer mehr dieser Verwirklichung angepasst\u201c. Dies geschieht nicht durch irgendeine Methode der Suche, sondern ausschlie\u00dflich durch Adi Da\u2018s g\u00f6ttlichen Segen und spirituelle Gnade. <\/p>\n<p>Das ist das \u201eGeheimnis\u201c des Wirklichkeits-Wegs von Adidam und die gro\u00dfe Entdeckung, die all jene machen, die frei in eine hingebungsvolle Beziehung zu Adi Da Samraj eintreten.<\/p>\n<\/div><div class=\"fusion-clearfix\"><\/div><\/div><\/div><\/div><div class=\"fusion-sep-clear\"><\/div><div class=\"fusion-separator fusion-full-width-sep\" style=\"margin-left: auto;margin-right: auto;margin-top:40px;width:100%;\"><\/div><div class=\"fusion-sep-clear\"><\/div><div class=\"fusion-builder-row fusion-builder-row-inner fusion-row\"><div class=\"fusion-layout-column fusion_builder_column_inner fusion-builder-nested-column-5 fusion_builder_column_inner_1_3 1_3 fusion-one-third fusion-column-first\" style=\"--awb-bg-size:cover;width:33.333333333333%;width:calc(33.333333333333% - ( ( 4% + 4% ) * 0.33333333333333 ) );margin-right: 4%;\"><div class=\"fusion-column-wrapper fusion-flex-column-wrapper-legacy\"><div class=\"fusion-content-boxes content-boxes columns row fusion-columns-1 fusion-columns-total-1 fusion-content-boxes-1 content-boxes-icon-on-top content-left icon-watch\" style=\"--awb-body-color:#37939b;--awb-title-color:#37939b;--awb-hover-accent-color:#00474f;--awb-circle-hover-accent-color:#00474f;--awb-item-margin-bottom:40px;\" data-animationOffset=\"top-into-view\"><div style=\"--awb-backgroundcolor:rgba(255,255,255,0);\" class=\"fusion-column content-box-column content-box-column content-box-column-1 col-lg-12 col-md-12 col-sm-12 fusion-content-box-hover content-box-column-last content-box-column-last-in-row\"><div class=\"col content-box-wrapper content-wrapper link-area-link-icon link-type-text icon-hover-animation-fade\" data-animationOffset=\"top-into-view\"><div class=\"heading heading-with-icon icon-left\"><a class=\"heading-link\" href=\"https:\/\/adidam.eu\/watch\/\" target=\"_self\"><div aria-hidden=\"true\" class=\"image\"><img decoding=\"async\" src=\"https:\/\/adidam.eu\/wp-content\/uploads\/2016\/12\/adidam_home_icon_watch.png\" width=\"81\" height=\"81\" alt=\"\" \/><\/div><h2 class=\"content-box-heading\" style=\"--h2_typography-font-size:32px;line-height:37px;\">Ansehen<\/h2><\/a><\/div><\/div><\/div><div class=\"fusion-clearfix\"><\/div><\/div><div class=\"fusion-clearfix\"><\/div><\/div><\/div><div class=\"fusion-layout-column fusion_builder_column_inner fusion-builder-nested-column-6 fusion_builder_column_inner_1_3 1_3 fusion-one-third\" style=\"--awb-bg-size:cover;width:33.333333333333%;width:calc(33.333333333333% - ( ( 4% + 4% ) * 0.33333333333333 ) );margin-right: 4%;\"><div class=\"fusion-column-wrapper fusion-flex-column-wrapper-legacy\"><div class=\"fusion-content-boxes content-boxes columns row fusion-columns-1 fusion-columns-total-1 fusion-content-boxes-2 content-boxes-icon-on-top content-left icon-read\" style=\"--awb-body-color:#737b35;--awb-title-color:#737b35;--awb-hover-accent-color:#404802;--awb-circle-hover-accent-color:#404802;--awb-item-margin-bottom:40px;\" data-animationOffset=\"top-into-view\"><div style=\"--awb-backgroundcolor:rgba(255,255,255,0);\" class=\"fusion-column content-box-column content-box-column content-box-column-1 col-lg-12 col-md-12 col-sm-12 fusion-content-box-hover content-box-column-last content-box-column-last-in-row\"><div class=\"col content-box-wrapper content-wrapper link-area-link-icon link-type-text icon-hover-animation-fade\" data-animationOffset=\"top-into-view\"><div class=\"heading heading-with-icon icon-left\"><a class=\"heading-link\" href=\"https:\/\/adidam.eu\/read\/\" target=\"_self\"><div aria-hidden=\"true\" class=\"image\"><img decoding=\"async\" src=\"https:\/\/adidam.eu\/wp-content\/uploads\/2016\/12\/adidam_home_icon_read.png\" width=\"81\" height=\"81\" alt=\"\" \/><\/div><h2 class=\"content-box-heading\" style=\"--h2_typography-font-size:32px;line-height:37px;\">Lesen<\/h2><\/a><\/div><\/div><\/div><div class=\"fusion-clearfix\"><\/div><\/div><div class=\"fusion-clearfix\"><\/div><\/div><\/div><div class=\"fusion-layout-column fusion_builder_column_inner fusion-builder-nested-column-7 fusion_builder_column_inner_1_3 1_3 fusion-one-third fusion-column-last\" style=\"--awb-bg-size:cover;width:33.333333333333%;width:calc(33.333333333333% - ( ( 4% + 4% ) * 0.33333333333333 ) );\"><div class=\"fusion-column-wrapper fusion-flex-column-wrapper-legacy\"><div class=\"fusion-content-boxes content-boxes columns row fusion-columns-1 fusion-columns-total-1 fusion-content-boxes-3 content-boxes-icon-on-top content-left icon-listen\" style=\"--awb-body-color:#b3740d;--awb-title-color:#b3740d;--awb-hover-accent-color:#804100;--awb-circle-hover-accent-color:#804100;--awb-item-margin-bottom:40px;\" data-animationOffset=\"top-into-view\"><div style=\"--awb-backgroundcolor:rgba(255,255,255,0);\" class=\"fusion-column content-box-column content-box-column content-box-column-1 col-lg-12 col-md-12 col-sm-12 fusion-content-box-hover content-box-column-last content-box-column-last-in-row\"><div class=\"col content-box-wrapper content-wrapper link-area-link-icon link-type-text icon-hover-animation-fade\" data-animationOffset=\"top-into-view\"><div class=\"heading heading-with-icon icon-left\"><a class=\"heading-link\" href=\"https:\/\/adidam.eu\/listen\/\" target=\"_self\"><div aria-hidden=\"true\" class=\"image\"><img decoding=\"async\" src=\"https:\/\/adidam.eu\/wp-content\/uploads\/2016\/12\/adidam_home_icon_listen.png\" width=\"81\" height=\"81\" alt=\"\" \/><\/div><h2 class=\"content-box-heading\" style=\"--h2_typography-font-size:32px;line-height:37px;\">Anh\u00f6ren<\/h2><\/a><\/div><\/div><\/div><div class=\"fusion-clearfix\"><\/div><\/div><div class=\"fusion-clearfix\"><\/div><\/div><\/div><\/div><div class=\"fusion-clearfix\"><\/div><\/div><\/div><div class=\"fusion-layout-column fusion_builder_column fusion-builder-column-1 fusion_builder_column_1_3 1_3 fusion-one-third fusion-column-last\" style=\"--awb-bg-position:right center;--awb-bg-size:cover;width:33.333333333333%;width:calc(33.333333333333% - ( ( 4% ) * 0.33333333333333 ) );\"><div class=\"fusion-column-wrapper fusion-flex-column-wrapper-legacy\"><div class=\"fusion-video fusion-youtube\" style=\"--awb-max-width:351px;--awb-max-height:197px;\"><div class=\"video-shortcode\"><div class=\"fluid-width-video-wrapper\" style=\"padding-top:56.13%;\" ><iframe title=\"YouTube video player 1\" src=\"https:\/\/www.youtube.com\/embed\/5r_7PajYj3M?wmode=transparent&autoplay=0&amp;rel=0\" width=\"351\" height=\"197\" allowfullscreen allow=\"autoplay; clipboard-write; encrypted-media; gyroscope; picture-in-picture;\"><\/iframe><\/div><\/div><\/div><div class=\"fusion-sep-clear\"><\/div><div class=\"fusion-separator fusion-full-width-sep\" style=\"margin-left: auto;margin-right: auto;margin-top:10px;width:100%;\"><\/div><div class=\"fusion-sep-clear\"><\/div><div class=\"fusion-title title fusion-title-1 fusion-sep-none fusion-title-text fusion-title-size-one youtube-sidebar-h1\" style=\"--awb-margin-top-small:10px;--awb-margin-right-small:0px;--awb-margin-bottom-small:10px;--awb-margin-left-small:0px;\"><h1 class=\"fusion-title-heading title-heading-left\" style=\"margin:0;\">The Time-Honored Guru-Devotee Relationship<\/h1><\/div><div class=\"fusion-sep-clear\"><\/div><div class=\"fusion-separator fusion-full-width-sep\" style=\"margin-left: auto;margin-right: auto;margin-top:30px;width:100%;\"><\/div><div class=\"fusion-sep-clear\"><\/div><div class=\"fusion-image-element in-legacy-container\" style=\"--awb-caption-title-font-family:var(--h2_typography-font-family);--awb-caption-title-font-weight:var(--h2_typography-font-weight);--awb-caption-title-font-style:var(--h2_typography-font-style);--awb-caption-title-size:var(--h2_typography-font-size);--awb-caption-title-transform:var(--h2_typography-text-transform);--awb-caption-title-line-height:var(--h2_typography-line-height);--awb-caption-title-letter-spacing:var(--h2_typography-letter-spacing);\"><span class=\" fusion-imageframe imageframe-none imageframe-1 hover-type-none\"><img decoding=\"async\" width=\"355\" height=\"253\" title=\"adidam_sidebar_adidapage\" src=\"https:\/\/adidam.eu\/wp-content\/uploads\/2016\/12\/adidam_sidebar_adidapage.png\" alt class=\"img-responsive wp-image-212\" srcset=\"https:\/\/adidam.eu\/wp-content\/uploads\/2016\/12\/adidam_sidebar_adidapage-200x143.png 200w, https:\/\/adidam.eu\/wp-content\/uploads\/2016\/12\/adidam_sidebar_adidapage.png 355w\" sizes=\"(max-width: 1200px) 100vw, 355px\" \/><\/span><\/div><div class=\"fusion-sep-clear\"><\/div><div class=\"fusion-separator fusion-full-width-sep\" style=\"margin-left: auto;margin-right: auto;margin-top:40px;width:100%;\"><\/div><div class=\"fusion-sep-clear\"><\/div><div class=\"fusion-video fusion-youtube\" style=\"--awb-max-width:351px;--awb-max-height:197px;\"><div class=\"video-shortcode\"><div class=\"fluid-width-video-wrapper\" style=\"padding-top:56.13%;\" ><iframe title=\"YouTube video player 2\" src=\"https:\/\/www.youtube.com\/embed\/qXpg0ta4K-Q?wmode=transparent&autoplay=0&amp;rel=0\" width=\"351\" height=\"197\" allowfullscreen allow=\"autoplay; clipboard-write; encrypted-media; gyroscope; picture-in-picture;\"><\/iframe><\/div><\/div><\/div><div class=\"fusion-sep-clear\"><\/div><div class=\"fusion-separator fusion-full-width-sep\" style=\"margin-left: auto;margin-right: auto;margin-top:10px;width:100%;\"><\/div><div class=\"fusion-sep-clear\"><\/div><div class=\"fusion-title title fusion-title-2 fusion-sep-none fusion-title-text fusion-title-size-one youtube-sidebar-h1\" style=\"--awb-margin-top-small:10px;--awb-margin-right-small:0px;--awb-margin-bottom-small:10px;--awb-margin-left-small:0px;\"><h1 class=\"fusion-title-heading title-heading-left\" style=\"margin:0;\">A Devotee Summarises Adi Da\u2019s Work<\/h1><\/div><div class=\"fusion-clearfix\"><\/div><\/div><\/div><\/div><\/div>\n","protected":false},"excerpt":{"rendered":"","protected":false},"author":1,"featured_media":0,"parent":0,"menu_order":0,"comment_status":"closed","ping_status":"closed","template":"100-width.php","meta":{"footnotes":""},"class_list":["post-3878","page","type-page","status-publish","hentry"],"_links":{"self":[{"href":"https:\/\/adidam.eu\/de\/wp-json\/wp\/v2\/pages\/3878","targetHints":{"allow":["GET"]}}],"collection":[{"href":"https:\/\/adidam.eu\/de\/wp-json\/wp\/v2\/pages"}],"about":[{"href":"https:\/\/adidam.eu\/de\/wp-json\/wp\/v2\/types\/page"}],"author":[{"embeddable":true,"href":"https:\/\/adidam.eu\/de\/wp-json\/wp\/v2\/users\/1"}],"replies":[{"embeddable":true,"href":"https:\/\/adidam.eu\/de\/wp-json\/wp\/v2\/comments?post=3878"}],"version-history":[{"count":2,"href":"https:\/\/adidam.eu\/de\/wp-json\/wp\/v2\/pages\/3878\/revisions"}],"predecessor-version":[{"id":3880,"href":"https:\/\/adidam.eu\/de\/wp-json\/wp\/v2\/pages\/3878\/revisions\/3880"}],"wp:attachment":[{"href":"https:\/\/adidam.eu\/de\/wp-json\/wp\/v2\/media?parent=3878"}],"curies":[{"name":"wp","href":"https:\/\/api.w.org\/{rel}","templated":true}]}}