{"id":3908,"date":"2021-04-19T03:00:06","date_gmt":"2021-04-19T01:00:06","guid":{"rendered":"https:\/\/adidam.eu\/kurse\/"},"modified":"2025-03-11T13:08:31","modified_gmt":"2025-03-11T12:08:31","slug":"kurse","status":"publish","type":"page","link":"https:\/\/adidam.eu\/de\/kurse\/","title":{"rendered":"Kurse"},"content":{"rendered":"<div class=\"fusion-fullwidth fullwidth-box fusion-builder-row-1 nonhundred-percent-fullwidth non-hundred-percent-height-scrolling\" style=\"--awb-border-radius-top-left:0px;--awb-border-radius-top-right:0px;--awb-border-radius-bottom-right:0px;--awb-border-radius-bottom-left:0px;--awb-padding-top:20px;--awb-padding-bottom:20px;--awb-flex-wrap:wrap;\" ><div class=\"fusion-builder-row fusion-row\"><div class=\"fusion-layout-column fusion_builder_column fusion-builder-column-0 fusion_builder_column_2_3 2_3 fusion-two-third fusion-column-first\" style=\"--awb-bg-size:cover;width:66.666666666667%;width:calc(66.666666666667% - ( ( 4% ) * 0.66666666666667 ) );margin-right: 4%;\"><div class=\"fusion-column-wrapper fusion-flex-column-wrapper-legacy\"><div class=\"fusion-text fusion-text-1\"><h1 class=\"adida-page-adi-da-quote\"><em>Der Zweck meiner k\u00f6rperlichen (menschlichen) Erscheinung hier ist die g\u00f6ttliche Befreiung der gesamten Menschheit \u2013 nicht nur der Menschen des Ostens oder der Menschen des Westens, sondern aller Menschen (und tats\u00e4chlich aller Wesen und Dinge insgesamt).<\/em><\/h1>\n<\/div><div class=\"fusion-text fusion-text-2\"><p class=\"adi-da-quote-sub\" style=\"text-align: right;\">~ Avatar Adi Da Samraj<br \/>\n(aus Der Avatar von dem was ist)<\/p>\n<\/div><div class=\"fusion-sep-clear\"><\/div><div class=\"fusion-separator fusion-full-width-sep\" style=\"margin-left: auto;margin-right: auto;margin-top:50px;width:100%;\"><\/div><div class=\"fusion-sep-clear\"><\/div><div class=\"fusion-builder-row fusion-builder-row-inner fusion-row\"><div class=\"fusion-layout-column fusion_builder_column_inner fusion-builder-nested-column-0 fusion_builder_column_inner_1_1 1_1 fusion-one-full fusion-column-first fusion-column-last courses-page-centerblock-container\" style=\"--awb-bg-size:cover;\"><div class=\"fusion-column-wrapper fusion-flex-column-wrapper-legacy\"><div class=\"fusion-title title fusion-title-1 fusion-title-text fusion-title-size-one courses-page-centerblock-h1 \" style=\"--awb-margin-top-small:10px;--awb-margin-right-small:0px;--awb-margin-bottom-small:10px;--awb-margin-left-small:0px;\"><h1 class=\"fusion-title-heading title-heading-left\" style=\"margin:0;\">Kurse<\/h1><span class=\"awb-title-spacer\"><\/span><div class=\"title-sep-container\"><div class=\"title-sep sep-double sep-solid\" style=\"border-color:#e0dede;\"><\/div><\/div><\/div><div class=\"fusion-text fusion-text-3\"><h3 class=\"courses-page-centerblock-h3\">Adidam Europe bietet Kurse \u00fcber Adi Da Samraj und den spirituellen Weg, den er anbietet, an. An allen Kursen kann online \u00fcber Zoom teilgenommen werden. Wenn Sie Fragen zu den Kursen haben, senden Sie uns bitte eine E-Mail an <a href=\"mailto:info@adidam.eu\">info@adidam.eu<\/a>.<\/h3>\n<\/div><div class=\"fusion-sep-clear\"><\/div><div class=\"fusion-separator fusion-full-width-sep\" style=\"margin-left: auto;margin-right: auto;margin-bottom:15px;width:100%;\"><\/div><div class=\"fusion-sep-clear\"><\/div><div class=\"fusion-title title fusion-title-2 fusion-sep-none fusion-title-text fusion-title-size-four courses-page-centerblock-title-h4\" style=\"--awb-margin-top-small:10px;--awb-margin-right-small:0px;--awb-margin-bottom-small:10px;--awb-margin-left-small:0px;\"><h4 class=\"fusion-title-heading title-heading-left\" style=\"margin:0;\"><a href=\"#\">Der Da Avatar Kurs<\/a><\/h4><\/div><div class=\"fusion-text fusion-text-4\"><p class=\"courses-page-centerblock-body\"><img decoding=\"async\" class=\" wp-image-1384 alignright\" src=\"https:\/\/adidam.eu\/wp-content\/uploads\/2021\/04\/theavatarofwhatis_book_cover_300x464px.jpg\" alt=\"\" width=\"160\" height=\"247\" srcset=\"https:\/\/adidam.eu\/wp-content\/uploads\/2021\/04\/theavatarofwhatis_book_cover_300x464px-194x300.jpg 194w, https:\/\/adidam.eu\/wp-content\/uploads\/2021\/04\/theavatarofwhatis_book_cover_300x464px-200x309.jpg 200w, https:\/\/adidam.eu\/wp-content\/uploads\/2021\/04\/theavatarofwhatis_book_cover_300x464px.jpg 300w\" sizes=\"(max-width: 160px) 100vw, 160px\" \/>In diesem Online-Kurs werden wir <em>den Avatar dessen, was ist<\/em>, studieren. Dieses Buch von Carolyn Lee gibt eine wunderbare Einf\u00fchrung in das Leben und Werk von Adi Da Samraj, von seiner Geburt bis zur Gegenwart, und vermittelt ein Verst\u00e4ndnis f\u00fcr die Einzigartigkeit von Adi Da im Kontext der gro\u00dfen Tradition menschlicher Weisheit und Spiritualit\u00e4t.<\/p>\n<p class=\"courses-page-centerblock-body\">Der Kurs besteht aus vier Online-Sitzungen \u00fcber Zoom. Jede Sitzung umfasst zwei Kapitel des Buches, und wir gehen auf Fragen ein, zeigen Videos von Adi Da Samraj und erz\u00e4hlen Geschichten zum Thema des Abends. Der Kurs wird von R\u00e9n\u00e9e Pierrot und Bart Lohr geleitet, zwei langj\u00e4hrigen Devotees von Adi Da Samraj, die auch die \u201eWhere is Happiness\u201c-Retreats im europ\u00e4ischen Danda leiten. Da wir Teilnehmer aus verschiedenen L\u00e4ndern haben, findet der Kurs auf Englisch statt, wir k\u00f6nnen jedoch auch auf Niederl\u00e4ndisch, Franz\u00f6sisch, Deutsch und Spanisch behilflich sein.<\/p>\n<p class=\"courses-page-centerblock-body\">F\u00fcr den Kurs ben\u00f6tigen Sie ein Exemplar von <em>\u201eThe Avatar of What <u>Is<\/u>\u201c<\/em>. Das Buch ist in unserem Online-<a href=\"https:\/\/adidambookshop.eu\/products\/the-avatar-of-what-is?variant=47211292721495\" target=\"_blank\" rel=\"noopener\">Buchshop<\/a> erh\u00e4ltlich. Das E-Book ist bei Amazon erh\u00e4ltlich. <em>(Wichtig: Wenn Sie das Taschenbuch woanders kaufen, besorgen Sie sich bitte die Ausgabe 2018 oder 2019 \u2013 nicht die Ausgabe 2007.)\u00a0<\/em><\/p>\n<\/div><div class=\"fusion-sep-clear\"><\/div><div class=\"fusion-separator fusion-full-width-sep\" style=\"margin-left: auto;margin-right: auto;margin-bottom:15px;width:100%;\"><\/div><div class=\"fusion-sep-clear\"><\/div><div class=\"fusion-aligncenter\"><a class=\"fusion-button button-flat fusion-button-default-size button-default fusion-button-default button-1 fusion-button-default-span fusion-button-default-type\" target=\"_self\" href=\"https:\/\/adidam.eu\/courses\/register\/\"><span class=\"fusion-button-text awb-button__text awb-button__text--default\">Jetzt anmelden<\/span><\/a><\/div><div class=\"fusion-sep-clear\"><\/div><div class=\"fusion-separator fusion-full-width-sep\" style=\"margin-left: auto;margin-right: auto;margin-bottom:30px;width:100%;\"><\/div><div class=\"fusion-sep-clear\"><\/div><div class=\"fusion-title title fusion-title-3 fusion-sep-none fusion-title-text fusion-title-size-four courses-page-centerblock-title-h4\" style=\"--awb-margin-top-small:10px;--awb-margin-right-small:0px;--awb-margin-bottom-small:10px;--awb-margin-left-small:0px;\"><h4 class=\"fusion-title-heading title-heading-left\" style=\"margin:0;\"><a href=\"#\">Der Reality-Way of Adidam-Kurs<\/a><\/h4><\/div><div class=\"fusion-text fusion-text-5\"><p class=\"courses-page-centerblock-body\"><img decoding=\"async\" class=\"wp-image-2366 alignright\" src=\"https:\/\/adidam.eu\/wp-content\/uploads\/2023\/01\/therealitywayofadidam_book_cover_300x430px.jpg\" alt=\"\" width=\"160\" height=\"229\" srcset=\"https:\/\/adidam.eu\/wp-content\/uploads\/2023\/01\/therealitywayofadidam_book_cover_300x430px-200x287.jpg 200w, https:\/\/adidam.eu\/wp-content\/uploads\/2023\/01\/therealitywayofadidam_book_cover_300x430px-209x300.jpg 209w, https:\/\/adidam.eu\/wp-content\/uploads\/2023\/01\/therealitywayofadidam_book_cover_300x430px.jpg 300w\" sizes=\"(max-width: 160px) 100vw, 160px\" \/>Eine Einf\u00fchrung in \u201eradikale\u201c Hingabe, richtiges Leben und \u201evollkommenes Wissen\u201c, die wesentlichen Elemente des Weges von Adidam.<\/p>\n<p class=\"courses-page-centerblock-body\">Dieser Kurs basiert auf den aktuellsten Anweisungen und Lehren von Avatar Adi Da, die die Grundlagen und die Praxis des Weges von Adidam vereinfachen und verdeutlichen.<\/p>\n<p class=\"courses-page-centerblock-body\">In f\u00fcnf zweiw\u00f6chentlichen Sitzungen studieren und betrachten wir den Text des Buches <em>\u201eThe Reality-Way of Adidam: The Divine Process That Outshines All Seeking in the Perfect Freedom of Reality Itself\u201c.<\/em><\/p>\n<p class=\"courses-page-centerblock-body\">F\u00fcr diesen Kurs ben\u00f6tigen Sie ein Exemplar von <em>\u201eThe Reality-Way of Adidam\u201c<\/em>. Das Buch ist in unserem Online-<a href=\"https:\/\/adidambookshop.eu\/products\/the-reality-way-of-adidam-1?_pos=1&amp;_psq=The+Reality-Way+of+Adidam&amp;_ss=e&amp;_v=1.0\" target=\"_blank\" rel=\"noopener\">Buchshop<\/a> erh\u00e4ltlich.<\/p>\n<\/div><div class=\"fusion-sep-clear\"><\/div><div class=\"fusion-separator fusion-full-width-sep\" style=\"margin-left: auto;margin-right: auto;margin-bottom:15px;width:100%;\"><\/div><div class=\"fusion-sep-clear\"><\/div><div class=\"fusion-aligncenter\"><a class=\"fusion-button button-flat fusion-button-default-size button-default fusion-button-default button-2 fusion-button-default-span fusion-button-default-type\" target=\"_self\" href=\"https:\/\/adidam.eu\/courses\/register\/\"><span class=\"fusion-button-text awb-button__text awb-button__text--default\">Jetzt anmelden<\/span><\/a><\/div><div class=\"fusion-sep-clear\"><\/div><div class=\"fusion-separator fusion-full-width-sep\" style=\"margin-left: auto;margin-right: auto;margin-bottom:30px;width:100%;\"><\/div><div class=\"fusion-sep-clear\"><\/div><div class=\"fusion-title title fusion-title-4 fusion-sep-none fusion-title-text fusion-title-size-four courses-page-centerblock-title-h4\" style=\"--awb-margin-top-small:10px;--awb-margin-right-small:0px;--awb-margin-bottom-small:10px;--awb-margin-left-small:0px;\"><h4 class=\"fusion-title-heading title-heading-left\" style=\"margin:0;\"><a href=\"#\">Der Kurs \u201eThe Greatest Gift\u201c<\/a><\/h4><\/div><div class=\"fusion-text fusion-text-6\"><p class=\"courses-page-centerblock-body\"><img decoding=\"async\" class=\" wp-image-1385 alignright\" src=\"https:\/\/adidam.eu\/wp-content\/uploads\/2021\/04\/theeightpartadmonition_book_cover_300x460px.jpg\" alt=\"\" width=\"160\" height=\"245\" srcset=\"https:\/\/adidam.eu\/wp-content\/uploads\/2021\/04\/theeightpartadmonition_book_cover_300x460px-196x300.jpg 196w, https:\/\/adidam.eu\/wp-content\/uploads\/2021\/04\/theeightpartadmonition_book_cover_300x460px-200x307.jpg 200w, https:\/\/adidam.eu\/wp-content\/uploads\/2021\/04\/theeightpartadmonition_book_cover_300x460px.jpg 300w\" sizes=\"(max-width: 160px) 100vw, 160px\" \/>Nachdem wir mehr \u00fcber das Leben und die Lehre des Avatars Adi Da Samraj erfahren haben, werden wir in diesem Kurs untersuchen, was egolose spirituelle Praxis f\u00fcr unser t\u00e4gliches Leben bedeutet. Was ist spirituelle Praxis, wenn es nicht darum geht, etwas f\u00fcr eine vermeintlich eigenst\u00e4ndige Person zu suchen, zu verbessern oder zu erreichen? Wir werden das Buch <em>\u201eThe Gift of the Eight-Part Admonition\u201c<\/em> studieren, das eine gute Einf\u00fchrung in die Grundprinzipien der spirituellen Praxis bietet, die Adi Da seinen Devotees anbietet. Der Kurs besteht aus vier zweiw\u00f6chentlichen Online-Sitzungen \u00fcber Zoom. Zwischen den Sitzungen sind Sie eingeladen und ermutigt, mit den Praktiken zu experimentieren, die wir in den Sitzungen ber\u00fccksichtigen.<\/p>\n<p class=\"courses-page-centerblock-body\">F\u00fcr diesen Kurs ben\u00f6tigen Sie ein Exemplar von <em>\u201eThe Gift of the Eight-Part Admonition\u201c<\/em>. Das Buch ist in unserem Online-<a href=\"https:\/\/adidambookshop.eu\/products\/the-gift-of-the-eight-part-admonition?_pos=1&amp;_psq=The+Gift+of+the+Eight-Part+Admonition&amp;_ss=e&amp;_v=1.0\" target=\"_blank\" rel=\"noopener\">Buchshop<\/a> erh\u00e4ltlich.<\/p>\n<\/div><div class=\"fusion-sep-clear\"><\/div><div class=\"fusion-separator fusion-full-width-sep\" style=\"margin-left: auto;margin-right: auto;margin-bottom:15px;width:100%;\"><\/div><div class=\"fusion-sep-clear\"><\/div><div class=\"fusion-aligncenter\"><a class=\"fusion-button button-flat fusion-button-default-size button-default fusion-button-default button-3 fusion-button-default-span fusion-button-default-type\" target=\"_self\" href=\"https:\/\/adidam.eu\/courses\/register\/\"><span class=\"fusion-button-text awb-button__text awb-button__text--default\">Jetzt anmelden<\/span><\/a><\/div><div class=\"fusion-sep-clear\"><\/div><div class=\"fusion-separator fusion-full-width-sep\" style=\"margin-left: auto;margin-right: auto;margin-bottom:30px;width:100%;\"><\/div><div class=\"fusion-sep-clear\"><\/div><div class=\"fusion-title title fusion-title-5 fusion-sep-none fusion-title-text fusion-title-size-four courses-page-centerblock-title-h4\" style=\"--awb-margin-top-small:10px;--awb-margin-right-small:0px;--awb-margin-bottom-small:10px;--awb-margin-left-small:0px;\"><h4 class=\"fusion-title-heading title-heading-left\" style=\"margin:0;\"><a href=\"#\">Mitgliedschaftskurse<\/a><\/h4><\/div><div class=\"fusion-text fusion-text-7\"><p class=\"courses-page-centerblock-body\">Kurse zur Vorbereitung auf die formelle Mitgliedschaft in der Zweiten oder Dritten Kongregation von Adidam Ruchiradam.<\/p>\n<\/div><div class=\"fusion-sep-clear\"><\/div><div class=\"fusion-separator fusion-full-width-sep\" style=\"margin-left: auto;margin-right: auto;margin-bottom:15px;width:100%;\"><\/div><div class=\"fusion-sep-clear\"><\/div><div class=\"fusion-aligncenter\"><a class=\"fusion-button button-flat fusion-button-default-size button-default fusion-button-default button-4 fusion-button-default-span fusion-button-default-type\" target=\"_self\" href=\"https:\/\/adidam.eu\/de\/kurse\/adidam-mitgliedschaftskurse\/\"><span class=\"fusion-button-text awb-button__text awb-button__text--default\">information &amp; registration<\/span><\/a><\/div><div class=\"fusion-sep-clear\"><\/div><div class=\"fusion-separator fusion-full-width-sep\" style=\"margin-left: auto;margin-right: auto;margin-bottom:10px;width:100%;\"><\/div><div class=\"fusion-sep-clear\"><\/div><div class=\"fusion-clearfix\"><\/div><\/div><\/div><\/div><div class=\"fusion-sep-clear\"><\/div><div class=\"fusion-separator fusion-full-width-sep\" style=\"margin-left: auto;margin-right: auto;margin-top:50px;width:100%;\"><\/div><div class=\"fusion-sep-clear\"><\/div><div class=\"fusion-builder-row fusion-builder-row-inner fusion-row\"><div class=\"fusion-layout-column fusion_builder_column_inner fusion-builder-nested-column-1 fusion_builder_column_inner_1_3 1_3 fusion-one-third fusion-column-first\" style=\"--awb-bg-size:cover;width:33.333333333333%;width:calc(33.333333333333% - ( ( 4% + 4% ) * 0.33333333333333 ) );margin-right: 4%;\"><div class=\"fusion-column-wrapper fusion-flex-column-wrapper-legacy\"><div class=\"fusion-content-boxes content-boxes columns row fusion-columns-1 fusion-columns-total-1 fusion-content-boxes-1 content-boxes-icon-on-top content-left icon-watch\" style=\"--awb-body-color:#37939b;--awb-title-color:#37939b;--awb-hover-accent-color:#00474f;--awb-circle-hover-accent-color:#00474f;--awb-item-margin-bottom:40px;\" data-animationOffset=\"top-into-view\"><div style=\"--awb-backgroundcolor:rgba(255,255,255,0);\" class=\"fusion-column content-box-column content-box-column content-box-column-1 col-lg-12 col-md-12 col-sm-12 fusion-content-box-hover content-box-column-last content-box-column-last-in-row\"><div class=\"col content-box-wrapper content-wrapper link-area-link-icon link-type-text icon-hover-animation-fade\" data-animationOffset=\"top-into-view\"><div class=\"heading heading-with-icon icon-left\"><a class=\"heading-link\" href=\"https:\/\/adidam.eu\/watch\/\" target=\"_self\"><div aria-hidden=\"true\" class=\"image\"><img decoding=\"async\" src=\"https:\/\/adidam.eu\/wp-content\/uploads\/2016\/12\/adidam_home_icon_watch.png\" width=\"81\" height=\"81\" alt=\"\" \/><\/div><h2 class=\"content-box-heading\" style=\"--h2_typography-font-size:32px;line-height:37px;\">Ansehen<\/h2><\/a><\/div><\/div><\/div><div class=\"fusion-clearfix\"><\/div><\/div><div class=\"fusion-clearfix\"><\/div><\/div><\/div><div class=\"fusion-layout-column fusion_builder_column_inner fusion-builder-nested-column-2 fusion_builder_column_inner_1_3 1_3 fusion-one-third\" style=\"--awb-bg-size:cover;width:33.333333333333%;width:calc(33.333333333333% - ( ( 4% + 4% ) * 0.33333333333333 ) );margin-right: 4%;\"><div class=\"fusion-column-wrapper fusion-flex-column-wrapper-legacy\"><div class=\"fusion-content-boxes content-boxes columns row fusion-columns-1 fusion-columns-total-1 fusion-content-boxes-2 content-boxes-icon-on-top content-left icon-read\" style=\"--awb-body-color:#737b35;--awb-title-color:#737b35;--awb-hover-accent-color:#404802;--awb-circle-hover-accent-color:#404802;--awb-item-margin-bottom:40px;\" data-animationOffset=\"top-into-view\"><div style=\"--awb-backgroundcolor:rgba(255,255,255,0);\" class=\"fusion-column content-box-column content-box-column content-box-column-1 col-lg-12 col-md-12 col-sm-12 fusion-content-box-hover content-box-column-last content-box-column-last-in-row\"><div class=\"col content-box-wrapper content-wrapper link-area-link-icon link-type-text icon-hover-animation-fade\" data-animationOffset=\"top-into-view\"><div class=\"heading heading-with-icon icon-left\"><a class=\"heading-link\" href=\"https:\/\/adidam.eu\/read\/\" target=\"_self\"><div aria-hidden=\"true\" class=\"image\"><img decoding=\"async\" src=\"https:\/\/adidam.eu\/wp-content\/uploads\/2016\/12\/adidam_home_icon_read.png\" width=\"81\" height=\"81\" alt=\"\" \/><\/div><h2 class=\"content-box-heading\" style=\"--h2_typography-font-size:32px;line-height:37px;\">Lesen<\/h2><\/a><\/div><\/div><\/div><div class=\"fusion-clearfix\"><\/div><\/div><div class=\"fusion-clearfix\"><\/div><\/div><\/div><div class=\"fusion-layout-column fusion_builder_column_inner fusion-builder-nested-column-3 fusion_builder_column_inner_1_3 1_3 fusion-one-third fusion-column-last\" style=\"--awb-bg-size:cover;width:33.333333333333%;width:calc(33.333333333333% - ( ( 4% + 4% ) * 0.33333333333333 ) );\"><div class=\"fusion-column-wrapper fusion-flex-column-wrapper-legacy\"><div class=\"fusion-content-boxes content-boxes columns row fusion-columns-1 fusion-columns-total-1 fusion-content-boxes-3 content-boxes-icon-on-top content-left icon-listen\" style=\"--awb-body-color:#b3740d;--awb-title-color:#b3740d;--awb-hover-accent-color:#804100;--awb-circle-hover-accent-color:#804100;--awb-item-margin-bottom:40px;\" data-animationOffset=\"top-into-view\"><div style=\"--awb-backgroundcolor:rgba(255,255,255,0);\" class=\"fusion-column content-box-column content-box-column content-box-column-1 col-lg-12 col-md-12 col-sm-12 fusion-content-box-hover content-box-column-last content-box-column-last-in-row\"><div class=\"col content-box-wrapper content-wrapper link-area-link-icon link-type-text icon-hover-animation-fade\" data-animationOffset=\"top-into-view\"><div class=\"heading heading-with-icon icon-left\"><a class=\"heading-link\" href=\"https:\/\/adidam.eu\/listen\/\" target=\"_self\"><div aria-hidden=\"true\" class=\"image\"><img decoding=\"async\" src=\"https:\/\/adidam.eu\/wp-content\/uploads\/2016\/12\/adidam_home_icon_listen.png\" width=\"81\" height=\"81\" alt=\"\" \/><\/div><h2 class=\"content-box-heading\" style=\"--h2_typography-font-size:32px;line-height:37px;\">Anh\u00f6ren<\/h2><\/a><\/div><\/div><\/div><div class=\"fusion-clearfix\"><\/div><\/div><div class=\"fusion-clearfix\"><\/div><\/div><\/div><\/div><div class=\"fusion-clearfix\"><\/div><\/div><\/div><div class=\"fusion-layout-column fusion_builder_column fusion-builder-column-1 fusion_builder_column_1_3 1_3 fusion-one-third fusion-column-last\" style=\"--awb-bg-position:right center;--awb-bg-size:cover;width:33.333333333333%;width:calc(33.333333333333% - ( ( 4% ) * 0.33333333333333 ) );\"><div class=\"fusion-column-wrapper fusion-flex-column-wrapper-legacy\"><div class=\"fusion-image-element in-legacy-container\" style=\"--awb-caption-title-font-family:var(--h2_typography-font-family);--awb-caption-title-font-weight:var(--h2_typography-font-weight);--awb-caption-title-font-style:var(--h2_typography-font-style);--awb-caption-title-size:var(--h2_typography-font-size);--awb-caption-title-transform:var(--h2_typography-text-transform);--awb-caption-title-line-height:var(--h2_typography-line-height);--awb-caption-title-letter-spacing:var(--h2_typography-letter-spacing);\"><span class=\" fusion-imageframe imageframe-none imageframe-1 hover-type-none\"><img decoding=\"async\" width=\"355\" height=\"481\" title=\"adidam_sidebar_coursespage\" src=\"https:\/\/adidam.eu\/wp-content\/uploads\/2016\/12\/adidam_sidebar_coursespage.png\" alt class=\"img-responsive wp-image-294\" srcset=\"https:\/\/adidam.eu\/wp-content\/uploads\/2016\/12\/adidam_sidebar_coursespage-200x271.png 200w, https:\/\/adidam.eu\/wp-content\/uploads\/2016\/12\/adidam_sidebar_coursespage.png 355w\" sizes=\"(max-width: 1200px) 100vw, 355px\" \/><\/span><\/div><div class=\"fusion-sep-clear\"><\/div><div class=\"fusion-separator fusion-full-width-sep\" style=\"margin-left: auto;margin-right: auto;margin-top:30px;width:100%;\"><\/div><div class=\"fusion-sep-clear\"><\/div><div class=\"fusion-clearfix\"><\/div><\/div><\/div><\/div><\/div>\n","protected":false},"excerpt":{"rendered":"","protected":false},"author":1,"featured_media":0,"parent":0,"menu_order":0,"comment_status":"closed","ping_status":"closed","template":"100-width.php","meta":{"footnotes":""},"class_list":["post-3908","page","type-page","status-publish","hentry"],"_links":{"self":[{"href":"https:\/\/adidam.eu\/de\/wp-json\/wp\/v2\/pages\/3908","targetHints":{"allow":["GET"]}}],"collection":[{"href":"https:\/\/adidam.eu\/de\/wp-json\/wp\/v2\/pages"}],"about":[{"href":"https:\/\/adidam.eu\/de\/wp-json\/wp\/v2\/types\/page"}],"author":[{"embeddable":true,"href":"https:\/\/adidam.eu\/de\/wp-json\/wp\/v2\/users\/1"}],"replies":[{"embeddable":true,"href":"https:\/\/adidam.eu\/de\/wp-json\/wp\/v2\/comments?post=3908"}],"version-history":[{"count":6,"href":"https:\/\/adidam.eu\/de\/wp-json\/wp\/v2\/pages\/3908\/revisions"}],"predecessor-version":[{"id":3973,"href":"https:\/\/adidam.eu\/de\/wp-json\/wp\/v2\/pages\/3908\/revisions\/3973"}],"wp:attachment":[{"href":"https:\/\/adidam.eu\/de\/wp-json\/wp\/v2\/media?parent=3908"}],"curies":[{"name":"wp","href":"https:\/\/api.w.org\/{rel}","templated":true}]}}