{"id":3933,"date":"2016-12-08T02:59:50","date_gmt":"2016-12-08T01:59:50","guid":{"rendered":"https:\/\/adidam.eu\/adidam\/"},"modified":"2025-03-11T10:48:34","modified_gmt":"2025-03-11T09:48:34","slug":"adidam","status":"publish","type":"page","link":"https:\/\/adidam.eu\/de\/adidam\/","title":{"rendered":"Adidam"},"content":{"rendered":"<div class=\"fusion-fullwidth fullwidth-box fusion-builder-row-1 nonhundred-percent-fullwidth non-hundred-percent-height-scrolling\" style=\"--awb-border-radius-top-left:0px;--awb-border-radius-top-right:0px;--awb-border-radius-bottom-right:0px;--awb-border-radius-bottom-left:0px;--awb-padding-top:20px;--awb-padding-bottom:20px;--awb-flex-wrap:wrap;\" ><div class=\"fusion-builder-row fusion-row\"><div class=\"fusion-layout-column fusion_builder_column fusion-builder-column-0 fusion_builder_column_2_3 2_3 fusion-two-third fusion-column-first\" style=\"--awb-bg-size:cover;width:66.666666666667%;width:calc(66.666666666667% - ( ( 4% ) * 0.66666666666667 ) );margin-right: 4%;\"><div class=\"fusion-column-wrapper fusion-flex-column-wrapper-legacy\"><div class=\"fusion-text fusion-text-1\"><h1 class=\"adidam-page-adi-da-quote\"><em>Adidam ist keine konventionelle Religion, keine konventionelle Lebensweise.<br \/>\nAdidam basiert nicht auf Mythologie oder Glauben.<\/em><\/h1>\n<\/div><div class=\"fusion-sep-clear\"><\/div><div class=\"fusion-separator fusion-full-width-sep\" style=\"margin-left: auto;margin-right: auto;margin-top:20px;width:100%;\"><\/div><div class=\"fusion-sep-clear\"><\/div><div class=\"fusion-text fusion-text-2\"><h1 class=\"adidam-page-adi-da-quote\"><em>Adidam ist eine \u201eRealit\u00e4tsuntersuchung\u201c, in der die verschiedenen Formen der Egoseins direkt transzendiert werden.<\/em><\/h1>\n<\/div><div class=\"fusion-text fusion-text-3\"><h1 class=\"adidam-page-adi-da-quote\"><em>Adidam ist ein universell anwendbarer Lebensweg.<\/em><\/h1>\n<\/div><div class=\"fusion-sep-clear\"><\/div><div class=\"fusion-separator fusion-full-width-sep\" style=\"margin-left: auto;margin-right: auto;margin-top:20px;width:100%;\"><\/div><div class=\"fusion-sep-clear\"><\/div><div class=\"fusion-text fusion-text-4\"><h1 class=\"adidam-page-adi-da-quote\"><em>Adidam ist f\u00fcr diejenigen, die sich daf\u00fcr entscheiden und deren Herzen und Intelligenz voll und ganz auf Mich und Mein Angebot reagieren.<br \/>\nAdidam ist eine gro\u00dfe Offenbarung und muss allen frei und offen mitgeteilt werden.<\/em><\/h1>\n<\/div><div class=\"fusion-sep-clear\"><\/div><div class=\"fusion-separator fusion-full-width-sep\" style=\"margin-left: auto;margin-right: auto;margin-top:20px;width:100%;\"><\/div><div class=\"fusion-sep-clear\"><\/div><div class=\"fusion-text fusion-text-5\"><p class=\"adi-da-quote-sub\" style=\"text-align: right;\">~ Avatar Adi Da Samraj<\/p>\n<\/div><div class=\"fusion-sep-clear\"><\/div><div class=\"fusion-separator fusion-full-width-sep\" style=\"margin-left: auto;margin-right: auto;margin-top:50px;width:100%;\"><\/div><div class=\"fusion-sep-clear\"><\/div><div class=\"fusion-builder-row fusion-builder-row-inner fusion-row\"><div class=\"fusion-layout-column fusion_builder_column_inner fusion-builder-nested-column-0 fusion_builder_column_inner_1_2 1_2 fusion-one-half fusion-column-first adidam-page-text-block\" style=\"--awb-bg-size:cover;width:50%;width:calc(50% - ( ( 4% ) * 0.5 ) );margin-right: 4%;\"><div class=\"fusion-column-wrapper fusion-flex-column-wrapper-legacy\"><div class=\"fusion-text fusion-text-6\"><p><strong>Die Quelle des Wirklichkeit-Wegs von Adidam<\/strong> ist Avatar Adi Da selbst. Von Anfang bis Ende basiert die Praxis von Adidam auf der immer tiefer werdenden hingebungsvollen Anerkennung und Antwort auf den g\u00f6ttlichen Seinszustand von Avatar Adi Da. Diese einfache, stillschweigende Anerkennung und Reaktion auf Ihn manifestiert sich als der nat\u00fcrliche Impuls des Herzens, Sein Devotee zu werden und den Wirklichkeits-Weg von Adidam in Seiner Gesellschaft zu praktizieren.<\/p>\n<\/div><div class=\"fusion-sep-clear\"><\/div><div class=\"fusion-separator fusion-full-width-sep\" style=\"margin-left: auto;margin-right: auto;margin-bottom:20px;width:100%;\"><\/div><div class=\"fusion-sep-clear\"><\/div><div class=\"fusion-text fusion-text-7\"><p><strong class=\"red-subhead\">Die g\u00f6ttlich erm\u00e4chtigten Formen der Vermittlung von Avatar Adi Da\u2019s Wirken<\/strong><br \/>\nW\u00e4hrend seines physischen Lebens schuf Avatar Adi Da die wesentlichen Mittel, durch die seine g\u00f6ttliche Selbstoffenbarung auf alle ausgedehnt wird und die Aus\u00fcbung des Wirklichkeits-Wegs von Adidam auf Dauer m\u00f6glich wird.<br \/>\nDiese sind:<\/p>\n<ul>\n<li>Die k\u00f6rperliche menschliche Form von Avatar Adi Da (bewahrt in Fotografien und anderen visuellen Medien)<\/li>\n<\/ul>\n<\/div><div class=\"fusion-clearfix\"><\/div><\/div><\/div><div class=\"fusion-layout-column fusion_builder_column_inner fusion-builder-nested-column-1 fusion_builder_column_inner_1_2 1_2 fusion-one-half fusion-column-last adidam-page-text-block-right\" style=\"--awb-bg-size:cover;width:50%;width:calc(50% - ( ( 4% ) * 0.5 ) );\"><div class=\"fusion-column-wrapper fusion-flex-column-wrapper-legacy\"><div class=\"fusion-text fusion-text-8\"><ul>\n<li>Seine schriftliche und gesprochene Lehre und die Leelas (oder Geschichten) seines Lebens und Werkes<\/li>\n<li>Die spirituell erm\u00e4chtigten Heiligt\u00fcmer und Retreatorte von Adidam<\/li>\n<li>Die heilige kooperative Kultur von Devotees, die alle menschlichen, zwischenmenschlichen und spirituellen Disziplinen des Wirklichkeits-Wegs von Adidam praktizieren<\/li>\n<\/ul>\n<p>Avatar Adi Da hat als Seine Geschenke an alle, die den Wirklichkeits-Weg von Adidam praktizieren, eine ganze Lebensweise geschaffen, die all diese Mittel umfasst.<\/p>\n<\/div><div class=\"fusion-sep-clear\"><\/div><div class=\"fusion-separator fusion-full-width-sep\" style=\"margin-left: auto;margin-right: auto;margin-bottom:20px;width:100%;\"><\/div><div class=\"fusion-sep-clear\"><\/div><div class=\"fusion-text fusion-text-9\"><p>Wir laden alle ein, all diese Gaben sowie die verschiedenen Formen der Beteiligung an einer direkten hingebungsvollen und spirituellen Beziehung zu Ihm kennenzulernen.<\/p>\n<\/div><div class=\"fusion-clearfix\"><\/div><\/div><\/div><\/div><div class=\"fusion-builder-row fusion-builder-row-inner fusion-row\"><div class=\"fusion-layout-column fusion_builder_column_inner fusion-builder-nested-column-2 fusion_builder_column_inner_1_1 1_1 fusion-one-full fusion-column-first fusion-column-last adidapage-centerquote-container\" style=\"--awb-bg-size:cover;\"><div class=\"fusion-column-wrapper fusion-flex-column-wrapper-legacy\"><div class=\"fusion-text fusion-text-10\"><p class=\"adida-page-center-qoute\">Ich bin wie das Sonnenlicht am Morgen. Ich intensiviere das Licht des Morgens, bis du erwachst.<br \/>\nBis das Licht dich erweckt, sogar das Licht des Bewusstseins selbst, tr\u00e4umst du weiter, versuchst im Traum zu \u00fcberleben, manipulierst dich im Traum, verfolgst alle m\u00f6glichen Ziele und Suchen \u2013 nichts davon erweckt dich.<\/p>\n<\/div><div class=\"fusion-text fusion-text-11\"><p class=\"adida-page-center-qoute-signature\">~ Avatar Adi Da Samraj &#8222;The Ancient Walk-About Way&#8220;<\/p>\n<\/div><div class=\"fusion-clearfix\"><\/div><\/div><\/div><\/div><div class=\"fusion-builder-row fusion-builder-row-inner fusion-row\"><div class=\"fusion-layout-column fusion_builder_column_inner fusion-builder-nested-column-3 fusion_builder_column_inner_1_2 1_2 fusion-one-half fusion-column-first adidam-page-text-block\" style=\"--awb-bg-size:cover;width:50%;width:calc(50% - ( ( 4% ) * 0.5 ) );margin-right: 4%;\"><div class=\"fusion-column-wrapper fusion-flex-column-wrapper-legacy\"><div class=\"fusion-text fusion-text-12\"><p><strong class=\"red-subhead\">Retreat-M\u00f6glichkeiten<\/strong><br \/>\nRetreats werden regelm\u00e4\u00dfig an verschiedenen Orten und im European Danda, dem wichtigsten Adidam Ashram und Retreat-Zentrum in Europa, angeboten.<\/p>\n<p>Weitere Informationen zu Retreats finden Sie auf der <a href=\"https:\/\/adidam.eu\/de\/events\/\" target=\"_self\" rel=\"noopener\">Veranstaltungsseite<\/a>.<\/p>\n<\/div><div class=\"fusion-sep-clear\"><\/div><div class=\"fusion-separator fusion-full-width-sep\" style=\"margin-left: auto;margin-right: auto;margin-bottom:20px;width:100%;\"><\/div><div class=\"fusion-sep-clear\"><\/div><div class=\"fusion-text fusion-text-13\"><p><strong class=\"red-subhead\">Das European Danda<\/strong><br \/>\nDas European Danda befindet sich in einem ehemaligen Kloster im S\u00fcden der Niederlande, nahe der deutschen und der belgischen Grenze.<\/p>\n<\/div><div class=\"fusion-sep-clear\"><\/div><div class=\"fusion-separator fusion-full-width-sep\" style=\"margin-left: auto;margin-right: auto;margin-bottom:20px;width:100%;\"><\/div><div class=\"fusion-sep-clear\"><\/div><div class=\"fusion-text fusion-text-14\"><p><strong class=\"red-subhead\">Geschichte<\/strong><br \/>\nIm Sommer 1986 unternahm Avatar Adi Da Samraj eine Reise nach Europa. Seine Devotees suchten nach einem geeigneten Ort, an dem Adi Da mit seinen Devotees zusammenkommen konnte. Vorzugsweise ein Ort, der in Zukunft als Ashram und Retreat-Zentrum dienen k\u00f6nnte. Zu dieser Zeit war das Kloster unbewohnt und die Patres, die zuvor dort gelebt hatten, \u00fcberlie\u00dfen es uns freundlicherweise f\u00fcr einige Wochen. Das Kloster in Maria Hoop schien ein geeigneter Ort zu sein. Adi Da blieb mehrere Tage hier und hielt in der Kapelle einen Vortrag vor Devotees aus ganz Europa.<\/p>\n<\/div><div class=\"fusion-clearfix\"><\/div><\/div><\/div><div class=\"fusion-layout-column fusion_builder_column_inner fusion-builder-nested-column-4 fusion_builder_column_inner_1_2 1_2 fusion-one-half fusion-column-last adidam-page-text-block-right\" style=\"--awb-bg-size:cover;width:50%;width:calc(50% - ( ( 4% ) * 0.5 ) );\"><div class=\"fusion-column-wrapper fusion-flex-column-wrapper-legacy\"><div class=\"fusion-text fusion-text-15\"><p>Drei Jahre sp\u00e4ter, 1989, wurde das Kloster von Adidam gekauft. Seitdem fungiert das ehemalige Kloster als Ashram und europ\u00e4isches Retreatzentrum, das dem Werk von Adi Da Samraj gewidmet ist. Sp\u00e4ter wurde in dem Geb\u00e4ude auch das Adi-Da-Kunstmuseum mit einer einzigartigen Sammlung von Adi-Da-Bildkunst eingerichtet. Im Jahr 1996, w\u00e4hrend einer zweiten Europareise, blieb Adi Da erneut im Ashram, dieses Mal f\u00fcr einen l\u00e4ngeren Zeitraum. Ad Da gab ihm den Namen \u201eThe European Danda\u201c. Das Sanskrit-Wort Danda bedeutet Stab \u2013 ein Hinweis auf die indischen Traditionen, in denen es hei\u00dft, dass die Essenz der spirituellen Kraft des Meisters durch seinen Stab \u00fcbertragen wird.<\/p>\n<p>Zum Grundst\u00fcck des European Danda geh\u00f6ren auch ein Waldgebiet, ein Wiesengebiet mit einem kleinen Bach sowie ein Bio-Blumen- und Gem\u00fcsegarten. Es handelt sich um ein Natura2000-Schutzgebiet, in dem mehrere gef\u00e4hrdete Arten Zuflucht finden.<\/p>\n<\/div><div class=\"fusion-sep-clear\"><\/div><div class=\"fusion-separator fusion-full-width-sep\" style=\"margin-left: auto;margin-right: auto;margin-bottom:20px;width:100%;\"><\/div><div class=\"fusion-sep-clear\"><\/div><div class=\"fusion-text fusion-text-16\"><p>Bei Interesse besteht die M\u00f6glichkeit, sich an ehrenamtlichen Diensten zu beteiligen. (Siehe <a href=\"https:\/\/adidam.eu\/de\/events\/\" target=\"_blank\" rel=\"noopener\">Veranstaltungen<\/a>)<\/p>\n<\/div><div class=\"fusion-clearfix\"><\/div><\/div><\/div><\/div><div class=\"fusion-sep-clear\"><\/div><div class=\"fusion-separator fusion-full-width-sep\" style=\"margin-left: auto;margin-right: auto;margin-top:50px;width:100%;\"><\/div><div class=\"fusion-sep-clear\"><\/div><div class=\"fusion-builder-row fusion-builder-row-inner fusion-row\"><div class=\"fusion-layout-column fusion_builder_column_inner fusion-builder-nested-column-5 fusion_builder_column_inner_1_3 1_3 fusion-one-third fusion-column-first\" style=\"--awb-bg-size:cover;width:33.333333333333%;width:calc(33.333333333333% - ( ( 4% + 4% ) * 0.33333333333333 ) );margin-right: 4%;\"><div class=\"fusion-column-wrapper fusion-flex-column-wrapper-legacy\"><div class=\"fusion-content-boxes content-boxes columns row fusion-columns-1 fusion-columns-total-1 fusion-content-boxes-1 content-boxes-icon-on-top content-left icon-watch\" style=\"--awb-body-color:#37939b;--awb-title-color:#37939b;--awb-hover-accent-color:#00474f;--awb-circle-hover-accent-color:#00474f;--awb-item-margin-bottom:40px;\" data-animationOffset=\"top-into-view\"><div style=\"--awb-backgroundcolor:rgba(255,255,255,0);\" class=\"fusion-column content-box-column content-box-column content-box-column-1 col-lg-12 col-md-12 col-sm-12 fusion-content-box-hover content-box-column-last content-box-column-last-in-row\"><div class=\"col content-box-wrapper content-wrapper link-area-link-icon link-type-text icon-hover-animation-fade\" data-animationOffset=\"top-into-view\"><div class=\"heading heading-with-icon icon-left\"><a class=\"heading-link\" href=\"https:\/\/adidam.eu\/watch\/\" target=\"_self\"><div aria-hidden=\"true\" class=\"image\"><img decoding=\"async\" src=\"https:\/\/adidam.eu\/wp-content\/uploads\/2016\/12\/adidam_home_icon_watch.png\" width=\"81\" height=\"81\" alt=\"\" \/><\/div><h2 class=\"content-box-heading\" style=\"--h2_typography-font-size:32px;line-height:37px;\">Ansehen<\/h2><\/a><\/div><\/div><\/div><div class=\"fusion-clearfix\"><\/div><\/div><div class=\"fusion-clearfix\"><\/div><\/div><\/div><div class=\"fusion-layout-column fusion_builder_column_inner fusion-builder-nested-column-6 fusion_builder_column_inner_1_3 1_3 fusion-one-third\" style=\"--awb-bg-size:cover;width:33.333333333333%;width:calc(33.333333333333% - ( ( 4% + 4% ) * 0.33333333333333 ) );margin-right: 4%;\"><div class=\"fusion-column-wrapper fusion-flex-column-wrapper-legacy\"><div class=\"fusion-content-boxes content-boxes columns row fusion-columns-1 fusion-columns-total-1 fusion-content-boxes-2 content-boxes-icon-on-top content-left icon-read\" style=\"--awb-body-color:#737b35;--awb-title-color:#737b35;--awb-hover-accent-color:#404802;--awb-circle-hover-accent-color:#404802;--awb-item-margin-bottom:40px;\" data-animationOffset=\"top-into-view\"><div style=\"--awb-backgroundcolor:rgba(255,255,255,0);\" class=\"fusion-column content-box-column content-box-column content-box-column-1 col-lg-12 col-md-12 col-sm-12 fusion-content-box-hover content-box-column-last content-box-column-last-in-row\"><div class=\"col content-box-wrapper content-wrapper link-area-link-icon link-type-text icon-hover-animation-fade\" data-animationOffset=\"top-into-view\"><div class=\"heading heading-with-icon icon-left\"><a class=\"heading-link\" href=\"https:\/\/adidam.eu\/read\/\" target=\"_self\"><div aria-hidden=\"true\" class=\"image\"><img decoding=\"async\" src=\"https:\/\/adidam.eu\/wp-content\/uploads\/2016\/12\/adidam_home_icon_read.png\" width=\"81\" height=\"81\" alt=\"\" \/><\/div><h2 class=\"content-box-heading\" style=\"--h2_typography-font-size:32px;line-height:37px;\">Lesen<\/h2><\/a><\/div><\/div><\/div><div class=\"fusion-clearfix\"><\/div><\/div><div class=\"fusion-clearfix\"><\/div><\/div><\/div><div class=\"fusion-layout-column fusion_builder_column_inner fusion-builder-nested-column-7 fusion_builder_column_inner_1_3 1_3 fusion-one-third fusion-column-last\" style=\"--awb-bg-size:cover;width:33.333333333333%;width:calc(33.333333333333% - ( ( 4% + 4% ) * 0.33333333333333 ) );\"><div class=\"fusion-column-wrapper fusion-flex-column-wrapper-legacy\"><div class=\"fusion-content-boxes content-boxes columns row fusion-columns-1 fusion-columns-total-1 fusion-content-boxes-3 content-boxes-icon-on-top content-left icon-listen\" style=\"--awb-body-color:#b3740d;--awb-title-color:#b3740d;--awb-hover-accent-color:#804100;--awb-circle-hover-accent-color:#804100;--awb-item-margin-bottom:40px;\" data-animationOffset=\"top-into-view\"><div style=\"--awb-backgroundcolor:rgba(255,255,255,0);\" class=\"fusion-column content-box-column content-box-column content-box-column-1 col-lg-12 col-md-12 col-sm-12 fusion-content-box-hover content-box-column-last content-box-column-last-in-row\"><div class=\"col content-box-wrapper content-wrapper link-area-link-icon link-type-text icon-hover-animation-fade\" data-animationOffset=\"top-into-view\"><div class=\"heading heading-with-icon icon-left\"><a class=\"heading-link\" href=\"https:\/\/adidam.eu\/listen\/\" target=\"_self\"><div aria-hidden=\"true\" class=\"image\"><img decoding=\"async\" src=\"https:\/\/adidam.eu\/wp-content\/uploads\/2016\/12\/adidam_home_icon_listen.png\" width=\"81\" height=\"81\" alt=\"\" \/><\/div><h2 class=\"content-box-heading\" style=\"--h2_typography-font-size:32px;line-height:37px;\">Anh\u00f6ren<\/h2><\/a><\/div><\/div><\/div><div class=\"fusion-clearfix\"><\/div><\/div><div class=\"fusion-clearfix\"><\/div><\/div><\/div><\/div><div class=\"fusion-clearfix\"><\/div><\/div><\/div><div class=\"fusion-layout-column fusion_builder_column fusion-builder-column-1 fusion_builder_column_1_3 1_3 fusion-one-third fusion-column-last\" style=\"--awb-bg-position:right center;--awb-bg-size:cover;width:33.333333333333%;width:calc(33.333333333333% - ( ( 4% ) * 0.33333333333333 ) );\"><div class=\"fusion-column-wrapper fusion-flex-column-wrapper-legacy\"><div class=\"fusion-video fusion-youtube\" style=\"--awb-max-width:351px;--awb-max-height:197px;\"><div class=\"video-shortcode\"><div class=\"fluid-width-video-wrapper\" style=\"padding-top:56.13%;\" ><iframe title=\"YouTube video player 1\" src=\"https:\/\/www.youtube.com\/embed\/8omuybBC90w?wmode=transparent&autoplay=0&amp;rel=0\" width=\"351\" height=\"197\" allowfullscreen allow=\"autoplay; clipboard-write; encrypted-media; gyroscope; picture-in-picture;\"><\/iframe><\/div><\/div><\/div><div class=\"fusion-sep-clear\"><\/div><div class=\"fusion-separator fusion-full-width-sep\" style=\"margin-left: auto;margin-right: auto;margin-top:10px;width:100%;\"><\/div><div class=\"fusion-sep-clear\"><\/div><div class=\"fusion-title title fusion-title-1 fusion-sep-none fusion-title-text fusion-title-size-one homepage-events-sidebar-h1 \" style=\"--awb-margin-top-small:10px;--awb-margin-right-small:0px;--awb-margin-bottom-small:10px;--awb-margin-left-small:0px;\"><h1 class=\"fusion-title-heading title-heading-left\" style=\"margin:0;\">Avatar Adi Da\u2019s Legacy<\/h1><\/div><div class=\"fusion-sep-clear\"><\/div><div class=\"fusion-separator fusion-full-width-sep\" style=\"margin-left: auto;margin-right: auto;margin-top:30px;width:100%;\"><\/div><div class=\"fusion-sep-clear\"><\/div><div class=\"fusion-image-element in-legacy-container\" style=\"--awb-caption-title-font-family:var(--h2_typography-font-family);--awb-caption-title-font-weight:var(--h2_typography-font-weight);--awb-caption-title-font-style:var(--h2_typography-font-style);--awb-caption-title-size:var(--h2_typography-font-size);--awb-caption-title-transform:var(--h2_typography-text-transform);--awb-caption-title-line-height:var(--h2_typography-line-height);--awb-caption-title-letter-spacing:var(--h2_typography-letter-spacing);\"><span class=\" fusion-imageframe imageframe-none imageframe-1 hover-type-none\"><img decoding=\"async\" width=\"355\" height=\"444\" title=\"adidam_sidebar_picture_aletheon116\" src=\"https:\/\/adidam.eu\/wp-content\/uploads\/2016\/12\/adidam_sidebar_picture_aletheon116.png\" alt class=\"img-responsive wp-image-3934\" srcset=\"https:\/\/adidam.eu\/wp-content\/uploads\/2016\/12\/adidam_sidebar_picture_aletheon116-200x250.png 200w, https:\/\/adidam.eu\/wp-content\/uploads\/2016\/12\/adidam_sidebar_picture_aletheon116.png 355w\" sizes=\"(max-width: 1200px) 100vw, 355px\" \/><\/span><\/div><div class=\"fusion-sep-clear\"><\/div><div class=\"fusion-separator fusion-full-width-sep\" style=\"margin-left: auto;margin-right: auto;margin-top:30px;width:100%;\"><\/div><div class=\"fusion-sep-clear\"><\/div><div class=\"fusion-image-element in-legacy-container\" style=\"--awb-caption-title-font-family:var(--h2_typography-font-family);--awb-caption-title-font-weight:var(--h2_typography-font-weight);--awb-caption-title-font-style:var(--h2_typography-font-style);--awb-caption-title-size:var(--h2_typography-font-size);--awb-caption-title-transform:var(--h2_typography-text-transform);--awb-caption-title-line-height:var(--h2_typography-line-height);--awb-caption-title-letter-spacing:var(--h2_typography-letter-spacing);\"><span class=\" fusion-imageframe imageframe-none imageframe-2 hover-type-none\"><img decoding=\"async\" width=\"464\" height=\"349\" title=\"the European Danda\" src=\"https:\/\/adidam.eu\/wp-content\/uploads\/2016\/12\/adidam_sidebar_theeuropeandanda.png\" alt class=\"img-responsive wp-image-3868\" srcset=\"https:\/\/adidam.eu\/wp-content\/uploads\/2016\/12\/adidam_sidebar_theeuropeandanda-200x150.png 200w, https:\/\/adidam.eu\/wp-content\/uploads\/2016\/12\/adidam_sidebar_theeuropeandanda-400x301.png 400w, https:\/\/adidam.eu\/wp-content\/uploads\/2016\/12\/adidam_sidebar_theeuropeandanda.png 464w\" sizes=\"(max-width: 1200px) 100vw, 400px\" \/><\/span><\/div><div class=\"fusion-sep-clear\"><\/div><div class=\"fusion-separator fusion-full-width-sep\" style=\"margin-left: auto;margin-right: auto;margin-top:30px;width:100%;\"><\/div><div class=\"fusion-sep-clear\"><\/div><div class=\"fusion-image-element in-legacy-container\" style=\"--awb-caption-title-font-family:var(--h2_typography-font-family);--awb-caption-title-font-weight:var(--h2_typography-font-weight);--awb-caption-title-font-style:var(--h2_typography-font-style);--awb-caption-title-size:var(--h2_typography-font-size);--awb-caption-title-transform:var(--h2_typography-text-transform);--awb-caption-title-line-height:var(--h2_typography-line-height);--awb-caption-title-letter-spacing:var(--h2_typography-letter-spacing);\"><span class=\" fusion-imageframe imageframe-none imageframe-3 hover-type-none\"><img decoding=\"async\" width=\"464\" height=\"309\" title=\"the European Danda\" src=\"https:\/\/adidam.eu\/wp-content\/uploads\/2021\/06\/danda_vooraanzicht_464x309px_100kb.jpg\" alt class=\"img-responsive wp-image-1624\" srcset=\"https:\/\/adidam.eu\/wp-content\/uploads\/2021\/06\/danda_vooraanzicht_464x309px_100kb-200x133.jpg 200w, https:\/\/adidam.eu\/wp-content\/uploads\/2021\/06\/danda_vooraanzicht_464x309px_100kb-400x266.jpg 400w, https:\/\/adidam.eu\/wp-content\/uploads\/2021\/06\/danda_vooraanzicht_464x309px_100kb.jpg 464w\" sizes=\"(max-width: 1200px) 100vw, 400px\" \/><\/span><\/div><div class=\"fusion-sep-clear\"><\/div><div class=\"fusion-separator fusion-full-width-sep\" style=\"margin-left: auto;margin-right: auto;margin-top:30px;width:100%;\"><\/div><div class=\"fusion-sep-clear\"><\/div><div class=\"fusion-image-element in-legacy-container\" style=\"--awb-caption-title-font-family:var(--h2_typography-font-family);--awb-caption-title-font-weight:var(--h2_typography-font-weight);--awb-caption-title-font-style:var(--h2_typography-font-style);--awb-caption-title-size:var(--h2_typography-font-size);--awb-caption-title-transform:var(--h2_typography-text-transform);--awb-caption-title-line-height:var(--h2_typography-line-height);--awb-caption-title-letter-spacing:var(--h2_typography-letter-spacing);\"><span class=\" fusion-imageframe imageframe-none imageframe-4 hover-type-none\"><img decoding=\"async\" width=\"464\" height=\"309\" title=\"the European Danda\" src=\"https:\/\/adidam.eu\/wp-content\/uploads\/2021\/06\/danda_poli_464x309px_80kb.jpg\" alt class=\"img-responsive wp-image-1625\" srcset=\"https:\/\/adidam.eu\/wp-content\/uploads\/2021\/06\/danda_poli_464x309px_80kb-200x133.jpg 200w, https:\/\/adidam.eu\/wp-content\/uploads\/2021\/06\/danda_poli_464x309px_80kb-400x266.jpg 400w, https:\/\/adidam.eu\/wp-content\/uploads\/2021\/06\/danda_poli_464x309px_80kb.jpg 464w\" sizes=\"(max-width: 1200px) 100vw, 400px\" \/><\/span><\/div><div class=\"fusion-clearfix\"><\/div><\/div><\/div><\/div><\/div>\n","protected":false},"excerpt":{"rendered":"","protected":false},"author":1,"featured_media":0,"parent":0,"menu_order":0,"comment_status":"closed","ping_status":"closed","template":"100-width.php","meta":{"footnotes":""},"class_list":["post-3933","page","type-page","status-publish","hentry"],"_links":{"self":[{"href":"https:\/\/adidam.eu\/de\/wp-json\/wp\/v2\/pages\/3933","targetHints":{"allow":["GET"]}}],"collection":[{"href":"https:\/\/adidam.eu\/de\/wp-json\/wp\/v2\/pages"}],"about":[{"href":"https:\/\/adidam.eu\/de\/wp-json\/wp\/v2\/types\/page"}],"author":[{"embeddable":true,"href":"https:\/\/adidam.eu\/de\/wp-json\/wp\/v2\/users\/1"}],"replies":[{"embeddable":true,"href":"https:\/\/adidam.eu\/de\/wp-json\/wp\/v2\/comments?post=3933"}],"version-history":[{"count":3,"href":"https:\/\/adidam.eu\/de\/wp-json\/wp\/v2\/pages\/3933\/revisions"}],"predecessor-version":[{"id":3938,"href":"https:\/\/adidam.eu\/de\/wp-json\/wp\/v2\/pages\/3933\/revisions\/3938"}],"wp:attachment":[{"href":"https:\/\/adidam.eu\/de\/wp-json\/wp\/v2\/media?parent=3933"}],"curies":[{"name":"wp","href":"https:\/\/api.w.org\/{rel}","templated":true}]}}