{"id":3740,"date":"2016-12-08T02:59:22","date_gmt":"2016-12-08T01:59:22","guid":{"rendered":"https:\/\/adidam.eu\/adi-da\/"},"modified":"2025-02-13T11:14:21","modified_gmt":"2025-02-13T10:14:21","slug":"adi-da","status":"publish","type":"page","link":"https:\/\/adidam.eu\/fi\/adi-da\/","title":{"rendered":"Adi Da"},"content":{"rendered":"<div class=\"fusion-fullwidth fullwidth-box fusion-builder-row-1 nonhundred-percent-fullwidth non-hundred-percent-height-scrolling\" style=\"--awb-border-radius-top-left:0px;--awb-border-radius-top-right:0px;--awb-border-radius-bottom-right:0px;--awb-border-radius-bottom-left:0px;--awb-padding-top:20px;--awb-padding-bottom:20px;--awb-flex-wrap:wrap;\" ><div class=\"fusion-builder-row fusion-row\"><div class=\"fusion-layout-column fusion_builder_column fusion-builder-column-0 fusion_builder_column_2_3 2_3 fusion-two-third fusion-column-first\" style=\"--awb-bg-size:cover;width:66.666666666667%;width:calc(66.666666666667% - ( ( 4% ) * 0.66666666666667 ) );margin-right: 4%;\"><div class=\"fusion-column-wrapper fusion-flex-column-wrapper-legacy\"><div class=\"fusion-text fusion-text-1\"><h1 class=\"adida-page-adi-da-quote\"><em>Joku avainhahmo on merkitt\u00e4v\u00e4ss\u00e4 osassa kaikissa \u201cuskonnollisissa\u201d ja Hengellisiss\u00e4 perinteiss\u00e4. Ei ole mahtavaa Hengellist\u00e4 perinnett\u00e4, jonka keski\u00f6ss\u00e4 ei olisi jotain henkil\u00f6\u00e4.<\/em><\/h1>\n<\/div><div class=\"fusion-sep-clear\"><\/div><div class=\"fusion-separator fusion-full-width-sep\" style=\"margin-left: auto;margin-right: auto;margin-top:20px;width:100%;\"><\/div><div class=\"fusion-sep-clear\"><\/div><div class=\"fusion-text fusion-text-2\"><h1 class=\"adida-page-adi-da-quote\"><em>Ihmiskunnan kaikkien esoteeristen perinteiden ensisijainen voima ja \u201cjuuri\u201d ovat Osaaja-Toteuttajat, he, jotka aidosti Toteuttavat (jollain asteella) Todellisuuden Hengellisen ja Transsendentaalisen Luonteen.<\/em><\/h1>\n<\/div><div class=\"fusion-sep-clear\"><\/div><div class=\"fusion-separator fusion-full-width-sep\" style=\"margin-left: auto;margin-right: auto;margin-top:10px;width:100%;\"><\/div><div class=\"fusion-sep-clear\"><\/div><div class=\"fusion-text fusion-text-3\"><p class=\"adi-da-quote-sub\" style=\"text-align: right;\">~ Avatar Adi Da Samraj<\/p>\n<\/div><div class=\"fusion-builder-row fusion-builder-row-inner fusion-row\"><div class=\"fusion-layout-column fusion_builder_column_inner fusion-builder-nested-column-0 fusion_builder_column_inner_1_2 1_2 fusion-one-half fusion-column-first\" style=\"--awb-bg-size:cover;width:50%;width:calc(50% - ( ( 4% ) * 0.5 ) );margin-right: 4%;\"><div class=\"fusion-column-wrapper fusion-flex-column-wrapper-legacy\"><div class=\"fusion-text fusion-text-4\"><p><strong>Eriasteiset Hengellisesti Toteuttaneet Mestarit\u00a0<\/strong>ovat ilmestyneet kautta historian opettaakseen, siunatakseen ja her\u00e4tt\u00e4\u00e4kseen ihmiskuntaa. Adi Da Samraj on ilmestynyt kaikkien Jumalaisesti Toteuttaneiden Mestarien ikivanhassa ja kunnioitettavassa perinteess\u00e4, tarkoituksenaan sama halu Opettaa ja Her\u00e4tt\u00e4\u00e4 ihmiskuntaa sille Yhdelle Totuudelle, joka on Itse Todellisuus.<\/p>\n<p>Jokaisen ihmissyd\u00e4men ensisijainen hengellinen tarve on ylitt\u00e4\u00e4 kuolevaisuuden paradoksi, ruumiillinen olemassaolo rajallisessa maailmassa, ja Toteuttaa Loputon Rakkaus, T\u00e4ydellinen Vapaus ja Rajaton Ilo. Adi Da Samrajin perimm\u00e4inen Viesti on se, ett\u00e4 tuollainen Toteutus ei ole vain ensisijaisin hengellinen tarpeemme, vaan v\u00e4ist\u00e4m\u00e4t\u00f6n ja loputon kohtalomme. T\u00e4m\u00e4 on niin, sill\u00e4 Itse Todellisuuden aito Olotila ei ole t\u00e4m\u00e4 rajallinen maailma; se on Jakamatonta Tietoista Valoa\u2014joka ilmenee Loputtomana Rakkautena, T\u00e4ydellisen\u00e4 Vapautena ja Rajattomana Ilona.<\/p>\n<p>Adi Da Samraj Toteutti t\u00e4m\u00e4n S\u00e4teilev\u00e4n Olotilan syntyess\u00e4\u00e4n,<\/p>\n<\/div><div class=\"fusion-clearfix\"><\/div><\/div><\/div><div class=\"fusion-layout-column fusion_builder_column_inner fusion-builder-nested-column-1 fusion_builder_column_inner_1_2 1_2 fusion-one-half fusion-column-last\" style=\"--awb-bg-size:cover;width:50%;width:calc(50% - ( ( 4% ) * 0.5 ) );\"><div class=\"fusion-column-wrapper fusion-flex-column-wrapper-legacy\"><div class=\"fusion-text fusion-text-5\"><p>ja varhaisesta lapsuudestaan alkaen H\u00e4n on kutsunut sit\u00e4 \u201cKirkkaaksi\u201d. H\u00e4n levitti t\u00e4t\u00e4 samaa Toteutusta muille ollessaan ruumiillisesti elossa ja jatkaa sit\u00e4 edelleen H\u00e4nen el\u00e4m\u00e4ns\u00e4 aikana perustettujen Hengellisen Levityksen Keinojen kautta. Ensisijainen keino, jota Adi Da Samraj k\u00e4ytt\u00e4\u00e4 her\u00e4tt\u00e4\u00e4kseen muita H\u00e4nen Toteutukselleen on sama kuin se, joita Toteuttaneet Mestarit ovat suositelleet muinaisista ajoista alkaen: Guru-omistautuja-suhde, tietoisesti elettyn\u00e4 ja yhteisesti omaksuttuna. Ja Guru-omistautuja-suhteen ydinperiaate on yhteys tai meditointi Toteuttajan olotilan kanssa.<\/p>\n<p><strong class=\"red-subhead\">Adi Dan ainutlaatuisuus: hengellinen tavoittelu vs. Adidamin Todellisuus-Tie<\/strong><br \/>\nKaikki edelt\u00e4v\u00e4t tiet, l\u00e4ntiset tai it\u00e4iset, eksoteeriset tai esoteeriset, alkavat egon n\u00e4k\u00f6kulmasta, tai erillisen itsen tunteesta. Jokainen tie tarjoaa jonkun tavan huojentua t\u00e4st\u00e4 kuolevaisesta ja pelokkaasta erillisyyden tunteesta k\u00e4ytt\u00e4en monia menetelmi\u00e4, uskomuksia, rituaaleja, tekniikkoja, meditaatioharjoituksia, jne.<\/p>\n<\/div><div class=\"fusion-clearfix\"><\/div><\/div><\/div><\/div><div class=\"fusion-builder-row fusion-builder-row-inner fusion-row\"><div class=\"fusion-layout-column fusion_builder_column_inner fusion-builder-nested-column-2 fusion_builder_column_inner_1_1 1_1 fusion-one-full fusion-column-first fusion-column-last adidapage-centerquote-container\" style=\"--awb-bg-size:cover;\"><div class=\"fusion-column-wrapper fusion-flex-column-wrapper-legacy\"><div class=\"fusion-text fusion-text-6\"><p class=\"adida-page-center-qoute\">El\u00e4v\u00e4 inhimillinen \u201ckokemuksellinen\u201d olento ei \u201ckeskity\u201d (tai \u201cperustu\u201d) itsen\u00e4iseen (tai riippumattomaan) \u201csis\u00e4iseen itseen\u201d, \u201cmieleen\u201d, \u201cpsyykeen\u201d, \u201csieluun\u201d, \u201cruumiillistumaan\u201d, \u201cpaikkaan\u201d, tai \u201cn\u00e4k\u00f6kulmaan\u201d. El\u00e4v\u00e4 inhimillinen \u201ckokemuksellinen\u201d olento on (sen ehdollisissa, n\u00e4enn\u00e4isiss\u00e4 puitteissa) olennaisesti ei-erillinen\u2014tai olennaisesti, tai riippuvasti, ja jakamattomasti osa aiempaa yhten\u00e4isyytt\u00e4 ja kokonaisuutta.<\/p>\n<\/div><div class=\"fusion-text fusion-text-7\"><p class=\"adida-page-center-qoute-signature\">~ The Aletheon<\/p>\n<\/div><div class=\"fusion-clearfix\"><\/div><\/div><\/div><\/div><div class=\"fusion-builder-row fusion-builder-row-inner fusion-row\"><div class=\"fusion-layout-column fusion_builder_column_inner fusion-builder-nested-column-3 fusion_builder_column_inner_1_2 1_2 fusion-one-half fusion-column-first\" style=\"--awb-bg-size:cover;width:50%;width:calc(50% - ( ( 4% ) * 0.5 ) );margin-right: 4%;\"><div class=\"fusion-column-wrapper fusion-flex-column-wrapper-legacy\"><div class=\"fusion-text fusion-text-8\"><p>Avatar Adi Da kuvailee l\u00e4p\u00e4isev\u00e4n yksityiskohtaisesti ei-rauhallisuuden tai pulman tunnetta, joka antaa syk\u00e4yksen t\u00e4lle tavoittelulle. H\u00e4n selitt\u00e4\u00e4, ett\u00e4 n\u00e4m\u00e4 tunteet kasvavat siit\u00e4 yhdest\u00e4 kroonisesta toiminnasta, joka on on itsess\u00e4\u00e4n erillisyyden tunteen l\u00e4hde: jokainen kuviteltava inhimillisen k\u00e4rsimyksen muoto perustuu t\u00e4h\u00e4n yhteen virheeseen\u2014kivuliaaseen harhaan siit\u00e4, ett\u00e4 \u201cmin\u00e4\u201d on erillinen, kuolevainen olento, erill\u00e4\u00e4n kaikista \u201cmuista\u201d ja jotenkin erillinen siit\u00e4 Yhdest\u00e4 Jumalaisesta Tietoisuudesta, Jossa koko olemassaolon n\u00e4ytelm\u00e4 koetaan. Koska harhainen ego itsess\u00e4\u00e4n on ongelma, egon yritys vapauttaa itsens\u00e4 on kuin henkil\u00f6, joka yritt\u00e4\u00e4 nostaa lautaa, jonka p\u00e4\u00e4ll\u00e4 itse seisoo.<\/p>\n<p>P\u00e4invastoin kuin kaikki perinteiset tavoittelijan tiet, Adidamin Todellisuus-Tiess\u00e4 ei ole tavoitetta tai tuonpuoleista maailmaa, jonka voisi saavuttaa. Sen sijaan omistautuja antaa Adi Dan Jumalaisen Olemisen Olotilan vet\u00e4\u00e4 h\u00e4nt\u00e4 puoleensa, ja ryhtyy vastauksellisesti omistautuvaan yhteyteen H\u00e4nen kanssaan. P\u00e4invastoin kun perinteiset hengelliset menetelm\u00e4t, jotka tavoittelevat \u201clopputulosta\u201d, t\u00e4m\u00e4 prosessi tapahtuu oman harjoituksen alussa Adi Dan Seurassa\u2014ja sis\u00e4lt\u00e4\u00e4 Todellisuuden ja Totuuden perimm\u00e4isen Toteutuksen.<\/p>\n<\/div><div class=\"fusion-clearfix\"><\/div><\/div><\/div><div class=\"fusion-layout-column fusion_builder_column_inner fusion-builder-nested-column-4 fusion_builder_column_inner_1_2 1_2 fusion-one-half fusion-column-last\" style=\"--awb-bg-size:cover;width:50%;width:calc(50% - ( ( 4% ) * 0.5 ) );\"><div class=\"fusion-column-wrapper fusion-flex-column-wrapper-legacy\"><div class=\"fusion-text fusion-text-9\"><p>Avatar Adi Dan Aito Toiminto ei ole opetus tai jonkinlainen taianomainen Toteutuksen \u201caikaansaanti\u201d H\u00e4nen omistautujissaan. Sen sijaan H\u00e4nen Toimintonsa on yksinkertaisesti Oleminen\u2014Kuten H\u00e4n On, Jumalaisena Todellisuus-Tilana\u2014ja siten Itse Todellisuuden suoran Paljastuksen saatavuuden mahdollistaminen. Siten omistautuja \u201cSeisoo Toteutuksen Asemassa\u2014aiemmin, kuin samaistuu vartalo-mieleen\u2014ja vartalo-mieli yh\u00e4 enemm\u00e4n sopeutuu tuohon Toteutukseen\u201d. T\u00e4m\u00e4 ei tapahdu mink\u00e4\u00e4n tavoittelumenetelm\u00e4n kautta, vaan kokonaan Adi Dan Jumalaisen Siunauksen ja Hengellisen Armon avulla.<\/p>\n<p>T\u00e4m\u00e4 on Adidamin Todellisuus-Tien \u201cSalaisuus\u201d ja se Mahtava L\u00f6yt\u00f6 jonka tekev\u00e4t kaikki, jotka vapaasti ryhtyv\u00e4t omistautuvaan suhteeseen Adi Da Samrajin kanssa.<\/p>\n<\/div><div class=\"fusion-clearfix\"><\/div><\/div><\/div><\/div><div class=\"fusion-sep-clear\"><\/div><div class=\"fusion-separator fusion-full-width-sep\" style=\"margin-left: auto;margin-right: auto;margin-top:40px;width:100%;\"><\/div><div class=\"fusion-sep-clear\"><\/div><div class=\"fusion-builder-row fusion-builder-row-inner fusion-row\"><div class=\"fusion-layout-column fusion_builder_column_inner fusion-builder-nested-column-5 fusion_builder_column_inner_1_3 1_3 fusion-one-third fusion-column-first\" style=\"--awb-bg-size:cover;width:33.333333333333%;width:calc(33.333333333333% - ( ( 4% + 4% ) * 0.33333333333333 ) );margin-right: 4%;\"><div class=\"fusion-column-wrapper fusion-flex-column-wrapper-legacy\"><div class=\"fusion-content-boxes content-boxes columns row fusion-columns-1 fusion-columns-total-1 fusion-content-boxes-1 content-boxes-icon-on-top content-left icon-watch\" style=\"--awb-body-color:#37939b;--awb-title-color:#37939b;--awb-hover-accent-color:#00474f;--awb-circle-hover-accent-color:#00474f;--awb-item-margin-bottom:40px;\" data-animationOffset=\"top-into-view\"><div style=\"--awb-backgroundcolor:rgba(255,255,255,0);\" class=\"fusion-column content-box-column content-box-column content-box-column-1 col-lg-12 col-md-12 col-sm-12 fusion-content-box-hover content-box-column-last content-box-column-last-in-row\"><div class=\"col content-box-wrapper content-wrapper link-area-link-icon link-type-text icon-hover-animation-fade\" data-animationOffset=\"top-into-view\"><div class=\"heading heading-with-icon icon-left\"><a class=\"heading-link\" href=\"https:\/\/adidam.eu\/watch\/\" target=\"_self\"><div aria-hidden=\"true\" class=\"image\"><img decoding=\"async\" src=\"https:\/\/adidam.eu\/wp-content\/uploads\/2016\/12\/adidam_home_icon_watch.png\" width=\"81\" height=\"81\" alt=\"\" \/><\/div><h2 class=\"content-box-heading\" style=\"--h2_typography-font-size:32px;line-height:37px;\">Katso<\/h2><\/a><\/div><\/div><\/div><div class=\"fusion-clearfix\"><\/div><\/div><div class=\"fusion-clearfix\"><\/div><\/div><\/div><div class=\"fusion-layout-column fusion_builder_column_inner fusion-builder-nested-column-6 fusion_builder_column_inner_1_3 1_3 fusion-one-third\" style=\"--awb-bg-size:cover;width:33.333333333333%;width:calc(33.333333333333% - ( ( 4% + 4% ) * 0.33333333333333 ) );margin-right: 4%;\"><div class=\"fusion-column-wrapper fusion-flex-column-wrapper-legacy\"><div class=\"fusion-content-boxes content-boxes columns row fusion-columns-1 fusion-columns-total-1 fusion-content-boxes-2 content-boxes-icon-on-top content-left icon-read\" style=\"--awb-body-color:#737b35;--awb-title-color:#737b35;--awb-hover-accent-color:#404802;--awb-circle-hover-accent-color:#404802;--awb-item-margin-bottom:40px;\" data-animationOffset=\"top-into-view\"><div style=\"--awb-backgroundcolor:rgba(255,255,255,0);\" class=\"fusion-column content-box-column content-box-column content-box-column-1 col-lg-12 col-md-12 col-sm-12 fusion-content-box-hover content-box-column-last content-box-column-last-in-row\"><div class=\"col content-box-wrapper content-wrapper link-area-link-icon link-type-text icon-hover-animation-fade\" data-animationOffset=\"top-into-view\"><div class=\"heading heading-with-icon icon-left\"><a class=\"heading-link\" href=\"https:\/\/adidam.eu\/read\/\" target=\"_self\"><div aria-hidden=\"true\" class=\"image\"><img decoding=\"async\" src=\"https:\/\/adidam.eu\/wp-content\/uploads\/2016\/12\/adidam_home_icon_read.png\" width=\"81\" height=\"81\" alt=\"\" \/><\/div><h2 class=\"content-box-heading\" style=\"--h2_typography-font-size:32px;line-height:37px;\">Lue<\/h2><\/a><\/div><\/div><\/div><div class=\"fusion-clearfix\"><\/div><\/div><div class=\"fusion-clearfix\"><\/div><\/div><\/div><div class=\"fusion-layout-column fusion_builder_column_inner fusion-builder-nested-column-7 fusion_builder_column_inner_1_3 1_3 fusion-one-third fusion-column-last\" style=\"--awb-bg-size:cover;width:33.333333333333%;width:calc(33.333333333333% - ( ( 4% + 4% ) * 0.33333333333333 ) );\"><div class=\"fusion-column-wrapper fusion-flex-column-wrapper-legacy\"><div class=\"fusion-content-boxes content-boxes columns row fusion-columns-1 fusion-columns-total-1 fusion-content-boxes-3 content-boxes-icon-on-top content-left icon-listen\" style=\"--awb-body-color:#b3740d;--awb-title-color:#b3740d;--awb-hover-accent-color:#804100;--awb-circle-hover-accent-color:#804100;--awb-item-margin-bottom:40px;\" data-animationOffset=\"top-into-view\"><div style=\"--awb-backgroundcolor:rgba(255,255,255,0);\" class=\"fusion-column content-box-column content-box-column content-box-column-1 col-lg-12 col-md-12 col-sm-12 fusion-content-box-hover content-box-column-last content-box-column-last-in-row\"><div class=\"col content-box-wrapper content-wrapper link-area-link-icon link-type-text icon-hover-animation-fade\" data-animationOffset=\"top-into-view\"><div class=\"heading heading-with-icon icon-left\"><a class=\"heading-link\" href=\"https:\/\/adidam.eu\/listen\/\" target=\"_self\"><div aria-hidden=\"true\" class=\"image\"><img decoding=\"async\" src=\"https:\/\/adidam.eu\/wp-content\/uploads\/2016\/12\/adidam_home_icon_listen.png\" width=\"81\" height=\"81\" alt=\"\" \/><\/div><h2 class=\"content-box-heading\" style=\"--h2_typography-font-size:32px;line-height:37px;\">Kuuntele<\/h2><\/a><\/div><\/div><\/div><div class=\"fusion-clearfix\"><\/div><\/div><div class=\"fusion-clearfix\"><\/div><\/div><\/div><\/div><div class=\"fusion-clearfix\"><\/div><\/div><\/div><div class=\"fusion-layout-column fusion_builder_column fusion-builder-column-1 fusion_builder_column_1_3 1_3 fusion-one-third fusion-column-last\" style=\"--awb-bg-position:right center;--awb-bg-size:cover;width:33.333333333333%;width:calc(33.333333333333% - ( ( 4% ) * 0.33333333333333 ) );\"><div class=\"fusion-column-wrapper fusion-flex-column-wrapper-legacy\"><div class=\"fusion-video fusion-youtube\" style=\"--awb-max-width:351px;--awb-max-height:197px;\"><div class=\"video-shortcode\"><div class=\"fluid-width-video-wrapper\" style=\"padding-top:56.13%;\" ><iframe title=\"YouTube video player 1\" src=\"https:\/\/www.youtube.com\/embed\/5r_7PajYj3M?wmode=transparent&autoplay=0&amp;rel=0\" width=\"351\" height=\"197\" allowfullscreen allow=\"autoplay; clipboard-write; encrypted-media; gyroscope; picture-in-picture;\"><\/iframe><\/div><\/div><\/div><div class=\"fusion-sep-clear\"><\/div><div class=\"fusion-separator fusion-full-width-sep\" style=\"margin-left: auto;margin-right: auto;margin-top:10px;width:100%;\"><\/div><div class=\"fusion-sep-clear\"><\/div><div class=\"fusion-title title fusion-title-1 fusion-sep-none fusion-title-text fusion-title-size-one youtube-sidebar-h1\" style=\"--awb-margin-top-small:10px;--awb-margin-right-small:0px;--awb-margin-bottom-small:10px;--awb-margin-left-small:0px;\"><h1 class=\"fusion-title-heading title-heading-left\" style=\"margin:0;\">Kunnioitettu Guru-omistautuja-suhde<\/h1><\/div><div class=\"fusion-sep-clear\"><\/div><div class=\"fusion-separator fusion-full-width-sep\" style=\"margin-left: auto;margin-right: auto;margin-top:30px;width:100%;\"><\/div><div class=\"fusion-sep-clear\"><\/div><div class=\"fusion-image-element in-legacy-container\" style=\"--awb-caption-title-font-family:var(--h2_typography-font-family);--awb-caption-title-font-weight:var(--h2_typography-font-weight);--awb-caption-title-font-style:var(--h2_typography-font-style);--awb-caption-title-size:var(--h2_typography-font-size);--awb-caption-title-transform:var(--h2_typography-text-transform);--awb-caption-title-line-height:var(--h2_typography-line-height);--awb-caption-title-letter-spacing:var(--h2_typography-letter-spacing);\"><span class=\" fusion-imageframe imageframe-none imageframe-1 hover-type-none\"><img decoding=\"async\" width=\"355\" height=\"253\" title=\"adidam_sidebar_adidapage\" src=\"https:\/\/adidam.eu\/wp-content\/uploads\/2016\/12\/adidam_sidebar_adidapage.png\" alt class=\"img-responsive wp-image-212\" srcset=\"https:\/\/adidam.eu\/wp-content\/uploads\/2016\/12\/adidam_sidebar_adidapage-200x143.png 200w, https:\/\/adidam.eu\/wp-content\/uploads\/2016\/12\/adidam_sidebar_adidapage.png 355w\" sizes=\"(max-width: 1200px) 100vw, 355px\" \/><\/span><\/div><div class=\"fusion-sep-clear\"><\/div><div class=\"fusion-separator fusion-full-width-sep\" style=\"margin-left: auto;margin-right: auto;margin-top:40px;width:100%;\"><\/div><div class=\"fusion-sep-clear\"><\/div><div class=\"fusion-video fusion-youtube\" style=\"--awb-max-width:351px;--awb-max-height:197px;\"><div class=\"video-shortcode\"><div class=\"fluid-width-video-wrapper\" style=\"padding-top:56.13%;\" ><iframe title=\"YouTube video player 2\" src=\"https:\/\/www.youtube.com\/embed\/qXpg0ta4K-Q?wmode=transparent&autoplay=0&amp;rel=0\" width=\"351\" height=\"197\" allowfullscreen allow=\"autoplay; clipboard-write; encrypted-media; gyroscope; picture-in-picture;\"><\/iframe><\/div><\/div><\/div><div class=\"fusion-sep-clear\"><\/div><div class=\"fusion-separator fusion-full-width-sep\" style=\"margin-left: auto;margin-right: auto;margin-top:10px;width:100%;\"><\/div><div class=\"fusion-sep-clear\"><\/div><div class=\"fusion-title title fusion-title-2 fusion-sep-none fusion-title-text fusion-title-size-one youtube-sidebar-h1\" style=\"--awb-margin-top-small:10px;--awb-margin-right-small:0px;--awb-margin-bottom-small:10px;--awb-margin-left-small:0px;\"><h1 class=\"fusion-title-heading title-heading-left\" style=\"margin:0;\">Omistautuja tiivist\u00e4\u00e4 Adi Dan Ty\u00f6n<\/h1><\/div><div class=\"fusion-clearfix\"><\/div><\/div><\/div><\/div><\/div>\n","protected":false},"excerpt":{"rendered":"","protected":false},"author":1,"featured_media":0,"parent":0,"menu_order":0,"comment_status":"closed","ping_status":"closed","template":"100-width.php","meta":{"footnotes":""},"class_list":["post-3740","page","type-page","status-publish","hentry"],"_links":{"self":[{"href":"https:\/\/adidam.eu\/fi\/wp-json\/wp\/v2\/pages\/3740","targetHints":{"allow":["GET"]}}],"collection":[{"href":"https:\/\/adidam.eu\/fi\/wp-json\/wp\/v2\/pages"}],"about":[{"href":"https:\/\/adidam.eu\/fi\/wp-json\/wp\/v2\/types\/page"}],"author":[{"embeddable":true,"href":"https:\/\/adidam.eu\/fi\/wp-json\/wp\/v2\/users\/1"}],"replies":[{"embeddable":true,"href":"https:\/\/adidam.eu\/fi\/wp-json\/wp\/v2\/comments?post=3740"}],"version-history":[{"count":2,"href":"https:\/\/adidam.eu\/fi\/wp-json\/wp\/v2\/pages\/3740\/revisions"}],"predecessor-version":[{"id":3742,"href":"https:\/\/adidam.eu\/fi\/wp-json\/wp\/v2\/pages\/3740\/revisions\/3742"}],"wp:attachment":[{"href":"https:\/\/adidam.eu\/fi\/wp-json\/wp\/v2\/media?parent=3740"}],"curies":[{"name":"wp","href":"https:\/\/api.w.org\/{rel}","templated":true}]}}