{"id":3976,"date":"2021-04-19T03:00:06","date_gmt":"2021-04-19T01:00:06","guid":{"rendered":"https:\/\/adidam.eu\/kursseja\/"},"modified":"2025-04-01T15:17:43","modified_gmt":"2025-04-01T13:17:43","slug":"kursseja","status":"publish","type":"page","link":"https:\/\/adidam.eu\/fi\/kursseja\/","title":{"rendered":"Kursseja"},"content":{"rendered":"<div class=\"fusion-fullwidth fullwidth-box fusion-builder-row-1 nonhundred-percent-fullwidth non-hundred-percent-height-scrolling\" style=\"--awb-border-radius-top-left:0px;--awb-border-radius-top-right:0px;--awb-border-radius-bottom-right:0px;--awb-border-radius-bottom-left:0px;--awb-padding-top:20px;--awb-padding-bottom:20px;--awb-flex-wrap:wrap;\" ><div class=\"fusion-builder-row fusion-row\"><div class=\"fusion-layout-column fusion_builder_column fusion-builder-column-0 fusion_builder_column_2_3 2_3 fusion-two-third fusion-column-first\" style=\"--awb-bg-size:cover;width:66.666666666667%;width:calc(66.666666666667% - ( ( 4% ) * 0.66666666666667 ) );margin-right: 4%;\"><div class=\"fusion-column-wrapper fusion-flex-column-wrapper-legacy\"><div class=\"fusion-text fusion-text-1\"><h1 class=\"adida-page-adi-da-quote\"><em>Vartalollisen (ihmis-)Ilmestymiseni Tarkoitus t\u00e4\u00e4ll\u00e4 on ihmiskunnan Jumalainen Vapautus\u2014ei ainoastaan id\u00e4n ihmisten tai l\u00e4nnen ihmisten, mutta kaikkien ihmisten (ja jopa kaikkien olentojen ja kaikkien asioiden kaikenkaikkiaan).<\/em><\/h1>\n<\/div><div class=\"fusion-text fusion-text-2\"><p class=\"adi-da-quote-sub\" style=\"text-align: right;\">~ Avatar Adi Da Samraj<br \/>\n(The Avatar of What <u>Is<\/u>:ist\u00e4)<\/p>\n<\/div><div class=\"fusion-sep-clear\"><\/div><div class=\"fusion-separator fusion-full-width-sep\" style=\"margin-left: auto;margin-right: auto;margin-top:50px;width:100%;\"><\/div><div class=\"fusion-sep-clear\"><\/div><div class=\"fusion-builder-row fusion-builder-row-inner fusion-row\"><div class=\"fusion-layout-column fusion_builder_column_inner fusion-builder-nested-column-0 fusion_builder_column_inner_1_1 1_1 fusion-one-full fusion-column-first fusion-column-last courses-page-centerblock-container\" style=\"--awb-bg-size:cover;\"><div class=\"fusion-column-wrapper fusion-flex-column-wrapper-legacy\"><div class=\"fusion-title title fusion-title-1 fusion-title-text fusion-title-size-one courses-page-centerblock-h1 \" style=\"--awb-margin-top-small:10px;--awb-margin-right-small:0px;--awb-margin-bottom-small:10px;--awb-margin-left-small:0px;\"><h1 class=\"fusion-title-heading title-heading-left\" style=\"margin:0;\">Kursseja<\/h1><span class=\"awb-title-spacer\"><\/span><div class=\"title-sep-container\"><div class=\"title-sep sep-double sep-solid\" style=\"border-color:#e0dede;\"><\/div><\/div><\/div><div class=\"fusion-text fusion-text-3\"><h3 class=\"courses-page-centerblock-h3\">Adidam Europe tarjoaa kursseja Adi Da Samrajista ja H\u00e4nen Tarjoamastaan Hengellisest\u00e4 Tiest\u00e4. Kaikkiin kursseihin voi osallistua verkossa Zoomin avulla. Jos sinulla on kysymyksi\u00e4 kursseihin liittyen, ota meihin yhteytt\u00e4 osoitteessa <a href=\"mailto:info@adidam.eu\">info@adidam.eu<\/a>.<\/h3>\n<\/div><div class=\"fusion-sep-clear\"><\/div><div class=\"fusion-separator fusion-full-width-sep\" style=\"margin-left: auto;margin-right: auto;margin-bottom:15px;width:100%;\"><\/div><div class=\"fusion-sep-clear\"><\/div><div class=\"fusion-title title fusion-title-2 fusion-sep-none fusion-title-text fusion-title-size-four courses-page-centerblock-title-h4\" style=\"--awb-margin-top-small:10px;--awb-margin-right-small:0px;--awb-margin-bottom-small:10px;--awb-margin-left-small:0px;\"><h4 class=\"fusion-title-heading title-heading-left\" style=\"margin:0;\"><a href=\"#\">Da Avatar-kurssi<\/a><\/h4><\/div><div class=\"fusion-text fusion-text-4\"><p class=\"courses-page-centerblock-body\"><img decoding=\"async\" class=\" wp-image-1384 alignright\" src=\"https:\/\/adidam.eu\/wp-content\/uploads\/2021\/04\/theavatarofwhatis_book_cover_300x464px.jpg\" alt=\"\" width=\"160\" height=\"247\" srcset=\"https:\/\/adidam.eu\/wp-content\/uploads\/2021\/04\/theavatarofwhatis_book_cover_300x464px-194x300.jpg 194w, https:\/\/adidam.eu\/wp-content\/uploads\/2021\/04\/theavatarofwhatis_book_cover_300x464px-200x309.jpg 200w, https:\/\/adidam.eu\/wp-content\/uploads\/2021\/04\/theavatarofwhatis_book_cover_300x464px.jpg 300w\" sizes=\"(max-width: 160px) 100vw, 160px\" \/>T\u00e4ll\u00e4 verkkokurssilla tutkimme teosta <em>The Avatar of What <u>Is<\/u><\/em>. T\u00e4m\u00e4 Carolyn Leen kirjoittama kirja tarjoaa loistavan esittelyn Adi Da Samrajin el\u00e4m\u00e4\u00e4n ja ty\u00f6h\u00f6n H\u00e4nen syntym\u00e4st\u00e4\u00e4n nykyp\u00e4iv\u00e4\u00e4n asti ja luo ymm\u00e4rryst\u00e4 Adi Dan ainutlaatuisuudesta ihmiskunnan viisauden ja hengellisyyden mahtavan perinteen puitteissa.<\/p>\n<p class=\"courses-page-centerblock-body\">T\u00e4m\u00e4 kurssi muodostuu nelj\u00e4st\u00e4 tapaamisesta Zoomin kautta. Joka kerralla k\u00e4ymme l\u00e4pi kaksi lukua kirjasta ja pohdimme kysymyksi\u00e4, katselemme videoita Adi Dasta ja kerromme aiheeseen liittyvi\u00e4 tarinoita. Kurssia ohjaavat R\u00e9n\u00e9e Pierrot ja Bart Lohr, jotka ovat omistautuneet Adi Da Samrajille kauan aikaa sitten, ja jotka my\u00f6s is\u00e4nn\u00f6iv\u00e4t \u201cMiss\u00e4 on Ilo\u201d retrettej\u00e4 Euroopan Dandassa. Koska osallistujamme tulevat eri maista, kurssi pidet\u00e4\u00e4n englanniksi, mutta voimme my\u00f6s auttaa hollannin, ranskan, saksan ja espanjan kielill\u00e4.<\/p>\n<p class=\"courses-page-centerblock-body\">Kurssia varten tarvitset kirjan <em>The Avatar of What <u>Is<\/u><\/em>. Kirja on saatavilla <a href=\"https:\/\/adidambookshop.eu\/products\/the-avatar-of-what-is?variant=47211292721495\" target=\"_blank\" rel=\"noopener\">verkkokaupastamme<\/a>. E-kirjan saa Amazonista. <em>(T\u00e4rke\u00e4\u00e4: jos ostat kirjan jostain toisesta kaupasta, hanki vuoden 2018 tai 2019 painos, ei painosta vuodelta 2007.)<\/em><\/p>\n<\/div><div class=\"fusion-sep-clear\"><\/div><div class=\"fusion-separator fusion-full-width-sep\" style=\"margin-left: auto;margin-right: auto;margin-bottom:15px;width:100%;\"><\/div><div class=\"fusion-sep-clear\"><\/div><div class=\"fusion-aligncenter\"><a class=\"fusion-button button-flat fusion-button-default-size button-default fusion-button-default button-1 fusion-button-default-span fusion-button-default-type\" target=\"_self\" href=\"https:\/\/adidam.eu\/courses\/register\/\"><span class=\"fusion-button-text awb-button__text awb-button__text--default\">Rekister\u00f6idy nyt<\/span><\/a><\/div><div class=\"fusion-sep-clear\"><\/div><div class=\"fusion-separator fusion-full-width-sep\" style=\"margin-left: auto;margin-right: auto;margin-bottom:30px;width:100%;\"><\/div><div class=\"fusion-sep-clear\"><\/div><div class=\"fusion-title title fusion-title-3 fusion-sep-none fusion-title-text fusion-title-size-four courses-page-centerblock-title-h4\" style=\"--awb-margin-top-small:10px;--awb-margin-right-small:0px;--awb-margin-bottom-small:10px;--awb-margin-left-small:0px;\"><h4 class=\"fusion-title-heading title-heading-left\" style=\"margin:0;\"><a href=\"#\">Adidamin Todellisuus-Tie-kurssi<\/a><\/h4><\/div><div class=\"fusion-text fusion-text-5\"><p class=\"courses-page-centerblock-body\"><img decoding=\"async\" class=\"wp-image-2366 alignright\" src=\"https:\/\/adidam.eu\/wp-content\/uploads\/2023\/01\/therealitywayofadidam_book_cover_300x430px.jpg\" alt=\"\" width=\"160\" height=\"229\" srcset=\"https:\/\/adidam.eu\/wp-content\/uploads\/2023\/01\/therealitywayofadidam_book_cover_300x430px-200x287.jpg 200w, https:\/\/adidam.eu\/wp-content\/uploads\/2023\/01\/therealitywayofadidam_book_cover_300x430px-209x300.jpg 209w, https:\/\/adidam.eu\/wp-content\/uploads\/2023\/01\/therealitywayofadidam_book_cover_300x430px.jpg 300w\" sizes=\"(max-width: 160px) 100vw, 160px\" \/>\u201cRadikaalin\u201d omistautumisen, oikean el\u00e4m\u00e4n ja \u201cT\u00e4ydellisen Tiet\u00e4myksen\u201d esittely. N\u00e4m\u00e4 muodostavat Adidamin Tien olennaiset osat.<\/p>\n<p class=\"courses-page-centerblock-body\">T\u00e4m\u00e4 kurssi perustuu Avatar Adi Dan ajantasaisiin neuvoihin ja opetuksiin, jotka yksinkertaistavat ja selvent\u00e4v\u00e4t Adidamin Tien perustat ja harjoitukset.<\/p>\n<p class=\"courses-page-centerblock-body\">Viidess\u00e4 tapaamisessa kahden viikon v\u00e4lein opiskelemme ja pohdimme kirjaa <em>The Reality-Way of Adidam: The Divine Process That Outshines All Seeking in the Perfect Freedom of Reality Itself.<\/em><\/p>\n<p class=\"courses-page-centerblock-body\">T\u00e4t\u00e4 kurssia varten tarvitset edell\u00e4mainitun kirjan. Se on saatavilla <a href=\"https:\/\/adidambookshop.eu\/products\/the-reality-way-of-adidam-1?_pos=1&amp;_psq=The+Reality-Way+of+Adidam&amp;_ss=e&amp;_v=1.0\" target=\"_blank\" rel=\"noopener\">verkkokaupastamme<\/a>.<\/p>\n<\/div><div class=\"fusion-sep-clear\"><\/div><div class=\"fusion-separator fusion-full-width-sep\" style=\"margin-left: auto;margin-right: auto;margin-bottom:15px;width:100%;\"><\/div><div class=\"fusion-sep-clear\"><\/div><div class=\"fusion-aligncenter\"><a class=\"fusion-button button-flat fusion-button-default-size button-default fusion-button-default button-2 fusion-button-default-span fusion-button-default-type\" target=\"_self\" href=\"https:\/\/adidam.eu\/courses\/register\/\"><span class=\"fusion-button-text awb-button__text awb-button__text--default\">Rekister\u00f6idy nyt<\/span><\/a><\/div><div class=\"fusion-sep-clear\"><\/div><div class=\"fusion-separator fusion-full-width-sep\" style=\"margin-left: auto;margin-right: auto;margin-bottom:30px;width:100%;\"><\/div><div class=\"fusion-sep-clear\"><\/div><div class=\"fusion-title title fusion-title-4 fusion-sep-none fusion-title-text fusion-title-size-four courses-page-centerblock-title-h4\" style=\"--awb-margin-top-small:10px;--awb-margin-right-small:0px;--awb-margin-bottom-small:10px;--awb-margin-left-small:0px;\"><h4 class=\"fusion-title-heading title-heading-left\" style=\"margin:0;\"><a href=\"#\">Mahtavin Lahja-kurssi<\/a><\/h4><\/div><div class=\"fusion-text fusion-text-6\"><p class=\"courses-page-centerblock-body\"><img decoding=\"async\" class=\" wp-image-1385 alignright\" src=\"https:\/\/adidam.eu\/wp-content\/uploads\/2021\/04\/theeightpartadmonition_book_cover_300x460px.jpg\" alt=\"\" width=\"160\" height=\"245\" srcset=\"https:\/\/adidam.eu\/wp-content\/uploads\/2021\/04\/theeightpartadmonition_book_cover_300x460px-196x300.jpg 196w, https:\/\/adidam.eu\/wp-content\/uploads\/2021\/04\/theeightpartadmonition_book_cover_300x460px-200x307.jpg 200w, https:\/\/adidam.eu\/wp-content\/uploads\/2021\/04\/theeightpartadmonition_book_cover_300x460px.jpg 300w\" sizes=\"(max-width: 160px) 100vw, 160px\" \/>Kun olet jo oppinut lis\u00e4\u00e4 Avatar Adi Da Samrajin El\u00e4m\u00e4st\u00e4 ja Ty\u00f6st\u00e4, t\u00e4ll\u00e4 kurssilla tutkiskelemme, mit\u00e4 egoton hengellinen harjoitus tarkoittaa jokap\u00e4iv\u00e4isess\u00e4 el\u00e4m\u00e4ss\u00e4mme. Mit\u00e4 on henkinen harjoitus, jos siin\u00e4 ei ole kyse tavoittelusta, itsens\u00e4 kehitt\u00e4misest\u00e4 tai mink\u00e4\u00e4n saavuttamisesta oletettuna erillisen\u00e4 persoonana? Luemme kirjaa <em>The Gift of the Eight-Part Admonition<\/em>, joka antaa hyv\u00e4n pohjan Adi Dan omistajilleen Tarjoamansa hengellisen harjoituksen periaatteille. T\u00e4m\u00e4 kurssi muodostuu nelj\u00e4st\u00e4 kahden viikon v\u00e4lein tapahtuvasta verkkotapaamisesta Zoomin kautta. Tapaamisten v\u00e4lill\u00e4 sinua kutsutaan ja kannustetaan kokeilemaan harjoituksia, joita pohdimme tapaamisissamme.<\/p>\n<p class=\"courses-page-centerblock-body\">T\u00e4t\u00e4 kurssia varten tarvitset kirjan <em>The Gift of the Eight-Part Admonition<\/em>. Kirja on saatavilla <a href=\"https:\/\/adidambookshop.eu\/products\/the-gift-of-the-eight-part-admonition?_pos=1&amp;_psq=The+Gift+of+the+Eight-Part+Admonition&amp;_ss=e&amp;_v=1.0\" target=\"_blank\" rel=\"noopener\">verkkokaupastamme<\/a>.<\/p>\n<\/div><div class=\"fusion-sep-clear\"><\/div><div class=\"fusion-separator fusion-full-width-sep\" style=\"margin-left: auto;margin-right: auto;margin-bottom:15px;width:100%;\"><\/div><div class=\"fusion-sep-clear\"><\/div><div class=\"fusion-aligncenter\"><a class=\"fusion-button button-flat fusion-button-default-size button-default fusion-button-default button-3 fusion-button-default-span fusion-button-default-type\" target=\"_self\" href=\"https:\/\/adidam.eu\/courses\/register\/\"><span class=\"fusion-button-text awb-button__text awb-button__text--default\">Rekister\u00f6idy nyt<\/span><\/a><\/div><div class=\"fusion-sep-clear\"><\/div><div class=\"fusion-separator fusion-full-width-sep\" style=\"margin-left: auto;margin-right: auto;margin-bottom:30px;width:100%;\"><\/div><div class=\"fusion-sep-clear\"><\/div><div class=\"fusion-title title fusion-title-5 fusion-sep-none fusion-title-text fusion-title-size-four courses-page-centerblock-title-h4\" style=\"--awb-margin-top-small:10px;--awb-margin-right-small:0px;--awb-margin-bottom-small:10px;--awb-margin-left-small:0px;\"><h4 class=\"fusion-title-heading title-heading-left\" style=\"margin:0;\"><a href=\"#\">J\u00e4senyyskursseja<\/a><\/h4><\/div><div class=\"fusion-text fusion-text-7\"><p class=\"courses-page-centerblock-body\">Valmennuskursseja heille, jotka haluavat Adidam Ruchiradamin Toisen tai Kolmannen Seurakunnan virallisiksi j\u00e4seniksi.<\/p>\n<\/div><div class=\"fusion-sep-clear\"><\/div><div class=\"fusion-separator fusion-full-width-sep\" style=\"margin-left: auto;margin-right: auto;margin-bottom:15px;width:100%;\"><\/div><div class=\"fusion-sep-clear\"><\/div><div class=\"fusion-aligncenter\"><a class=\"fusion-button button-flat fusion-button-default-size button-default fusion-button-default button-4 fusion-button-default-span fusion-button-default-type\" target=\"_self\" href=\"https:\/\/adidam.eu\/fi\/kursseja\/adidamin-jasenyyskurssit\/\"><span class=\"fusion-button-text awb-button__text awb-button__text--default\">Lis\u00e4tietoa &#038; Rekister\u00f6inti<\/span><\/a><\/div><div class=\"fusion-sep-clear\"><\/div><div class=\"fusion-separator fusion-full-width-sep\" style=\"margin-left: auto;margin-right: auto;margin-bottom:10px;width:100%;\"><\/div><div class=\"fusion-sep-clear\"><\/div><div class=\"fusion-clearfix\"><\/div><\/div><\/div><\/div><div class=\"fusion-sep-clear\"><\/div><div class=\"fusion-separator fusion-full-width-sep\" style=\"margin-left: auto;margin-right: auto;margin-top:50px;width:100%;\"><\/div><div class=\"fusion-sep-clear\"><\/div><div class=\"fusion-builder-row fusion-builder-row-inner fusion-row\"><div class=\"fusion-layout-column fusion_builder_column_inner fusion-builder-nested-column-1 fusion_builder_column_inner_1_3 1_3 fusion-one-third fusion-column-first\" style=\"--awb-bg-size:cover;width:33.333333333333%;width:calc(33.333333333333% - ( ( 4% + 4% ) * 0.33333333333333 ) );margin-right: 4%;\"><div class=\"fusion-column-wrapper fusion-flex-column-wrapper-legacy\"><div class=\"fusion-content-boxes content-boxes columns row fusion-columns-1 fusion-columns-total-1 fusion-content-boxes-1 content-boxes-icon-on-top content-left icon-watch\" style=\"--awb-body-color:#37939b;--awb-title-color:#37939b;--awb-hover-accent-color:#00474f;--awb-circle-hover-accent-color:#00474f;--awb-item-margin-bottom:40px;\" data-animationOffset=\"top-into-view\"><div style=\"--awb-backgroundcolor:rgba(255,255,255,0);\" class=\"fusion-column content-box-column content-box-column content-box-column-1 col-lg-12 col-md-12 col-sm-12 fusion-content-box-hover content-box-column-last content-box-column-last-in-row\"><div class=\"col content-box-wrapper content-wrapper link-area-link-icon link-type-text icon-hover-animation-fade\" data-animationOffset=\"top-into-view\"><div class=\"heading heading-with-icon icon-left\"><a class=\"heading-link\" href=\"https:\/\/adidam.eu\/watch\/\" target=\"_self\"><div aria-hidden=\"true\" class=\"image\"><img decoding=\"async\" src=\"https:\/\/adidam.eu\/wp-content\/uploads\/2016\/12\/adidam_home_icon_watch.png\" width=\"81\" height=\"81\" alt=\"\" \/><\/div><h2 class=\"content-box-heading\" style=\"--h2_typography-font-size:32px;line-height:37px;\">Katso<\/h2><\/a><\/div><\/div><\/div><div class=\"fusion-clearfix\"><\/div><\/div><div class=\"fusion-clearfix\"><\/div><\/div><\/div><div class=\"fusion-layout-column fusion_builder_column_inner fusion-builder-nested-column-2 fusion_builder_column_inner_1_3 1_3 fusion-one-third\" style=\"--awb-bg-size:cover;width:33.333333333333%;width:calc(33.333333333333% - ( ( 4% + 4% ) * 0.33333333333333 ) );margin-right: 4%;\"><div class=\"fusion-column-wrapper fusion-flex-column-wrapper-legacy\"><div class=\"fusion-content-boxes content-boxes columns row fusion-columns-1 fusion-columns-total-1 fusion-content-boxes-2 content-boxes-icon-on-top content-left icon-read\" style=\"--awb-body-color:#737b35;--awb-title-color:#737b35;--awb-hover-accent-color:#404802;--awb-circle-hover-accent-color:#404802;--awb-item-margin-bottom:40px;\" data-animationOffset=\"top-into-view\"><div style=\"--awb-backgroundcolor:rgba(255,255,255,0);\" class=\"fusion-column content-box-column content-box-column content-box-column-1 col-lg-12 col-md-12 col-sm-12 fusion-content-box-hover content-box-column-last content-box-column-last-in-row\"><div class=\"col content-box-wrapper content-wrapper link-area-link-icon link-type-text icon-hover-animation-fade\" data-animationOffset=\"top-into-view\"><div class=\"heading heading-with-icon icon-left\"><a class=\"heading-link\" href=\"https:\/\/adidam.eu\/read\/\" target=\"_self\"><div aria-hidden=\"true\" class=\"image\"><img decoding=\"async\" src=\"https:\/\/adidam.eu\/wp-content\/uploads\/2016\/12\/adidam_home_icon_read.png\" width=\"81\" height=\"81\" alt=\"\" \/><\/div><h2 class=\"content-box-heading\" style=\"--h2_typography-font-size:32px;line-height:37px;\">Lue<\/h2><\/a><\/div><\/div><\/div><div class=\"fusion-clearfix\"><\/div><\/div><div class=\"fusion-clearfix\"><\/div><\/div><\/div><div class=\"fusion-layout-column fusion_builder_column_inner fusion-builder-nested-column-3 fusion_builder_column_inner_1_3 1_3 fusion-one-third fusion-column-last\" style=\"--awb-bg-size:cover;width:33.333333333333%;width:calc(33.333333333333% - ( ( 4% + 4% ) * 0.33333333333333 ) );\"><div class=\"fusion-column-wrapper fusion-flex-column-wrapper-legacy\"><div class=\"fusion-content-boxes content-boxes columns row fusion-columns-1 fusion-columns-total-1 fusion-content-boxes-3 content-boxes-icon-on-top content-left icon-listen\" style=\"--awb-body-color:#b3740d;--awb-title-color:#b3740d;--awb-hover-accent-color:#804100;--awb-circle-hover-accent-color:#804100;--awb-item-margin-bottom:40px;\" data-animationOffset=\"top-into-view\"><div style=\"--awb-backgroundcolor:rgba(255,255,255,0);\" class=\"fusion-column content-box-column content-box-column content-box-column-1 col-lg-12 col-md-12 col-sm-12 fusion-content-box-hover content-box-column-last content-box-column-last-in-row\"><div class=\"col content-box-wrapper content-wrapper link-area-link-icon link-type-text icon-hover-animation-fade\" data-animationOffset=\"top-into-view\"><div class=\"heading heading-with-icon icon-left\"><a class=\"heading-link\" href=\"https:\/\/adidam.eu\/listen\/\" target=\"_self\"><div aria-hidden=\"true\" class=\"image\"><img decoding=\"async\" src=\"https:\/\/adidam.eu\/wp-content\/uploads\/2016\/12\/adidam_home_icon_listen.png\" width=\"81\" height=\"81\" alt=\"\" \/><\/div><h2 class=\"content-box-heading\" style=\"--h2_typography-font-size:32px;line-height:37px;\">Kuuntele<\/h2><\/a><\/div><\/div><\/div><div class=\"fusion-clearfix\"><\/div><\/div><div class=\"fusion-clearfix\"><\/div><\/div><\/div><\/div><div class=\"fusion-clearfix\"><\/div><\/div><\/div><div class=\"fusion-layout-column fusion_builder_column fusion-builder-column-1 fusion_builder_column_1_3 1_3 fusion-one-third fusion-column-last\" style=\"--awb-bg-position:right center;--awb-bg-size:cover;width:33.333333333333%;width:calc(33.333333333333% - ( ( 4% ) * 0.33333333333333 ) );\"><div class=\"fusion-column-wrapper fusion-flex-column-wrapper-legacy\"><div class=\"fusion-image-element in-legacy-container\" style=\"--awb-caption-title-font-family:var(--h2_typography-font-family);--awb-caption-title-font-weight:var(--h2_typography-font-weight);--awb-caption-title-font-style:var(--h2_typography-font-style);--awb-caption-title-size:var(--h2_typography-font-size);--awb-caption-title-transform:var(--h2_typography-text-transform);--awb-caption-title-line-height:var(--h2_typography-line-height);--awb-caption-title-letter-spacing:var(--h2_typography-letter-spacing);\"><span class=\" fusion-imageframe imageframe-none imageframe-1 hover-type-none\"><img decoding=\"async\" width=\"355\" height=\"481\" title=\"adidam_sidebar_coursespage\" src=\"https:\/\/adidam.eu\/wp-content\/uploads\/2016\/12\/adidam_sidebar_coursespage.png\" alt class=\"img-responsive wp-image-294\" srcset=\"https:\/\/adidam.eu\/wp-content\/uploads\/2016\/12\/adidam_sidebar_coursespage-200x271.png 200w, https:\/\/adidam.eu\/wp-content\/uploads\/2016\/12\/adidam_sidebar_coursespage.png 355w\" sizes=\"(max-width: 1200px) 100vw, 355px\" \/><\/span><\/div><div class=\"fusion-sep-clear\"><\/div><div class=\"fusion-separator fusion-full-width-sep\" style=\"margin-left: auto;margin-right: auto;margin-top:30px;width:100%;\"><\/div><div class=\"fusion-sep-clear\"><\/div><div class=\"fusion-clearfix\"><\/div><\/div><\/div><\/div><\/div>\n","protected":false},"excerpt":{"rendered":"","protected":false},"author":1,"featured_media":0,"parent":0,"menu_order":0,"comment_status":"closed","ping_status":"closed","template":"100-width.php","meta":{"footnotes":""},"class_list":["post-3976","page","type-page","status-publish","hentry"],"_links":{"self":[{"href":"https:\/\/adidam.eu\/fi\/wp-json\/wp\/v2\/pages\/3976","targetHints":{"allow":["GET"]}}],"collection":[{"href":"https:\/\/adidam.eu\/fi\/wp-json\/wp\/v2\/pages"}],"about":[{"href":"https:\/\/adidam.eu\/fi\/wp-json\/wp\/v2\/types\/page"}],"author":[{"embeddable":true,"href":"https:\/\/adidam.eu\/fi\/wp-json\/wp\/v2\/users\/1"}],"replies":[{"embeddable":true,"href":"https:\/\/adidam.eu\/fi\/wp-json\/wp\/v2\/comments?post=3976"}],"version-history":[{"count":6,"href":"https:\/\/adidam.eu\/fi\/wp-json\/wp\/v2\/pages\/3976\/revisions"}],"predecessor-version":[{"id":4076,"href":"https:\/\/adidam.eu\/fi\/wp-json\/wp\/v2\/pages\/3976\/revisions\/4076"}],"wp:attachment":[{"href":"https:\/\/adidam.eu\/fi\/wp-json\/wp\/v2\/media?parent=3976"}],"curies":[{"name":"wp","href":"https:\/\/api.w.org\/{rel}","templated":true}]}}