{"id":4046,"date":"2016-12-08T02:59:50","date_gmt":"2016-12-08T01:59:50","guid":{"rendered":"https:\/\/adidam.eu\/adidam\/"},"modified":"2025-04-01T14:06:53","modified_gmt":"2025-04-01T12:06:53","slug":"adidam","status":"publish","type":"page","link":"https:\/\/adidam.eu\/fi\/adidam\/","title":{"rendered":"Adidam"},"content":{"rendered":"<div class=\"fusion-fullwidth fullwidth-box fusion-builder-row-1 nonhundred-percent-fullwidth non-hundred-percent-height-scrolling\" style=\"--awb-border-radius-top-left:0px;--awb-border-radius-top-right:0px;--awb-border-radius-bottom-right:0px;--awb-border-radius-bottom-left:0px;--awb-padding-top:20px;--awb-padding-bottom:20px;--awb-flex-wrap:wrap;\" ><div class=\"fusion-builder-row fusion-row\"><div class=\"fusion-layout-column fusion_builder_column fusion-builder-column-0 fusion_builder_column_2_3 2_3 fusion-two-third fusion-column-first\" style=\"--awb-bg-size:cover;width:66.666666666667%;width:calc(66.666666666667% - ( ( 4% ) * 0.66666666666667 ) );margin-right: 4%;\"><div class=\"fusion-column-wrapper fusion-flex-column-wrapper-legacy\"><div class=\"fusion-text fusion-text-1\"><h1 class=\"adidam-page-adi-da-quote\"><em>Adidam ei ole tavanomainen uskonto eik\u00e4 tavanomainen el\u00e4m\u00e4ntapa.<br \/>\nAdidam ei perustu mytologiaan tai uskomuksiin.<\/em><\/h1>\n<\/div><div class=\"fusion-sep-clear\"><\/div><div class=\"fusion-separator fusion-full-width-sep\" style=\"margin-left: auto;margin-right: auto;margin-top:20px;width:100%;\"><\/div><div class=\"fusion-sep-clear\"><\/div><div class=\"fusion-text fusion-text-2\"><h1 class=\"adidam-page-adi-da-quote\"><em>Adidam on \u201ctodellisuuden pohdintaa\u201d, jonka kautta egoisuuden eri muodot ylitet\u00e4\u00e4n suoraan.<\/em><\/h1>\n<\/div><div class=\"fusion-text fusion-text-3\"><h1 class=\"adidam-page-adi-da-quote\"><em>Adidam on kaikille sopiva El\u00e4m\u00e4ntapa.<\/em><\/h1>\n<\/div><div class=\"fusion-sep-clear\"><\/div><div class=\"fusion-separator fusion-full-width-sep\" style=\"margin-left: auto;margin-right: auto;margin-top:20px;width:100%;\"><\/div><div class=\"fusion-sep-clear\"><\/div><div class=\"fusion-text fusion-text-4\"><h1 class=\"adidam-page-adi-da-quote\"><em>Adidam on heille, jotka valitsevat sen, ja joiden syd\u00e4met ja \u00e4lykkyys vastaavat t\u00e4ysin Minulle ja Tarjoukselleni.<br \/>\nAdidam on Suuri Paljastus, ja se tulee vapaasti ja avoimesti viestitt\u00e4\u00e4 kaikille.<br \/>\n<\/em><\/h1>\n<\/div><div class=\"fusion-sep-clear\"><\/div><div class=\"fusion-separator fusion-full-width-sep\" style=\"margin-left: auto;margin-right: auto;margin-top:20px;width:100%;\"><\/div><div class=\"fusion-sep-clear\"><\/div><div class=\"fusion-text fusion-text-5\"><p class=\"adi-da-quote-sub\" style=\"text-align: right;\">~ Avatar Adi Da Samraj<\/p>\n<\/div><div class=\"fusion-sep-clear\"><\/div><div class=\"fusion-separator fusion-full-width-sep\" style=\"margin-left: auto;margin-right: auto;margin-top:50px;width:100%;\"><\/div><div class=\"fusion-sep-clear\"><\/div><div class=\"fusion-builder-row fusion-builder-row-inner fusion-row\"><div class=\"fusion-layout-column fusion_builder_column_inner fusion-builder-nested-column-0 fusion_builder_column_inner_1_2 1_2 fusion-one-half fusion-column-first adidam-page-text-block\" style=\"--awb-bg-size:cover;width:50%;width:calc(50% - ( ( 4% ) * 0.5 ) );margin-right: 4%;\"><div class=\"fusion-column-wrapper fusion-flex-column-wrapper-legacy\"><div class=\"fusion-text fusion-text-6\"><p>Adidamin Todellisuus-Tien l\u00e4hde on Avatar Adi Da Itse. Adidamin harjoitus perustuu alusta loppuun yh\u00e4 syvenev\u00e4\u00e4n Avatar Adi Dan Jumalaisen Olotilan omistautuvaan tunnistamiseen ja vastaukseen Sille. T\u00e4m\u00e4 yksinkertainen, sanaton tunnistaminen ja vastaus H\u00e4nelle ilmenee syd\u00e4men synnynn\u00e4isen\u00e4 haluna tulla H\u00e4nen omistautujakseen ja harjoittaa Adidamin Todellisuus-Tiet\u00e4 H\u00e4nen Seurassaan.<\/p>\n<\/div><div class=\"fusion-sep-clear\"><\/div><div class=\"fusion-separator fusion-full-width-sep\" style=\"margin-left: auto;margin-right: auto;margin-bottom:20px;width:100%;\"><\/div><div class=\"fusion-sep-clear\"><\/div><div class=\"fusion-text fusion-text-7\"><p><strong class=\"red-subhead\">Avatar Adi Da Samrajin Jumalaisesti Voimaannutetut Keinot<\/strong><br \/>\nH\u00e4nen ruumiillisen el\u00e4m\u00e4ns\u00e4 aikana Avatar Adi Da perusti ne t\u00e4rkeimm\u00e4t keinot, jonka avulla H\u00e4nen Jumalainen Itse-Paljastuksensa ulottuu kaikille, ja jonka avulla Adidamin Todellisuus-Tien harjoitus on mahdollista kaikille pysyv\u00e4sti. N\u00e4m\u00e4 ovat:<\/p>\n<ul>\n<li>Avatar Adi Dan vartalollinen ihmishahmo (s\u00e4ilytetty valokuvissa ja muissa visuaalisissa muodoissa)<\/li>\n<\/ul>\n<\/div><div class=\"fusion-clearfix\"><\/div><\/div><\/div><div class=\"fusion-layout-column fusion_builder_column_inner fusion-builder-nested-column-1 fusion_builder_column_inner_1_2 1_2 fusion-one-half fusion-column-last adidam-page-text-block-right\" style=\"--awb-bg-size:cover;width:50%;width:calc(50% - ( ( 4% ) * 0.5 ) );\"><div class=\"fusion-column-wrapper fusion-flex-column-wrapper-legacy\"><div class=\"fusion-text fusion-text-8\"><ul>\n<li>H\u00e4nen kirjallinen ja suullinen Opetuksensa ja H\u00e4nen El\u00e4m\u00e4ns\u00e4 ja Ty\u00f6ns\u00e4 Leelat (tai tarinat)<\/li>\n<li>Adidamin Hengellisesti Voimaannutetut Erakkolat ja Retrettipyh\u00e4t\u00f6t<\/li>\n<li>Kaikkia Adidamin Todellisuus-Tien inhimillisi\u00e4, suhteellisia ja hengellisi\u00e4 kureja harjoittavien omistautujien pyh\u00e4 yhteistoiminnallinen kulttuuri<\/li>\n<\/ul>\n<p>Avatar Adi Da loi kokonaisen El\u00e4m\u00e4ntavan, joka sis\u00e4lt\u00e4\u00e4 kaikki n\u00e4m\u00e4 Keinot H\u00e4nen lahjoinaan kaikille, jotka harjoittavat Adidamin Todellisuus-Tiet\u00e4.<\/p>\n<\/div><div class=\"fusion-sep-clear\"><\/div><div class=\"fusion-separator fusion-full-width-sep\" style=\"margin-left: auto;margin-right: auto;margin-bottom:20px;width:100%;\"><\/div><div class=\"fusion-sep-clear\"><\/div><div class=\"fusion-text fusion-text-9\"><p>Kutsumme kaikkia tutustumaan n\u00e4ihin Lahjoihin sek\u00e4 osallistumisen eri muotoihin suorassa omistautuvassa ja Hengellisess\u00e4 suhteessa H\u00e4neen.<\/p>\n<\/div><div class=\"fusion-clearfix\"><\/div><\/div><\/div><\/div><div class=\"fusion-builder-row fusion-builder-row-inner fusion-row\"><div class=\"fusion-layout-column fusion_builder_column_inner fusion-builder-nested-column-2 fusion_builder_column_inner_1_1 1_1 fusion-one-full fusion-column-first fusion-column-last adidapage-centerquote-container\" style=\"--awb-bg-size:cover;\"><div class=\"fusion-column-wrapper fusion-flex-column-wrapper-legacy\"><div class=\"fusion-text fusion-text-10\"><p class=\"adida-page-center-qoute\">Olen kuin auringon valo aamulla. Vahvistan aamun valoa, kunnes Her\u00e4\u00e4t.<br \/>\nKunnes Valo Her\u00e4tt\u00e4\u00e4 sinut, jopa Itse Tietoisuuden Valo, jatkat uneksimista, yrit\u00e4t pysy\u00e4 elossa unessasi, ohjailla itse\u00e4si unen sis\u00e4ll\u00e4, tavoitella kaikenlaisia p\u00e4\u00e4m\u00e4\u00e4ri\u00e4 ja etsint\u00f6j\u00e4\u2014joista mik\u00e4\u00e4n ei Her\u00e4t\u00e4 sinua.<\/p>\n<\/div><div class=\"fusion-text fusion-text-11\"><p class=\"adida-page-center-qoute-signature\">~ Avatar Adi Da Samraj &#8221;The Ancient Walk-About Way&#8221;<\/p>\n<\/div><div class=\"fusion-clearfix\"><\/div><\/div><\/div><\/div><div class=\"fusion-builder-row fusion-builder-row-inner fusion-row\"><div class=\"fusion-layout-column fusion_builder_column_inner fusion-builder-nested-column-3 fusion_builder_column_inner_1_2 1_2 fusion-one-half fusion-column-first adidam-page-text-block\" style=\"--awb-bg-size:cover;width:50%;width:calc(50% - ( ( 4% ) * 0.5 ) );margin-right: 4%;\"><div class=\"fusion-column-wrapper fusion-flex-column-wrapper-legacy\"><div class=\"fusion-text fusion-text-12\"><p><strong class=\"red-subhead\">Retrettimahdollisuuksia<\/strong><br \/>\nRetrettej\u00e4 tarjotaan s\u00e4\u00e4nn\u00f6llisesti eri paikoissa ja Euroopan Dandasssa, Adidamin p\u00e4\u00e4-Ashramissa ja eurooppalaisessa retrettikeskuksessa.<\/p>\n<p><a href=\"https:\/\/adidam.eu\/fi\/tapahtumia\/\" target=\"_self\" rel=\"noopener\">Lis\u00e4tietoa retreteist\u00e4 l\u00f6yd\u00e4t tapahtumat-sivulta.<\/a>.<\/p>\n<\/div><div class=\"fusion-sep-clear\"><\/div><div class=\"fusion-separator fusion-full-width-sep\" style=\"margin-left: auto;margin-right: auto;margin-bottom:20px;width:100%;\"><\/div><div class=\"fusion-sep-clear\"><\/div><div class=\"fusion-text fusion-text-13\"><p><strong class=\"red-subhead\">Euroopan Danda<\/strong><br \/>\nEuroopan Danda sijaitsee entisess\u00e4 luostarissa Alankomaiden etel\u00e4osassa, l\u00e4hell\u00e4 Saksan ja Belgian rajaa.<\/p>\n<\/div><div class=\"fusion-sep-clear\"><\/div><div class=\"fusion-separator fusion-full-width-sep\" style=\"margin-left: auto;margin-right: auto;margin-bottom:20px;width:100%;\"><\/div><div class=\"fusion-sep-clear\"><\/div><div class=\"fusion-text fusion-text-14\"><p><strong class=\"red-subhead\">Historia<\/strong><br \/>\nKes\u00e4ll\u00e4 1986 Avatar Adi Da matkusti Eurooppaan. Omistautujat etsiv\u00e4t sopivaa paikkaa, jossa Adi Da voisi ker\u00e4\u00e4nty\u00e4 omistautujiensa seurassa \u2014 mielell\u00e4\u00e4n sijaintia, joka voisi tulevaisuudessa palvella Ashramina ja Retrettikeskuksena. Siihen aikaan luostari oli tyhjill\u00e4\u00e4n, ja siell\u00e4 aikaisemmin asuneet munkit yst\u00e4v\u00e4llisesti antoivat meille luvan k\u00e4ytt\u00e4\u00e4 sit\u00e4 muutaman viikon ajan. Maria Hoopissa sijaitseva luostari vaikutti sopivalta paikalta. Adi Da asusti t\u00e4\u00e4ll\u00e4 muutaman p\u00e4iv\u00e4n ja antoi Puheen Kappelissa joka puolelta Eurooppaa saapuneille omistautujille.<\/p>\n<\/div><div class=\"fusion-clearfix\"><\/div><\/div><\/div><div class=\"fusion-layout-column fusion_builder_column_inner fusion-builder-nested-column-4 fusion_builder_column_inner_1_2 1_2 fusion-one-half fusion-column-last adidam-page-text-block-right\" style=\"--awb-bg-size:cover;width:50%;width:calc(50% - ( ( 4% ) * 0.5 ) );\"><div class=\"fusion-column-wrapper fusion-flex-column-wrapper-legacy\"><div class=\"fusion-text fusion-text-15\"><p>Kolme vuotta my\u00f6hemmin vuonna 1989, Adidam osti luostarin. Siit\u00e4 asti entinen luostari on toiminut Ashramina ja eurooppalaisena Retrettikeskuksena, joka on omistettu Adi Da Samrajin Ty\u00f6lle. My\u00f6hemmin rakennukseen perustettiin my\u00f6s Adi Dan Taidemuseo, joka sis\u00e4lt\u00e4\u00e4 ainutlaatuisen kokoelman Adi Dan Kuvataidetta. Vuonna 1996, toisen Euroopan kiertueen aikana, Adi Da majoittui j\u00e4lleen Ashramiin, t\u00e4ll\u00e4 kertaa pidemm\u00e4ksi aikaa. Adi Da antoi sille nimen \u201cEuroopan Danda\u201d. Sanskritin sana \u201cDanda\u201d tarkoittaa sauvaa\u2014viittaus intialaisiin perinteisiin, joissa sanotaan, ett\u00e4 mestarin hengellisen voiman olemus v\u00e4littyy h\u00e4nen sauvansa kautta.<\/p>\n<p>Osa Euroopan Dandan tilaa on my\u00f6s mets\u00e4alue, niittyalue miss\u00e4 pieni puro virtaa, sek\u00e4 luomukukka-ja-vihannespuutarha. Se on Natura2000n suojelema kohde, jossa useat uhanalaiset lajit l\u00f6yt\u00e4v\u00e4t suojaa.<\/p>\n<\/div><div class=\"fusion-sep-clear\"><\/div><div class=\"fusion-separator fusion-full-width-sep\" style=\"margin-left: auto;margin-right: auto;margin-bottom:20px;width:100%;\"><\/div><div class=\"fusion-sep-clear\"><\/div><div class=\"fusion-text fusion-text-16\"><p>Jos sinua kiinnostaa, voit osallistua vapaaehtoisiin palvelumahdollisuuksiin. (<a href=\"https:\/\/adidam.eu\/fi\/tapahtumia\/\" target=\"_blank\" rel=\"noopener\">Katso tapahtumat-osio<\/a>)<\/p>\n<\/div><div class=\"fusion-clearfix\"><\/div><\/div><\/div><\/div><div class=\"fusion-sep-clear\"><\/div><div class=\"fusion-separator fusion-full-width-sep\" style=\"margin-left: auto;margin-right: auto;margin-top:50px;width:100%;\"><\/div><div class=\"fusion-sep-clear\"><\/div><div class=\"fusion-builder-row fusion-builder-row-inner fusion-row\"><div class=\"fusion-layout-column fusion_builder_column_inner fusion-builder-nested-column-5 fusion_builder_column_inner_1_3 1_3 fusion-one-third fusion-column-first\" style=\"--awb-bg-size:cover;width:33.333333333333%;width:calc(33.333333333333% - ( ( 4% + 4% ) * 0.33333333333333 ) );margin-right: 4%;\"><div class=\"fusion-column-wrapper fusion-flex-column-wrapper-legacy\"><div class=\"fusion-content-boxes content-boxes columns row fusion-columns-1 fusion-columns-total-1 fusion-content-boxes-1 content-boxes-icon-on-top content-left icon-watch\" style=\"--awb-body-color:#37939b;--awb-title-color:#37939b;--awb-hover-accent-color:#00474f;--awb-circle-hover-accent-color:#00474f;--awb-item-margin-bottom:40px;\" data-animationOffset=\"top-into-view\"><div style=\"--awb-backgroundcolor:rgba(255,255,255,0);\" class=\"fusion-column content-box-column content-box-column content-box-column-1 col-lg-12 col-md-12 col-sm-12 fusion-content-box-hover content-box-column-last content-box-column-last-in-row\"><div class=\"col content-box-wrapper content-wrapper link-area-link-icon link-type-text icon-hover-animation-fade\" data-animationOffset=\"top-into-view\"><div class=\"heading heading-with-icon icon-left\"><a class=\"heading-link\" href=\"https:\/\/adidam.eu\/watch\/\" target=\"_self\"><div aria-hidden=\"true\" class=\"image\"><img decoding=\"async\" src=\"https:\/\/adidam.eu\/wp-content\/uploads\/2016\/12\/adidam_home_icon_watch.png\" width=\"81\" height=\"81\" alt=\"\" \/><\/div><h2 class=\"content-box-heading\" style=\"--h2_typography-font-size:32px;line-height:37px;\">Katso<\/h2><\/a><\/div><\/div><\/div><div class=\"fusion-clearfix\"><\/div><\/div><div class=\"fusion-clearfix\"><\/div><\/div><\/div><div class=\"fusion-layout-column fusion_builder_column_inner fusion-builder-nested-column-6 fusion_builder_column_inner_1_3 1_3 fusion-one-third\" style=\"--awb-bg-size:cover;width:33.333333333333%;width:calc(33.333333333333% - ( ( 4% + 4% ) * 0.33333333333333 ) );margin-right: 4%;\"><div class=\"fusion-column-wrapper fusion-flex-column-wrapper-legacy\"><div class=\"fusion-content-boxes content-boxes columns row fusion-columns-1 fusion-columns-total-1 fusion-content-boxes-2 content-boxes-icon-on-top content-left icon-read\" style=\"--awb-body-color:#737b35;--awb-title-color:#737b35;--awb-hover-accent-color:#404802;--awb-circle-hover-accent-color:#404802;--awb-item-margin-bottom:40px;\" data-animationOffset=\"top-into-view\"><div style=\"--awb-backgroundcolor:rgba(255,255,255,0);\" class=\"fusion-column content-box-column content-box-column content-box-column-1 col-lg-12 col-md-12 col-sm-12 fusion-content-box-hover content-box-column-last content-box-column-last-in-row\"><div class=\"col content-box-wrapper content-wrapper link-area-link-icon link-type-text icon-hover-animation-fade\" data-animationOffset=\"top-into-view\"><div class=\"heading heading-with-icon icon-left\"><a class=\"heading-link\" href=\"https:\/\/adidam.eu\/read\/\" target=\"_self\"><div aria-hidden=\"true\" class=\"image\"><img decoding=\"async\" src=\"https:\/\/adidam.eu\/wp-content\/uploads\/2016\/12\/adidam_home_icon_read.png\" width=\"81\" height=\"81\" alt=\"\" \/><\/div><h2 class=\"content-box-heading\" style=\"--h2_typography-font-size:32px;line-height:37px;\">Lue<\/h2><\/a><\/div><\/div><\/div><div class=\"fusion-clearfix\"><\/div><\/div><div class=\"fusion-clearfix\"><\/div><\/div><\/div><div class=\"fusion-layout-column fusion_builder_column_inner fusion-builder-nested-column-7 fusion_builder_column_inner_1_3 1_3 fusion-one-third fusion-column-last\" style=\"--awb-bg-size:cover;width:33.333333333333%;width:calc(33.333333333333% - ( ( 4% + 4% ) * 0.33333333333333 ) );\"><div class=\"fusion-column-wrapper fusion-flex-column-wrapper-legacy\"><div class=\"fusion-content-boxes content-boxes columns row fusion-columns-1 fusion-columns-total-1 fusion-content-boxes-3 content-boxes-icon-on-top content-left icon-listen\" style=\"--awb-body-color:#b3740d;--awb-title-color:#b3740d;--awb-hover-accent-color:#804100;--awb-circle-hover-accent-color:#804100;--awb-item-margin-bottom:40px;\" data-animationOffset=\"top-into-view\"><div style=\"--awb-backgroundcolor:rgba(255,255,255,0);\" class=\"fusion-column content-box-column content-box-column content-box-column-1 col-lg-12 col-md-12 col-sm-12 fusion-content-box-hover content-box-column-last content-box-column-last-in-row\"><div class=\"col content-box-wrapper content-wrapper link-area-link-icon link-type-text icon-hover-animation-fade\" data-animationOffset=\"top-into-view\"><div class=\"heading heading-with-icon icon-left\"><a class=\"heading-link\" href=\"https:\/\/adidam.eu\/listen\/\" target=\"_self\"><div aria-hidden=\"true\" class=\"image\"><img decoding=\"async\" src=\"https:\/\/adidam.eu\/wp-content\/uploads\/2016\/12\/adidam_home_icon_listen.png\" width=\"81\" height=\"81\" alt=\"\" \/><\/div><h2 class=\"content-box-heading\" style=\"--h2_typography-font-size:32px;line-height:37px;\">Kuuntele<\/h2><\/a><\/div><\/div><\/div><div class=\"fusion-clearfix\"><\/div><\/div><div class=\"fusion-clearfix\"><\/div><\/div><\/div><\/div><div class=\"fusion-clearfix\"><\/div><\/div><\/div><div class=\"fusion-layout-column fusion_builder_column fusion-builder-column-1 fusion_builder_column_1_3 1_3 fusion-one-third fusion-column-last\" style=\"--awb-bg-position:right center;--awb-bg-size:cover;width:33.333333333333%;width:calc(33.333333333333% - ( ( 4% ) * 0.33333333333333 ) );\"><div class=\"fusion-column-wrapper fusion-flex-column-wrapper-legacy\"><div class=\"fusion-video fusion-youtube\" style=\"--awb-max-width:351px;--awb-max-height:197px;\"><div class=\"video-shortcode\"><div class=\"fluid-width-video-wrapper\" style=\"padding-top:56.13%;\" ><iframe title=\"YouTube video player 1\" src=\"https:\/\/www.youtube.com\/embed\/8omuybBC90w?wmode=transparent&autoplay=0&amp;rel=0\" width=\"351\" height=\"197\" allowfullscreen allow=\"autoplay; clipboard-write; encrypted-media; gyroscope; picture-in-picture;\"><\/iframe><\/div><\/div><\/div><div class=\"fusion-sep-clear\"><\/div><div class=\"fusion-separator fusion-full-width-sep\" style=\"margin-left: auto;margin-right: auto;margin-top:10px;width:100%;\"><\/div><div class=\"fusion-sep-clear\"><\/div><div class=\"fusion-title title fusion-title-1 fusion-sep-none fusion-title-text fusion-title-size-one homepage-events-sidebar-h1 \" style=\"--awb-margin-top-small:10px;--awb-margin-right-small:0px;--awb-margin-bottom-small:10px;--awb-margin-left-small:0px;\"><h1 class=\"fusion-title-heading title-heading-left\" style=\"margin:0;\">Avatar Adi Dan Perint\u00f6<\/h1><\/div><div class=\"fusion-sep-clear\"><\/div><div class=\"fusion-separator fusion-full-width-sep\" style=\"margin-left: auto;margin-right: auto;margin-top:30px;width:100%;\"><\/div><div class=\"fusion-sep-clear\"><\/div><div class=\"fusion-image-element in-legacy-container\" style=\"--awb-caption-title-font-family:var(--h2_typography-font-family);--awb-caption-title-font-weight:var(--h2_typography-font-weight);--awb-caption-title-font-style:var(--h2_typography-font-style);--awb-caption-title-size:var(--h2_typography-font-size);--awb-caption-title-transform:var(--h2_typography-text-transform);--awb-caption-title-line-height:var(--h2_typography-line-height);--awb-caption-title-letter-spacing:var(--h2_typography-letter-spacing);\"><span class=\" fusion-imageframe imageframe-none imageframe-1 hover-type-none\"><img decoding=\"async\" width=\"355\" height=\"444\" title=\"adidam_sidebar_picture_aletheon116\" src=\"https:\/\/adidam.eu\/wp-content\/uploads\/2016\/12\/adidam_sidebar_picture_aletheon116.png\" alt class=\"img-responsive wp-image-4047\" srcset=\"https:\/\/adidam.eu\/wp-content\/uploads\/2016\/12\/adidam_sidebar_picture_aletheon116-200x250.png 200w, https:\/\/adidam.eu\/wp-content\/uploads\/2016\/12\/adidam_sidebar_picture_aletheon116.png 355w\" sizes=\"(max-width: 1200px) 100vw, 355px\" \/><\/span><\/div><div class=\"fusion-sep-clear\"><\/div><div class=\"fusion-separator fusion-full-width-sep\" style=\"margin-left: auto;margin-right: auto;margin-top:30px;width:100%;\"><\/div><div class=\"fusion-sep-clear\"><\/div><div class=\"fusion-image-element in-legacy-container\" style=\"--awb-caption-title-font-family:var(--h2_typography-font-family);--awb-caption-title-font-weight:var(--h2_typography-font-weight);--awb-caption-title-font-style:var(--h2_typography-font-style);--awb-caption-title-size:var(--h2_typography-font-size);--awb-caption-title-transform:var(--h2_typography-text-transform);--awb-caption-title-line-height:var(--h2_typography-line-height);--awb-caption-title-letter-spacing:var(--h2_typography-letter-spacing);\"><span class=\" fusion-imageframe imageframe-none imageframe-2 hover-type-none\"><img decoding=\"async\" width=\"464\" height=\"349\" title=\"the European Danda\" src=\"https:\/\/adidam.eu\/wp-content\/uploads\/2016\/12\/adidam_sidebar_theeuropeandanda.png\" alt class=\"img-responsive wp-image-3729\" srcset=\"https:\/\/adidam.eu\/wp-content\/uploads\/2016\/12\/adidam_sidebar_theeuropeandanda-200x150.png 200w, https:\/\/adidam.eu\/wp-content\/uploads\/2016\/12\/adidam_sidebar_theeuropeandanda-400x301.png 400w, https:\/\/adidam.eu\/wp-content\/uploads\/2016\/12\/adidam_sidebar_theeuropeandanda.png 464w\" sizes=\"(max-width: 1200px) 100vw, 400px\" \/><\/span><\/div><div class=\"fusion-sep-clear\"><\/div><div class=\"fusion-separator fusion-full-width-sep\" style=\"margin-left: auto;margin-right: auto;margin-top:30px;width:100%;\"><\/div><div class=\"fusion-sep-clear\"><\/div><div class=\"fusion-image-element in-legacy-container\" style=\"--awb-caption-title-font-family:var(--h2_typography-font-family);--awb-caption-title-font-weight:var(--h2_typography-font-weight);--awb-caption-title-font-style:var(--h2_typography-font-style);--awb-caption-title-size:var(--h2_typography-font-size);--awb-caption-title-transform:var(--h2_typography-text-transform);--awb-caption-title-line-height:var(--h2_typography-line-height);--awb-caption-title-letter-spacing:var(--h2_typography-letter-spacing);\"><span class=\" fusion-imageframe imageframe-none imageframe-3 hover-type-none\"><img decoding=\"async\" width=\"464\" height=\"309\" title=\"the European Danda\" src=\"https:\/\/adidam.eu\/wp-content\/uploads\/2021\/06\/danda_vooraanzicht_464x309px_100kb.jpg\" alt class=\"img-responsive wp-image-1624\" srcset=\"https:\/\/adidam.eu\/wp-content\/uploads\/2021\/06\/danda_vooraanzicht_464x309px_100kb-200x133.jpg 200w, https:\/\/adidam.eu\/wp-content\/uploads\/2021\/06\/danda_vooraanzicht_464x309px_100kb-400x266.jpg 400w, https:\/\/adidam.eu\/wp-content\/uploads\/2021\/06\/danda_vooraanzicht_464x309px_100kb.jpg 464w\" sizes=\"(max-width: 1200px) 100vw, 400px\" \/><\/span><\/div><div class=\"fusion-sep-clear\"><\/div><div class=\"fusion-separator fusion-full-width-sep\" style=\"margin-left: auto;margin-right: auto;margin-top:30px;width:100%;\"><\/div><div class=\"fusion-sep-clear\"><\/div><div class=\"fusion-image-element in-legacy-container\" style=\"--awb-caption-title-font-family:var(--h2_typography-font-family);--awb-caption-title-font-weight:var(--h2_typography-font-weight);--awb-caption-title-font-style:var(--h2_typography-font-style);--awb-caption-title-size:var(--h2_typography-font-size);--awb-caption-title-transform:var(--h2_typography-text-transform);--awb-caption-title-line-height:var(--h2_typography-line-height);--awb-caption-title-letter-spacing:var(--h2_typography-letter-spacing);\"><span class=\" fusion-imageframe imageframe-none imageframe-4 hover-type-none\"><img decoding=\"async\" width=\"464\" height=\"309\" title=\"the European Danda\" src=\"https:\/\/adidam.eu\/wp-content\/uploads\/2021\/06\/danda_poli_464x309px_80kb.jpg\" alt class=\"img-responsive wp-image-1625\" srcset=\"https:\/\/adidam.eu\/wp-content\/uploads\/2021\/06\/danda_poli_464x309px_80kb-200x133.jpg 200w, https:\/\/adidam.eu\/wp-content\/uploads\/2021\/06\/danda_poli_464x309px_80kb-400x266.jpg 400w, https:\/\/adidam.eu\/wp-content\/uploads\/2021\/06\/danda_poli_464x309px_80kb.jpg 464w\" sizes=\"(max-width: 1200px) 100vw, 400px\" \/><\/span><\/div><div class=\"fusion-clearfix\"><\/div><\/div><\/div><\/div><\/div>\n","protected":false},"excerpt":{"rendered":"","protected":false},"author":1,"featured_media":0,"parent":0,"menu_order":0,"comment_status":"closed","ping_status":"closed","template":"100-width.php","meta":{"footnotes":""},"class_list":["post-4046","page","type-page","status-publish","hentry"],"_links":{"self":[{"href":"https:\/\/adidam.eu\/fi\/wp-json\/wp\/v2\/pages\/4046","targetHints":{"allow":["GET"]}}],"collection":[{"href":"https:\/\/adidam.eu\/fi\/wp-json\/wp\/v2\/pages"}],"about":[{"href":"https:\/\/adidam.eu\/fi\/wp-json\/wp\/v2\/types\/page"}],"author":[{"embeddable":true,"href":"https:\/\/adidam.eu\/fi\/wp-json\/wp\/v2\/users\/1"}],"replies":[{"embeddable":true,"href":"https:\/\/adidam.eu\/fi\/wp-json\/wp\/v2\/comments?post=4046"}],"version-history":[{"count":3,"href":"https:\/\/adidam.eu\/fi\/wp-json\/wp\/v2\/pages\/4046\/revisions"}],"predecessor-version":[{"id":4051,"href":"https:\/\/adidam.eu\/fi\/wp-json\/wp\/v2\/pages\/4046\/revisions\/4051"}],"wp:attachment":[{"href":"https:\/\/adidam.eu\/fi\/wp-json\/wp\/v2\/media?parent=4046"}],"curies":[{"name":"wp","href":"https:\/\/api.w.org\/{rel}","templated":true}]}}