{"id":4068,"date":"2024-04-18T09:23:04","date_gmt":"2024-04-18T07:23:04","guid":{"rendered":"https:\/\/adidam.eu\/kursseja\/adidamin-jasenyyskurssit\/"},"modified":"2025-04-01T15:11:54","modified_gmt":"2025-04-01T13:11:54","slug":"adidamin-jasenyyskurssit","status":"publish","type":"page","link":"https:\/\/adidam.eu\/fi\/kursseja\/adidamin-jasenyyskurssit\/","title":{"rendered":"Adidamin J\u00e4senyyskurssit"},"content":{"rendered":"<div class=\"fusion-fullwidth fullwidth-box fusion-builder-row-1 nonhundred-percent-fullwidth non-hundred-percent-height-scrolling\" style=\"--awb-border-radius-top-left:0px;--awb-border-radius-top-right:0px;--awb-border-radius-bottom-right:0px;--awb-border-radius-bottom-left:0px;--awb-padding-top:20px;--awb-padding-bottom:20px;--awb-flex-wrap:wrap;\" ><div class=\"fusion-builder-row fusion-row\"><div class=\"fusion-layout-column fusion_builder_column fusion-builder-column-0 fusion_builder_column_2_3 2_3 fusion-two-third fusion-column-first\" style=\"--awb-bg-size:cover;width:66.666666666667%;width:calc(66.666666666667% - ( ( 4% ) * 0.66666666666667 ) );margin-right: 4%;\"><div class=\"fusion-column-wrapper fusion-flex-column-wrapper-legacy\"><div class=\"fusion-text fusion-text-1\"><h1 class=\"adida-page-adi-da-quote\"><em>Vartalollisen (ihmis-)Ilmestymiseni Tarkoitus t\u00e4\u00e4ll\u00e4 on ihmiskunnan Jumalainen Vapautus\u2014ei ainoastaan id\u00e4n ihmisten tai l\u00e4nnen ihmisten, mutta kaikkien ihmisten (ja jopa kaikkien olentojen ja kaikkien asioiden kaikenkaikkiaan).<\/em><\/h1>\n<\/div><div class=\"fusion-text fusion-text-2\"><p class=\"adi-da-quote-sub\" style=\"text-align: right;\">~ Avatar Adi Da Samraj<br \/>\n(from The Avatar of What <u>Is<\/u>)<\/p>\n<\/div><div class=\"fusion-sep-clear\"><\/div><div class=\"fusion-separator fusion-full-width-sep\" style=\"margin-left: auto;margin-right: auto;margin-top:50px;width:100%;\"><\/div><div class=\"fusion-sep-clear\"><\/div><div class=\"fusion-builder-row fusion-builder-row-inner fusion-row\"><div class=\"fusion-layout-column fusion_builder_column_inner fusion-builder-nested-column-0 fusion_builder_column_inner_1_1 1_1 fusion-one-full fusion-column-first fusion-column-last courses-page-centerblock-container\" style=\"--awb-bg-size:cover;\"><div class=\"fusion-column-wrapper fusion-flex-column-wrapper-legacy\"><div class=\"fusion-title title fusion-title-1 fusion-title-text fusion-title-size-one courses-page-centerblock-h1 \" style=\"--awb-margin-top-small:10px;--awb-margin-right-small:0px;--awb-margin-bottom-small:10px;--awb-margin-left-small:0px;\"><h1 class=\"fusion-title-heading title-heading-left\" style=\"margin:0;\">Adidamin J\u00e4senyyskurssit<\/h1><span class=\"awb-title-spacer\"><\/span><div class=\"title-sep-container\"><div class=\"title-sep sep-double sep-solid\" style=\"border-color:#e0dede;\"><\/div><\/div><\/div><div class=\"fusion-text fusion-text-3\"><h3 class=\"courses-page-centerblock-h3\">Adidam Europe j\u00e4rjest\u00e4\u00e4 kursseja Adi Da Samrajista ja H\u00e4nen Tarjoamastaan Hengellisest\u00e4 Tiest\u00e4. Kaikkiin kursseihin voi osallistua verkossa Zoomin avulla. Jos sinulla on kysytt\u00e4v\u00e4\u00e4 kursseista, l\u00e4het\u00e4 meille s\u00e4hk\u00f6postia osoitteessa <a href=\"mailto:info@adidam.eu\">info@adidam.eu<\/a>.<\/h3>\n<\/div><div class=\"fusion-sep-clear\"><\/div><div class=\"fusion-separator fusion-full-width-sep\" style=\"margin-left: auto;margin-right: auto;margin-bottom:15px;width:100%;\"><\/div><div class=\"fusion-sep-clear\"><\/div><div class=\"fusion-title title fusion-title-2 fusion-sep-none fusion-title-text fusion-title-size-four courses-page-centerblock-title-h4\" style=\"--awb-margin-top-small:10px;--awb-margin-right-small:0px;--awb-margin-bottom-small:10px;--awb-margin-left-small:0px;\"><h4 class=\"fusion-title-heading title-heading-left\" style=\"margin:0;\"><a href=\"#\">Adidam Ruchiradamin Toiseen Seurakuntaan valmistautuminen<\/a><\/h4><\/div><div class=\"fusion-text fusion-text-4\"><p class=\"courses-page-centerblock-body\"><img decoding=\"async\" class=\"wp-image-2867 size-full alignright\" src=\"https:\/\/adidam.eu\/wp-content\/uploads\/2024\/04\/adidam_sidebar_picture_aletheon_160x245px.png\" alt=\"\" width=\"160\" height=\"245\" \/>Intensiivinen opiskelu- ja pohdintakurssi heille, jotka ovat halukkaat anomaan Adidamin Toisen Seurakunnan j\u00e4senyytt\u00e4.<\/p>\n<p class=\"courses-page-centerblock-body\">T\u00e4h\u00e4n kurssiin kuuluu kertaus Adidamin olennaisista perusteista: H\u00e4nen Jumalaisen L\u00e4sn\u00e4olonsa, Avatar Adi Da Samrajin syd\u00e4n-tunnistaminen ja Guru-omistautuja-suhteen syd\u00e4n-omaksuminen.<\/p>\n<p class=\"courses-page-centerblock-body\">Lis\u00e4ksi opiskelemme ja kertaamme ikuisen omistautumisen pyh\u00e4t valat sek\u00e4 Toisen Seurakunnan harjoitukset ja opimme itsekurin tarpeesta, joka on v\u00e4ltt\u00e4m\u00e4t\u00f6nt\u00e4 Jumalaisen Itse-Toteutuksen prosessin aidossa kasvussa.<\/p>\n<p class=\"courses-page-centerblock-body\">Edellytykset: Da Avatar ja Adidamin Todellisuus-Tie-kurssit.<br \/>\nKesto: 5 tapaamista + yksil\u00f6llist\u00e4 opastusta ja haastatteluja<br \/>\nMaksu: \u20ac 265<\/p>\n<\/div><div class=\"fusion-sep-clear\"><\/div><div class=\"fusion-separator fusion-full-width-sep\" style=\"margin-left: auto;margin-right: auto;margin-bottom:15px;width:100%;\"><\/div><div class=\"fusion-sep-clear\"><\/div><div class=\"fusion-button-wrapper fusion-aligncenter\"><a class=\"fusion-button button-flat fusion-button-default-size button-default fusion-button-default button-1 fusion-button-default-span fusion-button-default-type\" target=\"_self\" href=\"https:\/\/adidam.eu\/courses\/courses-adidam-membership\/register\/\"><span class=\"fusion-button-text awb-button__text awb-button__text--default\">Rekister\u00f6idy nyt<\/span><\/a><\/div><div class=\"fusion-sep-clear\"><\/div><div class=\"fusion-separator fusion-full-width-sep\" style=\"margin-left: auto;margin-right: auto;margin-bottom:30px;width:100%;\"><\/div><div class=\"fusion-sep-clear\"><\/div><div class=\"fusion-title title fusion-title-3 fusion-sep-none fusion-title-text fusion-title-size-four courses-page-centerblock-title-h4\" style=\"--awb-margin-top-small:10px;--awb-margin-right-small:0px;--awb-margin-bottom-small:10px;--awb-margin-left-small:0px;\"><h4 class=\"fusion-title-heading title-heading-left\" style=\"margin:0;\"><a href=\"#\">Adidamin Kolmanteen Seurakuntaan valmistautuminen<\/a><\/h4><\/div><div class=\"fusion-text fusion-text-5\"><p class=\"courses-page-centerblock-body\"><img decoding=\"async\" class=\"wp-image-2865 size-full alignright\" src=\"https:\/\/adidam.eu\/wp-content\/uploads\/2024\/04\/theeightpartadmonition_book_cover_160x245px.png\" alt=\"\" width=\"160\" height=\"245\" \/>Kahden tapaamisen opiskelu- ja pohdintakurssi heille, jotka ovat halukkaat anomaan Adidamin Kolmannen Seurakunnan j\u00e4senyytt\u00e4.<\/p>\n<p class=\"courses-page-centerblock-body\">T\u00e4h\u00e4n kurssiin kuuluu opiskelua ja kertausta ikuisen omistautumisen pyhist\u00e4 valoista sek\u00e4 Kolmannen Seurakunnan harjoituksesta kuten se on kuvattu kirjassa <em>The Gift of the Eight-Part Admonition<\/em>. Lis\u00e4ksi opiskelua ja pohdintaa Adi Dan Opastuksesta siit\u00e4, miten ylitt\u00e4\u00e4 lapselliset ja murrosik\u00e4iset tavat l\u00e4hesty\u00e4 el\u00e4m\u00e4\u00e4 ja totuutta.<\/p>\n<p class=\"courses-page-centerblock-body\">Edellytykset: Da Avatar ja Mahtavin Lahja-kurssit<br \/>\nKesto: 2 tapaamista + yksil\u00f6llist\u00e4 opastusta ja haastatteluja<br \/>\nMaksu: \u20ac 165<\/p>\n<\/div><div class=\"fusion-sep-clear\"><\/div><div class=\"fusion-separator fusion-full-width-sep\" style=\"margin-left: auto;margin-right: auto;margin-bottom:15px;width:100%;\"><\/div><div class=\"fusion-sep-clear\"><\/div><div class=\"fusion-button-wrapper fusion-aligncenter\"><a class=\"fusion-button button-flat fusion-button-default-size button-default fusion-button-default button-2 fusion-button-default-span fusion-button-default-type\" target=\"_self\" href=\"https:\/\/adidam.eu\/courses\/courses-adidam-membership\/register\/\"><span class=\"fusion-button-text awb-button__text awb-button__text--default\">Rekister\u00f6idy nyt<\/span><\/a><\/div><div class=\"fusion-sep-clear\"><\/div><div class=\"fusion-separator fusion-full-width-sep\" style=\"margin-left: auto;margin-right: auto;margin-bottom:10px;width:100%;\"><\/div><div class=\"fusion-sep-clear\"><\/div><div class=\"fusion-clearfix\"><\/div><\/div><\/div><\/div><div class=\"fusion-sep-clear\"><\/div><div class=\"fusion-separator fusion-full-width-sep\" style=\"margin-left: auto;margin-right: auto;margin-top:50px;width:100%;\"><\/div><div class=\"fusion-sep-clear\"><\/div><div class=\"fusion-builder-row fusion-builder-row-inner fusion-row\"><div class=\"fusion-layout-column fusion_builder_column_inner fusion-builder-nested-column-1 fusion_builder_column_inner_1_3 1_3 fusion-one-third fusion-column-first\" style=\"--awb-bg-size:cover;width:33.333333333333%;width:calc(33.333333333333% - ( ( 4% + 4% ) * 0.33333333333333 ) );margin-right: 4%;\"><div class=\"fusion-column-wrapper fusion-flex-column-wrapper-legacy\"><div class=\"fusion-content-boxes content-boxes columns row fusion-columns-1 fusion-columns-total-1 fusion-content-boxes-1 content-boxes-icon-on-top content-left icon-watch\" style=\"--awb-body-color:#37939b;--awb-title-color:#37939b;--awb-hover-accent-color:#00474f;--awb-circle-hover-accent-color:#00474f;--awb-item-margin-bottom:40px;\" data-animationOffset=\"top-into-view\"><div style=\"--awb-backgroundcolor:rgba(255,255,255,0);\" class=\"fusion-column content-box-column content-box-column content-box-column-1 col-lg-12 col-md-12 col-sm-12 fusion-content-box-hover content-box-column-last content-box-column-last-in-row\"><div class=\"col content-box-wrapper content-wrapper link-area-link-icon link-type-text icon-hover-animation-fade\" data-animationOffset=\"top-into-view\"><div class=\"heading heading-with-icon icon-left\"><a class=\"heading-link\" href=\"https:\/\/adidam.eu\/watch\/\" target=\"_self\"><div aria-hidden=\"true\" class=\"image\"><img decoding=\"async\" src=\"https:\/\/adidam.eu\/wp-content\/uploads\/2016\/12\/adidam_home_icon_watch.png\" width=\"81\" height=\"81\" alt=\"\" \/><\/div><h2 class=\"content-box-heading\" style=\"--h2_typography-font-size:32px;line-height:37px;\">Katso<\/h2><\/a><\/div><\/div><\/div><div class=\"fusion-clearfix\"><\/div><\/div><div class=\"fusion-clearfix\"><\/div><\/div><\/div><div class=\"fusion-layout-column fusion_builder_column_inner fusion-builder-nested-column-2 fusion_builder_column_inner_1_3 1_3 fusion-one-third\" style=\"--awb-bg-size:cover;width:33.333333333333%;width:calc(33.333333333333% - ( ( 4% + 4% ) * 0.33333333333333 ) );margin-right: 4%;\"><div class=\"fusion-column-wrapper fusion-flex-column-wrapper-legacy\"><div class=\"fusion-content-boxes content-boxes columns row fusion-columns-1 fusion-columns-total-1 fusion-content-boxes-2 content-boxes-icon-on-top content-left icon-read\" style=\"--awb-body-color:#737b35;--awb-title-color:#737b35;--awb-hover-accent-color:#404802;--awb-circle-hover-accent-color:#404802;--awb-item-margin-bottom:40px;\" data-animationOffset=\"top-into-view\"><div style=\"--awb-backgroundcolor:rgba(255,255,255,0);\" class=\"fusion-column content-box-column content-box-column content-box-column-1 col-lg-12 col-md-12 col-sm-12 fusion-content-box-hover content-box-column-last content-box-column-last-in-row\"><div class=\"col content-box-wrapper content-wrapper link-area-link-icon link-type-text icon-hover-animation-fade\" data-animationOffset=\"top-into-view\"><div class=\"heading heading-with-icon icon-left\"><a class=\"heading-link\" href=\"https:\/\/adidam.eu\/read\/\" target=\"_self\"><div aria-hidden=\"true\" class=\"image\"><img decoding=\"async\" src=\"https:\/\/adidam.eu\/wp-content\/uploads\/2016\/12\/adidam_home_icon_read.png\" width=\"81\" height=\"81\" alt=\"\" \/><\/div><h2 class=\"content-box-heading\" style=\"--h2_typography-font-size:32px;line-height:37px;\">Lue<\/h2><\/a><\/div><\/div><\/div><div class=\"fusion-clearfix\"><\/div><\/div><div class=\"fusion-clearfix\"><\/div><\/div><\/div><div class=\"fusion-layout-column fusion_builder_column_inner fusion-builder-nested-column-3 fusion_builder_column_inner_1_3 1_3 fusion-one-third fusion-column-last\" style=\"--awb-bg-size:cover;width:33.333333333333%;width:calc(33.333333333333% - ( ( 4% + 4% ) * 0.33333333333333 ) );\"><div class=\"fusion-column-wrapper fusion-flex-column-wrapper-legacy\"><div class=\"fusion-content-boxes content-boxes columns row fusion-columns-1 fusion-columns-total-1 fusion-content-boxes-3 content-boxes-icon-on-top content-left icon-listen\" style=\"--awb-body-color:#b3740d;--awb-title-color:#b3740d;--awb-hover-accent-color:#804100;--awb-circle-hover-accent-color:#804100;--awb-item-margin-bottom:40px;\" data-animationOffset=\"top-into-view\"><div style=\"--awb-backgroundcolor:rgba(255,255,255,0);\" class=\"fusion-column content-box-column content-box-column content-box-column-1 col-lg-12 col-md-12 col-sm-12 fusion-content-box-hover content-box-column-last content-box-column-last-in-row\"><div class=\"col content-box-wrapper content-wrapper link-area-link-icon link-type-text icon-hover-animation-fade\" data-animationOffset=\"top-into-view\"><div class=\"heading heading-with-icon icon-left\"><a class=\"heading-link\" href=\"https:\/\/adidam.eu\/listen\/\" target=\"_self\"><div aria-hidden=\"true\" class=\"image\"><img decoding=\"async\" src=\"https:\/\/adidam.eu\/wp-content\/uploads\/2016\/12\/adidam_home_icon_listen.png\" width=\"81\" height=\"81\" alt=\"\" \/><\/div><h2 class=\"content-box-heading\" style=\"--h2_typography-font-size:32px;line-height:37px;\">Kuuntele<\/h2><\/a><\/div><\/div><\/div><div class=\"fusion-clearfix\"><\/div><\/div><div class=\"fusion-clearfix\"><\/div><\/div><\/div><\/div><div class=\"fusion-clearfix\"><\/div><\/div><\/div><div class=\"fusion-layout-column fusion_builder_column fusion-builder-column-1 fusion_builder_column_1_3 1_3 fusion-one-third fusion-column-last\" style=\"--awb-bg-position:right center;--awb-bg-size:cover;width:33.333333333333%;width:calc(33.333333333333% - ( ( 4% ) * 0.33333333333333 ) );\"><div class=\"fusion-column-wrapper fusion-flex-column-wrapper-legacy\"><div class=\"fusion-image-element in-legacy-container\" style=\"--awb-caption-title-font-family:var(--h2_typography-font-family);--awb-caption-title-font-weight:var(--h2_typography-font-weight);--awb-caption-title-font-style:var(--h2_typography-font-style);--awb-caption-title-size:var(--h2_typography-font-size);--awb-caption-title-transform:var(--h2_typography-text-transform);--awb-caption-title-line-height:var(--h2_typography-line-height);--awb-caption-title-letter-spacing:var(--h2_typography-letter-spacing);\"><span class=\" fusion-imageframe imageframe-none imageframe-1 hover-type-none\"><img decoding=\"async\" width=\"355\" height=\"481\" title=\"adidam_sidebar_coursespage\" src=\"https:\/\/adidam.eu\/wp-content\/uploads\/2016\/12\/adidam_sidebar_coursespage.png\" alt class=\"img-responsive wp-image-294\" srcset=\"https:\/\/adidam.eu\/wp-content\/uploads\/2016\/12\/adidam_sidebar_coursespage-200x271.png 200w, https:\/\/adidam.eu\/wp-content\/uploads\/2016\/12\/adidam_sidebar_coursespage.png 355w\" sizes=\"(max-width: 1200px) 100vw, 355px\" \/><\/span><\/div><div class=\"fusion-sep-clear\"><\/div><div class=\"fusion-separator fusion-full-width-sep\" style=\"margin-left: auto;margin-right: auto;margin-top:30px;width:100%;\"><\/div><div class=\"fusion-sep-clear\"><\/div><div class=\"fusion-clearfix\"><\/div><\/div><\/div><\/div><\/div>\n","protected":false},"excerpt":{"rendered":"","protected":false},"author":1,"featured_media":0,"parent":3976,"menu_order":0,"comment_status":"closed","ping_status":"closed","template":"100-width.php","meta":{"footnotes":""},"class_list":["post-4068","page","type-page","status-publish","hentry"],"_links":{"self":[{"href":"https:\/\/adidam.eu\/fi\/wp-json\/wp\/v2\/pages\/4068","targetHints":{"allow":["GET"]}}],"collection":[{"href":"https:\/\/adidam.eu\/fi\/wp-json\/wp\/v2\/pages"}],"about":[{"href":"https:\/\/adidam.eu\/fi\/wp-json\/wp\/v2\/types\/page"}],"author":[{"embeddable":true,"href":"https:\/\/adidam.eu\/fi\/wp-json\/wp\/v2\/users\/1"}],"replies":[{"embeddable":true,"href":"https:\/\/adidam.eu\/fi\/wp-json\/wp\/v2\/comments?post=4068"}],"version-history":[{"count":3,"href":"https:\/\/adidam.eu\/fi\/wp-json\/wp\/v2\/pages\/4068\/revisions"}],"predecessor-version":[{"id":4073,"href":"https:\/\/adidam.eu\/fi\/wp-json\/wp\/v2\/pages\/4068\/revisions\/4073"}],"up":[{"embeddable":true,"href":"https:\/\/adidam.eu\/fi\/wp-json\/wp\/v2\/pages\/3976"}],"wp:attachment":[{"href":"https:\/\/adidam.eu\/fi\/wp-json\/wp\/v2\/media?parent=4068"}],"curies":[{"name":"wp","href":"https:\/\/api.w.org\/{rel}","templated":true}]}}