{"id":4078,"date":"2016-12-08T02:59:05","date_gmt":"2016-12-08T01:59:05","guid":{"rendered":"https:\/\/adidam.eu\/accueil\/"},"modified":"2025-04-10T14:45:36","modified_gmt":"2025-04-10T12:45:36","slug":"accueil","status":"publish","type":"page","link":"https:\/\/adidam.eu\/fr\/","title":{"rendered":"Accueil"},"content":{"rendered":"<div class=\"fusion-fullwidth fullwidth-box fusion-builder-row-1 nonhundred-percent-fullwidth non-hundred-percent-height-scrolling\" style=\"--awb-border-radius-top-left:0px;--awb-border-radius-top-right:0px;--awb-border-radius-bottom-right:0px;--awb-border-radius-bottom-left:0px;--awb-padding-top:20px;--awb-padding-bottom:20px;--awb-flex-wrap:wrap;\" ><div class=\"fusion-builder-row fusion-row\"><div class=\"fusion-layout-column fusion_builder_column fusion-builder-column-0 fusion_builder_column_2_3 2_3 fusion-two-third fusion-column-first\" style=\"--awb-bg-size:cover;width:66.666666666667%;width:calc(66.666666666667% - ( ( 4% ) * 0.66666666666667 ) );margin-right: 4%;\"><div class=\"fusion-column-wrapper fusion-flex-column-wrapper-legacy\"><div class=\"fusion-text fusion-text-1\"><h1 class=\"teaching-page-adi-da-quote\"><em>Le Guru est la Fonction Divine Qui se Manifeste dans le \u201cmonde\u201d et sert \u00e0 l&rsquo;illumination des \u00eatres humains, par laquelle ils \u201dConnaissent\u201d Parfaitement leur Propre Vraie Nature.<\/em><\/h1>\n<\/div><div class=\"fusion-sep-clear\"><\/div><div class=\"fusion-separator fusion-full-width-sep\" style=\"margin-left: auto;margin-right: auto;margin-top:20px;width:100%;\"><\/div><div class=\"fusion-sep-clear\"><\/div><div class=\"fusion-text fusion-text-2\"><p class=\"adi-da-quote-sub\" style=\"text-align: right;\">~ AVATAR ADI DA SAMRAJ<\/p>\n<\/div><div class=\"fusion-sep-clear\"><\/div><div class=\"fusion-separator fusion-full-width-sep\" style=\"margin-left: auto;margin-right: auto;margin-top:20px;width:100%;\"><\/div><div class=\"fusion-sep-clear\"><\/div><div class=\"fusion-builder-row fusion-builder-row-inner fusion-row\"><div class=\"fusion-layout-column fusion_builder_column_inner fusion-builder-nested-column-0 fusion_builder_column_inner_1_1 1_1 fusion-one-full fusion-column-first fusion-column-last\" style=\"--awb-bg-size:cover;--awb-margin-bottom:0px;\"><div class=\"fusion-column-wrapper fusion-column-has-shadow fusion-flex-column-wrapper-legacy\"><div class=\"fusion-title title fusion-title-1 fusion-sep-none fusion-title-text fusion-title-size-one\" style=\"--awb-margin-bottom:20px;--awb-margin-top-small:10px;--awb-margin-right-small:0px;--awb-margin-bottom-small:10px;--awb-margin-left-small:0px;\"><h1 class=\"fusion-title-heading title-heading-left\" style=\"margin:0;\">Bienvenue \u00e0 Adidam Europe<\/h1><\/div><div class=\"fusion-clearfix\"><\/div><\/div><\/div><\/div><div class=\"fusion-text fusion-text-3\"><p>Ce site est consacr\u00e9 \u00e0 rendre accessible l&rsquo;Enseignement profond de Avatar Adi Da Samraj, particuli\u00e8rement pour ceux qui vivent en Europe et en Afrique. <\/p>\n<p>Nous vous encourageons \u00e0 lire les Enseignements d&rsquo;Adi Da, \u00e0 \u00e9couter et \u00e0 regarder Ses Discours, et \u00e0 regarder des vid\u00e9os de la Transmission silencieuse de Sa B\u00e9n\u00e9diction Spirituelle. Vous \u00eates \u00e9galement les bienvenus pour participer aux \u00e9v\u00e9nements, stages et retraites que nous proposons en ligne et dans les Centres Adidam en Europe.<\/p>\n<\/div><div class=\"fusion-sep-clear\"><\/div><div class=\"fusion-separator fusion-full-width-sep\" style=\"margin-left: auto;margin-right: auto;margin-top:10px;width:100%;\"><\/div><div class=\"fusion-sep-clear\"><\/div><div class=\"fusion-builder-row fusion-builder-row-inner fusion-row\"><div class=\"fusion-layout-column fusion_builder_column_inner fusion-builder-nested-column-1 fusion_builder_column_inner_1_1 1_1 fusion-one-full fusion-column-first fusion-column-last homepage-events-sidebar-container\" style=\"--awb-bg-size:cover;\"><div class=\"fusion-column-wrapper fusion-flex-column-wrapper-legacy\"><div class=\"fusion-title title fusion-title-2 fusion-sep-none fusion-title-text fusion-title-size-one courses-page-centerblock-h1 \" style=\"--awb-margin-top-small:10px;--awb-margin-right-small:0px;--awb-margin-bottom-small:10px;--awb-margin-left-small:0px;\"><h1 class=\"fusion-title-heading title-heading-left\" style=\"margin:0;\">Prochains \u00e9v\u00e9nements<\/h1><\/div><div class=\"fusion-sep-clear\"><\/div><div class=\"fusion-separator fusion-full-width-sep\" style=\"margin-left: auto;margin-right: auto;margin-bottom:10px;width:100%;\"><\/div><div class=\"fusion-sep-clear\"><\/div><div class=\"fusion-alignleft\"><a class=\"fusion-button button-flat fusion-button-default-size button-default fusion-button-default button-1 fusion-button-default-span fusion-button-default-type\" target=\"_self\" href=\"https:\/\/adidam.eu\/events\/\"><span class=\"fusion-button-text awb-button__text awb-button__text--default\">All events<\/span><\/a><\/div><div class=\"fusion-sep-clear\"><\/div><div class=\"fusion-separator fusion-full-width-sep\" style=\"margin-left: auto;margin-right: auto;margin-bottom:25px;width:100%;\"><\/div><div class=\"fusion-sep-clear\"><\/div><div class=\"fusion-text fusion-text-4\"><h3 class=\"home-page-centerblock-h3\">Tourn\u00e9e \u201cAwaken to Brightness\u201d 2025<\/h3>\n<\/div><div class=\"fusion-title title fusion-title-3 fusion-sep-none fusion-title-text fusion-title-size-four courses-page-centerblock-title-h4\" style=\"--awb-margin-top-small:10px;--awb-margin-right-small:0px;--awb-margin-bottom-small:10px;--awb-margin-left-small:0px;\"><h4 class=\"fusion-title-heading title-heading-left\" style=\"margin:0;\">Plusieurs dates<\/h4><\/div><div class=\"fusion-text fusion-text-5\"><p class=\"courses-page-centerblock-body\"><em><strong>Un processus de retraite transformatrice centr\u00e9 sur le Yoga Divin de la relation avec l&rsquo;Avatar Adi Da Samraj<\/strong><\/em><\/p>\n<\/div><div class=\"fusion-sep-clear\"><\/div><div class=\"fusion-separator fusion-full-width-sep\" style=\"margin-left: auto;margin-right: auto;margin-bottom:10px;width:100%;\"><\/div><div class=\"fusion-sep-clear\"><\/div><div class=\"fusion-alignleft\"><a class=\"fusion-button button-flat fusion-button-default-size button-default fusion-button-default button-2 fusion-button-default-span fusion-button-default-type\" target=\"_blank\" rel=\"noopener noreferrer\" href=\"https:\/\/adidam.eu\/events\/awaken-to-brightness-2025\/\"><span class=\"fusion-button-text awb-button__text awb-button__text--default\">CLIQUEZ ICI<\/span><\/a><\/div><div class=\"fusion-sep-clear\"><\/div><div class=\"fusion-separator fusion-full-width-sep\" style=\"margin-left: auto;margin-right: auto;margin-bottom:25px;width:100%;\"><\/div><div class=\"fusion-sep-clear\"><\/div><div class=\"fusion-text fusion-text-6\"><h3 class=\"home-page-centerblock-h3\">Conscious Light: Film documentaire d\u2019une heure sur la vie d&rsquo;Adi Da Samraj<\/h3>\n<\/div><div class=\"fusion-title title fusion-title-4 fusion-sep-none fusion-title-text fusion-title-size-four courses-page-centerblock-title-h4\" style=\"--awb-margin-top-small:10px;--awb-margin-right-small:0px;--awb-margin-bottom-small:10px;--awb-margin-left-small:0px;\"><h4 class=\"fusion-title-heading title-heading-left\" style=\"margin:0;\">Regarder sur demande GRATUITEMENT<\/h4><\/div><div class=\"fusion-text fusion-text-7\"><p class=\"courses-page-centerblock-body\"><em><strong>S\u00e9ances gratuites en ligne avec sous-titres en plusieurs langues<\/strong><\/em><\/p>\n<\/div><div class=\"fusion-sep-clear\"><\/div><div class=\"fusion-separator fusion-full-width-sep\" style=\"margin-left: auto;margin-right: auto;margin-bottom:10px;width:100%;\"><\/div><div class=\"fusion-sep-clear\"><\/div><div class=\"fusion-alignleft\"><a class=\"fusion-button button-flat fusion-button-default-size button-default fusion-button-default button-3 fusion-button-default-span fusion-button-default-type\" target=\"_blank\" rel=\"noopener noreferrer\" href=\"https:\/\/consciouslightfilm.com\/screenings\/\"><span class=\"fusion-button-text awb-button__text awb-button__text--default\">CLIQUEZ ICI<\/span><\/a><\/div><div class=\"fusion-sep-clear\"><\/div><div class=\"fusion-separator fusion-full-width-sep\" style=\"margin-left: auto;margin-right: auto;margin-bottom:25px;width:100%;\"><\/div><div class=\"fusion-sep-clear\"><\/div><div class=\"fusion-text fusion-text-8\"><h3 class=\"home-page-centerblock-h3\">S\u00e9minaire en ligne sur Conscious Light<\/h3>\n<\/div><div class=\"fusion-title title fusion-title-5 fusion-sep-none fusion-title-text fusion-title-size-four courses-page-centerblock-title-h4\" style=\"--awb-margin-top-small:10px;--awb-margin-right-small:0px;--awb-margin-bottom-small:10px;--awb-margin-left-small:0px;\"><h4 class=\"fusion-title-heading title-heading-left\" style=\"margin:0;\">Plusieurs dates<\/h4><\/div><div class=\"fusion-text fusion-text-9\"><p class=\"courses-page-centerblock-body\"><em><b>Webinaire gratuit pour ceux qui ont vu le film<\/b><\/em><\/p>\n<\/div><div class=\"fusion-sep-clear\"><\/div><div class=\"fusion-separator fusion-full-width-sep\" style=\"margin-left: auto;margin-right: auto;margin-bottom:10px;width:100%;\"><\/div><div class=\"fusion-sep-clear\"><\/div><div class=\"fusion-alignleft\"><a class=\"fusion-button button-flat fusion-button-default-size button-default fusion-button-default button-4 fusion-button-default-span fusion-button-default-type\" target=\"_blank\" rel=\"noopener noreferrer\" href=\"https:\/\/consciouslightfilm.com\/follow-up-events\/\"><span class=\"fusion-button-text awb-button__text awb-button__text--default\">PAGE D\u2019INSCRIPTION<\/span><\/a><\/div><div class=\"fusion-sep-clear\"><\/div><div class=\"fusion-separator fusion-full-width-sep\" style=\"margin-left: auto;margin-right: auto;margin-bottom:25px;width:100%;\"><\/div><div class=\"fusion-sep-clear\"><\/div><div class=\"fusion-text fusion-text-10\"><h3 class=\"home-page-centerblock-h3\">Le Cours Da Avatar<\/h3>\n<\/div><div class=\"fusion-title title fusion-title-6 fusion-sep-none fusion-title-text fusion-title-size-four courses-page-centerblock-title-h4\" style=\"--awb-margin-top-small:10px;--awb-margin-right-small:0px;--awb-margin-bottom-small:10px;--awb-margin-left-small:0px;\"><h4 class=\"fusion-title-heading title-heading-left\" style=\"margin:0;\">Plusieurs dates<\/h4><\/div><div class=\"fusion-text fusion-text-11\"><p class=\"courses-page-centerblock-body\"><em><strong>Cours d&rsquo;introduction en ligne sur la Vie et l&rsquo;Enseignement d&rsquo;Adi Da Samraj<\/strong><\/em><\/p>\n<\/div><div class=\"fusion-sep-clear\"><\/div><div class=\"fusion-separator fusion-full-width-sep\" style=\"margin-left: auto;margin-right: auto;margin-bottom:10px;width:100%;\"><\/div><div class=\"fusion-sep-clear\"><\/div><div class=\"fusion-alignleft\"><a class=\"fusion-button button-flat fusion-button-default-size button-default fusion-button-default button-5 fusion-button-default-span fusion-button-default-type\" target=\"_self\" href=\"https:\/\/adidam.eu\/courses\/\"><span class=\"fusion-button-text awb-button__text awb-button__text--default\">LES COURS<\/span><\/a><\/div><div class=\"fusion-sep-clear\"><\/div><div class=\"fusion-separator fusion-full-width-sep\" style=\"margin-left: auto;margin-right: auto;margin-bottom:25px;width:100%;\"><\/div><div class=\"fusion-sep-clear\"><\/div><div class=\"fusion-text fusion-text-12\"><h3 class=\"home-page-centerblock-h3\">Journ\u00e9es du b\u00e9n\u00e9volat au Centre Europ\u00e9en<\/h3>\n<\/div><div class=\"fusion-title title fusion-title-7 fusion-sep-none fusion-title-text fusion-title-size-four courses-page-centerblock-title-h4\" style=\"--awb-margin-top-small:10px;--awb-margin-right-small:0px;--awb-margin-bottom-small:10px;--awb-margin-left-small:0px;\"><h4 class=\"fusion-title-heading title-heading-left\" style=\"margin:0;\">Plusieurs dates<\/h4><\/div><div class=\"fusion-text fusion-text-13\"><p class=\"courses-page-centerblock-body\"><em><strong>Souhaitez-vous retrousser vos manches et aider dans le jardin potager biologique, dans la for\u00eat, ou vous occuper des chevaux ? Participez \u00e0 une journ\u00e9e de service au monast\u00e8re! <\/strong><\/em><\/p>\n<\/div><div class=\"fusion-sep-clear\"><\/div><div class=\"fusion-separator fusion-full-width-sep\" style=\"margin-left: auto;margin-right: auto;margin-bottom:10px;width:100%;\"><\/div><div class=\"fusion-sep-clear\"><\/div><div class=\"fusion-alignleft\"><a class=\"fusion-button button-flat fusion-button-default-size button-default fusion-button-default button-6 fusion-button-default-span fusion-button-default-type\" target=\"_self\" href=\"https:\/\/adidam.eu\/events\/european-danda-volunteer-days\/\"><span class=\"fusion-button-text awb-button__text awb-button__text--default\">INSCRIVEZ-VOUS<\/span><\/a><\/div><div class=\"fusion-sep-clear\"><\/div><div class=\"fusion-separator fusion-full-width-sep\" style=\"margin-left: auto;margin-right: auto;margin-bottom:25px;width:100%;\"><\/div><div class=\"fusion-sep-clear\"><\/div><div class=\"fusion-clearfix\"><\/div><\/div><\/div><\/div><div class=\"fusion-sep-clear\"><\/div><div class=\"fusion-separator fusion-full-width-sep\" style=\"margin-left: auto;margin-right: auto;margin-top:40px;width:100%;\"><\/div><div class=\"fusion-sep-clear\"><\/div><div class=\"fusion-builder-row fusion-builder-row-inner fusion-row\"><div class=\"fusion-layout-column fusion_builder_column_inner fusion-builder-nested-column-2 fusion_builder_column_inner_1_3 1_3 fusion-one-third fusion-column-first\" style=\"--awb-bg-size:cover;width:33.333333333333%;width:calc(33.333333333333% - ( ( 4% + 4% ) * 0.33333333333333 ) );margin-right: 4%;\"><div class=\"fusion-column-wrapper fusion-flex-column-wrapper-legacy\"><div class=\"fusion-content-boxes content-boxes columns row fusion-columns-1 fusion-columns-total-1 fusion-content-boxes-1 content-boxes-icon-on-top content-left icon-watch\" style=\"--awb-body-color:#37939b;--awb-title-color:#37939b;--awb-hover-accent-color:#00474f;--awb-circle-hover-accent-color:#00474f;--awb-item-margin-bottom:40px;\" data-animationOffset=\"top-into-view\"><div style=\"--awb-backgroundcolor:rgba(255,255,255,0);\" class=\"fusion-column content-box-column content-box-column content-box-column-1 col-lg-12 col-md-12 col-sm-12 fusion-content-box-hover content-box-column-last content-box-column-last-in-row\"><div class=\"col content-box-wrapper content-wrapper link-area-link-icon link-type-text icon-hover-animation-fade\" data-animationOffset=\"top-into-view\"><div class=\"heading heading-with-icon icon-left\"><a class=\"heading-link\" href=\"https:\/\/adidam.eu\/watch\/\" target=\"_self\"><div aria-hidden=\"true\" class=\"image\"><img decoding=\"async\" src=\"https:\/\/adidam.eu\/wp-content\/uploads\/2016\/12\/adidam_home_icon_watch.png\" width=\"81\" height=\"81\" alt=\"\" \/><\/div><h2 class=\"content-box-heading\" style=\"--h2_typography-font-size:32px;line-height:37px;\">Regarder<\/h2><\/a><\/div><\/div><\/div><div class=\"fusion-clearfix\"><\/div><\/div><div class=\"fusion-clearfix\"><\/div><\/div><\/div><div class=\"fusion-layout-column fusion_builder_column_inner fusion-builder-nested-column-3 fusion_builder_column_inner_1_3 1_3 fusion-one-third\" style=\"--awb-bg-size:cover;width:33.333333333333%;width:calc(33.333333333333% - ( ( 4% + 4% ) * 0.33333333333333 ) );margin-right: 4%;\"><div class=\"fusion-column-wrapper fusion-flex-column-wrapper-legacy\"><div class=\"fusion-content-boxes content-boxes columns row fusion-columns-1 fusion-columns-total-1 fusion-content-boxes-2 content-boxes-icon-on-top content-left icon-read\" style=\"--awb-body-color:#737b35;--awb-title-color:#737b35;--awb-hover-accent-color:#404802;--awb-circle-hover-accent-color:#404802;--awb-item-margin-bottom:40px;\" data-animationOffset=\"top-into-view\"><div style=\"--awb-backgroundcolor:rgba(255,255,255,0);\" class=\"fusion-column content-box-column content-box-column content-box-column-1 col-lg-12 col-md-12 col-sm-12 fusion-content-box-hover content-box-column-last content-box-column-last-in-row\"><div class=\"col content-box-wrapper content-wrapper link-area-link-icon link-type-text icon-hover-animation-fade\" data-animationOffset=\"top-into-view\"><div class=\"heading heading-with-icon icon-left\"><a class=\"heading-link\" href=\"https:\/\/adidam.eu\/read\/\" target=\"_self\"><div aria-hidden=\"true\" class=\"image\"><img decoding=\"async\" src=\"https:\/\/adidam.eu\/wp-content\/uploads\/2016\/12\/adidam_home_icon_read.png\" width=\"81\" height=\"81\" alt=\"\" \/><\/div><h2 class=\"content-box-heading\" style=\"--h2_typography-font-size:32px;line-height:37px;\">Lire<\/h2><\/a><\/div><\/div><\/div><div class=\"fusion-clearfix\"><\/div><\/div><div class=\"fusion-clearfix\"><\/div><\/div><\/div><div class=\"fusion-layout-column fusion_builder_column_inner fusion-builder-nested-column-4 fusion_builder_column_inner_1_3 1_3 fusion-one-third fusion-column-last\" style=\"--awb-bg-size:cover;width:33.333333333333%;width:calc(33.333333333333% - ( ( 4% + 4% ) * 0.33333333333333 ) );\"><div class=\"fusion-column-wrapper fusion-flex-column-wrapper-legacy\"><div class=\"fusion-content-boxes content-boxes columns row fusion-columns-1 fusion-columns-total-1 fusion-content-boxes-3 content-boxes-icon-on-top content-left icon-listen\" style=\"--awb-body-color:#b3740d;--awb-title-color:#b3740d;--awb-hover-accent-color:#804100;--awb-circle-hover-accent-color:#804100;--awb-item-margin-bottom:40px;\" data-animationOffset=\"top-into-view\"><div style=\"--awb-backgroundcolor:rgba(255,255,255,0);\" class=\"fusion-column content-box-column content-box-column content-box-column-1 col-lg-12 col-md-12 col-sm-12 fusion-content-box-hover content-box-column-last content-box-column-last-in-row\"><div class=\"col content-box-wrapper content-wrapper link-area-link-icon link-type-text icon-hover-animation-fade\" data-animationOffset=\"top-into-view\"><div class=\"heading heading-with-icon icon-left\"><a class=\"heading-link\" href=\"https:\/\/adidam.eu\/listen\/\" target=\"_self\"><div aria-hidden=\"true\" class=\"image\"><img decoding=\"async\" src=\"https:\/\/adidam.eu\/wp-content\/uploads\/2016\/12\/adidam_home_icon_listen.png\" width=\"81\" height=\"81\" alt=\"\" \/><\/div><h2 class=\"content-box-heading\" style=\"--h2_typography-font-size:32px;line-height:37px;\">\u00c9couter<\/h2><\/a><\/div><\/div><\/div><div class=\"fusion-clearfix\"><\/div><\/div><div class=\"fusion-clearfix\"><\/div><\/div><\/div><\/div><div class=\"fusion-clearfix\"><\/div><\/div><\/div><div class=\"fusion-layout-column fusion_builder_column fusion-builder-column-1 fusion_builder_column_1_3 1_3 fusion-one-third fusion-column-last\" style=\"--awb-bg-position:right center;--awb-bg-size:cover;width:33.333333333333%;width:calc(33.333333333333% - ( ( 4% ) * 0.33333333333333 ) );\"><div class=\"fusion-column-wrapper fusion-flex-column-wrapper-legacy\"><div class=\"fusion-builder-row fusion-builder-row-inner fusion-row\"><div class=\"fusion-layout-column fusion_builder_column_inner fusion-builder-nested-column-5 fusion_builder_column_inner_1_1 1_1 fusion-one-full fusion-column-first fusion-column-last home-sidebar\" style=\"--awb-padding-top:0px;--awb-padding-right:0px;--awb-padding-bottom:0px;--awb-padding-left:0px;--awb-bg-size:cover;--awb-margin-bottom:0px;\"><div class=\"fusion-column-wrapper fusion-flex-column-wrapper-legacy\"><div class=\"fusion-text fusion-text-14\"><p><strong>Avatar Adi Da Samraj <\/strong>(1939-2008) a consacr\u00e9 toute Sa vie \u00e0 R\u00e9v\u00e9ler et \u00e0 \u00c9tablir un moyen pour tous les \u00eatres humains de d\u00e9couvrir la nature ultime de la R\u00e9alit\u00e9, d\u00e9crite par Lui comme la Lumi\u00e8re Consciente (Conscious Light), ou simplement, le \u00ab\u00a0Lumineux\u00a0\u00bb. Avatar Adi Da a communiqu\u00e9 Sa R\u00e9v\u00e9lation de la R\u00e9alit\u00e9 et de la V\u00e9rit\u00e9 non seulement par des mots ou par la philosophie, mais par Sa Transmission Spirituelle directe aux autres. <\/p>\n<p>Ainsi, Avatar Adi Da a cr\u00e9\u00e9 une nouvelle tradition sacr\u00e9e &#8211; la Voie-de-la-R\u00e9alit\u00e9 de l&rsquo;Adidam. Ses nombreux livres de sagesse Spirituelle, philosophique, sociale et pratique sont reconnus parmi les Enseignements Spirituels les plus perspicaces du monde moderne. <\/p>\n<p>En r\u00e9ponse \u00e0 Avatar Adi Da et \u00e0 ses Enseignements, des centres et des sanctuaires Adidam ont \u00e9t\u00e9 \u00e9tablis dans le monde entier. Avatar Adi Da ne propose pas simplement des techniques ou des m\u00e9thodes pour s&rsquo;am\u00e9liorer. En revanche, Il invite chacun \u00e0 participer \u00e0 une profonde relation Spirituelle avec Lui, et \u00e0 recevoir directement Sa Transmission extraordinaire de la R\u00e9alit\u00e9 et de la V\u00e9rit\u00e9.<\/p>\n<\/div><div class=\"fusion-clearfix\"><\/div><\/div><\/div><\/div><div class=\"fusion-video fusion-youtube\" style=\"--awb-max-width:351px;--awb-max-height:197px;\"><div class=\"video-shortcode\"><div class=\"fluid-width-video-wrapper\" style=\"padding-top:56.13%;\" ><iframe title=\"YouTube video player 1\" src=\"https:\/\/www.youtube.com\/embed\/Un_Ux7J-q1I?wmode=transparent&autoplay=0&amp;rel=0\" width=\"351\" height=\"197\" allowfullscreen allow=\"autoplay; clipboard-write; encrypted-media; gyroscope; picture-in-picture;\"><\/iframe><\/div><\/div><\/div><div class=\"fusion-sep-clear\"><\/div><div class=\"fusion-separator fusion-full-width-sep\" style=\"margin-left: auto;margin-right: auto;margin-top:40px;width:100%;\"><\/div><div class=\"fusion-sep-clear\"><\/div><div class=\"fusion-menu-anchor\" id=\"adidam-home-nieuwsbrief\"><\/div><div class=\"fusion-sep-clear\"><\/div><div class=\"fusion-separator fusion-full-width-sep\" style=\"margin-left: auto;margin-right: auto;margin-top:10px;width:100%;\"><\/div><div class=\"fusion-sep-clear\"><\/div><div class=\"fusion-builder-row fusion-builder-row-inner fusion-row\"><div class=\"fusion-layout-column fusion_builder_column_inner fusion-builder-nested-column-6 fusion_builder_column_inner_1_1 1_1 fusion-one-full fusion-column-first fusion-column-last sidebar-newsletter\" style=\"--awb-bg-color:#d9dabb;--awb-bg-color-hover:#d9dabb;--awb-bg-size:cover;\"><div class=\"fusion-column-wrapper fusion-flex-column-wrapper-legacy\"><div class=\"fusion-title title fusion-title-8 fusion-sep-none fusion-title-text fusion-title-size-one courses-page-centerblock-h1\" style=\"--awb-margin-top-small:10px;--awb-margin-right-small:0px;--awb-margin-bottom-small:10px;--awb-margin-left-small:0px;\"><h1 class=\"fusion-title-heading title-heading-left\" style=\"margin:0;\">Newsletter<\/h1><\/div><div class=\"fusion-sep-clear\"><\/div><div class=\"fusion-separator fusion-full-width-sep\" style=\"margin-left: auto;margin-right: auto;margin-bottom:20px;width:100%;\"><\/div><div class=\"fusion-sep-clear\"><\/div><div class=\"fusion-alignleft\"><a class=\"fusion-button button-flat button-medium button-default fusion-button-default button-7 fusion-button-default-span fusion-button-default-type\" target=\"_self\" href=\"https:\/\/adidam.eu\/contact\/#adidam-contact-subscribe\"><span class=\"fusion-button-text awb-button__text awb-button__text--default\">Abonnez-vous \u00e0 notre Newsletter<\/span><\/a><\/div><div class=\"fusion-clearfix\"><\/div><\/div><\/div><\/div><div class=\"fusion-clearfix\"><\/div><\/div><\/div><\/div><\/div>\n","protected":false},"excerpt":{"rendered":"","protected":false},"author":1,"featured_media":0,"parent":0,"menu_order":0,"comment_status":"closed","ping_status":"closed","template":"100-width.php","meta":{"footnotes":""},"class_list":["post-4078","page","type-page","status-publish","hentry"],"_links":{"self":[{"href":"https:\/\/adidam.eu\/fr\/wp-json\/wp\/v2\/pages\/4078","targetHints":{"allow":["GET"]}}],"collection":[{"href":"https:\/\/adidam.eu\/fr\/wp-json\/wp\/v2\/pages"}],"about":[{"href":"https:\/\/adidam.eu\/fr\/wp-json\/wp\/v2\/types\/page"}],"author":[{"embeddable":true,"href":"https:\/\/adidam.eu\/fr\/wp-json\/wp\/v2\/users\/1"}],"replies":[{"embeddable":true,"href":"https:\/\/adidam.eu\/fr\/wp-json\/wp\/v2\/comments?post=4078"}],"version-history":[{"count":2,"href":"https:\/\/adidam.eu\/fr\/wp-json\/wp\/v2\/pages\/4078\/revisions"}],"predecessor-version":[{"id":4085,"href":"https:\/\/adidam.eu\/fr\/wp-json\/wp\/v2\/pages\/4078\/revisions\/4085"}],"wp:attachment":[{"href":"https:\/\/adidam.eu\/fr\/wp-json\/wp\/v2\/media?parent=4078"}],"curies":[{"name":"wp","href":"https:\/\/api.w.org\/{rel}","templated":true}]}}