{"id":4089,"date":"2016-12-08T02:59:22","date_gmt":"2016-12-08T01:59:22","guid":{"rendered":"https:\/\/adidam.eu\/adi-da\/"},"modified":"2025-04-24T13:53:47","modified_gmt":"2025-04-24T11:53:47","slug":"adi-da","status":"publish","type":"page","link":"https:\/\/adidam.eu\/fr\/adi-da\/","title":{"rendered":"Adi Da"},"content":{"rendered":"<div class=\"fusion-fullwidth fullwidth-box fusion-builder-row-1 nonhundred-percent-fullwidth non-hundred-percent-height-scrolling\" style=\"--awb-border-radius-top-left:0px;--awb-border-radius-top-right:0px;--awb-border-radius-bottom-right:0px;--awb-border-radius-bottom-left:0px;--awb-padding-top:20px;--awb-padding-bottom:20px;--awb-flex-wrap:wrap;\" ><div class=\"fusion-builder-row fusion-row\"><div class=\"fusion-layout-column fusion_builder_column fusion-builder-column-0 fusion_builder_column_2_3 2_3 fusion-two-third fusion-column-first\" style=\"--awb-bg-size:cover;width:66.666666666667%;width:calc(66.666666666667% - ( ( 4% ) * 0.66666666666667 ) );margin-right: 4%;\"><div class=\"fusion-column-wrapper fusion-flex-column-wrapper-legacy\"><div class=\"fusion-text fusion-text-1\"><h1 class=\"adida-page-adi-da-quote\"><em>Dans toutes les traditions \u00ab religieuses \u00bb et Spirituelles, on attache beaucoup d&rsquo;importance \u00e0 une personne cl\u00e9. Il n&rsquo;y a pas de grande tradition Spirituelle sans une personne au centre du processus. <\/em><\/h1>\n<p>\n<\/div><div class=\"fusion-sep-clear\"><\/div><div class=\"fusion-separator fusion-full-width-sep\" style=\"margin-left: auto;margin-right: auto;margin-top:20px;width:100%;\"><\/div><div class=\"fusion-sep-clear\"><\/div><div class=\"fusion-text fusion-text-2\"><h1 class=\"adida-page-adi-da-quote\"><em>La force primaire et la \u00ab racine \u00bb de toutes les traditions \u00e9sot\u00e9riques de l&rsquo;humanit\u00e9 sont les Adeptes-R\u00e9alisateurs, ceux qui R\u00e9alisent r\u00e9ellement (\u00e0 un degr\u00e9 ou \u00e0 un autre) la Nature Spirituelle et Transcendante de la R\u00e9alit\u00e9.<\/em><\/h1>\n<p>\n<\/div><div class=\"fusion-sep-clear\"><\/div><div class=\"fusion-separator fusion-full-width-sep\" style=\"margin-left: auto;margin-right: auto;margin-top:10px;width:100%;\"><\/div><div class=\"fusion-sep-clear\"><\/div><div class=\"fusion-text fusion-text-3\"><p class=\"adi-da-quote-sub\" style=\"text-align: right;\">~ Avatar Adi Da Samraj<\/p>\n<p>\n<\/div><div class=\"fusion-builder-row fusion-builder-row-inner fusion-row\"><div class=\"fusion-layout-column fusion_builder_column_inner fusion-builder-nested-column-0 fusion_builder_column_inner_1_2 1_2 fusion-one-half fusion-column-first\" style=\"--awb-bg-size:cover;width:50%;width:calc(50% - ( ( 4% ) * 0.5 ) );margin-right: 4%;\"><div class=\"fusion-column-wrapper fusion-flex-column-wrapper-legacy\"><div class=\"fusion-text fusion-text-4\"><p>Des Ma\u00eetres Spirituellement R\u00e9alis\u00e9s de diff\u00e9rents degr\u00e9s sont apparus tout au long de l&rsquo;histoire pour enseigner, b\u00e9nir et \u00e9veiller l&rsquo;humanit\u00e9. Adi Da Samraj est apparu dans la tradition ancienne et v\u00e9n\u00e9rable de tous les Ma\u00eetres Divinement R\u00e9alis\u00e9s, avec la m\u00eame pulsion pour Enseigner et \u00c9veiller l&rsquo;humanit\u00e9 \u00e0 la V\u00e9rit\u00e9 Unique qui est la R\u00e9alit\u00e9 Elle-m\u00eame. <\/p>\n<p>Le besoin spirituel primaire de chaque c\u0153ur humain est de d\u00e9passer le paradoxe de la mortalit\u00e9, de l&rsquo;existence corporelle dans un monde fini, et de r\u00e9aliser l&rsquo;Amour Infini, la Libert\u00e9 Parfaite et le Bonheur Sans Limites. Le Message fondamental qu&rsquo;Adi Da Samraj apporte \u00e0 tous est que cette R\u00e9alisation n&rsquo;est pas seulement notre besoin spirituel le plus essentiel, mais aussi notre destin\u00e9e in\u00e9vitable et infinie. En effet, la v\u00e9ritable Condition de la R\u00e9alit\u00e9 Elle-m\u00eame n&rsquo;est pas ce monde mortel fini ; elle est la Lumi\u00e8re Consciente Indivisible &#8211; qui se manifeste en tant qu&rsquo;Amour Infini, Libert\u00e9 Parfaite et Bonheur Sans Limites.<\/p>\n<p>Adi Da Samraj a R\u00e9alis\u00e9 cette Condition Radieuse \u00e0 la naissance,<\/p>\n<\/div><div class=\"fusion-clearfix\"><\/div><\/div><\/div><div class=\"fusion-layout-column fusion_builder_column_inner fusion-builder-nested-column-1 fusion_builder_column_inner_1_2 1_2 fusion-one-half fusion-column-last\" style=\"--awb-bg-size:cover;width:50%;width:calc(50% - ( ( 4% ) * 0.5 ) );\"><div class=\"fusion-column-wrapper fusion-flex-column-wrapper-legacy\"><div class=\"fusion-text fusion-text-5\"><p>et depuis Sa petite enfance, Il l&rsquo;a appel\u00e9e la \u00ab Lumineuse \u00bb. Il a transmis cette m\u00eame r\u00e9alisation aux autres de son vivant et continue de le faire par l&rsquo;interm\u00e9diaire de toutes les Agences de Transmission Spirituelle qu&rsquo;Il a \u00c9tablies au cours de Sa vie. Le principal moyen utilis\u00e9 par Adi Da Samraj pour \u00e9veiller les autres \u00e0 Sa R\u00e9alisation est le m\u00eame que celui prescrit par les Ma\u00eetres R\u00e9alis\u00e9s depuis les temps anciens : la relation Guru-d\u00e9vot, v\u00e9cue consciemment et engag\u00e9e r\u00e9ciproquement. Et le principe fondamental de la relation Guru-d\u00e9vot est de communier ou de m\u00e9diter sur l&rsquo;\u00e9tat du R\u00e9alisateur.<\/p>\n<p><strong class=\"red-subhead\">La Singularit\u00e9 d&rsquo;Adi Da: La Recherche Spirituelle vs. la Voie-de-la-R\u00e9alit\u00e9 d&rsquo;Adidam<\/strong><br \/>Toutes les voies pr\u00e9c\u00e9dentes, qu&rsquo;elles soient Orientales ou Occidentales, exot\u00e9riques ou \u00e9sot\u00e9riques, partent du point de vue de l&rsquo;ego, ou du sentiment d&rsquo;un moi s\u00e9par\u00e9. Chaque voie propose un moyen de se lib\u00e9rer de ce sentiment mortel et effrayant de s\u00e9paration par le biais de diverses m\u00e9thodes, croyances, rituels, techniques, pratiques de m\u00e9ditation, etc.<\/p>\n<\/div><div class=\"fusion-clearfix\"><\/div><\/div><\/div><\/div><div class=\"fusion-builder-row fusion-builder-row-inner fusion-row\"><div class=\"fusion-layout-column fusion_builder_column_inner fusion-builder-nested-column-2 fusion_builder_column_inner_1_1 1_1 fusion-one-full fusion-column-first fusion-column-last adidapage-centerquote-container\" style=\"--awb-bg-size:cover;\"><div class=\"fusion-column-wrapper fusion-flex-column-wrapper-legacy\"><div class=\"fusion-text fusion-text-6\"><p class=\"adida-page-center-qoute\">L&rsquo;\u00eatre humain vivant \u00ab exp\u00e9rientiel \u00bb n&rsquo;est pas \u00ab centr\u00e9 \u00bb (ou \u00ab enracin\u00e9 \u00bb) dans un \u00ab moi int\u00e9rieur \u00bb, un \u00ab esprit \u00bb, une \u00ab psych\u00e9 \u00bb, une \u00ab \u00e2me \u00bb, une \u00ab incarnation \u00bb, un \u00ab emplacement \u00bb ou un \u00ab point de vue \u00bb ind\u00e9pendant (ou non-d\u00e9pendant). L&rsquo;\u00eatre humain vivant \u00ab exp\u00e9rientiel \u00bb est (dans son contexte conditionnellement apparent) intrins\u00e8quement non s\u00e9par\u00e9 &#8211; ou intrins\u00e8quement, et de mani\u00e8re d\u00e9pendante et indivisible d&rsquo;une unit\u00e9 ant\u00e9rieure et enti\u00e8re. <\/p>\n<p>\n<\/div><div class=\"fusion-text fusion-text-7\"><p class=\"adida-page-center-qoute-signature\">~ The Aletheon<\/p>\n<p>\n<\/div><div class=\"fusion-clearfix\"><\/div><\/div><\/div><\/div><div class=\"fusion-builder-row fusion-builder-row-inner fusion-row\"><div class=\"fusion-layout-column fusion_builder_column_inner fusion-builder-nested-column-3 fusion_builder_column_inner_1_2 1_2 fusion-one-half fusion-column-first\" style=\"--awb-bg-size:cover;width:50%;width:calc(50% - ( ( 4% ) * 0.5 ) );margin-right: 4%;\"><div class=\"fusion-column-wrapper fusion-flex-column-wrapper-legacy\"><div class=\"fusion-text fusion-text-8\"><p>Avatar Adi Da d\u00e9crit, avec des d\u00e9tails profonds, le sentiment de mal-aise ou de dilemme qui motive cette recherche.  Il explique que ces sentiments naissent d&rsquo;une activit\u00e9 chronique qui est la source m\u00eame du sentiment de s\u00e9paration : Toutes les formes imaginables de souffrance humaine d\u00e9coulent de cette erreur singuli\u00e8re &#8211; l&rsquo;illusion douloureuse que \u00ab je \u00bb est une entit\u00e9 discr\u00e8te et mortelle, s\u00e9par\u00e9e de tous les \u00ab autres \u00bb et, dans un sens, s\u00e9par\u00e9e de l&rsquo;Unique Divine Radieuse Conscience dans laquelle le jeu entier de l&rsquo;existence est exp\u00e9riment\u00e9. Parce que l&rsquo;ego illusoire est lui-m\u00eame le probl\u00e8me, la tentative de l&rsquo;ego de se lib\u00e9rer est comme une personne qui essaie de ramasser une planche en se tenant debout dessus. <\/p>\n<p>Contrairement \u00e0 tous les chemins de recherche traditionnels, dans la Voie-de-la-R\u00e9alit\u00e9 d&rsquo;Adidam, il n&rsquo;y a pas de but \u00e0 r\u00e9aliser ou de monde au-del\u00e0 \u00e0 atteindre.  Au lieu de cela, le d\u00e9vot est attir\u00e9 par le Divin \u00c9tat d&rsquo;\u00catre d&rsquo;Adi Da, et entre ainsi dans une communion d\u00e9votionnelle avec Lui. Contrairement aux m\u00e9thodes spirituelles traditionnelles qui recherchent un \u00ab r\u00e9sultat final \u00bb, ce processus se produit au tout d\u00e9but de la pratique dans la Compagnie d&rsquo;Adi Da &#8211; et contient en lui la R\u00e9alisation ultime de la R\u00e9alit\u00e9 et de la V\u00e9rit\u00e9. <\/p>\n<\/div><div class=\"fusion-clearfix\"><\/div><\/div><\/div><div class=\"fusion-layout-column fusion_builder_column_inner fusion-builder-nested-column-4 fusion_builder_column_inner_1_2 1_2 fusion-one-half fusion-column-last\" style=\"--awb-bg-size:cover;width:50%;width:calc(50% - ( ( 4% ) * 0.5 ) );\"><div class=\"fusion-column-wrapper fusion-flex-column-wrapper-legacy\"><div class=\"fusion-text fusion-text-9\"><p>La Vraie Fonction d&rsquo;Avatar Adi Da n&rsquo;est pas d&rsquo;enseigner ou de \u00ab provoquer \u00bb par Magie la R\u00e9alisation de Ses d\u00e9vots. Sa Fonction est plut\u00f4t de simplement \u00catre &#8211; tel qu&rsquo;Il est, en tant que l&rsquo;\u00c9tat de R\u00e9alit\u00e9 Divine &#8211; et de rendre ainsi disponible la R\u00e9v\u00e9lation directe de la R\u00e9alit\u00e9 Elle-m\u00eame. Le d\u00e9vot \u00ab se Tient dans la Position de la R\u00e9alisation &#8211; avant l&rsquo;identification avec le corps-esprit &#8211; et le corps-esprit devient de plus en plus conform\u00e9 \u00e0 cette R\u00e9alisation \u00bb. Cela ne se produit pas par une approche de recherche, mais enti\u00e8rement par la B\u00e9n\u00e9diction Divine et la Gr\u00e2ce Spirituelle d&rsquo;Adi Da. <\/p>\n<p>Ceci est le \u00ab Secret \u00bb de la Voie-de-la-R\u00e9alit\u00e9 d&rsquo;Adidam et la Grande D\u00e9couverte \u00e0 r\u00e9aliser par tous ceux qui entrent librement dans une relation d\u00e9votionnelle avec Adi Da Samraj. <\/p>\n<\/div><div class=\"fusion-clearfix\"><\/div><\/div><\/div><\/div><div class=\"fusion-sep-clear\"><\/div><div class=\"fusion-separator fusion-full-width-sep\" style=\"margin-left: auto;margin-right: auto;margin-top:40px;width:100%;\"><\/div><div class=\"fusion-sep-clear\"><\/div><div class=\"fusion-builder-row fusion-builder-row-inner fusion-row\"><div class=\"fusion-layout-column fusion_builder_column_inner fusion-builder-nested-column-5 fusion_builder_column_inner_1_3 1_3 fusion-one-third fusion-column-first\" style=\"--awb-bg-size:cover;width:33.333333333333%;width:calc(33.333333333333% - ( ( 4% + 4% ) * 0.33333333333333 ) );margin-right: 4%;\"><div class=\"fusion-column-wrapper fusion-flex-column-wrapper-legacy\"><div class=\"fusion-content-boxes content-boxes columns row fusion-columns-1 fusion-columns-total-1 fusion-content-boxes-1 content-boxes-icon-on-top content-left icon-watch\" style=\"--awb-body-color:#37939b;--awb-title-color:#37939b;--awb-hover-accent-color:#00474f;--awb-circle-hover-accent-color:#00474f;--awb-item-margin-bottom:40px;\" data-animationOffset=\"top-into-view\"><div style=\"--awb-backgroundcolor:rgba(255,255,255,0);\" class=\"fusion-column content-box-column content-box-column content-box-column-1 col-lg-12 col-md-12 col-sm-12 fusion-content-box-hover content-box-column-last content-box-column-last-in-row\"><div class=\"col content-box-wrapper content-wrapper link-area-link-icon link-type-text icon-hover-animation-fade\" data-animationOffset=\"top-into-view\"><div class=\"heading heading-with-icon icon-left\"><a class=\"heading-link\" href=\"https:\/\/adidam.eu\/watch\/\" target=\"_self\"><div aria-hidden=\"true\" class=\"image\"><img decoding=\"async\" src=\"https:\/\/adidam.eu\/wp-content\/uploads\/2016\/12\/adidam_home_icon_watch.png\" width=\"81\" height=\"81\" alt=\"\" \/><\/div><h2 class=\"content-box-heading\" style=\"--h2_typography-font-size:32px;line-height:37px;\">Regarder<\/h2><\/a><\/div><\/div><\/div><div class=\"fusion-clearfix\"><\/div><\/div><div class=\"fusion-clearfix\"><\/div><\/div><\/div><div class=\"fusion-layout-column fusion_builder_column_inner fusion-builder-nested-column-6 fusion_builder_column_inner_1_3 1_3 fusion-one-third\" style=\"--awb-bg-size:cover;width:33.333333333333%;width:calc(33.333333333333% - ( ( 4% + 4% ) * 0.33333333333333 ) );margin-right: 4%;\"><div class=\"fusion-column-wrapper fusion-flex-column-wrapper-legacy\"><div class=\"fusion-content-boxes content-boxes columns row fusion-columns-1 fusion-columns-total-1 fusion-content-boxes-2 content-boxes-icon-on-top content-left icon-read\" style=\"--awb-body-color:#737b35;--awb-title-color:#737b35;--awb-hover-accent-color:#404802;--awb-circle-hover-accent-color:#404802;--awb-item-margin-bottom:40px;\" data-animationOffset=\"top-into-view\"><div style=\"--awb-backgroundcolor:rgba(255,255,255,0);\" class=\"fusion-column content-box-column content-box-column content-box-column-1 col-lg-12 col-md-12 col-sm-12 fusion-content-box-hover content-box-column-last content-box-column-last-in-row\"><div class=\"col content-box-wrapper content-wrapper link-area-link-icon link-type-text icon-hover-animation-fade\" data-animationOffset=\"top-into-view\"><div class=\"heading heading-with-icon icon-left\"><a class=\"heading-link\" href=\"https:\/\/adidam.eu\/read\/\" target=\"_self\"><div aria-hidden=\"true\" class=\"image\"><img decoding=\"async\" src=\"https:\/\/adidam.eu\/wp-content\/uploads\/2016\/12\/adidam_home_icon_read.png\" width=\"81\" height=\"81\" alt=\"\" \/><\/div><h2 class=\"content-box-heading\" style=\"--h2_typography-font-size:32px;line-height:37px;\">Lire<\/h2><\/a><\/div><\/div><\/div><div class=\"fusion-clearfix\"><\/div><\/div><div class=\"fusion-clearfix\"><\/div><\/div><\/div><div class=\"fusion-layout-column fusion_builder_column_inner fusion-builder-nested-column-7 fusion_builder_column_inner_1_3 1_3 fusion-one-third fusion-column-last\" style=\"--awb-bg-size:cover;width:33.333333333333%;width:calc(33.333333333333% - ( ( 4% + 4% ) * 0.33333333333333 ) );\"><div class=\"fusion-column-wrapper fusion-flex-column-wrapper-legacy\"><div class=\"fusion-content-boxes content-boxes columns row fusion-columns-1 fusion-columns-total-1 fusion-content-boxes-3 content-boxes-icon-on-top content-left icon-listen\" style=\"--awb-body-color:#b3740d;--awb-title-color:#b3740d;--awb-hover-accent-color:#804100;--awb-circle-hover-accent-color:#804100;--awb-item-margin-bottom:40px;\" data-animationOffset=\"top-into-view\"><div style=\"--awb-backgroundcolor:rgba(255,255,255,0);\" class=\"fusion-column content-box-column content-box-column content-box-column-1 col-lg-12 col-md-12 col-sm-12 fusion-content-box-hover content-box-column-last content-box-column-last-in-row\"><div class=\"col content-box-wrapper content-wrapper link-area-link-icon link-type-text icon-hover-animation-fade\" data-animationOffset=\"top-into-view\"><div class=\"heading heading-with-icon icon-left\"><a class=\"heading-link\" href=\"https:\/\/adidam.eu\/listen\/\" target=\"_self\"><div aria-hidden=\"true\" class=\"image\"><img decoding=\"async\" src=\"https:\/\/adidam.eu\/wp-content\/uploads\/2016\/12\/adidam_home_icon_listen.png\" width=\"81\" height=\"81\" alt=\"\" \/><\/div><h2 class=\"content-box-heading\" style=\"--h2_typography-font-size:32px;line-height:37px;\">\u00c9couter<\/h2><\/a><\/div><\/div><\/div><div class=\"fusion-clearfix\"><\/div><\/div><div class=\"fusion-clearfix\"><\/div><\/div><\/div><\/div><div class=\"fusion-clearfix\"><\/div><\/div><\/div><div class=\"fusion-layout-column fusion_builder_column fusion-builder-column-1 fusion_builder_column_1_3 1_3 fusion-one-third fusion-column-last\" style=\"--awb-bg-position:right center;--awb-bg-size:cover;width:33.333333333333%;width:calc(33.333333333333% - ( ( 4% ) * 0.33333333333333 ) );\"><div class=\"fusion-column-wrapper fusion-flex-column-wrapper-legacy\"><div class=\"fusion-video fusion-youtube\" style=\"--awb-max-width:351px;--awb-max-height:197px;\"><div class=\"video-shortcode\"><div class=\"fluid-width-video-wrapper\" style=\"padding-top:56.13%;\" ><iframe title=\"YouTube video player 1\" src=\"https:\/\/www.youtube.com\/embed\/5r_7PajYj3M?wmode=transparent&autoplay=0&amp;rel=0\" width=\"351\" height=\"197\" allowfullscreen allow=\"autoplay; clipboard-write; encrypted-media; gyroscope; picture-in-picture;\"><\/iframe><\/div><\/div><\/div><div class=\"fusion-sep-clear\"><\/div><div class=\"fusion-separator fusion-full-width-sep\" style=\"margin-left: auto;margin-right: auto;margin-top:10px;width:100%;\"><\/div><div class=\"fusion-sep-clear\"><\/div><div class=\"fusion-title title fusion-title-1 fusion-sep-none fusion-title-text fusion-title-size-one youtube-sidebar-h1\" style=\"--awb-margin-top-small:10px;--awb-margin-right-small:0px;--awb-margin-bottom-small:10px;--awb-margin-left-small:0px;\"><h1 class=\"fusion-title-heading title-heading-left\" style=\"margin:0;\">La Relation Guru-D\u00e9vot Honor\u00e9e par le Temps <\/h1><\/div><div class=\"fusion-sep-clear\"><\/div><div class=\"fusion-separator fusion-full-width-sep\" style=\"margin-left: auto;margin-right: auto;margin-top:30px;width:100%;\"><\/div><div class=\"fusion-sep-clear\"><\/div><div class=\"fusion-image-element in-legacy-container\" style=\"--awb-caption-title-font-family:var(--h2_typography-font-family);--awb-caption-title-font-weight:var(--h2_typography-font-weight);--awb-caption-title-font-style:var(--h2_typography-font-style);--awb-caption-title-size:var(--h2_typography-font-size);--awb-caption-title-transform:var(--h2_typography-text-transform);--awb-caption-title-line-height:var(--h2_typography-line-height);--awb-caption-title-letter-spacing:var(--h2_typography-letter-spacing);\"><span class=\" fusion-imageframe imageframe-none imageframe-1 hover-type-none\"><img decoding=\"async\" width=\"355\" height=\"253\" title=\"adidam_sidebar_adidapage\" src=\"https:\/\/adidam.eu\/wp-content\/uploads\/2016\/12\/adidam_sidebar_adidapage.png\" alt class=\"img-responsive wp-image-212\" srcset=\"https:\/\/adidam.eu\/wp-content\/uploads\/2016\/12\/adidam_sidebar_adidapage-200x143.png 200w, https:\/\/adidam.eu\/wp-content\/uploads\/2016\/12\/adidam_sidebar_adidapage.png 355w\" sizes=\"(max-width: 1200px) 100vw, 355px\" \/><\/span><\/div><div class=\"fusion-sep-clear\"><\/div><div class=\"fusion-separator fusion-full-width-sep\" style=\"margin-left: auto;margin-right: auto;margin-top:40px;width:100%;\"><\/div><div class=\"fusion-sep-clear\"><\/div><div class=\"fusion-video fusion-youtube\" style=\"--awb-max-width:351px;--awb-max-height:197px;\"><div class=\"video-shortcode\"><div class=\"fluid-width-video-wrapper\" style=\"padding-top:56.13%;\" ><iframe title=\"YouTube video player 2\" src=\"https:\/\/www.youtube.com\/embed\/qXpg0ta4K-Q?wmode=transparent&autoplay=0&amp;rel=0\" width=\"351\" height=\"197\" allowfullscreen allow=\"autoplay; clipboard-write; encrypted-media; gyroscope; picture-in-picture;\"><\/iframe><\/div><\/div><\/div><div class=\"fusion-sep-clear\"><\/div><div class=\"fusion-separator fusion-full-width-sep\" style=\"margin-left: auto;margin-right: auto;margin-top:10px;width:100%;\"><\/div><div class=\"fusion-sep-clear\"><\/div><div class=\"fusion-title title fusion-title-2 fusion-sep-none fusion-title-text fusion-title-size-one youtube-sidebar-h1\" style=\"--awb-margin-top-small:10px;--awb-margin-right-small:0px;--awb-margin-bottom-small:10px;--awb-margin-left-small:0px;\"><h1 class=\"fusion-title-heading title-heading-left\" style=\"margin:0;\">Un D\u00e9vot R\u00e9sume l\u2019oeuvre d&rsquo;Adi Da<\/h1><\/div><div class=\"fusion-clearfix\"><\/div><\/div><\/div><\/div><\/div>\n","protected":false},"excerpt":{"rendered":"","protected":false},"author":1,"featured_media":0,"parent":0,"menu_order":0,"comment_status":"closed","ping_status":"closed","template":"100-width.php","meta":{"footnotes":""},"class_list":["post-4089","page","type-page","status-publish","hentry"],"_links":{"self":[{"href":"https:\/\/adidam.eu\/fr\/wp-json\/wp\/v2\/pages\/4089","targetHints":{"allow":["GET"]}}],"collection":[{"href":"https:\/\/adidam.eu\/fr\/wp-json\/wp\/v2\/pages"}],"about":[{"href":"https:\/\/adidam.eu\/fr\/wp-json\/wp\/v2\/types\/page"}],"author":[{"embeddable":true,"href":"https:\/\/adidam.eu\/fr\/wp-json\/wp\/v2\/users\/1"}],"replies":[{"embeddable":true,"href":"https:\/\/adidam.eu\/fr\/wp-json\/wp\/v2\/comments?post=4089"}],"version-history":[{"count":5,"href":"https:\/\/adidam.eu\/fr\/wp-json\/wp\/v2\/pages\/4089\/revisions"}],"predecessor-version":[{"id":4211,"href":"https:\/\/adidam.eu\/fr\/wp-json\/wp\/v2\/pages\/4089\/revisions\/4211"}],"wp:attachment":[{"href":"https:\/\/adidam.eu\/fr\/wp-json\/wp\/v2\/media?parent=4089"}],"curies":[{"name":"wp","href":"https:\/\/api.w.org\/{rel}","templated":true}]}}