{"id":4116,"date":"2021-04-19T03:00:06","date_gmt":"2021-04-19T01:00:06","guid":{"rendered":"https:\/\/adidam.eu\/formations\/"},"modified":"2025-04-22T15:54:55","modified_gmt":"2025-04-22T13:54:55","slug":"formations","status":"publish","type":"page","link":"https:\/\/adidam.eu\/fr\/formations\/","title":{"rendered":"Formations"},"content":{"rendered":"<div class=\"fusion-fullwidth fullwidth-box fusion-builder-row-1 nonhundred-percent-fullwidth non-hundred-percent-height-scrolling\" style=\"--awb-border-radius-top-left:0px;--awb-border-radius-top-right:0px;--awb-border-radius-bottom-right:0px;--awb-border-radius-bottom-left:0px;--awb-padding-top:20px;--awb-padding-bottom:20px;--awb-flex-wrap:wrap;\" ><div class=\"fusion-builder-row fusion-row\"><div class=\"fusion-layout-column fusion_builder_column fusion-builder-column-0 fusion_builder_column_2_3 2_3 fusion-two-third fusion-column-first\" style=\"--awb-bg-size:cover;width:66.666666666667%;width:calc(66.666666666667% - ( ( 4% ) * 0.66666666666667 ) );margin-right: 4%;\"><div class=\"fusion-column-wrapper fusion-flex-column-wrapper-legacy\"><div class=\"fusion-text fusion-text-1\"><h1 class=\"adida-page-adi-da-quote\"><em>Le But de Mon apparition corporelle (humaine) ici est la Lib\u00e9ration Divine de <u>toute<\/u> l&rsquo;humanit\u00e9 &#8211; pas seulement des \u00eatres humains d&rsquo;Orient ou d&rsquo;Occident, mais de <u>tous<\/u> les \u00eatres humains (et, en effet, de <u>tous<\/u> les \u00eatres et de toutes les choses).<\/em><\/h1>\n<p>\n<\/div><div class=\"fusion-text fusion-text-2\"><p class=\"adi-da-quote-sub\" style=\"text-align: right;\">~ Avatar Adi Da Samraj<br \/>\n(DE L&rsquo;AVATAR DE CE QUI <u>EST<\/u>)<\/p>\n<p>\n<\/div><div class=\"fusion-sep-clear\"><\/div><div class=\"fusion-separator fusion-full-width-sep\" style=\"margin-left: auto;margin-right: auto;margin-top:50px;width:100%;\"><\/div><div class=\"fusion-sep-clear\"><\/div><div class=\"fusion-builder-row fusion-builder-row-inner fusion-row\"><div class=\"fusion-layout-column fusion_builder_column_inner fusion-builder-nested-column-0 fusion_builder_column_inner_1_1 1_1 fusion-one-full fusion-column-first fusion-column-last courses-page-centerblock-container\" style=\"--awb-bg-size:cover;\"><div class=\"fusion-column-wrapper fusion-flex-column-wrapper-legacy\"><div class=\"fusion-title title fusion-title-1 fusion-title-text fusion-title-size-one courses-page-centerblock-h1 \" style=\"--awb-margin-top-small:10px;--awb-margin-right-small:0px;--awb-margin-bottom-small:10px;--awb-margin-left-small:0px;\"><h1 class=\"fusion-title-heading title-heading-left\" style=\"margin:0;\">Cours<\/h1><span class=\"awb-title-spacer\"><\/span><div class=\"title-sep-container\"><div class=\"title-sep sep-double sep-solid\" style=\"border-color:#e0dede;\"><\/div><\/div><\/div><div class=\"fusion-text fusion-text-3\"><h3 class=\"courses-page-centerblock-h3\">Adidam Europe propose des cours sur Adi Da Samraj et la Voie Spirituelle qu&rsquo;Il Propose. Tous les cours peuvent \u00eatre suivis en ligne via Zoom. Si vous avez des questions sur les cours, veuillez nous envoyer un e-mail \u00e0 l&rsquo;adresse <a href=\"mailto:info@adidam.eu\">info@adidam.eu<\/a>.<\/h3>\n<p>\n<\/div><div class=\"fusion-sep-clear\"><\/div><div class=\"fusion-separator fusion-full-width-sep\" style=\"margin-left: auto;margin-right: auto;margin-bottom:15px;width:100%;\"><\/div><div class=\"fusion-sep-clear\"><\/div><div class=\"fusion-title title fusion-title-2 fusion-sep-none fusion-title-text fusion-title-size-four courses-page-centerblock-title-h4\" style=\"--awb-margin-top-small:10px;--awb-margin-right-small:0px;--awb-margin-bottom-small:10px;--awb-margin-left-small:0px;\"><h4 class=\"fusion-title-heading title-heading-left\" style=\"margin:0;\"><a href=\"#\">Le cours Da Avatar<\/a><\/h4><\/div><div class=\"fusion-text fusion-text-4\"><p class=\"courses-page-centerblock-body\"><img decoding=\"async\" class=\" wp-image-1384 alignright\" src=\"https:\/\/adidam.eu\/wp-content\/uploads\/2021\/04\/theavatarofwhatis_book_cover_300x464px.jpg\" alt=\"\" width=\"160\" height=\"247\" srcset=\"https:\/\/adidam.eu\/wp-content\/uploads\/2021\/04\/theavatarofwhatis_book_cover_300x464px-194x300.jpg 194w, https:\/\/adidam.eu\/wp-content\/uploads\/2021\/04\/theavatarofwhatis_book_cover_300x464px-200x309.jpg 200w, https:\/\/adidam.eu\/wp-content\/uploads\/2021\/04\/theavatarofwhatis_book_cover_300x464px.jpg 300w\" sizes=\"(max-width: 160px) 100vw, 160px\" \/>Dans ce cours en ligne, nous \u00e9tudierons <em>The Avatar of What <u>Is<\/u><\/em>. Ce livre de Carolyn Lee offre une merveilleuse introduction \u00e0 la vie et \u00e0 l&rsquo;\u0153uvre d&rsquo;Adi Da Samraj, de sa naissance \u00e0 nos jours, et permet de comprendre le singularit\u00e9 d&rsquo;Adi Da dans le contexte de la grande tradition de sagesse et de spiritualit\u00e9 humaines.<\/p>\n<\/p>\n<p class=\"courses-page-centerblock-body\">Le cours se compose de quatre s\u00e9ances en ligne via Zoom. Chaque s\u00e9ance couvre deux chapitres du livre, et nous abordons des questions, montrons des vid\u00e9os d&rsquo;Adi Da Samraj et racontons des histoires li\u00e9es au sujet du soir. Le cours sera anim\u00e9 par R\u00e9n\u00e9e Pierrot et Bart Lohr, deux d\u00e9vots de longue date d&rsquo;Adi Da Samraj qui animent \u00e9galement les retraites \u00ab Where is Happiness \u00bb au Danda Europ\u00e9en. Comme nous avons des participants de diff\u00e9rents pays, le cours se d\u00e9roulera en anglais, mais nous pouvons vous aider en n\u00e9erlandais, fran\u00e7ais, allemand et espagnol.<\/p>\n<\/p>\n<p class=\"courses-page-centerblock-body\">Pour le cours, vous aurez besoin d&rsquo;un exemplaire de <em>The Avatar of What <u>Is<\/u><\/em>. Le livre est disponible dans notre <a href=\"https:\/\/adidambookshop.eu\/products\/the-avatar-of-what-is?variant=47211292721495\" target=\"_blank\" rel=\"noopener\">Librarie en-ligne<\/a>. La version \u00e9lectronique est disponible sur Amazon. <em>(Important : si vous achetez la version broch\u00e9e, veuillez vous procurer l&rsquo;\u00e9dition 2018 ou 2019, et non l&rsquo;\u00e9dition 2007)<\/em><\/p>\n<p>\n<\/div><div class=\"fusion-sep-clear\"><\/div><div class=\"fusion-separator fusion-full-width-sep\" style=\"margin-left: auto;margin-right: auto;margin-bottom:15px;width:100%;\"><\/div><div class=\"fusion-sep-clear\"><\/div><div class=\"fusion-aligncenter\"><a class=\"fusion-button button-flat fusion-button-default-size button-default fusion-button-default button-1 fusion-button-default-span fusion-button-default-type\" target=\"_self\" href=\"https:\/\/adidam.eu\/courses\/register\/\"><span class=\"fusion-button-text awb-button__text awb-button__text--default\">INSCRIVEZ-VOUS<\/span><\/a><\/div><div class=\"fusion-sep-clear\"><\/div><div class=\"fusion-separator fusion-full-width-sep\" style=\"margin-left: auto;margin-right: auto;margin-bottom:30px;width:100%;\"><\/div><div class=\"fusion-sep-clear\"><\/div><div class=\"fusion-title title fusion-title-3 fusion-sep-none fusion-title-text fusion-title-size-four courses-page-centerblock-title-h4\" style=\"--awb-margin-top-small:10px;--awb-margin-right-small:0px;--awb-margin-bottom-small:10px;--awb-margin-left-small:0px;\"><h4 class=\"fusion-title-heading title-heading-left\" style=\"margin:0;\"><a href=\"#\">Le cours de la Voie-de-la-R\u00e9alit\u00e9 d\u2019Adidam<\/a><\/h4><\/div><div class=\"fusion-text fusion-text-5\"><p class=\"courses-page-centerblock-body\"><img decoding=\"async\" class=\"wp-image-2366 alignright\" src=\"https:\/\/adidam.eu\/wp-content\/uploads\/2023\/01\/therealitywayofadidam_book_cover_300x430px.jpg\" alt=\"\" width=\"160\" height=\"229\" srcset=\"https:\/\/adidam.eu\/wp-content\/uploads\/2023\/01\/therealitywayofadidam_book_cover_300x430px-200x287.jpg 200w, https:\/\/adidam.eu\/wp-content\/uploads\/2023\/01\/therealitywayofadidam_book_cover_300x430px-209x300.jpg 209w, https:\/\/adidam.eu\/wp-content\/uploads\/2023\/01\/therealitywayofadidam_book_cover_300x430px.jpg 300w\" sizes=\"(max-width: 160px) 100vw, 160px\" \/>Une introduction \u00e0 la d\u00e9votion \u00ab radicale \u00bb, \u00e0 la vie saine et \u00e0 la \u00ab Connaissance Parfaite \u00bb qui sont les \u00e9l\u00e9ments essentiels de la Voie d&rsquo;Adidam.<\/p>\n<\/p>\n<p class=\"courses-page-centerblock-body\">Ce cours est bas\u00e9 sur les instructions et les enseignements les plus r\u00e9cents d&rsquo;Avatar Adi Da, qui simplifient et clarifient la base et la pratique de la Voie d&rsquo;Adidam.<\/p>\n<\/p>\n<p class=\"courses-page-centerblock-body\">En cinq s\u00e9ances toutes les deux semaines, nous \u00e9tudions et examinons le texte du livre <em>The Reality-Way of Adidam: The Divine Process That Outshines All Seeking in the Perfect Freedom of Reality Itself.<\/em><\/p>\n<\/p>\n<p class=\"courses-page-centerblock-body\">Pour ce cours, vous aurez besoin d&rsquo;un exemplaire de <em>The Reality-Way of Adidam<\/em>. Le livre est disponible dans notre <a href=\"https:\/\/adidambookshop.eu\/products\/the-reality-way-of-adidam-1?_pos=1&amp;_psq=The+Reality-Way+of+Adidam&amp;_ss=e&amp;_v=1.0\" target=\"_blank\" rel=\"noopener\">Librairie en ligne<\/a>.<\/p>\n<p>\n<\/div><div class=\"fusion-sep-clear\"><\/div><div class=\"fusion-separator fusion-full-width-sep\" style=\"margin-left: auto;margin-right: auto;margin-bottom:15px;width:100%;\"><\/div><div class=\"fusion-sep-clear\"><\/div><div class=\"fusion-aligncenter\"><a class=\"fusion-button button-flat fusion-button-default-size button-default fusion-button-default button-2 fusion-button-default-span fusion-button-default-type\" target=\"_self\" href=\"https:\/\/adidam.eu\/courses\/register\/\"><span class=\"fusion-button-text awb-button__text awb-button__text--default\">INSCRIVEZ-VOUS<\/span><\/a><\/div><div class=\"fusion-sep-clear\"><\/div><div class=\"fusion-separator fusion-full-width-sep\" style=\"margin-left: auto;margin-right: auto;margin-bottom:30px;width:100%;\"><\/div><div class=\"fusion-sep-clear\"><\/div><div class=\"fusion-title title fusion-title-4 fusion-sep-none fusion-title-text fusion-title-size-four courses-page-centerblock-title-h4\" style=\"--awb-margin-top-small:10px;--awb-margin-right-small:0px;--awb-margin-bottom-small:10px;--awb-margin-left-small:0px;\"><h4 class=\"fusion-title-heading title-heading-left\" style=\"margin:0;\"><a href=\"#\">Le cours Le Plus Grand Don<\/a><\/h4><\/div><div class=\"fusion-text fusion-text-6\"><p class=\"courses-page-centerblock-body\"><img decoding=\"async\" class=\" wp-image-1385 alignright\" src=\"https:\/\/adidam.eu\/wp-content\/uploads\/2021\/04\/theeightpartadmonition_book_cover_300x460px.jpg\" alt=\"\" width=\"160\" height=\"245\" srcset=\"https:\/\/adidam.eu\/wp-content\/uploads\/2021\/04\/theeightpartadmonition_book_cover_300x460px-196x300.jpg 196w, https:\/\/adidam.eu\/wp-content\/uploads\/2021\/04\/theeightpartadmonition_book_cover_300x460px-200x307.jpg 200w, https:\/\/adidam.eu\/wp-content\/uploads\/2021\/04\/theeightpartadmonition_book_cover_300x460px.jpg 300w\" sizes=\"(max-width: 160px) 100vw, 160px\" \/>Apr\u00e8s avoir appris davantage sur la vie et l&rsquo;enseignement d&rsquo;Avatar Adi Da Samraj, nous \u00e9tudierons dans ce cours ce que signifie la pratique spirituelle sans ego pour notre vie quotidienne. Qu&rsquo;est-ce que la pratique spirituelle si ce n&rsquo;est chercher \u00e0 s&rsquo;am\u00e9liorer ou \u00e0 atteindre quelque chose pour une personnalit\u00e9 pr\u00e9sum\u00e9e ind\u00e9pendante? Nous \u00e9tudierons le livre <em>The Gift of the Eight-Part Admonition<\/em>, qui constitue une bonne introduction aux principes de base de la pratique spirituelle qu&rsquo;Adi Da offre \u00e0 ses fid\u00e8les. Le cours se compose de quatre s\u00e9ances en ligne toutes les deux semaines via Zoom. Entre les s\u00e9ances, vous \u00eates invit\u00e9(e) et encourag\u00e9(e) \u00e0 exp\u00e9rimenter les pratiques que nous abordons lors des s\u00e9ances.<\/p>\n<\/p>\n<p class=\"courses-page-centerblock-body\">Pour ce cours, vous aurez besoin d&rsquo;un exemplaire de <em>The Gift of the Eight-Part Admonition<\/em>. Le livre est disponible dans notre <a href=\"https:\/\/adidambookshop.eu\/products\/the-gift-of-the-eight-part-admonition?_pos=1&amp;_psq=The+Gift+of+the+Eight-Part+Admonition&amp;_ss=e&amp;_v=1.0\" target=\"_blank\" rel=\"noopener\">Librarie en-ligne<\/a>.<\/p>\n<p>\n<\/div><div class=\"fusion-sep-clear\"><\/div><div class=\"fusion-separator fusion-full-width-sep\" style=\"margin-left: auto;margin-right: auto;margin-bottom:15px;width:100%;\"><\/div><div class=\"fusion-sep-clear\"><\/div><div class=\"fusion-aligncenter\"><a class=\"fusion-button button-flat fusion-button-default-size button-default fusion-button-default button-3 fusion-button-default-span fusion-button-default-type\" target=\"_self\" href=\"https:\/\/adidam.eu\/courses\/register\/\"><span class=\"fusion-button-text awb-button__text awb-button__text--default\">INSCRIVEZ-VOUS<\/span><\/a><\/div><div class=\"fusion-sep-clear\"><\/div><div class=\"fusion-separator fusion-full-width-sep\" style=\"margin-left: auto;margin-right: auto;margin-bottom:30px;width:100%;\"><\/div><div class=\"fusion-sep-clear\"><\/div><div class=\"fusion-title title fusion-title-5 fusion-sep-none fusion-title-text fusion-title-size-four courses-page-centerblock-title-h4\" style=\"--awb-margin-top-small:10px;--awb-margin-right-small:0px;--awb-margin-bottom-small:10px;--awb-margin-left-small:0px;\"><h4 class=\"fusion-title-heading title-heading-left\" style=\"margin:0;\"><a href=\"#\">Les cours pour devenir membre<\/a><\/h4><\/div><div class=\"fusion-text fusion-text-7\"><p class=\"courses-page-centerblock-body\">Cours de pr\u00e9paration \u00e0 l&rsquo;admission en tant que membre officiel de la deuxi\u00e8me ou troisi\u00e8me congr\u00e9gation d&rsquo;Adidam Ruchiradam.<\/p>\n<\/div><div class=\"fusion-sep-clear\"><\/div><div class=\"fusion-separator fusion-full-width-sep\" style=\"margin-left: auto;margin-right: auto;margin-bottom:15px;width:100%;\"><\/div><div class=\"fusion-sep-clear\"><\/div><div class=\"fusion-aligncenter\"><a class=\"fusion-button button-flat fusion-button-default-size button-default fusion-button-default button-4 fusion-button-default-span fusion-button-default-type\" target=\"_self\" href=\"https:\/\/adidam.eu\/fr\/formations\/cours-dadhesion-a-adidam\/\"><span class=\"fusion-button-text awb-button__text awb-button__text--default\">INFORMATION &#038; INSCRIPTION<\/span><\/a><\/div><div class=\"fusion-sep-clear\"><\/div><div class=\"fusion-separator fusion-full-width-sep\" style=\"margin-left: auto;margin-right: auto;margin-bottom:10px;width:100%;\"><\/div><div class=\"fusion-sep-clear\"><\/div><div class=\"fusion-clearfix\"><\/div><\/div><\/div><\/div><div class=\"fusion-sep-clear\"><\/div><div class=\"fusion-separator fusion-full-width-sep\" style=\"margin-left: auto;margin-right: auto;margin-top:50px;width:100%;\"><\/div><div class=\"fusion-sep-clear\"><\/div><div class=\"fusion-builder-row fusion-builder-row-inner fusion-row\"><div class=\"fusion-layout-column fusion_builder_column_inner fusion-builder-nested-column-1 fusion_builder_column_inner_1_3 1_3 fusion-one-third fusion-column-first\" style=\"--awb-bg-size:cover;width:33.333333333333%;width:calc(33.333333333333% - ( ( 4% + 4% ) * 0.33333333333333 ) );margin-right: 4%;\"><div class=\"fusion-column-wrapper fusion-flex-column-wrapper-legacy\"><div class=\"fusion-content-boxes content-boxes columns row fusion-columns-1 fusion-columns-total-1 fusion-content-boxes-1 content-boxes-icon-on-top content-left icon-watch\" style=\"--awb-body-color:#37939b;--awb-title-color:#37939b;--awb-hover-accent-color:#00474f;--awb-circle-hover-accent-color:#00474f;--awb-item-margin-bottom:40px;\" data-animationOffset=\"top-into-view\"><div style=\"--awb-backgroundcolor:rgba(255,255,255,0);\" class=\"fusion-column content-box-column content-box-column content-box-column-1 col-lg-12 col-md-12 col-sm-12 fusion-content-box-hover content-box-column-last content-box-column-last-in-row\"><div class=\"col content-box-wrapper content-wrapper link-area-link-icon link-type-text icon-hover-animation-fade\" data-animationOffset=\"top-into-view\"><div class=\"heading heading-with-icon icon-left\"><a class=\"heading-link\" href=\"https:\/\/adidam.eu\/watch\/\" target=\"_self\"><div aria-hidden=\"true\" class=\"image\"><img decoding=\"async\" src=\"https:\/\/adidam.eu\/wp-content\/uploads\/2016\/12\/adidam_home_icon_watch.png\" width=\"81\" height=\"81\" alt=\"\" \/><\/div><h2 class=\"content-box-heading\" style=\"--h2_typography-font-size:32px;line-height:37px;\">Regarder<\/h2><\/a><\/div><\/div><\/div><div class=\"fusion-clearfix\"><\/div><\/div><div class=\"fusion-clearfix\"><\/div><\/div><\/div><div class=\"fusion-layout-column fusion_builder_column_inner fusion-builder-nested-column-2 fusion_builder_column_inner_1_3 1_3 fusion-one-third\" style=\"--awb-bg-size:cover;width:33.333333333333%;width:calc(33.333333333333% - ( ( 4% + 4% ) * 0.33333333333333 ) );margin-right: 4%;\"><div class=\"fusion-column-wrapper fusion-flex-column-wrapper-legacy\"><div class=\"fusion-content-boxes content-boxes columns row fusion-columns-1 fusion-columns-total-1 fusion-content-boxes-2 content-boxes-icon-on-top content-left icon-read\" style=\"--awb-body-color:#737b35;--awb-title-color:#737b35;--awb-hover-accent-color:#404802;--awb-circle-hover-accent-color:#404802;--awb-item-margin-bottom:40px;\" data-animationOffset=\"top-into-view\"><div style=\"--awb-backgroundcolor:rgba(255,255,255,0);\" class=\"fusion-column content-box-column content-box-column content-box-column-1 col-lg-12 col-md-12 col-sm-12 fusion-content-box-hover content-box-column-last content-box-column-last-in-row\"><div class=\"col content-box-wrapper content-wrapper link-area-link-icon link-type-text icon-hover-animation-fade\" data-animationOffset=\"top-into-view\"><div class=\"heading heading-with-icon icon-left\"><a class=\"heading-link\" href=\"https:\/\/adidam.eu\/read\/\" target=\"_self\"><div aria-hidden=\"true\" class=\"image\"><img decoding=\"async\" src=\"https:\/\/adidam.eu\/wp-content\/uploads\/2016\/12\/adidam_home_icon_read.png\" width=\"81\" height=\"81\" alt=\"\" \/><\/div><h2 class=\"content-box-heading\" style=\"--h2_typography-font-size:32px;line-height:37px;\">Lire<\/h2><\/a><\/div><\/div><\/div><div class=\"fusion-clearfix\"><\/div><\/div><div class=\"fusion-clearfix\"><\/div><\/div><\/div><div class=\"fusion-layout-column fusion_builder_column_inner fusion-builder-nested-column-3 fusion_builder_column_inner_1_3 1_3 fusion-one-third fusion-column-last\" style=\"--awb-bg-size:cover;width:33.333333333333%;width:calc(33.333333333333% - ( ( 4% + 4% ) * 0.33333333333333 ) );\"><div class=\"fusion-column-wrapper fusion-flex-column-wrapper-legacy\"><div class=\"fusion-content-boxes content-boxes columns row fusion-columns-1 fusion-columns-total-1 fusion-content-boxes-3 content-boxes-icon-on-top content-left icon-listen\" style=\"--awb-body-color:#b3740d;--awb-title-color:#b3740d;--awb-hover-accent-color:#804100;--awb-circle-hover-accent-color:#804100;--awb-item-margin-bottom:40px;\" data-animationOffset=\"top-into-view\"><div style=\"--awb-backgroundcolor:rgba(255,255,255,0);\" class=\"fusion-column content-box-column content-box-column content-box-column-1 col-lg-12 col-md-12 col-sm-12 fusion-content-box-hover content-box-column-last content-box-column-last-in-row\"><div class=\"col content-box-wrapper content-wrapper link-area-link-icon link-type-text icon-hover-animation-fade\" data-animationOffset=\"top-into-view\"><div class=\"heading heading-with-icon icon-left\"><a class=\"heading-link\" href=\"https:\/\/adidam.eu\/listen\/\" target=\"_self\"><div aria-hidden=\"true\" class=\"image\"><img decoding=\"async\" src=\"https:\/\/adidam.eu\/wp-content\/uploads\/2016\/12\/adidam_home_icon_listen.png\" width=\"81\" height=\"81\" alt=\"\" \/><\/div><h2 class=\"content-box-heading\" style=\"--h2_typography-font-size:32px;line-height:37px;\">\u00c9couter<\/h2><\/a><\/div><\/div><\/div><div class=\"fusion-clearfix\"><\/div><\/div><div class=\"fusion-clearfix\"><\/div><\/div><\/div><\/div><div class=\"fusion-clearfix\"><\/div><\/div><\/div><div class=\"fusion-layout-column fusion_builder_column fusion-builder-column-1 fusion_builder_column_1_3 1_3 fusion-one-third fusion-column-last\" style=\"--awb-bg-position:right center;--awb-bg-size:cover;width:33.333333333333%;width:calc(33.333333333333% - ( ( 4% ) * 0.33333333333333 ) );\"><div class=\"fusion-column-wrapper fusion-flex-column-wrapper-legacy\"><div class=\"fusion-image-element in-legacy-container\" style=\"--awb-caption-title-font-family:var(--h2_typography-font-family);--awb-caption-title-font-weight:var(--h2_typography-font-weight);--awb-caption-title-font-style:var(--h2_typography-font-style);--awb-caption-title-size:var(--h2_typography-font-size);--awb-caption-title-transform:var(--h2_typography-text-transform);--awb-caption-title-line-height:var(--h2_typography-line-height);--awb-caption-title-letter-spacing:var(--h2_typography-letter-spacing);\"><span class=\" fusion-imageframe imageframe-none imageframe-1 hover-type-none\"><img decoding=\"async\" width=\"355\" height=\"481\" title=\"adidam_sidebar_coursespage\" src=\"https:\/\/adidam.eu\/wp-content\/uploads\/2016\/12\/adidam_sidebar_coursespage.png\" alt class=\"img-responsive wp-image-294\" srcset=\"https:\/\/adidam.eu\/wp-content\/uploads\/2016\/12\/adidam_sidebar_coursespage-200x271.png 200w, https:\/\/adidam.eu\/wp-content\/uploads\/2016\/12\/adidam_sidebar_coursespage.png 355w\" sizes=\"(max-width: 1200px) 100vw, 355px\" \/><\/span><\/div><div class=\"fusion-sep-clear\"><\/div><div class=\"fusion-separator fusion-full-width-sep\" style=\"margin-left: auto;margin-right: auto;margin-top:30px;width:100%;\"><\/div><div class=\"fusion-sep-clear\"><\/div><div class=\"fusion-clearfix\"><\/div><\/div><\/div><\/div><\/div>\n","protected":false},"excerpt":{"rendered":"","protected":false},"author":1,"featured_media":0,"parent":0,"menu_order":0,"comment_status":"closed","ping_status":"closed","template":"100-width.php","meta":{"footnotes":""},"class_list":["post-4116","page","type-page","status-publish","hentry"],"_links":{"self":[{"href":"https:\/\/adidam.eu\/fr\/wp-json\/wp\/v2\/pages\/4116","targetHints":{"allow":["GET"]}}],"collection":[{"href":"https:\/\/adidam.eu\/fr\/wp-json\/wp\/v2\/pages"}],"about":[{"href":"https:\/\/adidam.eu\/fr\/wp-json\/wp\/v2\/types\/page"}],"author":[{"embeddable":true,"href":"https:\/\/adidam.eu\/fr\/wp-json\/wp\/v2\/users\/1"}],"replies":[{"embeddable":true,"href":"https:\/\/adidam.eu\/fr\/wp-json\/wp\/v2\/comments?post=4116"}],"version-history":[{"count":46,"href":"https:\/\/adidam.eu\/fr\/wp-json\/wp\/v2\/pages\/4116\/revisions"}],"predecessor-version":[{"id":4208,"href":"https:\/\/adidam.eu\/fr\/wp-json\/wp\/v2\/pages\/4116\/revisions\/4208"}],"wp:attachment":[{"href":"https:\/\/adidam.eu\/fr\/wp-json\/wp\/v2\/media?parent=4116"}],"curies":[{"name":"wp","href":"https:\/\/api.w.org\/{rel}","templated":true}]}}