{"id":4143,"date":"2016-12-08T02:59:50","date_gmt":"2016-12-08T01:59:50","guid":{"rendered":"https:\/\/adidam.eu\/adidam\/"},"modified":"2025-04-22T11:39:10","modified_gmt":"2025-04-22T09:39:10","slug":"adidam","status":"publish","type":"page","link":"https:\/\/adidam.eu\/fr\/adidam\/","title":{"rendered":"Adidam"},"content":{"rendered":"<div class=\"fusion-fullwidth fullwidth-box fusion-builder-row-1 nonhundred-percent-fullwidth non-hundred-percent-height-scrolling\" style=\"--awb-border-radius-top-left:0px;--awb-border-radius-top-right:0px;--awb-border-radius-bottom-right:0px;--awb-border-radius-bottom-left:0px;--awb-padding-top:20px;--awb-padding-bottom:20px;--awb-flex-wrap:wrap;\" ><div class=\"fusion-builder-row fusion-row\"><div class=\"fusion-layout-column fusion_builder_column fusion-builder-column-0 fusion_builder_column_2_3 2_3 fusion-two-third fusion-column-first\" style=\"--awb-bg-size:cover;width:66.666666666667%;width:calc(66.666666666667% - ( ( 4% ) * 0.66666666666667 ) );margin-right: 4%;\"><div class=\"fusion-column-wrapper fusion-flex-column-wrapper-legacy\"><div class=\"fusion-text fusion-text-1\"><h1 class=\"adidam-page-adi-da-quote\"><em>Adidam n&rsquo;est pas une religion conventionnelle, ni un mode de vie conventionnel.<br \/>\nAdidam n&rsquo;est pas bas\u00e9 sur la mythologie ou la croyance.<\/em><\/h1>\n<\/div><div class=\"fusion-sep-clear\"><\/div><div class=\"fusion-separator fusion-full-width-sep\" style=\"margin-left: auto;margin-right: auto;margin-top:20px;width:100%;\"><\/div><div class=\"fusion-sep-clear\"><\/div><div class=\"fusion-text fusion-text-2\"><h1 class=\"adidam-page-adi-da-quote\"><em>Adidam est une \u00ab consid\u00e9ration de la r\u00e9alit\u00e9 \u00bb dans laquelle les diff\u00e9rents modes d&rsquo;\u00e9gotisme sont directement transcend\u00e9s.<\/em><\/h1>\n<\/div><div class=\"fusion-text fusion-text-3\"><h1 class=\"adidam-page-adi-da-quote\"><em>Adidam est un Mode de Vie universellement applicable.<\/em><\/h1>\n<\/div><div class=\"fusion-sep-clear\"><\/div><div class=\"fusion-separator fusion-full-width-sep\" style=\"margin-left: auto;margin-right: auto;margin-top:20px;width:100%;\"><\/div><div class=\"fusion-sep-clear\"><\/div><div class=\"fusion-text fusion-text-4\"><h1 class=\"adidam-page-adi-da-quote\"><em>Adidam est pour ceux qui le choisiront, et dont le c\u0153ur et l&rsquo;intelligence r\u00e9pondent pleinement \u00e0 Moi et \u00e0 Mon Offrande.<br \/>\nAdidam est une Grande R\u00e9v\u00e9lation, et elle doit \u00eatre communiqu\u00e9e librement et ouvertement \u00e0 tous.<\/em><\/h1>\n<\/div><div class=\"fusion-sep-clear\"><\/div><div class=\"fusion-separator fusion-full-width-sep\" style=\"margin-left: auto;margin-right: auto;margin-top:20px;width:100%;\"><\/div><div class=\"fusion-sep-clear\"><\/div><div class=\"fusion-text fusion-text-5\"><p class=\"adi-da-quote-sub\" style=\"text-align: right;\">~ Avatar Adi Da Samraj<\/p>\n<\/div><div class=\"fusion-sep-clear\"><\/div><div class=\"fusion-separator fusion-full-width-sep\" style=\"margin-left: auto;margin-right: auto;margin-top:50px;width:100%;\"><\/div><div class=\"fusion-sep-clear\"><\/div><div class=\"fusion-builder-row fusion-builder-row-inner fusion-row\"><div class=\"fusion-layout-column fusion_builder_column_inner fusion-builder-nested-column-0 fusion_builder_column_inner_1_2 1_2 fusion-one-half fusion-column-first adidam-page-text-block\" style=\"--awb-bg-size:cover;width:50%;width:calc(50% - ( ( 4% ) * 0.5 ) );margin-right: 4%;\"><div class=\"fusion-column-wrapper fusion-flex-column-wrapper-legacy\"><div class=\"fusion-text fusion-text-6\"><p><strong>La source de la Voie-de-la-R\u00e9alit\u00e9 d&rsquo;Adidam<\/strong> est l&rsquo;Avatar Adi Da lui-m\u00eame. Du d\u00e9but \u00e0 la fin, la pratique d&rsquo;Adidam est fond\u00e9e sur la reconnaissance et la r\u00e9ponse d\u00e9votionnelles toujours plus profondes de chacun \u00e0 l&rsquo;\u00c9tat Divin d&rsquo;Existence de l&rsquo;Avatar Adi Da Samraj. Cette reconnaissance simple et tacite et cette r\u00e9ponse \u00e0 Lui se manifestent comme l&rsquo;impulsion inn\u00e9e du c\u0153ur \u00e0 devenir Son d\u00e9vot et \u00e0 pratiquer la Voie-de-la-R\u00e9alit\u00e9 d&rsquo;Adidam en Sa Compagnie.<\/p>\n<\/div><div class=\"fusion-sep-clear\"><\/div><div class=\"fusion-separator fusion-full-width-sep\" style=\"margin-left: auto;margin-right: auto;margin-bottom:20px;width:100%;\"><\/div><div class=\"fusion-sep-clear\"><\/div><div class=\"fusion-text fusion-text-7\"><p><strong class=\"red-subhead\">Les Agences Divinement Habilit\u00e9es de l&rsquo;\u0152uvre de l&rsquo;Avatar Adi Da<\/strong><br \/>Durant Sa vie physique, l&rsquo;Avatar Adi Da a \u00e9tabli les moyens essentiels par lesquels Sa R\u00e9v\u00e9lation-de-Soi Divine est offerte \u00e0 tous et la pratique de la Voie-de-la-R\u00e9alit\u00e9 d&rsquo;Adidam est rendue possible \u00e0 perp\u00e9tuit\u00e9. Ces moyens sont :<\/p>\n<ul>\n<li>La forme humaine corporelle d&rsquo;Avatar Adi Da (pr\u00e9serv\u00e9e sur des photographies et d&rsquo;autres supports visuels)<\/li>\n<\/ul>\n<\/div><div class=\"fusion-clearfix\"><\/div><\/div><\/div><div class=\"fusion-layout-column fusion_builder_column_inner fusion-builder-nested-column-1 fusion_builder_column_inner_1_2 1_2 fusion-one-half fusion-column-last adidam-page-text-block-right\" style=\"--awb-bg-size:cover;width:50%;width:calc(50% - ( ( 4% ) * 0.5 ) );\"><div class=\"fusion-column-wrapper fusion-flex-column-wrapper-legacy\"><div class=\"fusion-text fusion-text-8\"><ul>\n<li>Son Enseignement \u00e9crit et oral et les Leelas (ou r\u00e9cits) de Sa Vie et de Son \u0152uvre<\/li>\n<li>Les Ermitages et Sanctuaires de Retraite d&rsquo;Adidam, Spirituellement Habilit\u00e9s<\/li>\n<li>La culture coop\u00e9rative sacr\u00e9e des d\u00e9vots qui pratiquent toutes les disciplines humaines, relationnelles et spirituelles de la Voie-de-la-R\u00e9alit\u00e9 d&rsquo;Adidam<\/li>\n<\/ul>\n<p>Avatar Adi Da a cr\u00e9\u00e9 un Mode de vie complet qui inclut toutes ces Agences comme Ses Dons \u00e0 tous ceux qui pratiquent le Voie-de-la-R\u00e9alit\u00e9 d&rsquo;Adidam.<\/p>\n<\/div><div class=\"fusion-sep-clear\"><\/div><div class=\"fusion-separator fusion-full-width-sep\" style=\"margin-left: auto;margin-right: auto;margin-bottom:20px;width:100%;\"><\/div><div class=\"fusion-sep-clear\"><\/div><div class=\"fusion-text fusion-text-9\"><p>Nous invitons chacun \u00e0 explorer tous ces Dons, ainsi que les diff\u00e9rentes formes d&rsquo;implication dans une relation d\u00e9votionnelle et Spirituelle directe avec Lui.<\/p>\n<\/div><div class=\"fusion-clearfix\"><\/div><\/div><\/div><\/div><div class=\"fusion-builder-row fusion-builder-row-inner fusion-row\"><div class=\"fusion-layout-column fusion_builder_column_inner fusion-builder-nested-column-2 fusion_builder_column_inner_1_1 1_1 fusion-one-full fusion-column-first fusion-column-last adidapage-centerquote-container\" style=\"--awb-bg-size:cover;\"><div class=\"fusion-column-wrapper fusion-flex-column-wrapper-legacy\"><div class=\"fusion-text fusion-text-10\"><p class=\"adida-page-center-qoute\">Je suis comme la soleil du matin. J&rsquo;intensifie la lumi\u00e8re du matin jusqu&rsquo;\u00e0 ce que vous vous R\u00e9veilliez.<br \/>\nJusqu&rsquo;\u00e0 ce que la Lumi\u00e8re vous R\u00e9veille, m\u00eame la Lumi\u00e8re de la Conscience Elle-m\u00eame, vous continuez \u00e0 r\u00eaver, \u00e0 essayer de survivre dans le r\u00eave, \u00e0 vous manipuler dans le r\u00eave, \u00e0 poursuivre toutes sortes de buts, de recherches  \u2014 dont aucun ne vous R\u00e9veille.<\/p>\n<\/div><div class=\"fusion-text fusion-text-11\"><p class=\"adida-page-center-qoute-signature\">~ Avatar Adi Da Samraj \u00ab LA VOIE DU VOYAGEUR ANCENSTRAL \u00bb<\/p>\n<\/div><div class=\"fusion-clearfix\"><\/div><\/div><\/div><\/div><div class=\"fusion-builder-row fusion-builder-row-inner fusion-row\"><div class=\"fusion-layout-column fusion_builder_column_inner fusion-builder-nested-column-3 fusion_builder_column_inner_1_2 1_2 fusion-one-half fusion-column-first adidam-page-text-block\" style=\"--awb-bg-size:cover;width:50%;width:calc(50% - ( ( 4% ) * 0.5 ) );margin-right: 4%;\"><div class=\"fusion-column-wrapper fusion-flex-column-wrapper-legacy\"><div class=\"fusion-text fusion-text-12\"><p><strong class=\"red-subhead\">Offres de retraite<\/strong><br \/>Des retraites sont r\u00e9guli\u00e8rement propos\u00e9es dans diff\u00e9rents lieux et au Danda Europ\u00e9en, le principal ashram et centre de retraite d&rsquo;Adidam en Europe.<\/p>\n<p>Pour plus d&rsquo;informations sur les retraites, rendez-vous sur la page de <a href=\"https:\/\/adidam.eu\/fr\/evenements\/\" target=\"_self\" rel=\"noopener\">l&rsquo;\u00e9v\u00e9nement<\/a>.<\/p>\n<\/div><div class=\"fusion-sep-clear\"><\/div><div class=\"fusion-separator fusion-full-width-sep\" style=\"margin-left: auto;margin-right: auto;margin-bottom:20px;width:100%;\"><\/div><div class=\"fusion-sep-clear\"><\/div><div class=\"fusion-text fusion-text-13\"><p><strong class=\"red-subhead\">Le Danda Europ\u00e9en<\/strong><br \/>Le Danda Europ\u00e9en est situ\u00e9 dans un ancien monast\u00e8re dans le sud des Pays-Bas, pr\u00e8s de la fronti\u00e8re allemande et belge.<\/p>\n<\/div><div class=\"fusion-sep-clear\"><\/div><div class=\"fusion-separator fusion-full-width-sep\" style=\"margin-left: auto;margin-right: auto;margin-bottom:20px;width:100%;\"><\/div><div class=\"fusion-sep-clear\"><\/div><div class=\"fusion-text fusion-text-14\"><p><strong class=\"red-subhead\">Histoire<\/strong><br \/>\u00c0 l&rsquo;\u00e9t\u00e9 1986, Avatar Adi Da Samraj a fait un s\u00e9jour en Europe. Les d\u00e9vots ont cherch\u00e9 un endroit appropri\u00e9 o\u00f9 Adi Da pourrait se r\u00e9unir avec Ses fid\u00e8les. De pr\u00e9f\u00e9rence un endroit qui pourrait servir \u00e0 l&rsquo;avenir d&rsquo;ashram et de centre de retraite. \u00c0 cette \u00e9poque, le monast\u00e8re \u00e9tait inoccup\u00e9, et les p\u00e8res qui y vivaient auparavant nous ont gentiment permis de l&rsquo;utiliser pendant quelques semaines. Le monast\u00e8re de Maria Hoop semblait \u00eatre un endroit appropri\u00e9. Adi Da y est rest\u00e9 plusieurs jours et a donn\u00e9 une conf\u00e9rence dans la chapelle \u00e0 des fid\u00e8les venus de toute l&rsquo;Europe.<\/p>\n<\/div><div class=\"fusion-clearfix\"><\/div><\/div><\/div><div class=\"fusion-layout-column fusion_builder_column_inner fusion-builder-nested-column-4 fusion_builder_column_inner_1_2 1_2 fusion-one-half fusion-column-last adidam-page-text-block-right\" style=\"--awb-bg-size:cover;width:50%;width:calc(50% - ( ( 4% ) * 0.5 ) );\"><div class=\"fusion-column-wrapper fusion-flex-column-wrapper-legacy\"><div class=\"fusion-text fusion-text-15\"><p>Trois ans plus tard, en 1989, le monast\u00e8re a \u00e9t\u00e9 achet\u00e9 par Adidam. Depuis, l&rsquo;ancien monast\u00e8re a fonctionn\u00e9 comme un Ashram et un Centre de Retraite Europ\u00e9en d\u00e9di\u00e9 \u00e0 l&rsquo;\u0153uvre d&rsquo;Adi Da Samraj. Plus tard, le Mus\u00e9e d&rsquo;Art d\u2019Adi Da a \u00e9galement \u00e9t\u00e9 cr\u00e9\u00e9 dans le b\u00e2timent avec une collection unique d&rsquo;Art Figuratif d&rsquo;Adi Da. En 1996, lors d&rsquo;un deuxi\u00e8me voyage en Europe, Adi Da s\u00e9journa \u00e0 nouveau \u00e0 l&rsquo;Ashram, cette fois pour une p\u00e9riode plus longue. Adi Da lui donna le nom de \u00ab Danda Europ\u00e9en \u00bb. Danda signifie \u00ab b\u00e2ton \u00bb en sanskrit, en r\u00e9f\u00e9rence aux traditions indiennes selon lesquelles l&rsquo;essence du pouvoir spirituel du ma\u00eetre se transmet par son b\u00e2ton.<\/p>\n<p>Une partie de la propri\u00e9t\u00e9 du Danda Europ\u00e9en est \u00e9galement une zone foresti\u00e8re, une zone de prairie avec un petit ruisseau, et un jardin biologique de fleurs et de l\u00e9gumes. Il s&rsquo;agit d&rsquo;une zone Natura2000 prot\u00e9g\u00e9e, o\u00f9 plusieurs esp\u00e8ces menac\u00e9es peuvent trouver refuge.<\/p>\n<\/div><div class=\"fusion-sep-clear\"><\/div><div class=\"fusion-separator fusion-full-width-sep\" style=\"margin-left: auto;margin-right: auto;margin-bottom:20px;width:100%;\"><\/div><div class=\"fusion-sep-clear\"><\/div><div class=\"fusion-text fusion-text-16\"><p>Si vous \u00eates int\u00e9ress\u00e9, vous pouvez participer \u00e0 des opportunit\u00e9s de b\u00e9n\u00e9volat. (Voir la page <a href=\"https:\/\/adidam.eu\/fr\/evenements\/\" target=\"_blank\" rel=\"noopener\">d&rsquo;\u00e9v\u00e9nements<\/a>)<\/p>\n<\/div><div class=\"fusion-clearfix\"><\/div><\/div><\/div><\/div><div class=\"fusion-sep-clear\"><\/div><div class=\"fusion-separator fusion-full-width-sep\" style=\"margin-left: auto;margin-right: auto;margin-top:50px;width:100%;\"><\/div><div class=\"fusion-sep-clear\"><\/div><div class=\"fusion-builder-row fusion-builder-row-inner fusion-row\"><div class=\"fusion-layout-column fusion_builder_column_inner fusion-builder-nested-column-5 fusion_builder_column_inner_1_3 1_3 fusion-one-third fusion-column-first\" style=\"--awb-bg-size:cover;width:33.333333333333%;width:calc(33.333333333333% - ( ( 4% + 4% ) * 0.33333333333333 ) );margin-right: 4%;\"><div class=\"fusion-column-wrapper fusion-flex-column-wrapper-legacy\"><div class=\"fusion-content-boxes content-boxes columns row fusion-columns-1 fusion-columns-total-1 fusion-content-boxes-1 content-boxes-icon-on-top content-left icon-watch\" style=\"--awb-body-color:#37939b;--awb-title-color:#37939b;--awb-hover-accent-color:#00474f;--awb-circle-hover-accent-color:#00474f;--awb-item-margin-bottom:40px;\" data-animationOffset=\"top-into-view\"><div style=\"--awb-backgroundcolor:rgba(255,255,255,0);\" class=\"fusion-column content-box-column content-box-column content-box-column-1 col-lg-12 col-md-12 col-sm-12 fusion-content-box-hover content-box-column-last content-box-column-last-in-row\"><div class=\"col content-box-wrapper content-wrapper link-area-link-icon link-type-text icon-hover-animation-fade\" data-animationOffset=\"top-into-view\"><div class=\"heading heading-with-icon icon-left\"><a class=\"heading-link\" href=\"https:\/\/adidam.eu\/watch\/\" target=\"_self\"><div aria-hidden=\"true\" class=\"image\"><img decoding=\"async\" src=\"https:\/\/adidam.eu\/wp-content\/uploads\/2016\/12\/adidam_home_icon_watch.png\" width=\"81\" height=\"81\" alt=\"\" \/><\/div><h2 class=\"content-box-heading\" style=\"--h2_typography-font-size:32px;line-height:37px;\">Regarder<\/h2><\/a><\/div><\/div><\/div><div class=\"fusion-clearfix\"><\/div><\/div><div class=\"fusion-clearfix\"><\/div><\/div><\/div><div class=\"fusion-layout-column fusion_builder_column_inner fusion-builder-nested-column-6 fusion_builder_column_inner_1_3 1_3 fusion-one-third\" style=\"--awb-bg-size:cover;width:33.333333333333%;width:calc(33.333333333333% - ( ( 4% + 4% ) * 0.33333333333333 ) );margin-right: 4%;\"><div class=\"fusion-column-wrapper fusion-flex-column-wrapper-legacy\"><div class=\"fusion-content-boxes content-boxes columns row fusion-columns-1 fusion-columns-total-1 fusion-content-boxes-2 content-boxes-icon-on-top content-left icon-read\" style=\"--awb-body-color:#737b35;--awb-title-color:#737b35;--awb-hover-accent-color:#404802;--awb-circle-hover-accent-color:#404802;--awb-item-margin-bottom:40px;\" data-animationOffset=\"top-into-view\"><div style=\"--awb-backgroundcolor:rgba(255,255,255,0);\" class=\"fusion-column content-box-column content-box-column content-box-column-1 col-lg-12 col-md-12 col-sm-12 fusion-content-box-hover content-box-column-last content-box-column-last-in-row\"><div class=\"col content-box-wrapper content-wrapper link-area-link-icon link-type-text icon-hover-animation-fade\" data-animationOffset=\"top-into-view\"><div class=\"heading heading-with-icon icon-left\"><a class=\"heading-link\" href=\"https:\/\/adidam.eu\/read\/\" target=\"_self\"><div aria-hidden=\"true\" class=\"image\"><img decoding=\"async\" src=\"https:\/\/adidam.eu\/wp-content\/uploads\/2016\/12\/adidam_home_icon_read.png\" width=\"81\" height=\"81\" alt=\"\" \/><\/div><h2 class=\"content-box-heading\" style=\"--h2_typography-font-size:32px;line-height:37px;\">Lire<\/h2><\/a><\/div><\/div><\/div><div class=\"fusion-clearfix\"><\/div><\/div><div class=\"fusion-clearfix\"><\/div><\/div><\/div><div class=\"fusion-layout-column fusion_builder_column_inner fusion-builder-nested-column-7 fusion_builder_column_inner_1_3 1_3 fusion-one-third fusion-column-last\" style=\"--awb-bg-size:cover;width:33.333333333333%;width:calc(33.333333333333% - ( ( 4% + 4% ) * 0.33333333333333 ) );\"><div class=\"fusion-column-wrapper fusion-flex-column-wrapper-legacy\"><div class=\"fusion-content-boxes content-boxes columns row fusion-columns-1 fusion-columns-total-1 fusion-content-boxes-3 content-boxes-icon-on-top content-left icon-listen\" style=\"--awb-body-color:#b3740d;--awb-title-color:#b3740d;--awb-hover-accent-color:#804100;--awb-circle-hover-accent-color:#804100;--awb-item-margin-bottom:40px;\" data-animationOffset=\"top-into-view\"><div style=\"--awb-backgroundcolor:rgba(255,255,255,0);\" class=\"fusion-column content-box-column content-box-column content-box-column-1 col-lg-12 col-md-12 col-sm-12 fusion-content-box-hover content-box-column-last content-box-column-last-in-row\"><div class=\"col content-box-wrapper content-wrapper link-area-link-icon link-type-text icon-hover-animation-fade\" data-animationOffset=\"top-into-view\"><div class=\"heading heading-with-icon icon-left\"><a class=\"heading-link\" href=\"https:\/\/adidam.eu\/listen\/\" target=\"_self\"><div aria-hidden=\"true\" class=\"image\"><img decoding=\"async\" src=\"https:\/\/adidam.eu\/wp-content\/uploads\/2016\/12\/adidam_home_icon_listen.png\" width=\"81\" height=\"81\" alt=\"\" \/><\/div><h2 class=\"content-box-heading\" style=\"--h2_typography-font-size:32px;line-height:37px;\">\u00c9couter<\/h2><\/a><\/div><\/div><\/div><div class=\"fusion-clearfix\"><\/div><\/div><div class=\"fusion-clearfix\"><\/div><\/div><\/div><\/div><div class=\"fusion-clearfix\"><\/div><\/div><\/div><div class=\"fusion-layout-column fusion_builder_column fusion-builder-column-1 fusion_builder_column_1_3 1_3 fusion-one-third fusion-column-last\" style=\"--awb-bg-position:right center;--awb-bg-size:cover;width:33.333333333333%;width:calc(33.333333333333% - ( ( 4% ) * 0.33333333333333 ) );\"><div class=\"fusion-column-wrapper fusion-flex-column-wrapper-legacy\"><div class=\"fusion-video fusion-youtube\" style=\"--awb-max-width:351px;--awb-max-height:197px;\"><div class=\"video-shortcode\"><div class=\"fluid-width-video-wrapper\" style=\"padding-top:56.13%;\" ><iframe title=\"YouTube video player 1\" src=\"https:\/\/www.youtube.com\/embed\/8omuybBC90w?wmode=transparent&autoplay=0&amp;rel=0\" width=\"351\" height=\"197\" allowfullscreen allow=\"autoplay; clipboard-write; encrypted-media; gyroscope; picture-in-picture;\"><\/iframe><\/div><\/div><\/div><div class=\"fusion-sep-clear\"><\/div><div class=\"fusion-separator fusion-full-width-sep\" style=\"margin-left: auto;margin-right: auto;margin-top:10px;width:100%;\"><\/div><div class=\"fusion-sep-clear\"><\/div><div class=\"fusion-title title fusion-title-1 fusion-sep-none fusion-title-text fusion-title-size-one homepage-events-sidebar-h1 \" style=\"--awb-margin-top-small:10px;--awb-margin-right-small:0px;--awb-margin-bottom-small:10px;--awb-margin-left-small:0px;\"><h1 class=\"fusion-title-heading title-heading-left\" style=\"margin:0;\">L\u2019Heritage d\u2019Avatar Adi Da<\/h1><\/div><div class=\"fusion-sep-clear\"><\/div><div class=\"fusion-separator fusion-full-width-sep\" style=\"margin-left: auto;margin-right: auto;margin-top:30px;width:100%;\"><\/div><div class=\"fusion-sep-clear\"><\/div><div class=\"fusion-image-element in-legacy-container\" style=\"--awb-caption-title-font-family:var(--h2_typography-font-family);--awb-caption-title-font-weight:var(--h2_typography-font-weight);--awb-caption-title-font-style:var(--h2_typography-font-style);--awb-caption-title-size:var(--h2_typography-font-size);--awb-caption-title-transform:var(--h2_typography-text-transform);--awb-caption-title-line-height:var(--h2_typography-line-height);--awb-caption-title-letter-spacing:var(--h2_typography-letter-spacing);\"><span class=\" fusion-imageframe imageframe-none imageframe-1 hover-type-none\"><img decoding=\"async\" width=\"355\" height=\"444\" title=\"adidam_sidebar_picture_aletheon116\" src=\"https:\/\/adidam.eu\/wp-content\/uploads\/2016\/12\/adidam_sidebar_picture_aletheon116.png\" alt class=\"img-responsive wp-image-4144\" srcset=\"https:\/\/adidam.eu\/wp-content\/uploads\/2016\/12\/adidam_sidebar_picture_aletheon116-200x250.png 200w, https:\/\/adidam.eu\/wp-content\/uploads\/2016\/12\/adidam_sidebar_picture_aletheon116.png 355w\" sizes=\"(max-width: 1200px) 100vw, 355px\" \/><\/span><\/div><div class=\"fusion-sep-clear\"><\/div><div class=\"fusion-separator fusion-full-width-sep\" style=\"margin-left: auto;margin-right: auto;margin-top:30px;width:100%;\"><\/div><div class=\"fusion-sep-clear\"><\/div><div class=\"fusion-image-element in-legacy-container\" style=\"--awb-caption-title-font-family:var(--h2_typography-font-family);--awb-caption-title-font-weight:var(--h2_typography-font-weight);--awb-caption-title-font-style:var(--h2_typography-font-style);--awb-caption-title-size:var(--h2_typography-font-size);--awb-caption-title-transform:var(--h2_typography-text-transform);--awb-caption-title-line-height:var(--h2_typography-line-height);--awb-caption-title-letter-spacing:var(--h2_typography-letter-spacing);\"><span class=\" fusion-imageframe imageframe-none imageframe-2 hover-type-none\"><img decoding=\"async\" width=\"464\" height=\"349\" title=\"the European Danda\" src=\"https:\/\/adidam.eu\/wp-content\/uploads\/2016\/12\/adidam_sidebar_theeuropeandanda.png\" alt class=\"img-responsive wp-image-4079\" srcset=\"https:\/\/adidam.eu\/wp-content\/uploads\/2016\/12\/adidam_sidebar_theeuropeandanda-200x150.png 200w, https:\/\/adidam.eu\/wp-content\/uploads\/2016\/12\/adidam_sidebar_theeuropeandanda-400x301.png 400w, https:\/\/adidam.eu\/wp-content\/uploads\/2016\/12\/adidam_sidebar_theeuropeandanda.png 464w\" sizes=\"(max-width: 1200px) 100vw, 400px\" \/><\/span><\/div><div class=\"fusion-sep-clear\"><\/div><div class=\"fusion-separator fusion-full-width-sep\" style=\"margin-left: auto;margin-right: auto;margin-top:30px;width:100%;\"><\/div><div class=\"fusion-sep-clear\"><\/div><div class=\"fusion-image-element in-legacy-container\" style=\"--awb-caption-title-font-family:var(--h2_typography-font-family);--awb-caption-title-font-weight:var(--h2_typography-font-weight);--awb-caption-title-font-style:var(--h2_typography-font-style);--awb-caption-title-size:var(--h2_typography-font-size);--awb-caption-title-transform:var(--h2_typography-text-transform);--awb-caption-title-line-height:var(--h2_typography-line-height);--awb-caption-title-letter-spacing:var(--h2_typography-letter-spacing);\"><span class=\" fusion-imageframe imageframe-none imageframe-3 hover-type-none\"><img decoding=\"async\" width=\"464\" height=\"309\" title=\"the European Danda\" src=\"https:\/\/adidam.eu\/wp-content\/uploads\/2021\/06\/danda_vooraanzicht_464x309px_100kb.jpg\" alt class=\"img-responsive wp-image-1624\" srcset=\"https:\/\/adidam.eu\/wp-content\/uploads\/2021\/06\/danda_vooraanzicht_464x309px_100kb-200x133.jpg 200w, https:\/\/adidam.eu\/wp-content\/uploads\/2021\/06\/danda_vooraanzicht_464x309px_100kb-400x266.jpg 400w, https:\/\/adidam.eu\/wp-content\/uploads\/2021\/06\/danda_vooraanzicht_464x309px_100kb.jpg 464w\" sizes=\"(max-width: 1200px) 100vw, 400px\" \/><\/span><\/div><div class=\"fusion-sep-clear\"><\/div><div class=\"fusion-separator fusion-full-width-sep\" style=\"margin-left: auto;margin-right: auto;margin-top:30px;width:100%;\"><\/div><div class=\"fusion-sep-clear\"><\/div><div class=\"fusion-image-element in-legacy-container\" style=\"--awb-caption-title-font-family:var(--h2_typography-font-family);--awb-caption-title-font-weight:var(--h2_typography-font-weight);--awb-caption-title-font-style:var(--h2_typography-font-style);--awb-caption-title-size:var(--h2_typography-font-size);--awb-caption-title-transform:var(--h2_typography-text-transform);--awb-caption-title-line-height:var(--h2_typography-line-height);--awb-caption-title-letter-spacing:var(--h2_typography-letter-spacing);\"><span class=\" fusion-imageframe imageframe-none imageframe-4 hover-type-none\"><img decoding=\"async\" width=\"464\" height=\"309\" title=\"the European Danda\" src=\"https:\/\/adidam.eu\/wp-content\/uploads\/2021\/06\/danda_poli_464x309px_80kb.jpg\" alt class=\"img-responsive wp-image-1625\" srcset=\"https:\/\/adidam.eu\/wp-content\/uploads\/2021\/06\/danda_poli_464x309px_80kb-200x133.jpg 200w, https:\/\/adidam.eu\/wp-content\/uploads\/2021\/06\/danda_poli_464x309px_80kb-400x266.jpg 400w, https:\/\/adidam.eu\/wp-content\/uploads\/2021\/06\/danda_poli_464x309px_80kb.jpg 464w\" sizes=\"(max-width: 1200px) 100vw, 400px\" \/><\/span><\/div><div class=\"fusion-clearfix\"><\/div><\/div><\/div><\/div><\/div>\n","protected":false},"excerpt":{"rendered":"","protected":false},"author":1,"featured_media":0,"parent":0,"menu_order":0,"comment_status":"closed","ping_status":"closed","template":"100-width.php","meta":{"footnotes":""},"class_list":["post-4143","page","type-page","status-publish","hentry"],"_links":{"self":[{"href":"https:\/\/adidam.eu\/fr\/wp-json\/wp\/v2\/pages\/4143","targetHints":{"allow":["GET"]}}],"collection":[{"href":"https:\/\/adidam.eu\/fr\/wp-json\/wp\/v2\/pages"}],"about":[{"href":"https:\/\/adidam.eu\/fr\/wp-json\/wp\/v2\/types\/page"}],"author":[{"embeddable":true,"href":"https:\/\/adidam.eu\/fr\/wp-json\/wp\/v2\/users\/1"}],"replies":[{"embeddable":true,"href":"https:\/\/adidam.eu\/fr\/wp-json\/wp\/v2\/comments?post=4143"}],"version-history":[{"count":3,"href":"https:\/\/adidam.eu\/fr\/wp-json\/wp\/v2\/pages\/4143\/revisions"}],"predecessor-version":[{"id":4148,"href":"https:\/\/adidam.eu\/fr\/wp-json\/wp\/v2\/pages\/4143\/revisions\/4148"}],"wp:attachment":[{"href":"https:\/\/adidam.eu\/fr\/wp-json\/wp\/v2\/media?parent=4143"}],"curies":[{"name":"wp","href":"https:\/\/api.w.org\/{rel}","templated":true}]}}