{"id":4247,"date":"2018-10-19T14:29:00","date_gmt":"2018-10-19T12:29:00","guid":{"rendered":"https:\/\/adidam.eu\/lire\/ma-parole-lumineuse\/"},"modified":"2025-04-28T10:36:47","modified_gmt":"2025-04-28T08:36:47","slug":"ma-parole-lumineuse","status":"publish","type":"page","link":"https:\/\/adidam.eu\/fr\/lire\/ma-parole-lumineuse\/","title":{"rendered":"Ma Parole Lumineuse"},"content":{"rendered":"<div class=\"fusion-fullwidth fullwidth-box fusion-builder-row-1 nonhundred-percent-fullwidth non-hundred-percent-height-scrolling\" style=\"--awb-border-radius-top-left:0px;--awb-border-radius-top-right:0px;--awb-border-radius-bottom-right:0px;--awb-border-radius-bottom-left:0px;--awb-padding-top:20px;--awb-padding-bottom:20px;--awb-flex-wrap:wrap;\" ><div class=\"fusion-builder-row fusion-row\"><div class=\"fusion-layout-column fusion_builder_column fusion-builder-column-0 fusion_builder_column_2_3 2_3 fusion-two-third fusion-column-first\" style=\"--awb-bg-size:cover;width:66.666666666667%;width:calc(66.666666666667% - ( ( 4% ) * 0.66666666666667 ) );margin-right: 4%;\"><div class=\"fusion-column-wrapper fusion-flex-column-wrapper-legacy\"><div class=\"fusion-builder-row fusion-builder-row-inner fusion-row\"><div class=\"fusion-layout-column fusion_builder_column_inner fusion-builder-nested-column-0 fusion_builder_column_inner_1_1 1_1 fusion-one-full fusion-column-first fusion-column-last read-page-centerblock-container\" style=\"--awb-bg-size:cover;\"><div class=\"fusion-column-wrapper fusion-flex-column-wrapper-legacy\"><div class=\"fusion-title title fusion-title-1 fusion-sep-none fusion-title-text fusion-title-size-one courses-page-centerblock-h1 \" style=\"--awb-margin-top-small:10px;--awb-margin-right-small:0px;--awb-margin-bottom-small:10px;--awb-margin-left-small:0px;\"><h1 class=\"fusion-title-heading title-heading-left\" style=\"margin:0;\">Ma Parole Lumineuse<\/h1><\/div><div class=\"fusion-text fusion-text-1\"><h5 class=\"courses-page-centerblock-h3\"><em>De : Le Sermon du Gorille<br \/>\nMa Parole Lumineuse, p. 236 &#8211; 241<\/em><\/h5>\n<p>\n<\/div><div class=\"fusion-text fusion-text-2\"><h5 class=\"courses-page-centerblock-h3\">Ma Parole Lumineuse est disponible \u00e0 notre <a href=\"https:\/\/adidambookshop.eu\/products\/my-bright-word?_pos=1&amp;_psq=My+Bright+Word&amp;_ss=e&amp;_v=1.0\" target=\"_blank\" rel=\"noopener\">Librarie en ligne<\/a>.<\/h5>\n<\/div><div class=\"fusion-sep-clear\"><\/div><div class=\"fusion-separator fusion-full-width-sep\" style=\"margin-left: auto;margin-right: auto;margin-bottom:20px;width:100%;\"><\/div><div class=\"fusion-sep-clear\"><\/div><div class=\"fusion-text fusion-text-3\"><p>AVATAR ADI DA SAMRAJ : Ecoutez.<\/p>\n<p>Il y a un dilemme.<br \/>Y a-t-il un dilemme ?<br \/>N&rsquo;y a-t-il pas de dilemme ?<br \/>Lorsque vous sortez de cette pi\u00e8ce et que l&rsquo;activit\u00e9 habituelle reprend, il peut sembler y avoir un dilemme, mais y a-t-il un dilemme ? Il n&rsquo;y a pas de dilemme. Il n&rsquo;y a que la sensation, l&rsquo;apparence, la pr\u00e9somption de dilemme. Si vous comprenez le dilemme, vous comprenez (\u00e0 ce moment-l\u00e0) que le dilemme n&rsquo;a pas d&rsquo;existence. Le dilemme n&rsquo;existe pas.<br \/>Dans ce cas, la question de savoir comment le dilemme se produit est inutile et fausse\u2014car d\u00e8s que l&rsquo;on cherche le dilemme, il n&rsquo;a plus de substance. N\u00e9anmoins, les gens continuent de pr\u00e9sumer l&rsquo;existence d&rsquo;un dilemme et de souffrances. Et le <u>supposition<\/u> est votre propre activit\u00e9. Au moment m\u00eame o\u00f9 vous pr\u00e9sumez qu&rsquo;il y a souffrance, dilemme, que votre recherche est justifi\u00e9e, le dilemme n&rsquo;est pas d\u00e9celable.<br \/>En r\u00e9alit\u00e9, il n&rsquo;y a que <u>Ceci<\/u>. Il n&rsquo;y a que l&rsquo;\u00c9vidence, que l&rsquo;\u00c9v\u00e9nement lui-m\u00eame \u2013 Avant le dilemme, Avant l&rsquo;exp\u00e9rience.<br \/>Le dilemme ne se manifeste jamais. Si vous l&rsquo;examinez d\u00e8s que vous commencez \u00e0 le ressentir, vous vous rendez compte qu&rsquo;il ne s&rsquo;est pas produit. Il n&rsquo;a pas de substance. S&rsquo;il s&rsquo;agit de quelque chose qui n&rsquo;a pas de substance, pas d&rsquo;existence, comment pouvez-vous y \u00eatre prisonnier ? Si vous comprenez votre propre activit\u00e9, il n&rsquo;y a pas de dilemme. Si vous ne comprenez pas, il semble y avoir un dilemme. Mais d\u00e8s que vous vous interrogez \u00e0 ce sujet, d\u00e8s que vous y regardez de plus pr\u00e8s, d\u00e8s que vous l&rsquo;examinez, vous vous rendez compte que le dilemme n&rsquo;existe pas.<br \/>En tant que chercheur, vous continuez \u00e0 renforcer votre pr\u00e9somption de dilemme\u2014mais cela ne signifie pas que le dilemme existe r\u00e9ellement. S&rsquo;il existait, vous pourriez faire quelque chose \u00e0 ce sujet. Il serait substantiel. Il se distinguerait des autres choses. Il aurait une forme, une limite, une dimension, une cons\u00e9quence. Alors les formes traditionnelles de magie et de Yoga seraient appropri\u00e9es, la recherche serait appropri\u00e9e.<br \/>Mais, d\u00e8s que vous examinez directement le dilemme, vous ne pouvez pas le trouver. Vous pouvez pr\u00e9sumer de son existence, mais vous ne pouvez pas r\u00e9ellement le trouver. Par cons\u00e9quent, comme il ne peut \u00eatre trouv\u00e9, puisque le dilemme n&rsquo;existe pas, la recherche n&rsquo;est pas justifi\u00e9e. La recherche est ce que vous faites uniquement lorsque vous pr\u00e9sumez que le dilemme existe. D\u00e8s que vous comprenez la non-r\u00e9alit\u00e9 de cette pr\u00e9somption, la recherche cesse.<\/p>\n<p>D\u00c9VOT : J&rsquo;ai constat\u00e9 que ce dilemme se manifeste souvent par un certain nombre de sensations diff\u00e9rentes. Les conditions externes qui g\u00e9n\u00e8rent ces sensations ne sont pas r\u00e9elles, mais la r\u00e9action semble r\u00e9elle. Pourriez-Vous expliquer cela ?<\/p>\n<p>AVATAR ADI DA SAMRAJ : Pourquoi pr\u00e9sumez-vous que votre r\u00e9action interne est plus r\u00e9elle que les forces externes auxquelles vous r\u00e9agissez ? Ce que vous dites, c&rsquo;est que votre supposition de dilemme (ou de souffrance) est r\u00e9elle dans tous les cas, m\u00eame si les circonstances ne le justifient pas ! Cette supposition que vous voulez faire sur votre propre contraction est la supposition dont je parle. C&rsquo;est <u>votre<\/u> supposition, n&rsquo;est-ce pas ?<\/p>\n<p>DEVOTEE : Eh bien, oui, la pr\u00e9somption est une chose mentale, mais la sensation est autre chose.<\/p>\n<p>AVATAR ADI DA SAMRAJ : Sur le plan mental, il y a une pr\u00e9somption &#8211; mais pouvez-vous faire une distinction absolue entre cette pr\u00e9somption mentale et ce que vous appelez \u00ab la sensation \u00bb ? Tout cela ne fait qu&rsquo;un seul processus. Et c&rsquo;est tout ce processus que j&rsquo;entends par \u00ab la pr\u00e9somption de dilemme \u00bb. Si vous mettez votre main dans le feu, puis que vous la retirez en r\u00e9action \u00e0 la chaleur, n&rsquo;avez-vous pas <u>pr\u00e9sum\u00e9<\/u> qu&rsquo;il \u00e9tait chaud ? N&rsquo;as-tu pas agi comme s&rsquo;il \u00e9tait chaud ? Tu peux y r\u00e9fl\u00e9chir apr\u00e8s coup et dire qu&rsquo;il \u00e9tait chaud, mais que tu y r\u00e9fl\u00e9chisses ou non, \u00e0 cet instant dans le feu, il y a cette r\u00e9ponse physique, cette r\u00e9action physique.<br \/>Les pens\u00e9es sont de la m\u00eame nature que la douleur ou toute autre r\u00e9action. Tous les \u00e9v\u00e9nements personnels sont des formes d&rsquo;autocontraction. Ils ont tous la m\u00eame qualit\u00e9, la m\u00eame structure. Retirer sa main parce que le feu est chaud est de la m\u00eame nature que penser que le feu est chaud avant ou apr\u00e8s l&rsquo;avoir touch\u00e9. En d&rsquo;autres termes, c&rsquo;est tout autant une pr\u00e9somption. Pr\u00e9sumer quelque chose, c&rsquo;est supposer, agir ou r\u00e9agir comme si c&rsquo;\u00e9tait le cas.<br \/>Pr\u00e9sumer quelque chose ne n\u00e9cessite pas de r\u00e9fl\u00e9chir. La r\u00e9flexion n&rsquo;est pas la seule forme de pr\u00e9somption, de supposition. On suppose \u00e0 tous les niveaux. Nos affirmations sur les choses ne sont pas simplement mentales. Il existe des pr\u00e9somptions mentales, des pr\u00e9somptions \u00e9motionnelles, des pr\u00e9somptions physiques, des pr\u00e9somptions instinctives (subconscientes et inconscientes). La pr\u00e9somption mentale (ou conceptuelle) en est une forme, mais il en existe de nombreuses autres\u2014et la forme mentale de la pr\u00e9somption n&rsquo;existe pas dans l&rsquo;isolement.<\/p>\n<p>D\u00c9VOT : Ma\u00eetre, pourriez-vous clarifier ce que vous entendez par \u00ab dilemme \u00bb ?<\/p>\n<p>AVATAR ADI DA SAMRAJ : J&rsquo;ai parl\u00e9 du dilemme dans le m\u00eame sens que je le fais dans <em>The Knee of Listening<\/em> Toutes les formes de recherche \u2013 toutes les poursuites, toutes les recherches du but, tous les yogas strat\u00e9giques, tous les efforts spirituels qui poursuivent une r\u00e9alisation quelconque \u2013 sont des r\u00e9ponses \u00e0 un dilemme ressenti, quelle que soit sa cat\u00e9gorie, quelle que soit son apparence \u00e0 un moment donn\u00e9. La signification fondamentale de \u00ab di-lemme \u00bb est \u00ab deux hypoth\u00e8ses \u00bb \u2013 une impasse, une situation difficile, un \u00e9tat vivant (ou une condition) de contradiction.<br \/>La source de la recherche est quelque chose qui pr\u00e9c\u00e8de la recherche elle-m\u00eame. L&rsquo;effort de recherche n&rsquo;affecte jamais sa propre motivation fondamentale. La recherche vise simplement \u00e0 atteindre son but particulier. La fonction de la recherche n&rsquo;est pas de modifier sa propre motivation, sa source, sa racine &#8211; le dilemme lui-m\u00eame. Aucune recherche ne peut jamais d\u00e9passer sa propre motivation, sa pr\u00e9somption fondamentale &#8211; qui est le dilemme.<br \/>C&rsquo;est pourquoi j&rsquo;ai parl\u00e9 de la vie spirituelle en termes d&rsquo;observation et de compr\u00e9hension du dilemme motivant (ou de la souffrance), dans le contexte du Satsang avec Moi, et non en termes de poursuite de r\u00e9alisations. J&rsquo;ai dit que la vie Spirituelle (ou la vie R\u00e9elle, ou la vie Consciente) exige la compr\u00e9hension spontan\u00e9e de cette motivation, de cette souffrance, qui pr\u00e9c\u00e8de votre qu\u00eate. Cependant, dans l&rsquo;histoire de la Grande Tradition, la vie Spirituelle a \u00e9t\u00e9 caract\u00e9ris\u00e9e par la recherche et la r\u00e9alisation des objectifs de cette qu\u00eate.<br \/>Ce que j&rsquo;appelle \u00ab dilemme \u00bb c&rsquo;est cette sensation, ce sentiment motivant, cette pr\u00e9somption, ce sentiment de contradiction, cette exp\u00e9rience qui sugg\u00e8re et refl\u00e8te quelque chose qui s&rsquo;est d\u00e9j\u00e0 produit : l&rsquo;\u00e9vitement de la relation, l&rsquo;auto-contraction, l&rsquo;activit\u00e9 de s\u00e9paration. L&rsquo;\u00e9vitement de la relation est l&rsquo;activit\u00e9 fondamentale qui se produit toujours actuellement, avant la recherche. Vous le ressentez comme un dilemme, cette sensation vague, un n\u0153ud dans l&rsquo;estomac &#8211; la pulsion, le mouvement, la motivation, qui g\u00e9n\u00e8re et n\u00e9cessite votre recherche. L\u00e0 o\u00f9 l&rsquo;\u00e9vitement de la relation n&rsquo;a pas eu lieu, l\u00e0 o\u00f9 il n&rsquo;y a que la relation, il n&rsquo;y a aucun de ces n\u0153uds, de ces r\u00e9actions motivantes.<br \/>Il est certainement vrai qu&rsquo;en outre la compr\u00e9hension de soi, vous vivez et r\u00e9agissez aux n\u0153uds de contraction. Les formes pr\u00e9sum\u00e9es de la souffrance <u>sont<\/u> v\u00e9cus, ils <u>se<\/u> produisent vraisemblablement, ils <u>sont<\/u><br \/>les conditions dans lesquelles on doit vivre et survivre en quelque sorte. Si vous ressentez une sorte d&rsquo;aggravation de fond &#8211; peur, anxi\u00e9t\u00e9, col\u00e8re &#8211; vous sentez les n\u0153uds ici et l\u00e0, et vous poursuivez votre recherche sur cette base. Vous cherchez \u00e0 vous lib\u00e9rer de la sensation des n\u0153uds. Mais, malgr\u00e9 tout ce que vous faites, rien n&rsquo;est fait \u00e0 votre propre activit\u00e9 d&rsquo;auto-contraction &#8211; \u00e0 laquelle vous r\u00e9agissez toujours.<br \/>En cons\u00e9quence, vous commencez \u00e0 pr\u00e9sumer de plus en plus que l&rsquo;\u00e9tat d&rsquo;auto-contraction est r\u00e9el, qu&rsquo;il s&rsquo;agit de votre condition actuelle. Par cons\u00e9quent, vous devenez de plus en plus convaincu que votre recherche est justifi\u00e9e. Et, ainsi, vous devenez de moins en moins intelligent \u00e0 propos de la motivation profonde de votre vie. Vous vous impliquez de plus en plus dans le sch\u00e9ma consistant \u00e0 toujours faire quelque chose <u>\u00e0<\/u> ce sujet. Vous r\u00e9agissez toujours et exclusivement au dilemme comme s&rsquo;il s&rsquo;agissait, en fait, de votre condition fondamentale. Les grands chercheurs sont ceux qui font les tentatives les plus spectaculaires pour \u00ab r\u00e9gler le probl\u00e8me \u00bb &#8211; parfaitement, absolument.<br \/>Or, toutes les formes de recherche sont de m\u00eame nature : elles prennent toutes le dilemme au s\u00e9rieux et le consid\u00e8rent comme le fait essentiel de la vie. Elles pr\u00e9sument de l&rsquo;auto-contraction \u2013 l&rsquo;\u00e9vitement de la relation. Le dilemme, le n\u0153ud, est le centre de la recherche. C&rsquo;est le v\u00e9ritable \u00ab Seigneur \u00bb de votre \u00ab Yoga \u00bb de la recherche. Et le dilemme lui-m\u00eame est le \u00ab Yogi \u00bb !<br \/>Le simple fait de faire de la mentalisation, de la philosophie ou du yoga relaxant n&rsquo;y change rien. Seule une compr\u00e9hension de soi \u00ab radicale \u00bb permet d&rsquo;\u00e9viter la recherche et son activit\u00e9 fondamentale. Et la compr\u00e9hension de soi \u00ab radicale \u00bb la plus parfaite est la Conscience Elle-m\u00eame, le Pouvoir M\u00eame de la Conscience Elle-m\u00eame &#8211; Vivant, \u00c9veillant, Existant, m\u00eame apparemment Agissant, Avant la pr\u00e9somption de dilemme. Seule la Conscience Elle-m\u00eame est Toujours D\u00e9j\u00e0 Libre de la pr\u00e9somption de dilemme.<br \/>\u00c0 terme, votre r\u00e9action \u00e0 l&rsquo;aggravation \u00e0 la base de votre propre contraction de soi se r\u00e9v\u00e8le infructueuse. M\u00eame lorsque vous avez men\u00e9 votre recherche \u00e0 son terme, lorsque vous avez endur\u00e9 toute la dur\u00e9e de votre aventure et tir\u00e9 toutes les le\u00e7ons, lorsque vous avez fait toutes les m\u00e9ditations habituelles et travers\u00e9 toutes les exp\u00e9riences, lorsque vous avez lu tous les livres\u2014le dilemme est toujours l\u00e0. Alors, la meilleure chose qui puisse vous arriver est que la recherche elle-m\u00eame commence \u00e0 s&rsquo;effondrer. Puis, progressivement, le dilemme cesse d&rsquo;\u00eatre renforc\u00e9 par toute activit\u00e9 corrective. La force de la perception de la vie tombe alors dans le dilemme. Vous n&rsquo;avez conscience que de ce dilemme. Vous ne faites plus rien pour r\u00e9soudre ce dilemme\u2014rien du tout. Vous n&rsquo;essayez m\u00eame pas d&rsquo;analyser le dilemme pour qu&rsquo;il prenne fin. Rien n&rsquo;est fait.<br \/>Pour l&rsquo;instant, la perception consciente est identifi\u00e9e au sentiment de dilemme. Lorsque la recherche cesse (dans une frustration in\u00e9vitable), la perception consciente <u>devient<\/u> le dilemme. En d&rsquo;autres termes, la conscience ne fait rien d&rsquo;autre, rien \u00e0 part le dilemme. Ceci est l&rsquo;\u00e9tape profonde de la pratique dans Ma Divine Compagnie-C\u0153ur Avatarique lorsque, en se tournant vers Ma Personne Divine Avatariquement Auto-R\u00e9v\u00e9l\u00e9e et vers Mon Enseignement de la Sagesse Divine Avatariquement Donn\u00e9, la crise de M&rsquo;entendre vraiment est endur\u00e9e. Lorsque Mon d\u00e9vot M&rsquo;entend vraiment, il y a une compr\u00e9hension la plus fondamentale du dilemme, caract\u00e9ris\u00e9e par la capacit\u00e9 constante de ressentir au-del\u00e0 de l&rsquo;auto-contraction &#8211; de sorte que l&rsquo;\u00e9vitement de la relation est remplac\u00e9 par le sentiment de connexit\u00e9 (en communion de c\u0153ur avec Moi).<br \/>Au final, le dilemme, comme la recherche, doit \u00eatre compris comme \u00e9tant votre propre activit\u00e9 &#8211; votre activit\u00e9 chronique et toujours pr\u00e9sente. Le dilemme est la structure et la motivation du drame habituel de chaque vie. Lorsque cela est clairement observ\u00e9, il y a alors une v\u00e9ritable compr\u00e9hension de soi. Avant cette crise \u00ab \u00e0 la racine \u00bb, toutes les choses que vous pouvez consid\u00e9rer comme une compr\u00e9hension de soi ne sont (en fait) que des approches curatives ou des exp\u00e9riences superficielles, dans lesquelles le dilemme a d\u00e9j\u00e0 \u00e9t\u00e9 pr\u00e9sum\u00e9.<\/p>\n<\/div><div class=\"fusion-sep-clear\"><\/div><div class=\"fusion-separator fusion-full-width-sep\" style=\"margin-left: auto;margin-right: auto;margin-bottom:20px;width:100%;\"><\/div><div class=\"fusion-sep-clear\"><\/div><div class=\"fusion-alignleft\"><a class=\"fusion-button button-flat button-medium button-default fusion-button-default button-1 fusion-button-default-span fusion-button-default-type\" target=\"_self\" href=\"..\/\"><span class=\"fusion-button-text awb-button__text awb-button__text--default\">Retour \u00e0 la lecture<\/span><\/a><\/div><div class=\"fusion-sep-clear\"><\/div><div class=\"fusion-separator fusion-full-width-sep\" style=\"margin-left: auto;margin-right: auto;margin-bottom:0px;width:100%;\"><\/div><div class=\"fusion-sep-clear\"><\/div><div class=\"fusion-clearfix\"><\/div><\/div><\/div><\/div><div class=\"fusion-sep-clear\"><\/div><div class=\"fusion-separator fusion-full-width-sep\" style=\"margin-left: auto;margin-right: auto;margin-top:50px;width:100%;\"><\/div><div class=\"fusion-sep-clear\"><\/div><div class=\"fusion-builder-row fusion-builder-row-inner fusion-row\"><div class=\"fusion-layout-column fusion_builder_column_inner fusion-builder-nested-column-1 fusion_builder_column_inner_1_3 1_3 fusion-one-third fusion-column-first\" style=\"--awb-bg-size:cover;width:33.333333333333%;width:calc(33.333333333333% - ( ( 4% + 4% ) * 0.33333333333333 ) );margin-right: 4%;\"><div class=\"fusion-column-wrapper fusion-flex-column-wrapper-legacy\"><div class=\"fusion-content-boxes content-boxes columns row fusion-columns-1 fusion-columns-total-1 fusion-content-boxes-1 content-boxes-icon-on-top content-left icon-watch\" style=\"--awb-body-color:#37939b;--awb-title-color:#37939b;--awb-hover-accent-color:#00474f;--awb-circle-hover-accent-color:#00474f;--awb-item-margin-bottom:40px;\" data-animationOffset=\"top-into-view\"><div style=\"--awb-backgroundcolor:rgba(255,255,255,0);\" class=\"fusion-column content-box-column content-box-column content-box-column-1 col-lg-12 col-md-12 col-sm-12 fusion-content-box-hover content-box-column-last content-box-column-last-in-row\"><div class=\"col content-box-wrapper content-wrapper link-area-link-icon link-type-text icon-hover-animation-fade\" data-animationOffset=\"top-into-view\"><div class=\"heading heading-with-icon icon-left\"><a class=\"heading-link\" href=\"https:\/\/adidam.eu\/fr\/regarder\/\" target=\"_self\"><div aria-hidden=\"true\" class=\"image\"><img decoding=\"async\" src=\"https:\/\/adidam.eu\/wp-content\/uploads\/2016\/12\/adidam_home_icon_watch.png\" width=\"81\" height=\"81\" alt=\"\" \/><\/div><h2 class=\"content-box-heading\" style=\"--h2_typography-font-size:32px;line-height:37px;\">Regarder<\/h2><\/a><\/div><\/div><\/div><div class=\"fusion-clearfix\"><\/div><\/div><div class=\"fusion-clearfix\"><\/div><\/div><\/div><div class=\"fusion-layout-column fusion_builder_column_inner fusion-builder-nested-column-2 fusion_builder_column_inner_1_3 1_3 fusion-one-third\" style=\"--awb-bg-size:cover;width:33.333333333333%;width:calc(33.333333333333% - ( ( 4% + 4% ) * 0.33333333333333 ) );margin-right: 4%;\"><div class=\"fusion-column-wrapper fusion-flex-column-wrapper-legacy\"><div class=\"fusion-content-boxes content-boxes columns row fusion-columns-1 fusion-columns-total-1 fusion-content-boxes-2 content-boxes-icon-on-top content-left icon-read\" style=\"--awb-body-color:#737b35;--awb-title-color:#737b35;--awb-hover-accent-color:#404802;--awb-circle-hover-accent-color:#404802;--awb-item-margin-bottom:40px;\" data-animationOffset=\"top-into-view\"><div style=\"--awb-backgroundcolor:rgba(255,255,255,0);\" class=\"fusion-column content-box-column content-box-column content-box-column-1 col-lg-12 col-md-12 col-sm-12 fusion-content-box-hover content-box-column-last content-box-column-last-in-row\"><div class=\"col content-box-wrapper content-wrapper link-area-link-icon link-type-text icon-hover-animation-fade\" data-animationOffset=\"top-into-view\"><div class=\"heading heading-with-icon icon-left\"><a class=\"heading-link\" href=\"https:\/\/adidam.eu\/fr\/lire\/\" target=\"_self\"><div aria-hidden=\"true\" class=\"image\"><img decoding=\"async\" src=\"https:\/\/adidam.eu\/wp-content\/uploads\/2016\/12\/adidam_home_icon_read.png\" width=\"81\" height=\"81\" alt=\"\" \/><\/div><h2 class=\"content-box-heading\" style=\"--h2_typography-font-size:32px;line-height:37px;\">Lire<\/h2><\/a><\/div><\/div><\/div><div class=\"fusion-clearfix\"><\/div><\/div><div class=\"fusion-clearfix\"><\/div><\/div><\/div><div class=\"fusion-layout-column fusion_builder_column_inner fusion-builder-nested-column-3 fusion_builder_column_inner_1_3 1_3 fusion-one-third fusion-column-last\" style=\"--awb-bg-size:cover;width:33.333333333333%;width:calc(33.333333333333% - ( ( 4% + 4% ) * 0.33333333333333 ) );\"><div class=\"fusion-column-wrapper fusion-flex-column-wrapper-legacy\"><div class=\"fusion-content-boxes content-boxes columns row fusion-columns-1 fusion-columns-total-1 fusion-content-boxes-3 content-boxes-icon-on-top content-left icon-listen\" style=\"--awb-body-color:#b3740d;--awb-title-color:#b3740d;--awb-hover-accent-color:#804100;--awb-circle-hover-accent-color:#804100;--awb-item-margin-bottom:40px;\" data-animationOffset=\"top-into-view\"><div style=\"--awb-backgroundcolor:rgba(255,255,255,0);\" class=\"fusion-column content-box-column content-box-column content-box-column-1 col-lg-12 col-md-12 col-sm-12 fusion-content-box-hover content-box-column-last content-box-column-last-in-row\"><div class=\"col content-box-wrapper content-wrapper link-area-link-icon link-type-text icon-hover-animation-fade\" data-animationOffset=\"top-into-view\"><div class=\"heading heading-with-icon icon-left\"><a class=\"heading-link\" href=\"https:\/\/adidam.eu\/listen\/\" target=\"_self\"><div aria-hidden=\"true\" class=\"image\"><img decoding=\"async\" src=\"https:\/\/adidam.eu\/wp-content\/uploads\/2016\/12\/adidam_home_icon_listen.png\" width=\"81\" height=\"81\" alt=\"\" \/><\/div><h2 class=\"content-box-heading\" style=\"--h2_typography-font-size:32px;line-height:37px;\">\u00c9couter<\/h2><\/a><\/div><\/div><\/div><div class=\"fusion-clearfix\"><\/div><\/div><div class=\"fusion-clearfix\"><\/div><\/div><\/div><\/div><div class=\"fusion-clearfix\"><\/div><\/div><\/div><div class=\"fusion-layout-column fusion_builder_column fusion-builder-column-1 fusion_builder_column_1_3 1_3 fusion-one-third fusion-column-last\" style=\"--awb-bg-position:right center;--awb-bg-size:cover;width:33.333333333333%;width:calc(33.333333333333% - ( ( 4% ) * 0.33333333333333 ) );\"><div class=\"fusion-column-wrapper fusion-flex-column-wrapper-legacy\"><div class=\"fusion-image-element fusion-image-align-left in-legacy-container\" style=\"text-align:left;--awb-caption-title-font-family:var(--h2_typography-font-family);--awb-caption-title-font-weight:var(--h2_typography-font-weight);--awb-caption-title-font-style:var(--h2_typography-font-style);--awb-caption-title-size:var(--h2_typography-font-size);--awb-caption-title-transform:var(--h2_typography-text-transform);--awb-caption-title-line-height:var(--h2_typography-line-height);--awb-caption-title-letter-spacing:var(--h2_typography-letter-spacing);\"><span class=\" fusion-imageframe imageframe-none imageframe-1 hover-type-none\" style=\"margin-right:25px;float:left;\"><img decoding=\"async\" width=\"200\" height=\"302\" title=\"adidam_uk_read_book_mybrightword_1_200px\" src=\"https:\/\/adidam.eu\/wp-content\/uploads\/2018\/11\/adidam_uk_read_book_mybrightword_1_200px.png\" alt class=\"img-responsive wp-image-4242\" srcset=\"https:\/\/adidam.eu\/wp-content\/uploads\/2018\/11\/adidam_uk_read_book_mybrightword_1_200px-199x300.png 199w, https:\/\/adidam.eu\/wp-content\/uploads\/2018\/11\/adidam_uk_read_book_mybrightword_1_200px.png 200w\" sizes=\"(max-width: 200px) 100vw, 200px\" \/><\/span><\/div><div class=\"fusion-clearfix\"><\/div><\/div><\/div><\/div><\/div>\n","protected":false},"excerpt":{"rendered":"","protected":false},"author":1,"featured_media":0,"parent":4232,"menu_order":0,"comment_status":"closed","ping_status":"closed","template":"100-width.php","meta":{"footnotes":""},"class_list":["post-4247","page","type-page","status-publish","hentry"],"_links":{"self":[{"href":"https:\/\/adidam.eu\/fr\/wp-json\/wp\/v2\/pages\/4247","targetHints":{"allow":["GET"]}}],"collection":[{"href":"https:\/\/adidam.eu\/fr\/wp-json\/wp\/v2\/pages"}],"about":[{"href":"https:\/\/adidam.eu\/fr\/wp-json\/wp\/v2\/types\/page"}],"author":[{"embeddable":true,"href":"https:\/\/adidam.eu\/fr\/wp-json\/wp\/v2\/users\/1"}],"replies":[{"embeddable":true,"href":"https:\/\/adidam.eu\/fr\/wp-json\/wp\/v2\/comments?post=4247"}],"version-history":[{"count":3,"href":"https:\/\/adidam.eu\/fr\/wp-json\/wp\/v2\/pages\/4247\/revisions"}],"predecessor-version":[{"id":4252,"href":"https:\/\/adidam.eu\/fr\/wp-json\/wp\/v2\/pages\/4247\/revisions\/4252"}],"up":[{"embeddable":true,"href":"https:\/\/adidam.eu\/fr\/wp-json\/wp\/v2\/pages\/4232"}],"wp:attachment":[{"href":"https:\/\/adidam.eu\/fr\/wp-json\/wp\/v2\/media?parent=4247"}],"curies":[{"name":"wp","href":"https:\/\/api.w.org\/{rel}","templated":true}]}}