{"id":4267,"date":"2018-10-19T14:59:28","date_gmt":"2018-10-19T12:59:28","guid":{"rendered":"https:\/\/adidam.eu\/lire\/not-two-is-peace\/"},"modified":"2025-04-28T11:31:14","modified_gmt":"2025-04-28T09:31:14","slug":"not-two-is-peace","status":"publish","type":"page","link":"https:\/\/adidam.eu\/fr\/lire\/not-two-is-peace\/","title":{"rendered":"Not-Two Is Peace"},"content":{"rendered":"<div class=\"fusion-fullwidth fullwidth-box fusion-builder-row-1 nonhundred-percent-fullwidth non-hundred-percent-height-scrolling\" style=\"--awb-border-radius-top-left:0px;--awb-border-radius-top-right:0px;--awb-border-radius-bottom-right:0px;--awb-border-radius-bottom-left:0px;--awb-padding-top:20px;--awb-padding-bottom:20px;--awb-flex-wrap:wrap;\" ><div class=\"fusion-builder-row fusion-row\"><div class=\"fusion-layout-column fusion_builder_column fusion-builder-column-0 fusion_builder_column_2_3 2_3 fusion-two-third fusion-column-first\" style=\"--awb-bg-size:cover;width:66.666666666667%;width:calc(66.666666666667% - ( ( 4% ) * 0.66666666666667 ) );margin-right: 4%;\"><div class=\"fusion-column-wrapper fusion-flex-column-wrapper-legacy\"><div class=\"fusion-builder-row fusion-builder-row-inner fusion-row\"><div class=\"fusion-layout-column fusion_builder_column_inner fusion-builder-nested-column-0 fusion_builder_column_inner_1_1 1_1 fusion-one-full fusion-column-first fusion-column-last read-page-centerblock-container\" style=\"--awb-bg-size:cover;\"><div class=\"fusion-column-wrapper fusion-flex-column-wrapper-legacy\"><div class=\"fusion-title title fusion-title-1 fusion-sep-none fusion-title-text fusion-title-size-one courses-page-centerblock-h1 \" style=\"--awb-margin-top-small:10px;--awb-margin-right-small:0px;--awb-margin-bottom-small:10px;--awb-margin-left-small:0px;\"><h1 class=\"fusion-title-heading title-heading-left\" style=\"margin:0;\">Not-Two Is Peace<\/h1><\/div><div class=\"fusion-text fusion-text-1\"><h5 class=\"courses-page-centerblock-h3\"><em>Not-Two Is Peace, p. ..<\/em><\/h5>\n<p>\n<\/div><div class=\"fusion-text fusion-text-2\"><h5 class=\"courses-page-centerblock-h3\">Not-Two Is Peace est disponible dans notre <a href=\"https:\/\/adidambookshop.eu\/products\/not-two-is-peace?_pos=1&#038;_psq=Not-Two+Is+Peace&#038;_ss=e&#038;_v=1.0&#038;variant=47006381539671\" target=\"_blank\" rel=\"noopener\">Librarie en ligne<\/a>.<\/h5>\n<\/div><div class=\"fusion-sep-clear\"><\/div><div class=\"fusion-separator fusion-full-width-sep\" style=\"margin-left: auto;margin-right: auto;margin-bottom:20px;width:100%;\"><\/div><div class=\"fusion-sep-clear\"><\/div><div class=\"fusion-text fusion-text-3\"><h3 class=\"home-page-centerblock-h3\" style=\"text-align: center;\">C + T = P :<br \/>\nFormule Pour la Paix Mondiale<\/h3>\n<\/p>\n<p style=\"text-align: center;\">1.<\/p>\n<p>Il est de la <u>plus grande<\/u> urgence \u00e0 l&rsquo;heure actuelle de renoncer imm\u00e9diatement, compl\u00e8tement, universellement et d\u00e9finitivement \u00e0 l&rsquo;esprit de s\u00e9paratisme politique, de comp\u00e9titivit\u00e9 \u00e0 outrance, et de division sans fin qui pr\u00e9vaut actuellement dans le monde\u2014afin que l&rsquo;ensemble de la population mondiale devienne universellement intelligente et fasse preuve d&rsquo;un esprit d&rsquo;un c\u0153ur positif de coop\u00e9ration et de tol\u00e9rance.<\/p>\n<p style=\"text-align: center;\">2.<\/p>\n<p>La seule fa\u00e7on de r\u00e9soudre la situation mondiale actuelle est que <u>tout le monde<\/u> \u00ab <u>soit humili\u00e9<\/u> \u00bb au lieu que chacun exige de \u00ab <u>pres\u00e9rver les apparences<\/u> \u00bb.<\/p>\n<p>L&rsquo;humanit\u00e9 tout enti\u00e8re devrait, en tant que collectif formalis\u00e9, \u00ab \u00eatre humili\u00e9e \u00bb collectivement, en reconnaissant que, si les \u00eatres humains ne vivent pas dans un esprit de coop\u00e9ration et de tol\u00e9rance formellement \u00e9tabli et maintenu, ils plongeront <u>in\u00e9vitablement<\/u> dans un comportement destructeur \u00e0 grande \u00e9chelle et universel.<\/p>\n<p>Ce n&rsquo;est qu&rsquo;en \u00e9tant \u00ab humili\u00e9s \u00bb <u>ensemble<\/u> que tous les \u00eatres humains pourront reconstituer la force morale et l&rsquo;autorit\u00e9 n\u00e9cessaires pour que les \u00eatres humains du monde entier exigent la coop\u00e9ration et la tol\u00e9rance les uns envers les autres. Ce n&rsquo;est que lorsqu&rsquo;il y aura <u>d&rsquo;abord<\/u> reconstitution d&rsquo;une force morale et d&rsquo;une autorit\u00e9 universellement \u00e9galis\u00e9es qu&rsquo;il y aura un accord universel pour cr\u00e9er et maintenir une communaut\u00e9 humaine mondiale v\u00e9ritablement coop\u00e9rative et tol\u00e9rante.<\/p>\n<p style=\"text-align: center;\">3.<\/p>\n<p>Les \u00eatres humains doivent accepter, avec humilit\u00e9, que leur juste place (et celle de chacun) dans la monde-famille naturellement indivisible de la Terre (y compris l&rsquo;humanit\u00e9) n&rsquo;est pas le \u00ab lieu de l&rsquo;ego \u00bb de la \u00ab <u>non-unit\u00e9<\/u> \u00bb <u>ant\u00e9rieur<\/u> (et, donc, de la s\u00e9paration, de la s\u00e9parativit\u00e9, de la domination et du contr\u00f4le), mais le \u00ab lieu du c\u0153ur \u00bb de la \u00ab <u>unit\u00e9<\/u> \u00bb <u>pr\u00e9alable<\/u> (et, donc, de la coop\u00e9ration et de la tol\u00e9rance transcendant l&rsquo;ego).9<\/p>\n<p>Ce n&rsquo;est pas la <u>recherche<\/u> de la paix (car <u>toute<\/u> recherche est n\u00e9cessairement bas\u00e9e sur une s\u00e9paration pr\u00e9alable ou pr\u00e9sum\u00e9e de ce qui est recherch\u00e9), mais l&rsquo;<u>affirmation active<\/u> et la <u>mise en \u0153uvre<\/u> de la paix (ou la pr\u00e9somption d&rsquo;unit\u00e9 et d&rsquo;absence de conflit, pr\u00e9alables et toujours pr\u00e9sentes, comme condition \u00e0 <u>toujours<\/u> affirmer, \u00e0 d\u00e9pendre, mettre en \u0153uvre et pr\u00e9server) qui est le v\u00e9ritable et unique moyen de r\u00e9aliser la paix.<\/p>\n<p>Ainsi, en termes pratiques, ce n&rsquo;est <u>que<\/u> sur le fondement actif de la coop\u00e9ration et de la tol\u00e9rance transcendant l&rsquo;ego qu&rsquo;il est possible d&rsquo;\u00e9tablir la paix (ou la vie juste) entre les \u00eatres vivants de <u>toutes<\/u> les formes et esp\u00e8ces.<\/p>\n<p>En effet, cet Appel \u00e0 une Vie Juste et \u00e0 la Paix est une grande Loi morale absolue, que j&rsquo;ai Repr\u00e9sent\u00e9e par la formule C + T = P, ou \u00ab Coop\u00e9ration + Tol\u00e9rance = Paix \u00bb.<\/p>\n<p>Il est absolument essentiel que la collectivit\u00e9 universelle de l&rsquo;humanit\u00e9 adopte formellement et mette r\u00e9ellement en \u0153uvre cette disposition morale universelle.<\/p>\n<p style=\"text-align: center;\">4.<\/p>\n<p>\u00ab Coop\u00e9ration + Tol\u00e9rance = Paix \u00bb est la Grande Alternative \u00e0 la voie \u00e9go\u00efste de la destruction universelle in\u00e9vitable &#8211; et, par cons\u00e9quent, cette Loi morale doit devenir une \u00ab autodiscipline \u00bb morale et pratique universellement accept\u00e9e (et <u>aussi<\/u> anticip\u00e9e)<br \/>Gr\u00e2ce \u00e0 l&rsquo;application universelle de cette grande Loi morale, le rassemblement des peuples du monde qui vagabondent sur Terre peut ressentir leur v\u00e9ritable force et leur unit\u00e9 ant\u00e9rieure (ou leur connexion inh\u00e9rente les uns aux autres) &#8211; et leur pouvoir collectif de transformer la politique \u00ab habituelle \u00bb (ou \u00ab r\u00e9elle \u00bb) de l&rsquo;\u00e9go\u00efsme, et ainsi cr\u00e9er et maintenir r\u00e9ellement la paix humaine dans le monde naturel.<\/p>\n<p>Chacun devrait se montrer favorable \u00e0 l&rsquo;\u00e9tablissement d&rsquo;une v\u00e9ritable communaut\u00e9 humaine coop\u00e9rative mondiale, car cette communaut\u00e9 n&rsquo;est pas seulement un \u00ab id\u00e9al utopique \u00bb, mais une n\u00e9cessit\u00e9 pratique et effectivement r\u00e9alisable pour la survie physique et le bien-\u00eatre naturel de l&rsquo;humanit\u00e9 et m\u00eame de toute la Communaut\u00e9 Terrestre.<\/p>\n<p style=\"text-align: center;\">5.<\/p>\n<p>La formule pour la paix dans le monde doit \u00eatre adopt\u00e9e comme la politique <u>n\u00e9cessaire<\/u> pour l&rsquo;avenir.<br \/>La coop\u00e9ration et la tol\u00e9rance sont le \u00ab prix \u00bb n\u00e9cessaire et exact de la paix, le \u00ab co\u00fbt du trait\u00e9 \u00bb pour la survie de l&rsquo;humanit\u00e9, de la Communaut\u00e9 Terrestre, et de la Terre elle-m\u00eame.<\/p>\n<p>C&rsquo;est le \u00ab nouveau paradigme \u00bb n\u00e9cessaire \u00e0 la conception humaine des efforts futurs.<\/p>\n<\/div><div class=\"fusion-sep-clear\"><\/div><div class=\"fusion-separator fusion-full-width-sep\" style=\"margin-left: auto;margin-right: auto;margin-bottom:20px;width:100%;\"><\/div><div class=\"fusion-sep-clear\"><\/div><div class=\"fusion-alignleft\"><a class=\"fusion-button button-flat button-medium button-default fusion-button-default button-1 fusion-button-default-span fusion-button-default-type\" target=\"_self\" href=\"..\/\"><span class=\"fusion-button-text awb-button__text awb-button__text--default\">Retour \u00e0 la lecture<\/span><\/a><\/div><div class=\"fusion-sep-clear\"><\/div><div class=\"fusion-separator fusion-full-width-sep\" style=\"margin-left: auto;margin-right: auto;margin-bottom:0px;width:100%;\"><\/div><div class=\"fusion-sep-clear\"><\/div><div class=\"fusion-clearfix\"><\/div><\/div><\/div><\/div><div class=\"fusion-sep-clear\"><\/div><div class=\"fusion-separator fusion-full-width-sep\" style=\"margin-left: auto;margin-right: auto;margin-top:50px;width:100%;\"><\/div><div class=\"fusion-sep-clear\"><\/div><div class=\"fusion-builder-row fusion-builder-row-inner fusion-row\"><div class=\"fusion-layout-column fusion_builder_column_inner fusion-builder-nested-column-1 fusion_builder_column_inner_1_3 1_3 fusion-one-third fusion-column-first\" style=\"--awb-bg-size:cover;width:33.333333333333%;width:calc(33.333333333333% - ( ( 4% + 4% ) * 0.33333333333333 ) );margin-right: 4%;\"><div class=\"fusion-column-wrapper fusion-flex-column-wrapper-legacy\"><div class=\"fusion-content-boxes content-boxes columns row fusion-columns-1 fusion-columns-total-1 fusion-content-boxes-1 content-boxes-icon-on-top content-left icon-watch\" style=\"--awb-body-color:#37939b;--awb-title-color:#37939b;--awb-hover-accent-color:#00474f;--awb-circle-hover-accent-color:#00474f;--awb-item-margin-bottom:40px;\" data-animationOffset=\"top-into-view\"><div style=\"--awb-backgroundcolor:rgba(255,255,255,0);\" class=\"fusion-column content-box-column content-box-column content-box-column-1 col-lg-12 col-md-12 col-sm-12 fusion-content-box-hover content-box-column-last content-box-column-last-in-row\"><div class=\"col content-box-wrapper content-wrapper link-area-link-icon link-type-text icon-hover-animation-fade\" data-animationOffset=\"top-into-view\"><div class=\"heading heading-with-icon icon-left\"><a class=\"heading-link\" href=\"https:\/\/adidam.eu\/fr\/regarder\/\" target=\"_self\"><div aria-hidden=\"true\" class=\"image\"><img decoding=\"async\" src=\"https:\/\/adidam.eu\/wp-content\/uploads\/2016\/12\/adidam_home_icon_watch.png\" width=\"81\" height=\"81\" alt=\"\" \/><\/div><h2 class=\"content-box-heading\" style=\"--h2_typography-font-size:32px;line-height:37px;\">Regarder<\/h2><\/a><\/div><\/div><\/div><div class=\"fusion-clearfix\"><\/div><\/div><div class=\"fusion-clearfix\"><\/div><\/div><\/div><div class=\"fusion-layout-column fusion_builder_column_inner fusion-builder-nested-column-2 fusion_builder_column_inner_1_3 1_3 fusion-one-third\" style=\"--awb-bg-size:cover;width:33.333333333333%;width:calc(33.333333333333% - ( ( 4% + 4% ) * 0.33333333333333 ) );margin-right: 4%;\"><div class=\"fusion-column-wrapper fusion-flex-column-wrapper-legacy\"><div class=\"fusion-content-boxes content-boxes columns row fusion-columns-1 fusion-columns-total-1 fusion-content-boxes-2 content-boxes-icon-on-top content-left icon-read\" style=\"--awb-body-color:#737b35;--awb-title-color:#737b35;--awb-hover-accent-color:#404802;--awb-circle-hover-accent-color:#404802;--awb-item-margin-bottom:40px;\" data-animationOffset=\"top-into-view\"><div style=\"--awb-backgroundcolor:rgba(255,255,255,0);\" class=\"fusion-column content-box-column content-box-column content-box-column-1 col-lg-12 col-md-12 col-sm-12 fusion-content-box-hover content-box-column-last content-box-column-last-in-row\"><div class=\"col content-box-wrapper content-wrapper link-area-link-icon link-type-text icon-hover-animation-fade\" data-animationOffset=\"top-into-view\"><div class=\"heading heading-with-icon icon-left\"><a class=\"heading-link\" href=\"https:\/\/adidam.eu\/fr\/lire\/\" target=\"_self\"><div aria-hidden=\"true\" class=\"image\"><img decoding=\"async\" src=\"https:\/\/adidam.eu\/wp-content\/uploads\/2016\/12\/adidam_home_icon_read.png\" width=\"81\" height=\"81\" alt=\"\" \/><\/div><h2 class=\"content-box-heading\" style=\"--h2_typography-font-size:32px;line-height:37px;\">Lire<\/h2><\/a><\/div><\/div><\/div><div class=\"fusion-clearfix\"><\/div><\/div><div class=\"fusion-clearfix\"><\/div><\/div><\/div><div class=\"fusion-layout-column fusion_builder_column_inner fusion-builder-nested-column-3 fusion_builder_column_inner_1_3 1_3 fusion-one-third fusion-column-last\" style=\"--awb-bg-size:cover;width:33.333333333333%;width:calc(33.333333333333% - ( ( 4% + 4% ) * 0.33333333333333 ) );\"><div class=\"fusion-column-wrapper fusion-flex-column-wrapper-legacy\"><div class=\"fusion-content-boxes content-boxes columns row fusion-columns-1 fusion-columns-total-1 fusion-content-boxes-3 content-boxes-icon-on-top content-left icon-listen\" style=\"--awb-body-color:#b3740d;--awb-title-color:#b3740d;--awb-hover-accent-color:#804100;--awb-circle-hover-accent-color:#804100;--awb-item-margin-bottom:40px;\" data-animationOffset=\"top-into-view\"><div style=\"--awb-backgroundcolor:rgba(255,255,255,0);\" class=\"fusion-column content-box-column content-box-column content-box-column-1 col-lg-12 col-md-12 col-sm-12 fusion-content-box-hover content-box-column-last content-box-column-last-in-row\"><div class=\"col content-box-wrapper content-wrapper link-area-link-icon link-type-text icon-hover-animation-fade\" data-animationOffset=\"top-into-view\"><div class=\"heading heading-with-icon icon-left\"><a class=\"heading-link\" href=\"https:\/\/adidam.eu\/listen\/\" target=\"_self\"><div aria-hidden=\"true\" class=\"image\"><img decoding=\"async\" src=\"https:\/\/adidam.eu\/wp-content\/uploads\/2016\/12\/adidam_home_icon_listen.png\" width=\"81\" height=\"81\" alt=\"\" \/><\/div><h2 class=\"content-box-heading\" style=\"--h2_typography-font-size:32px;line-height:37px;\">\u00c9couter<\/h2><\/a><\/div><\/div><\/div><div class=\"fusion-clearfix\"><\/div><\/div><div class=\"fusion-clearfix\"><\/div><\/div><\/div><\/div><div class=\"fusion-clearfix\"><\/div><\/div><\/div><div class=\"fusion-layout-column fusion_builder_column fusion-builder-column-1 fusion_builder_column_1_3 1_3 fusion-one-third fusion-column-last\" style=\"--awb-bg-position:right center;--awb-bg-size:cover;width:33.333333333333%;width:calc(33.333333333333% - ( ( 4% ) * 0.33333333333333 ) );\"><div class=\"fusion-column-wrapper fusion-flex-column-wrapper-legacy\"><div class=\"fusion-image-element fusion-image-align-left in-legacy-container\" style=\"text-align:left;--awb-caption-title-font-family:var(--h2_typography-font-family);--awb-caption-title-font-weight:var(--h2_typography-font-weight);--awb-caption-title-font-style:var(--h2_typography-font-style);--awb-caption-title-size:var(--h2_typography-font-size);--awb-caption-title-transform:var(--h2_typography-text-transform);--awb-caption-title-line-height:var(--h2_typography-line-height);--awb-caption-title-letter-spacing:var(--h2_typography-letter-spacing);\"><span class=\" fusion-imageframe imageframe-none imageframe-1 hover-type-none\" style=\"margin-right:25px;float:left;\"><img decoding=\"async\" width=\"200\" height=\"293\" title=\"adidam_uk_read_book_nottwoispeace_1_200px\" src=\"https:\/\/adidam.eu\/wp-content\/uploads\/2018\/11\/adidam_uk_read_book_nottwoispeace_1_200px.jpg\" alt class=\"img-responsive wp-image-4244\"\/><\/span><\/div><div class=\"fusion-clearfix\"><\/div><\/div><\/div><\/div><\/div>\n","protected":false},"excerpt":{"rendered":"","protected":false},"author":1,"featured_media":0,"parent":4232,"menu_order":0,"comment_status":"closed","ping_status":"closed","template":"100-width.php","meta":{"footnotes":""},"class_list":["post-4267","page","type-page","status-publish","hentry"],"_links":{"self":[{"href":"https:\/\/adidam.eu\/fr\/wp-json\/wp\/v2\/pages\/4267","targetHints":{"allow":["GET"]}}],"collection":[{"href":"https:\/\/adidam.eu\/fr\/wp-json\/wp\/v2\/pages"}],"about":[{"href":"https:\/\/adidam.eu\/fr\/wp-json\/wp\/v2\/types\/page"}],"author":[{"embeddable":true,"href":"https:\/\/adidam.eu\/fr\/wp-json\/wp\/v2\/users\/1"}],"replies":[{"embeddable":true,"href":"https:\/\/adidam.eu\/fr\/wp-json\/wp\/v2\/comments?post=4267"}],"version-history":[{"count":3,"href":"https:\/\/adidam.eu\/fr\/wp-json\/wp\/v2\/pages\/4267\/revisions"}],"predecessor-version":[{"id":4270,"href":"https:\/\/adidam.eu\/fr\/wp-json\/wp\/v2\/pages\/4267\/revisions\/4270"}],"up":[{"embeddable":true,"href":"https:\/\/adidam.eu\/fr\/wp-json\/wp\/v2\/pages\/4232"}],"wp:attachment":[{"href":"https:\/\/adidam.eu\/fr\/wp-json\/wp\/v2\/media?parent=4267"}],"curies":[{"name":"wp","href":"https:\/\/api.w.org\/{rel}","templated":true}]}}