{"id":3497,"date":"2016-12-08T02:59:22","date_gmt":"2016-12-08T01:59:22","guid":{"rendered":"https:\/\/adidam.eu\/adi-da\/"},"modified":"2025-01-28T13:19:19","modified_gmt":"2025-01-28T12:19:19","slug":"adi-da","status":"publish","type":"page","link":"https:\/\/adidam.eu\/it\/adi-da\/","title":{"rendered":"Adi Da"},"content":{"rendered":"<div class=\"fusion-fullwidth fullwidth-box fusion-builder-row-1 nonhundred-percent-fullwidth non-hundred-percent-height-scrolling\" style=\"--awb-border-radius-top-left:0px;--awb-border-radius-top-right:0px;--awb-border-radius-bottom-right:0px;--awb-border-radius-bottom-left:0px;--awb-padding-top:20px;--awb-padding-bottom:20px;--awb-flex-wrap:wrap;\" ><div class=\"fusion-builder-row fusion-row\"><div class=\"fusion-layout-column fusion_builder_column fusion-builder-column-0 fusion_builder_column_2_3 2_3 fusion-two-third fusion-column-first\" style=\"--awb-bg-size:cover;width:66.666666666667%;width:calc(66.666666666667% - ( ( 4% ) * 0.66666666666667 ) );margin-right: 4%;\"><div class=\"fusion-column-wrapper fusion-flex-column-wrapper-legacy\"><div class=\"fusion-text fusion-text-1\"><h1 class=\"adida-page-adi-da-quote\"><em>In ogni tradizione \u201creligiosa\u201d e Spirituale esiste un individuo importante che viene rispettato e celebrato. Non esiste alcuna grande tradizione Spirituale che non abbia una persona del genere al centro del suo sviluppo.<\/em><\/h1>\n<\/div><div class=\"fusion-sep-clear\"><\/div><div class=\"fusion-separator fusion-full-width-sep\" style=\"margin-left: auto;margin-right: auto;margin-top:20px;width:100%;\"><\/div><div class=\"fusion-sep-clear\"><\/div><div class=\"fusion-text fusion-text-2\"><h1 class=\"adida-page-adi-da-quote\"><em>La forza e \u201cfonte\u201d principale di tutte le tradizioni esoteriche del genere umano sono gli Adepti-Realizzati, ovvero coloro che Realizzano (a qualsiasi livello) la Natura Spirituale e Trascendentale della Realt\u00e0.<\/em><\/h1>\n<\/div><div class=\"fusion-sep-clear\"><\/div><div class=\"fusion-separator fusion-full-width-sep\" style=\"margin-left: auto;margin-right: auto;margin-top:10px;width:100%;\"><\/div><div class=\"fusion-sep-clear\"><\/div><div class=\"fusion-text fusion-text-3\"><p class=\"adi-da-quote-sub\" style=\"text-align: right;\">~ Avatar Adi Da Samraj<\/p>\n<\/div><div class=\"fusion-builder-row fusion-builder-row-inner fusion-row\"><div class=\"fusion-layout-column fusion_builder_column_inner fusion-builder-nested-column-0 fusion_builder_column_inner_1_2 1_2 fusion-one-half fusion-column-first\" style=\"--awb-bg-size:cover;width:50%;width:calc(50% - ( ( 4% ) * 0.5 ) );margin-right: 4%;\"><div class=\"fusion-column-wrapper fusion-flex-column-wrapper-legacy\"><div class=\"fusion-text fusion-text-4\"><p><strong>Numerosi Maestri Spiritualmente Realizzati\u00a0<\/strong>di vario grado sono apparsi nel corso della storia per insegnare, benedire e risvegliare l\u2019umanit\u00e0. Adi Da Samraj \u00e8 apparso all\u2019interno dell\u2019antica e venerabile tradizione dei Maestri Divinamente Realizzati, animato dallo stesso impulso a Insegnare e a Risvegliare l\u2019umanit\u00e0 alla Verit\u00e0 Unica che \u00e8 la Realt\u00e0 Stessa.<\/p>\n<p>Il bisogno spirituale primario di ogni cuore umano \u00e8 quello di superare il paradosso della mortalit\u00e0, dell\u2019esistenza corporea in un mondo finito, e di Realizzare l\u2019Amore Infinito, la Libert\u00e0 Perfetta e la Felicit\u00e0 Senza Limiti. Il Messaggio fondamentale che Adi Da Samraj porta a tutti \u00e8 che tale Realizzazione non \u00e8 solo il nostro bisogno spirituale pi\u00f9 essenziale, ma anche il nostro inevitabile e infinito destino. Questo perch\u00e9 la vera Condizione della Realt\u00e0 Stessa non \u00e8 questo mondo mortale e  finito, ma \u00e8 invece la Luce Cosciente Indivisibile, che si manifesta come Amore Infinito, Libert\u00e0 Perfetta e Felicit\u00e0 Senza Limiti.<\/p>\n<p>Adi Da Samraj ha realizzato questa Condizione Radiosa alla nascita,<\/p>\n<\/div><div class=\"fusion-clearfix\"><\/div><\/div><\/div><div class=\"fusion-layout-column fusion_builder_column_inner fusion-builder-nested-column-1 fusion_builder_column_inner_1_2 1_2 fusion-one-half fusion-column-last\" style=\"--awb-bg-size:cover;width:50%;width:calc(50% - ( ( 4% ) * 0.5 ) );\"><div class=\"fusion-column-wrapper fusion-flex-column-wrapper-legacy\"><div class=\"fusion-text fusion-text-5\"><p>e fin dalla Sua prima infanzia l\u2019ha chiamata il \u201cLuminoso\u201d. Ha trasmesso questa stessa Realizzazione agli altri mentre era in vita, e continua a farlo attraverso tutte le Agenzie di Trasmissione Spirituale che ha Istituito durante la Sua vita. Il mezzo principale utilizzato da Adi Da Samraj per risvegliare gli altri alla Sua Realizzazione \u00e8 lo stesso mezzo prescritto dai Maestri Realizzati fin dai tempi pi\u00f9 antichi: la relazione tra il Guru e i devoti, vissuta consapevolmente e con dedizione reciproca. Il principio fondamentale del rapporto Guru-devoti \u00e8 la comunione con (o la meditazione su) lo stato del Maestro.<\/p>\n<p><strong class=\"red-subhead\">L\u2019unicit\u00e0 di Adi Da: La Ricerca Spirituale rispetto alla Via Della Realt\u00e0 di Adidam<\/strong><br \/>\nTutte le precedenti vie Spirituali, orientali o occidentali, exoteriche o esoteriche, partono dal punto di vista dell\u2019ego, o del senso di un s\u00e9 separato. Ogni percorso offre un modo per liberarsi da questo senso mortale e pauroso di separazione, attraverso l\u2019applicazione di vari metodi, credenze, rituali, tecniche, pratiche di meditazione, e cos\u00ec via.<\/p>\n<\/div><div class=\"fusion-clearfix\"><\/div><\/div><\/div><\/div><div class=\"fusion-builder-row fusion-builder-row-inner fusion-row\"><div class=\"fusion-layout-column fusion_builder_column_inner fusion-builder-nested-column-2 fusion_builder_column_inner_1_1 1_1 fusion-one-full fusion-column-first fusion-column-last adidapage-centerquote-container\" style=\"--awb-bg-size:cover;\"><div class=\"fusion-column-wrapper fusion-flex-column-wrapper-legacy\"><div class=\"fusion-text fusion-text-6\"><p class=\"adida-page-center-qoute\">L\u2019essere umano che \u201cesperisce\u201d non si \u201cincentra\u201d su, ovvero non ha le proprie \u201cradici\u201d in un indipendente (o non dipendente) \u201cs\u00e9 interiore\u201d, \u201cmente\u201d, \u201cpsiche\u201d, \u201canima\u201d, \u201cincarnazione\u201d, \u201cposizione\u201d o \u201cpunto di vista\u201d. L\u2019essere umano che \u201cesperisce\u201d \u00e8 implicitamente non separato (all\u2019interno del proprio contesto condizionale apparente) \u2013 ovvero, appartiene ad una unit\u00e0 a priori e ad una totalit\u00e0, implicitamente e in modo dipendente e indivisibile \u2013.<\/p>\n<\/div><div class=\"fusion-text fusion-text-7\"><p class=\"adida-page-center-qoute-signature\">~ The Aletheon<\/p>\n<\/div><div class=\"fusion-clearfix\"><\/div><\/div><\/div><\/div><div class=\"fusion-builder-row fusion-builder-row-inner fusion-row\"><div class=\"fusion-layout-column fusion_builder_column_inner fusion-builder-nested-column-3 fusion_builder_column_inner_1_2 1_2 fusion-one-half fusion-column-first\" style=\"--awb-bg-size:cover;width:50%;width:calc(50% - ( ( 4% ) * 0.5 ) );margin-right: 4%;\"><div class=\"fusion-column-wrapper fusion-flex-column-wrapper-legacy\"><div class=\"fusion-text fusion-text-8\"><p>Avatar Adi Da Samraj descrive nei dettagli, e in modo penetrante, il sentimento di malessere o dilemma che motiva questa ricerca.  Egli spiega che tali sentimenti nascono da quella singola attivit\u00e0 cronica che \u00e8 la fonte stessa del senso di separatezza. Ogni forma immaginabile di sofferenza umana deriva da questo singolare errore: la dolorosa illusione che l\u2019\u201cio\u201d sia un\u2019entit\u00e0 discreta e mortale, separata da tutti gli \u201caltri\u201d e in qualche modo separata dall\u2019Unica Radiosa Coscienza Divina in cui si svolge l\u2019intero gioco dell\u2019esistenza. Poich\u00e9 \u00e8 lo stesso ego illusorio ad essere il problema, il tentativo dell\u2019ego di liberarsi \u00e8 come se una persona cercasse di sollevare un tappeto mentre ci sta sopra con i piedi.<\/p>\n<p>A differenza di tutti i percorsi di ricerca tradizionali, nella Via Della Realt\u00e0 di Adidam non c\u2019\u00e8 una meta o un altro mondo da raggiungere.  Al contrario, il devoto \u00e8 attratto dallo Stato Divino dell\u2019Essere di Adi Da ed entra, in risposta, nella comunione devozionale con Lui. Contrariamente ai metodi spirituali tradizionali che cercano un \u201crisultato finale\u201d, questo processo avviene fin dall\u2019inizio della pratica in Compagnia di Adi Da, e contiene gi\u00e0 in s\u00e9 la Realizzazione ultima della Realt\u00e0 e della Verit\u00e0.<\/p>\n<\/div><div class=\"fusion-clearfix\"><\/div><\/div><\/div><div class=\"fusion-layout-column fusion_builder_column_inner fusion-builder-nested-column-4 fusion_builder_column_inner_1_2 1_2 fusion-one-half fusion-column-last\" style=\"--awb-bg-size:cover;width:50%;width:calc(50% - ( ( 4% ) * 0.5 ) );\"><div class=\"fusion-column-wrapper fusion-flex-column-wrapper-legacy\"><div class=\"fusion-text fusion-text-9\"><p>La Vera Funzione di Avatar Adi Da non \u00e8 quella di insegnare o di \u201ccausare\u201d magicamente la Realizzazione nei Suoi devoti. Piuttosto, la Sua Funzione \u00e8 semplicemente Essere, Come Egli \u00c8, Come il Divino Stato Della Realt\u00e0, e in tal modo rendere disponibile la Rivelazione diretta della Realt\u00e0 Stessa. Il devoto allora \u201csi Trova nella Posizione della Realizzazione, a priori dell\u2019identificazione con il corpo-mente, e il corpo-mente diventa sempre pi\u00f9 conforme a quella Realizzazione\u201d. Questo avviene non tramite un metodo di ricerca, ma interamente come risultato della Benedizione Divina e della Grazia Spirituale di Adi Da.<\/p>\n<p>Questo \u00e8 il \u201cSegreto\u201d della Via Della Realt\u00e0 di Adidam e la Grande Scoperta che fanno tutti coloro che entrano liberamente in una relazione devozionale con Adi Da Samraj.<\/p>\n<\/div><div class=\"fusion-clearfix\"><\/div><\/div><\/div><\/div><div class=\"fusion-sep-clear\"><\/div><div class=\"fusion-separator fusion-full-width-sep\" style=\"margin-left: auto;margin-right: auto;margin-top:40px;width:100%;\"><\/div><div class=\"fusion-sep-clear\"><\/div><div class=\"fusion-builder-row fusion-builder-row-inner fusion-row\"><div class=\"fusion-layout-column fusion_builder_column_inner fusion-builder-nested-column-5 fusion_builder_column_inner_1_3 1_3 fusion-one-third fusion-column-first\" style=\"--awb-bg-size:cover;width:33.333333333333%;width:calc(33.333333333333% - ( ( 4% + 4% ) * 0.33333333333333 ) );margin-right: 4%;\"><div class=\"fusion-column-wrapper fusion-flex-column-wrapper-legacy\"><div class=\"fusion-content-boxes content-boxes columns row fusion-columns-1 fusion-columns-total-1 fusion-content-boxes-1 content-boxes-icon-on-top content-left icon-watch\" style=\"--awb-body-color:#37939b;--awb-title-color:#37939b;--awb-hover-accent-color:#00474f;--awb-circle-hover-accent-color:#00474f;--awb-item-margin-bottom:40px;\" data-animationOffset=\"top-into-view\"><div style=\"--awb-backgroundcolor:rgba(255,255,255,0);\" class=\"fusion-column content-box-column content-box-column content-box-column-1 col-lg-12 col-md-12 col-sm-12 fusion-content-box-hover content-box-column-last content-box-column-last-in-row\"><div class=\"col content-box-wrapper content-wrapper link-area-link-icon link-type-text icon-hover-animation-fade\" data-animationOffset=\"top-into-view\"><div class=\"heading heading-with-icon icon-left\"><a class=\"heading-link\" href=\"https:\/\/adidam.eu\/watch\/\" target=\"_self\"><div aria-hidden=\"true\" class=\"image\"><img decoding=\"async\" src=\"https:\/\/adidam.eu\/wp-content\/uploads\/2016\/12\/adidam_home_icon_watch.png\" width=\"81\" height=\"81\" alt=\"\" \/><\/div><h2 class=\"content-box-heading\" style=\"--h2_typography-font-size:32px;line-height:37px;\">GUARDA<\/h2><\/a><\/div><\/div><\/div><div class=\"fusion-clearfix\"><\/div><\/div><div class=\"fusion-clearfix\"><\/div><\/div><\/div><div class=\"fusion-layout-column fusion_builder_column_inner fusion-builder-nested-column-6 fusion_builder_column_inner_1_3 1_3 fusion-one-third\" style=\"--awb-bg-size:cover;width:33.333333333333%;width:calc(33.333333333333% - ( ( 4% + 4% ) * 0.33333333333333 ) );margin-right: 4%;\"><div class=\"fusion-column-wrapper fusion-flex-column-wrapper-legacy\"><div class=\"fusion-content-boxes content-boxes columns row fusion-columns-1 fusion-columns-total-1 fusion-content-boxes-2 content-boxes-icon-on-top content-left icon-read\" style=\"--awb-body-color:#737b35;--awb-title-color:#737b35;--awb-hover-accent-color:#404802;--awb-circle-hover-accent-color:#404802;--awb-item-margin-bottom:40px;\" data-animationOffset=\"top-into-view\"><div style=\"--awb-backgroundcolor:rgba(255,255,255,0);\" class=\"fusion-column content-box-column content-box-column content-box-column-1 col-lg-12 col-md-12 col-sm-12 fusion-content-box-hover content-box-column-last content-box-column-last-in-row\"><div class=\"col content-box-wrapper content-wrapper link-area-link-icon link-type-text icon-hover-animation-fade\" data-animationOffset=\"top-into-view\"><div class=\"heading heading-with-icon icon-left\"><a class=\"heading-link\" href=\"https:\/\/adidam.eu\/read\/\" target=\"_self\"><div aria-hidden=\"true\" class=\"image\"><img decoding=\"async\" src=\"https:\/\/adidam.eu\/wp-content\/uploads\/2016\/12\/adidam_home_icon_read.png\" width=\"81\" height=\"81\" alt=\"\" \/><\/div><h2 class=\"content-box-heading\" style=\"--h2_typography-font-size:32px;line-height:37px;\">LEGGI<\/h2><\/a><\/div><\/div><\/div><div class=\"fusion-clearfix\"><\/div><\/div><div class=\"fusion-clearfix\"><\/div><\/div><\/div><div class=\"fusion-layout-column fusion_builder_column_inner fusion-builder-nested-column-7 fusion_builder_column_inner_1_3 1_3 fusion-one-third fusion-column-last\" style=\"--awb-bg-size:cover;width:33.333333333333%;width:calc(33.333333333333% - ( ( 4% + 4% ) * 0.33333333333333 ) );\"><div class=\"fusion-column-wrapper fusion-flex-column-wrapper-legacy\"><div class=\"fusion-content-boxes content-boxes columns row fusion-columns-1 fusion-columns-total-1 fusion-content-boxes-3 content-boxes-icon-on-top content-left icon-listen\" style=\"--awb-body-color:#b3740d;--awb-title-color:#b3740d;--awb-hover-accent-color:#804100;--awb-circle-hover-accent-color:#804100;--awb-item-margin-bottom:40px;\" data-animationOffset=\"top-into-view\"><div style=\"--awb-backgroundcolor:rgba(255,255,255,0);\" class=\"fusion-column content-box-column content-box-column content-box-column-1 col-lg-12 col-md-12 col-sm-12 fusion-content-box-hover content-box-column-last content-box-column-last-in-row\"><div class=\"col content-box-wrapper content-wrapper link-area-link-icon link-type-text icon-hover-animation-fade\" data-animationOffset=\"top-into-view\"><div class=\"heading heading-with-icon icon-left\"><a class=\"heading-link\" href=\"https:\/\/adidam.eu\/listen\/\" target=\"_self\"><div aria-hidden=\"true\" class=\"image\"><img decoding=\"async\" src=\"https:\/\/adidam.eu\/wp-content\/uploads\/2016\/12\/adidam_home_icon_listen.png\" width=\"81\" height=\"81\" alt=\"\" \/><\/div><h2 class=\"content-box-heading\" style=\"--h2_typography-font-size:32px;line-height:37px;\">ASCOLTA<\/h2><\/a><\/div><\/div><\/div><div class=\"fusion-clearfix\"><\/div><\/div><div class=\"fusion-clearfix\"><\/div><\/div><\/div><\/div><div class=\"fusion-clearfix\"><\/div><\/div><\/div><div class=\"fusion-layout-column fusion_builder_column fusion-builder-column-1 fusion_builder_column_1_3 1_3 fusion-one-third fusion-column-last\" style=\"--awb-bg-position:right center;--awb-bg-size:cover;width:33.333333333333%;width:calc(33.333333333333% - ( ( 4% ) * 0.33333333333333 ) );\"><div class=\"fusion-column-wrapper fusion-flex-column-wrapper-legacy\"><div class=\"fusion-video fusion-youtube\" style=\"--awb-max-width:351px;--awb-max-height:197px;\"><div class=\"video-shortcode\"><div class=\"fluid-width-video-wrapper\" style=\"padding-top:56.13%;\" ><iframe title=\"YouTube video player 1\" src=\"https:\/\/www.youtube.com\/embed\/5r_7PajYj3M?wmode=transparent&autoplay=0&amp;rel=0\" width=\"351\" height=\"197\" allowfullscreen allow=\"autoplay; clipboard-write; encrypted-media; gyroscope; picture-in-picture;\"><\/iframe><\/div><\/div><\/div><div class=\"fusion-sep-clear\"><\/div><div class=\"fusion-separator fusion-full-width-sep\" style=\"margin-left: auto;margin-right: auto;margin-top:10px;width:100%;\"><\/div><div class=\"fusion-sep-clear\"><\/div><div class=\"fusion-title title fusion-title-1 fusion-sep-none fusion-title-text fusion-title-size-one youtube-sidebar-h1\" style=\"--awb-margin-top-small:10px;--awb-margin-right-small:0px;--awb-margin-bottom-small:10px;--awb-margin-left-small:0px;\"><h1 class=\"fusion-title-heading title-heading-left\" style=\"margin:0;\">La relazione tra Guru e Devoto, onorata da tempo immemorabile<\/h1><\/div><div class=\"fusion-sep-clear\"><\/div><div class=\"fusion-separator fusion-full-width-sep\" style=\"margin-left: auto;margin-right: auto;margin-top:30px;width:100%;\"><\/div><div class=\"fusion-sep-clear\"><\/div><div class=\"fusion-image-element in-legacy-container\" style=\"--awb-caption-title-font-family:var(--h2_typography-font-family);--awb-caption-title-font-weight:var(--h2_typography-font-weight);--awb-caption-title-font-style:var(--h2_typography-font-style);--awb-caption-title-size:var(--h2_typography-font-size);--awb-caption-title-transform:var(--h2_typography-text-transform);--awb-caption-title-line-height:var(--h2_typography-line-height);--awb-caption-title-letter-spacing:var(--h2_typography-letter-spacing);\"><span class=\" fusion-imageframe imageframe-none imageframe-1 hover-type-none\"><img decoding=\"async\" width=\"355\" height=\"253\" title=\"adidam_sidebar_adidapage\" src=\"https:\/\/adidam.eu\/wp-content\/uploads\/2016\/12\/adidam_sidebar_adidapage.png\" alt class=\"img-responsive wp-image-212\" srcset=\"https:\/\/adidam.eu\/wp-content\/uploads\/2016\/12\/adidam_sidebar_adidapage-200x143.png 200w, https:\/\/adidam.eu\/wp-content\/uploads\/2016\/12\/adidam_sidebar_adidapage.png 355w\" sizes=\"(max-width: 1200px) 100vw, 355px\" \/><\/span><\/div><div class=\"fusion-sep-clear\"><\/div><div class=\"fusion-separator fusion-full-width-sep\" style=\"margin-left: auto;margin-right: auto;margin-top:40px;width:100%;\"><\/div><div class=\"fusion-sep-clear\"><\/div><div class=\"fusion-video fusion-youtube\" style=\"--awb-max-width:351px;--awb-max-height:197px;\"><div class=\"video-shortcode\"><div class=\"fluid-width-video-wrapper\" style=\"padding-top:56.13%;\" ><iframe title=\"YouTube video player 2\" src=\"https:\/\/www.youtube.com\/embed\/qXpg0ta4K-Q?wmode=transparent&autoplay=0&amp;rel=0\" width=\"351\" height=\"197\" allowfullscreen allow=\"autoplay; clipboard-write; encrypted-media; gyroscope; picture-in-picture;\"><\/iframe><\/div><\/div><\/div><div class=\"fusion-sep-clear\"><\/div><div class=\"fusion-separator fusion-full-width-sep\" style=\"margin-left: auto;margin-right: auto;margin-top:10px;width:100%;\"><\/div><div class=\"fusion-sep-clear\"><\/div><div class=\"fusion-title title fusion-title-2 fusion-sep-none fusion-title-text fusion-title-size-one youtube-sidebar-h1\" style=\"--awb-margin-top-small:10px;--awb-margin-right-small:0px;--awb-margin-bottom-small:10px;--awb-margin-left-small:0px;\"><h1 class=\"fusion-title-heading title-heading-left\" style=\"margin:0;\">Un Devoto offre un riassunto dell\u2019Opera di Adi Da<\/h1><\/div><div class=\"fusion-clearfix\"><\/div><\/div><\/div><\/div><\/div>\n","protected":false},"excerpt":{"rendered":"","protected":false},"author":1,"featured_media":0,"parent":0,"menu_order":0,"comment_status":"closed","ping_status":"closed","template":"100-width.php","meta":{"footnotes":""},"class_list":["post-3497","page","type-page","status-publish","hentry"],"_links":{"self":[{"href":"https:\/\/adidam.eu\/it\/wp-json\/wp\/v2\/pages\/3497","targetHints":{"allow":["GET"]}}],"collection":[{"href":"https:\/\/adidam.eu\/it\/wp-json\/wp\/v2\/pages"}],"about":[{"href":"https:\/\/adidam.eu\/it\/wp-json\/wp\/v2\/types\/page"}],"author":[{"embeddable":true,"href":"https:\/\/adidam.eu\/it\/wp-json\/wp\/v2\/users\/1"}],"replies":[{"embeddable":true,"href":"https:\/\/adidam.eu\/it\/wp-json\/wp\/v2\/comments?post=3497"}],"version-history":[{"count":5,"href":"https:\/\/adidam.eu\/it\/wp-json\/wp\/v2\/pages\/3497\/revisions"}],"predecessor-version":[{"id":3642,"href":"https:\/\/adidam.eu\/it\/wp-json\/wp\/v2\/pages\/3497\/revisions\/3642"}],"wp:attachment":[{"href":"https:\/\/adidam.eu\/it\/wp-json\/wp\/v2\/media?parent=3497"}],"curies":[{"name":"wp","href":"https:\/\/api.w.org\/{rel}","templated":true}]}}