{"id":3692,"date":"2016-12-08T02:59:50","date_gmt":"2016-12-08T01:59:50","guid":{"rendered":"https:\/\/adidam.eu\/adidam\/"},"modified":"2025-02-18T15:48:54","modified_gmt":"2025-02-18T14:48:54","slug":"adidam","status":"publish","type":"page","link":"https:\/\/adidam.eu\/it\/adidam\/","title":{"rendered":"Adidam"},"content":{"rendered":"<div class=\"fusion-fullwidth fullwidth-box fusion-builder-row-1 nonhundred-percent-fullwidth non-hundred-percent-height-scrolling\" style=\"--awb-border-radius-top-left:0px;--awb-border-radius-top-right:0px;--awb-border-radius-bottom-right:0px;--awb-border-radius-bottom-left:0px;--awb-padding-top:20px;--awb-padding-bottom:20px;--awb-flex-wrap:wrap;\" ><div class=\"fusion-builder-row fusion-row\"><div class=\"fusion-layout-column fusion_builder_column fusion-builder-column-0 fusion_builder_column_2_3 2_3 fusion-two-third fusion-column-first\" style=\"--awb-bg-size:cover;width:66.666666666667%;width:calc(66.666666666667% - ( ( 4% ) * 0.66666666666667 ) );margin-right: 4%;\"><div class=\"fusion-column-wrapper fusion-flex-column-wrapper-legacy\"><div class=\"fusion-text fusion-text-1\"><h1 class=\"adidam-page-adi-da-quote\"><em>Adidam non \u00e8 una religione convenzionale, n\u00e9 uno stile di vita convenzionale.<br \/>\nAdidam non \u00e8 basata su mitologie o fede.<\/em><\/h1>\n<\/div><div class=\"fusion-sep-clear\"><\/div><div class=\"fusion-separator fusion-full-width-sep\" style=\"margin-left: auto;margin-right: auto;margin-top:20px;width:100%;\"><\/div><div class=\"fusion-sep-clear\"><\/div><div class=\"fusion-text fusion-text-2\"><h1 class=\"adidam-page-adi-da-quote\"><em>Adidam \u00e8 una \u201cconsiderazione sulla realt\u00e0\u201d, nel corso della quale le varie modalit\u00e0 dell\u2019egotismo vengono trascese direttamente.<\/em><\/h1>\n<\/div><div class=\"fusion-text fusion-text-3\"><h1 class=\"adidam-page-adi-da-quote\"><em>Adidam \u00e8 una Via di Vita applicabile universalmente.<\/em><\/h1>\n<\/div><div class=\"fusion-sep-clear\"><\/div><div class=\"fusion-separator fusion-full-width-sep\" style=\"margin-left: auto;margin-right: auto;margin-top:20px;width:100%;\"><\/div><div class=\"fusion-sep-clear\"><\/div><div class=\"fusion-text fusion-text-4\"><h1 class=\"adidam-page-adi-da-quote\"><em>Adidam \u00e8 per coloro che La sceglieranno, coloro che con il cuore e l\u2019intelligenza risponderanno pienamente a Me e a Quello Che Offro.<br \/>\nAdidam \u00e8 una Grande Rivelazione, che va comunicata liberamente e apertamente a tutti.<\/em><\/h1>\n<\/div><div class=\"fusion-sep-clear\"><\/div><div class=\"fusion-separator fusion-full-width-sep\" style=\"margin-left: auto;margin-right: auto;margin-top:20px;width:100%;\"><\/div><div class=\"fusion-sep-clear\"><\/div><div class=\"fusion-text fusion-text-5\"><p class=\"adi-da-quote-sub\" style=\"text-align: right;\">~ Avatar Adi Da Samraj<\/p>\n<\/div><div class=\"fusion-sep-clear\"><\/div><div class=\"fusion-separator fusion-full-width-sep\" style=\"margin-left: auto;margin-right: auto;margin-top:50px;width:100%;\"><\/div><div class=\"fusion-sep-clear\"><\/div><div class=\"fusion-builder-row fusion-builder-row-inner fusion-row\"><div class=\"fusion-layout-column fusion_builder_column_inner fusion-builder-nested-column-0 fusion_builder_column_inner_1_2 1_2 fusion-one-half fusion-column-first adidam-page-text-block\" style=\"--awb-bg-size:cover;width:50%;width:calc(50% - ( ( 4% ) * 0.5 ) );margin-right: 4%;\"><div class=\"fusion-column-wrapper fusion-flex-column-wrapper-legacy\"><div class=\"fusion-text fusion-text-6\"><p><strong>La fonte della Via Della Realt\u00e0 di Adidam<\/strong> \u00e8 Avatar Adi Da Stesso.<br \/>\nLa pratica di Adidam si fonda, sempre e interamente, sul riconoscimento e la risposta devozionale, sempre pi\u00f9 profonda, allo Stato Divino dell\u2019Essere di Avatar Adi Da. Questo semplice, tacito riconoscimento e risposta a Lui, si manifesta come un impulso nativo del cuore a diventare Suo devoto e a praticare la Via Della Realt\u00e0 di Adidam in Sua Compagnia.<\/p>\n<\/div><div class=\"fusion-sep-clear\"><\/div><div class=\"fusion-separator fusion-full-width-sep\" style=\"margin-left: auto;margin-right: auto;margin-bottom:20px;width:100%;\"><\/div><div class=\"fusion-sep-clear\"><\/div><div class=\"fusion-text fusion-text-7\"><p><strong class=\"red-subhead\">Gli Strumenti Divinamente Attivati dell\u2019Opera di Avatar Adi Da<\/strong><br \/>\nDurante la Sua vita fisica, Avatar Adi Da ha stabilito i mezzi essenziali per estendere a tutti la Sua Divina Auto-Rivelazione, e per rendere possibile in perpetuo la pratica della Via Della Realt\u00e0 di Adidam.<br \/>\nTali mezzi (chiamati anche \u201cAgencies\u201d) sono:<\/p>\n<ul>\n<li>La forma fisica umana di Avatar Adi Da (riprodotta fotograficamente e con altri mezzi visuali)<\/li>\n<\/ul>\n<\/div><div class=\"fusion-clearfix\"><\/div><\/div><\/div><div class=\"fusion-layout-column fusion_builder_column_inner fusion-builder-nested-column-1 fusion_builder_column_inner_1_2 1_2 fusion-one-half fusion-column-last adidam-page-text-block-right\" style=\"--awb-bg-size:cover;width:50%;width:calc(50% - ( ( 4% ) * 0.5 ) );\"><div class=\"fusion-column-wrapper fusion-flex-column-wrapper-legacy\"><div class=\"fusion-text fusion-text-8\"><ul>\n<li>Il Suo Insegnamento scritto e orale, e i Leela (o storie) della Sua Vita e Opera<\/li>\n<li>Gli Eremitaggi e i Santuari Spiritualmente Attivati di Adidam<\/li>\n<li>La cultura sacra e cooperativa dei devoti che praticano le discipline umane, relazionali e spirituali della Via Della Realt\u00e0 di Adidam.<\/li>\n<\/ul>\n<p>Avatar Adi Da ha creato un intero stile di vita che include tali Strumenti, in quanto Doni da Lui Offerti a tutti coloro che praticano la Via Della Realt\u00e0 di Adidam.<\/p>\n<\/div><div class=\"fusion-sep-clear\"><\/div><div class=\"fusion-separator fusion-full-width-sep\" style=\"margin-left: auto;margin-right: auto;margin-bottom:20px;width:100%;\"><\/div><div class=\"fusion-sep-clear\"><\/div><div class=\"fusion-text fusion-text-9\"><p>Vi invitiamo ad esplorare questi Doni, insieme alle varie forme di partecipazione alla diretta relazione devozionale e Spirituale con Lui Stesso.<\/p>\n<\/div><div class=\"fusion-clearfix\"><\/div><\/div><\/div><\/div><div class=\"fusion-builder-row fusion-builder-row-inner fusion-row\"><div class=\"fusion-layout-column fusion_builder_column_inner fusion-builder-nested-column-2 fusion_builder_column_inner_1_1 1_1 fusion-one-full fusion-column-first fusion-column-last adidapage-centerquote-container\" style=\"--awb-bg-size:cover;\"><div class=\"fusion-column-wrapper fusion-flex-column-wrapper-legacy\"><div class=\"fusion-text fusion-text-10\"><p class=\"adida-page-center-qoute\">Io sono come la luce del sole che sorge ogni mattino. E intensifico la luce finch\u00e9 non vi Risvegliate.<br \/>\nFinch\u00e9 non venite Risvegliati dalla Luce, la Luce della Coscienza Stessa, continuerete a sognare, tentando di sopravvivere all\u2019interno del sogno, di cambiare voi stessi all\u2019interno del sogno, e a perseguire ogni sorta di proposito e ricerca \u2013 ma nulla di tutto ci\u00f2 vi Risveglier\u00e0 mai \u2013.<\/p>\n<\/div><div class=\"fusion-text fusion-text-11\"><p class=\"adida-page-center-qoute-signature\">~ Avatar Adi Da Samraj<\/p>\n<\/div><div class=\"fusion-clearfix\"><\/div><\/div><\/div><\/div><div class=\"fusion-builder-row fusion-builder-row-inner fusion-row\"><div class=\"fusion-layout-column fusion_builder_column_inner fusion-builder-nested-column-3 fusion_builder_column_inner_1_2 1_2 fusion-one-half fusion-column-first adidam-page-text-block\" style=\"--awb-bg-size:cover;width:50%;width:calc(50% - ( ( 4% ) * 0.5 ) );margin-right: 4%;\"><div class=\"fusion-column-wrapper fusion-flex-column-wrapper-legacy\"><div class=\"fusion-text fusion-text-12\"><p><strong class=\"red-subhead\">Ritiri<\/strong><br \/>\nAdidam offre l\u2019opportunit\u00e0 di partecipare a dei ritiri in diverse localit\u00e0 in Europa, principalmente presso la European Danda, il centro e Ashram principale in Europa.<\/p>\n<p>Per ulteriori informazioni vedere la pagina dedicata agli <a href=\"https:\/\/adidam.eu\/it\/eventi\/\" target=\"_self\" rel=\"noopener\">Eventi<\/a>.<\/p>\n<\/div><div class=\"fusion-sep-clear\"><\/div><div class=\"fusion-separator fusion-full-width-sep\" style=\"margin-left: auto;margin-right: auto;margin-bottom:20px;width:100%;\"><\/div><div class=\"fusion-sep-clear\"><\/div><div class=\"fusion-text fusion-text-13\"><p><strong class=\"red-subhead\">La European Danda<\/strong><br \/>\nLa European Danda \u00e8 un monastero nel Sud dell\u2019Olanda, non lontano dal confine con il Belgio e la Germania.<\/p>\n<\/div><div class=\"fusion-sep-clear\"><\/div><div class=\"fusion-separator fusion-full-width-sep\" style=\"margin-left: auto;margin-right: auto;margin-bottom:20px;width:100%;\"><\/div><div class=\"fusion-sep-clear\"><\/div><div class=\"fusion-text fusion-text-14\"><p><strong class=\"red-subhead\">Storia<\/strong><br \/>\nNell\u2019estate del 1986, Avatar Adi Da Samraj fece un viaggio in Europa. I devoti cercarono un luogo adatto dove Adi Da potesse riunirsi con loro, preferibilmente un luogo che potesse servire in futuro come Ashram e Centro di ritiro. Il monastero di Maria Hoop sembr\u00f2 adatto. A quel tempo non era occupato e i monaci che vi avevano risieduto in passato ci permisero gentilmente di farne uso per qualche settimana. Adi Da si ferm\u00f2 l\u00ec per diversi giorni e tenne un Discorso ai devoti di tutta Europa nella Cappella del monastero.<\/p>\n<\/div><div class=\"fusion-clearfix\"><\/div><\/div><\/div><div class=\"fusion-layout-column fusion_builder_column_inner fusion-builder-nested-column-4 fusion_builder_column_inner_1_2 1_2 fusion-one-half fusion-column-last adidam-page-text-block-right\" style=\"--awb-bg-size:cover;width:50%;width:calc(50% - ( ( 4% ) * 0.5 ) );\"><div class=\"fusion-column-wrapper fusion-flex-column-wrapper-legacy\"><div class=\"fusion-text fusion-text-15\"><p>Tre anni dopo, nel 1989, il monastero fu acquistato da Adidam. Da allora, l\u2019ex monastero funziona come Ashram e Centro Europeo di Ritiri dedicato all\u2019Opera di Adi Da Samraj. In seguito, nell\u2019edificio venne istituito anche il Museo d\u2019Arte di Adi Da, con una collezione unica di opere di Arte Figurativa da Lui Stesso create. Nel 1996, durante una seconda visita in Europa, Adi Da soggiorn\u00f2 nuovamente nell\u2019Ashram, questa volta per un periodo pi\u00f9 lungo. In quella occasione, Adi Da diede il nome di \u201cEuropean Danda\u201d all\u2019Ashram. La parola sanscrita Danda significa bastone, un riferimento alle tradizioni indiane in cui si dice che l\u2019essenza del potere spirituale del maestro viene trasmessa attraverso il suo bastone.<\/p>\n<p>Una parte della propriet\u00e0 della Danda Europea \u00e8 costituita da un bosco, un prato con un piccolo ruscello e un orto di verdure e fiori biologici. Questa parte \u00e8 un\u2019area protetta, denominata  \u201cNatura2000\u201d, ove trovano rifugio diverse specie animali a rischio.<\/p>\n<\/div><div class=\"fusion-sep-clear\"><\/div><div class=\"fusion-separator fusion-full-width-sep\" style=\"margin-left: auto;margin-right: auto;margin-bottom:20px;width:100%;\"><\/div><div class=\"fusion-sep-clear\"><\/div><div class=\"fusion-text fusion-text-16\"><p>Se vi interessa, \u00e8 possibile partecipare a delle giornate di servizio volontario presso la Danda Europea (vedi la pagina <a href=\"https:\/\/adidam.eu\/it\/eventi\/\" target=\"_blank\" rel=\"noopener\">\u201cEventi\u201d<\/a>).<\/p>\n<\/div><div class=\"fusion-clearfix\"><\/div><\/div><\/div><\/div><div class=\"fusion-sep-clear\"><\/div><div class=\"fusion-separator fusion-full-width-sep\" style=\"margin-left: auto;margin-right: auto;margin-top:50px;width:100%;\"><\/div><div class=\"fusion-sep-clear\"><\/div><div class=\"fusion-builder-row fusion-builder-row-inner fusion-row\"><div class=\"fusion-layout-column fusion_builder_column_inner fusion-builder-nested-column-5 fusion_builder_column_inner_1_3 1_3 fusion-one-third fusion-column-first\" style=\"--awb-bg-size:cover;width:33.333333333333%;width:calc(33.333333333333% - ( ( 4% + 4% ) * 0.33333333333333 ) );margin-right: 4%;\"><div class=\"fusion-column-wrapper fusion-flex-column-wrapper-legacy\"><div class=\"fusion-content-boxes content-boxes columns row fusion-columns-1 fusion-columns-total-1 fusion-content-boxes-1 content-boxes-icon-on-top content-left icon-watch\" style=\"--awb-body-color:#37939b;--awb-title-color:#37939b;--awb-hover-accent-color:#00474f;--awb-circle-hover-accent-color:#00474f;--awb-item-margin-bottom:40px;\" data-animationOffset=\"top-into-view\"><div style=\"--awb-backgroundcolor:rgba(255,255,255,0);\" class=\"fusion-column content-box-column content-box-column content-box-column-1 col-lg-12 col-md-12 col-sm-12 fusion-content-box-hover content-box-column-last content-box-column-last-in-row\"><div class=\"col content-box-wrapper content-wrapper link-area-link-icon link-type-text icon-hover-animation-fade\" data-animationOffset=\"top-into-view\"><div class=\"heading heading-with-icon icon-left\"><a class=\"heading-link\" href=\"https:\/\/adidam.eu\/watch\/\" target=\"_self\"><div aria-hidden=\"true\" class=\"image\"><img decoding=\"async\" src=\"https:\/\/adidam.eu\/wp-content\/uploads\/2016\/12\/adidam_home_icon_watch.png\" width=\"81\" height=\"81\" alt=\"\" \/><\/div><h2 class=\"content-box-heading\" style=\"--h2_typography-font-size:32px;line-height:37px;\">GUARDA<\/h2><\/a><\/div><\/div><\/div><div class=\"fusion-clearfix\"><\/div><\/div><div class=\"fusion-clearfix\"><\/div><\/div><\/div><div class=\"fusion-layout-column fusion_builder_column_inner fusion-builder-nested-column-6 fusion_builder_column_inner_1_3 1_3 fusion-one-third\" style=\"--awb-bg-size:cover;width:33.333333333333%;width:calc(33.333333333333% - ( ( 4% + 4% ) * 0.33333333333333 ) );margin-right: 4%;\"><div class=\"fusion-column-wrapper fusion-flex-column-wrapper-legacy\"><div class=\"fusion-content-boxes content-boxes columns row fusion-columns-1 fusion-columns-total-1 fusion-content-boxes-2 content-boxes-icon-on-top content-left icon-read\" style=\"--awb-body-color:#737b35;--awb-title-color:#737b35;--awb-hover-accent-color:#404802;--awb-circle-hover-accent-color:#404802;--awb-item-margin-bottom:40px;\" data-animationOffset=\"top-into-view\"><div style=\"--awb-backgroundcolor:rgba(255,255,255,0);\" class=\"fusion-column content-box-column content-box-column content-box-column-1 col-lg-12 col-md-12 col-sm-12 fusion-content-box-hover content-box-column-last content-box-column-last-in-row\"><div class=\"col content-box-wrapper content-wrapper link-area-link-icon link-type-text icon-hover-animation-fade\" data-animationOffset=\"top-into-view\"><div class=\"heading heading-with-icon icon-left\"><a class=\"heading-link\" href=\"https:\/\/adidam.eu\/read\/\" target=\"_self\"><div aria-hidden=\"true\" class=\"image\"><img decoding=\"async\" src=\"https:\/\/adidam.eu\/wp-content\/uploads\/2016\/12\/adidam_home_icon_read.png\" width=\"81\" height=\"81\" alt=\"\" \/><\/div><h2 class=\"content-box-heading\" style=\"--h2_typography-font-size:32px;line-height:37px;\">LEGGI<\/h2><\/a><\/div><\/div><\/div><div class=\"fusion-clearfix\"><\/div><\/div><div class=\"fusion-clearfix\"><\/div><\/div><\/div><div class=\"fusion-layout-column fusion_builder_column_inner fusion-builder-nested-column-7 fusion_builder_column_inner_1_3 1_3 fusion-one-third fusion-column-last\" style=\"--awb-bg-size:cover;width:33.333333333333%;width:calc(33.333333333333% - ( ( 4% + 4% ) * 0.33333333333333 ) );\"><div class=\"fusion-column-wrapper fusion-flex-column-wrapper-legacy\"><div class=\"fusion-content-boxes content-boxes columns row fusion-columns-1 fusion-columns-total-1 fusion-content-boxes-3 content-boxes-icon-on-top content-left icon-listen\" style=\"--awb-body-color:#b3740d;--awb-title-color:#b3740d;--awb-hover-accent-color:#804100;--awb-circle-hover-accent-color:#804100;--awb-item-margin-bottom:40px;\" data-animationOffset=\"top-into-view\"><div style=\"--awb-backgroundcolor:rgba(255,255,255,0);\" class=\"fusion-column content-box-column content-box-column content-box-column-1 col-lg-12 col-md-12 col-sm-12 fusion-content-box-hover content-box-column-last content-box-column-last-in-row\"><div class=\"col content-box-wrapper content-wrapper link-area-link-icon link-type-text icon-hover-animation-fade\" data-animationOffset=\"top-into-view\"><div class=\"heading heading-with-icon icon-left\"><a class=\"heading-link\" href=\"https:\/\/adidam.eu\/listen\/\" target=\"_self\"><div aria-hidden=\"true\" class=\"image\"><img decoding=\"async\" src=\"https:\/\/adidam.eu\/wp-content\/uploads\/2016\/12\/adidam_home_icon_listen.png\" width=\"81\" height=\"81\" alt=\"\" \/><\/div><h2 class=\"content-box-heading\" style=\"--h2_typography-font-size:32px;line-height:37px;\">ASCOLTA<\/h2><\/a><\/div><\/div><\/div><div class=\"fusion-clearfix\"><\/div><\/div><div class=\"fusion-clearfix\"><\/div><\/div><\/div><\/div><div class=\"fusion-clearfix\"><\/div><\/div><\/div><div class=\"fusion-layout-column fusion_builder_column fusion-builder-column-1 fusion_builder_column_1_3 1_3 fusion-one-third fusion-column-last\" style=\"--awb-bg-position:right center;--awb-bg-size:cover;width:33.333333333333%;width:calc(33.333333333333% - ( ( 4% ) * 0.33333333333333 ) );\"><div class=\"fusion-column-wrapper fusion-flex-column-wrapper-legacy\"><div class=\"fusion-video fusion-youtube\" style=\"--awb-max-width:351px;--awb-max-height:197px;\"><div class=\"video-shortcode\"><div class=\"fluid-width-video-wrapper\" style=\"padding-top:56.13%;\" ><iframe title=\"YouTube video player 1\" src=\"https:\/\/www.youtube.com\/embed\/8omuybBC90w?wmode=transparent&autoplay=0&amp;rel=0\" width=\"351\" height=\"197\" allowfullscreen allow=\"autoplay; clipboard-write; encrypted-media; gyroscope; picture-in-picture;\"><\/iframe><\/div><\/div><\/div><div class=\"fusion-sep-clear\"><\/div><div class=\"fusion-separator fusion-full-width-sep\" style=\"margin-left: auto;margin-right: auto;margin-top:10px;width:100%;\"><\/div><div class=\"fusion-sep-clear\"><\/div><div class=\"fusion-title title fusion-title-1 fusion-sep-none fusion-title-text fusion-title-size-one homepage-events-sidebar-h1 \" style=\"--awb-margin-top-small:10px;--awb-margin-right-small:0px;--awb-margin-bottom-small:10px;--awb-margin-left-small:0px;\"><h1 class=\"fusion-title-heading title-heading-left\" style=\"margin:0;\">Il Retaggio di Avatar Adi Da Samraj<\/h1><\/div><div class=\"fusion-sep-clear\"><\/div><div class=\"fusion-separator fusion-full-width-sep\" style=\"margin-left: auto;margin-right: auto;margin-top:30px;width:100%;\"><\/div><div class=\"fusion-sep-clear\"><\/div><div class=\"fusion-image-element in-legacy-container\" style=\"--awb-caption-title-font-family:var(--h2_typography-font-family);--awb-caption-title-font-weight:var(--h2_typography-font-weight);--awb-caption-title-font-style:var(--h2_typography-font-style);--awb-caption-title-size:var(--h2_typography-font-size);--awb-caption-title-transform:var(--h2_typography-text-transform);--awb-caption-title-line-height:var(--h2_typography-line-height);--awb-caption-title-letter-spacing:var(--h2_typography-letter-spacing);\"><span class=\" fusion-imageframe imageframe-none imageframe-1 hover-type-none\"><img decoding=\"async\" width=\"355\" height=\"444\" title=\"adidam_sidebar_picture_aletheon116\" src=\"https:\/\/adidam.eu\/wp-content\/uploads\/2016\/12\/adidam_sidebar_picture_aletheon116.png\" alt class=\"img-responsive wp-image-3693\" srcset=\"https:\/\/adidam.eu\/wp-content\/uploads\/2016\/12\/adidam_sidebar_picture_aletheon116-200x250.png 200w, https:\/\/adidam.eu\/wp-content\/uploads\/2016\/12\/adidam_sidebar_picture_aletheon116.png 355w\" sizes=\"(max-width: 1200px) 100vw, 355px\" \/><\/span><\/div><div class=\"fusion-sep-clear\"><\/div><div class=\"fusion-separator fusion-full-width-sep\" style=\"margin-left: auto;margin-right: auto;margin-top:30px;width:100%;\"><\/div><div class=\"fusion-sep-clear\"><\/div><div class=\"fusion-image-element in-legacy-container\" style=\"--awb-caption-title-font-family:var(--h2_typography-font-family);--awb-caption-title-font-weight:var(--h2_typography-font-weight);--awb-caption-title-font-style:var(--h2_typography-font-style);--awb-caption-title-size:var(--h2_typography-font-size);--awb-caption-title-transform:var(--h2_typography-text-transform);--awb-caption-title-line-height:var(--h2_typography-line-height);--awb-caption-title-letter-spacing:var(--h2_typography-letter-spacing);\"><span class=\" fusion-imageframe imageframe-none imageframe-2 hover-type-none\"><img decoding=\"async\" width=\"464\" height=\"349\" title=\"the European Danda\" src=\"https:\/\/adidam.eu\/wp-content\/uploads\/2016\/12\/adidam_sidebar_theeuropeandanda.png\" alt class=\"img-responsive wp-image-3477\" srcset=\"https:\/\/adidam.eu\/wp-content\/uploads\/2016\/12\/adidam_sidebar_theeuropeandanda-200x150.png 200w, https:\/\/adidam.eu\/wp-content\/uploads\/2016\/12\/adidam_sidebar_theeuropeandanda-400x301.png 400w, https:\/\/adidam.eu\/wp-content\/uploads\/2016\/12\/adidam_sidebar_theeuropeandanda.png 464w\" sizes=\"(max-width: 1200px) 100vw, 400px\" \/><\/span><\/div><div class=\"fusion-sep-clear\"><\/div><div class=\"fusion-separator fusion-full-width-sep\" style=\"margin-left: auto;margin-right: auto;margin-top:30px;width:100%;\"><\/div><div class=\"fusion-sep-clear\"><\/div><div class=\"fusion-image-element in-legacy-container\" style=\"--awb-caption-title-font-family:var(--h2_typography-font-family);--awb-caption-title-font-weight:var(--h2_typography-font-weight);--awb-caption-title-font-style:var(--h2_typography-font-style);--awb-caption-title-size:var(--h2_typography-font-size);--awb-caption-title-transform:var(--h2_typography-text-transform);--awb-caption-title-line-height:var(--h2_typography-line-height);--awb-caption-title-letter-spacing:var(--h2_typography-letter-spacing);\"><span class=\" fusion-imageframe imageframe-none imageframe-3 hover-type-none\"><img decoding=\"async\" width=\"464\" height=\"309\" title=\"the European Danda\" src=\"https:\/\/adidam.eu\/wp-content\/uploads\/2021\/06\/danda_vooraanzicht_464x309px_100kb.jpg\" alt class=\"img-responsive wp-image-1624\" srcset=\"https:\/\/adidam.eu\/wp-content\/uploads\/2021\/06\/danda_vooraanzicht_464x309px_100kb-200x133.jpg 200w, https:\/\/adidam.eu\/wp-content\/uploads\/2021\/06\/danda_vooraanzicht_464x309px_100kb-400x266.jpg 400w, https:\/\/adidam.eu\/wp-content\/uploads\/2021\/06\/danda_vooraanzicht_464x309px_100kb.jpg 464w\" sizes=\"(max-width: 1200px) 100vw, 400px\" \/><\/span><\/div><div class=\"fusion-sep-clear\"><\/div><div class=\"fusion-separator fusion-full-width-sep\" style=\"margin-left: auto;margin-right: auto;margin-top:30px;width:100%;\"><\/div><div class=\"fusion-sep-clear\"><\/div><div class=\"fusion-image-element in-legacy-container\" style=\"--awb-caption-title-font-family:var(--h2_typography-font-family);--awb-caption-title-font-weight:var(--h2_typography-font-weight);--awb-caption-title-font-style:var(--h2_typography-font-style);--awb-caption-title-size:var(--h2_typography-font-size);--awb-caption-title-transform:var(--h2_typography-text-transform);--awb-caption-title-line-height:var(--h2_typography-line-height);--awb-caption-title-letter-spacing:var(--h2_typography-letter-spacing);\"><span class=\" fusion-imageframe imageframe-none imageframe-4 hover-type-none\"><img decoding=\"async\" width=\"464\" height=\"309\" title=\"the European Danda\" src=\"https:\/\/adidam.eu\/wp-content\/uploads\/2021\/06\/danda_poli_464x309px_80kb.jpg\" alt class=\"img-responsive wp-image-1625\" srcset=\"https:\/\/adidam.eu\/wp-content\/uploads\/2021\/06\/danda_poli_464x309px_80kb-200x133.jpg 200w, https:\/\/adidam.eu\/wp-content\/uploads\/2021\/06\/danda_poli_464x309px_80kb-400x266.jpg 400w, https:\/\/adidam.eu\/wp-content\/uploads\/2021\/06\/danda_poli_464x309px_80kb.jpg 464w\" sizes=\"(max-width: 1200px) 100vw, 400px\" \/><\/span><\/div><div class=\"fusion-clearfix\"><\/div><\/div><\/div><\/div><\/div>\n","protected":false},"excerpt":{"rendered":"","protected":false},"author":1,"featured_media":0,"parent":0,"menu_order":0,"comment_status":"closed","ping_status":"closed","template":"100-width.php","meta":{"footnotes":""},"class_list":["post-3692","page","type-page","status-publish","hentry"],"_links":{"self":[{"href":"https:\/\/adidam.eu\/it\/wp-json\/wp\/v2\/pages\/3692","targetHints":{"allow":["GET"]}}],"collection":[{"href":"https:\/\/adidam.eu\/it\/wp-json\/wp\/v2\/pages"}],"about":[{"href":"https:\/\/adidam.eu\/it\/wp-json\/wp\/v2\/types\/page"}],"author":[{"embeddable":true,"href":"https:\/\/adidam.eu\/it\/wp-json\/wp\/v2\/users\/1"}],"replies":[{"embeddable":true,"href":"https:\/\/adidam.eu\/it\/wp-json\/wp\/v2\/comments?post=3692"}],"version-history":[{"count":7,"href":"https:\/\/adidam.eu\/it\/wp-json\/wp\/v2\/pages\/3692\/revisions"}],"predecessor-version":[{"id":3827,"href":"https:\/\/adidam.eu\/it\/wp-json\/wp\/v2\/pages\/3692\/revisions\/3827"}],"wp:attachment":[{"href":"https:\/\/adidam.eu\/it\/wp-json\/wp\/v2\/media?parent=3692"}],"curies":[{"name":"wp","href":"https:\/\/api.w.org\/{rel}","templated":true}]}}