{"id":4306,"date":"2016-12-08T02:59:22","date_gmt":"2016-12-08T01:59:22","guid":{"rendered":"https:\/\/adidam.eu\/adi-da\/"},"modified":"2025-05-13T14:58:22","modified_gmt":"2025-05-13T12:58:22","slug":"adi-da","status":"publish","type":"page","link":"https:\/\/adidam.eu\/pl\/adi-da\/","title":{"rendered":"Adi Da"},"content":{"rendered":"<div class=\"fusion-fullwidth fullwidth-box fusion-builder-row-1 nonhundred-percent-fullwidth non-hundred-percent-height-scrolling\" style=\"--awb-border-radius-top-left:0px;--awb-border-radius-top-right:0px;--awb-border-radius-bottom-right:0px;--awb-border-radius-bottom-left:0px;--awb-padding-top:20px;--awb-padding-bottom:20px;--awb-flex-wrap:wrap;\" ><div class=\"fusion-builder-row fusion-row\"><div class=\"fusion-layout-column fusion_builder_column fusion-builder-column-0 fusion_builder_column_2_3 2_3 fusion-two-third fusion-column-first\" style=\"--awb-bg-size:cover;width:66.666666666667%;width:calc(66.666666666667% - ( ( 4% ) * 0.66666666666667 ) );margin-right: 4%;\"><div class=\"fusion-column-wrapper fusion-flex-column-wrapper-legacy\"><div class=\"fusion-text fusion-text-1\"><h1 class=\"adida-page-adi-da-quote\"><em>We wszystkich tradycjach \u201ereligijnych\u201d i Duchowych szczeg\u00f3ln\u0105 uwag\u0119 po\u015bwi\u0119ca si\u0119 pewnym kluczowym osobom. Nie istnieje \u017cadna wielka tradycja Duchowa, w kt\u00f3rej w centrum procesu nie znalaz\u0142aby si\u0119 konkretna osoba.<\/em><\/h1>\n<p>\n<\/div><div class=\"fusion-sep-clear\"><\/div><div class=\"fusion-separator fusion-full-width-sep\" style=\"margin-left: auto;margin-right: auto;margin-top:20px;width:100%;\"><\/div><div class=\"fusion-sep-clear\"><\/div><div class=\"fusion-text fusion-text-2\"><h1 class=\"adida-page-adi-da-quote\"><em>G\u0142\u00f3wn\u0105 si\u0142\u0105 i \u201e\u017ar\u00f3d\u0142em\u201d wszystkich ezoterycznych tradycji ludzko\u015bci s\u0105 Urzeczywistnieni Adepci \u2013 Ci, kt\u00f3rzy faktycznie, w takim czy innym stopniu, Urzeczywistnili Duchow\u0105 i Transcendentaln\u0105 Natur\u0119 Rzeczywisto\u015bci.<\/em><\/h1>\n<p>\n<\/div><div class=\"fusion-sep-clear\"><\/div><div class=\"fusion-separator fusion-full-width-sep\" style=\"margin-left: auto;margin-right: auto;margin-top:10px;width:100%;\"><\/div><div class=\"fusion-sep-clear\"><\/div><div class=\"fusion-text fusion-text-3\"><p class=\"adi-da-quote-sub\" style=\"text-align: right;\">~ AWATAR ADI DA SAMRAJ<\/p>\n<\/div><div class=\"fusion-builder-row fusion-builder-row-inner fusion-row\"><div class=\"fusion-layout-column fusion_builder_column_inner fusion-builder-nested-column-0 fusion_builder_column_inner_1_2 1_2 fusion-one-half fusion-column-first\" style=\"--awb-bg-size:cover;width:50%;width:calc(50% - ( ( 4% ) * 0.5 ) );margin-right: 4%;\"><div class=\"fusion-column-wrapper fusion-flex-column-wrapper-legacy\"><div class=\"fusion-text fusion-text-4\"><p><strong>Mistrzowie Duchowo Urzeczywistnieni\u00a0<\/strong>w r\u00f3\u017cnym stopniu Urzeczywistnienia, pojawiali si\u0119 na przestrzeni dziej\u00f3w, aby naucza\u0107, b\u0142ogos\u0142awi\u0107 i przebudza\u0107 ludzko\u015b\u0107. Adi Da Samraj pojawi\u0142 si\u0119 w ramach tej odwiecznej i czcigodnej tradycji wszystkich Bosko Urzeczywistnionych Mistrz\u00f3w, z tym samym impulsem, by Naucza\u0107 i Przebudzi\u0107 ludzko\u015b\u0107 do Jedynej Prawdy, kt\u00f3r\u0105 jest Sama Rzeczywisto\u015b\u0107.<\/p>\n<p>Podstawow\u0105 duchow\u0105 potrzeb\u0105 ka\u017cdego ludzkiego serca jest przekroczenie paradoksu \u015bmiertelno\u015bci, cielesnej egzystencji w sko\u0144czonym \u015bwiecie oraz Urzeczywistnienie Niesko\u0144czonej Mi\u0142o\u015bci, Doskona\u0142ej Wolno\u015bci i Nieograniczonego Szcz\u0119\u015bcia. G\u0142\u00f3wnym Darem, jaki Adi Da Samraj ofiarowuje wszystkim, jest Prawda, \u017ce takie Urzeczywistnienie jest nie tylko nasz\u0105 najg\u0142\u0119bsz\u0105 duchow\u0105 potrzeb\u0105, ale r\u00f3wnie\u017c naszym nieuniknionym i wiecznym Przeznaczeniem. Gdy\u017c prawdziwym Stanem Samej Rzeczywisto\u015bci nie jest ten sko\u0144czony, \u015bmiertelny \u015bwiat, lecz Niepodzielne \u015awiadome \u015awiat\u0142o \u2013 objawiaj\u0105ce si\u0119 jako Niesko\u0144czona Mi\u0142o\u015b\u0107, Doskona\u0142a Wolno\u015b\u0107 i Nieograniczone Szcz\u0119\u015bcie.<\/p>\n<\/div><div class=\"fusion-clearfix\"><\/div><\/div><\/div><div class=\"fusion-layout-column fusion_builder_column_inner fusion-builder-nested-column-1 fusion_builder_column_inner_1_2 1_2 fusion-one-half fusion-column-last\" style=\"--awb-bg-size:cover;width:50%;width:calc(50% - ( ( 4% ) * 0.5 ) );\"><div class=\"fusion-column-wrapper fusion-flex-column-wrapper-legacy\"><div class=\"fusion-text fusion-text-5\"><p>Adi Da Samraj urodzi\u0142 si\u0119 w tym Promiennym Stanie i od wczesnego dzieci\u0144stwa nazywa\u0142 go \u201eJasno\u015bci\u0105\u201d. To samo Urzeczywistnienie przekazywa\u0142 przez ca\u0142e swoje cielesne \u017cycie i nadal czyni to za po\u015brednictwem wcze\u015bniej ustanowionych przez Niego Agencji Duchowego Przekazu. G\u0142\u00f3wnym \u015brodkiem, za pomoc\u0105 kt\u00f3rego Adi Da Samraj budzi\u0142 innych do Swojego Urzeczywistnienia, by\u0142a ta sama metoda, kt\u00f3r\u0105 od wiek\u00f3w zalecali Urzeczywistnieni Mistrzowie: \u015bwiadomie prze\u017cywana i wzajemnie przyj\u0119ta relacja Guru\u2013ucze\u0144. U podstaw tej u\u015bwi\u0119conej tradycj\u0105 relacji le\u017cy komunia z Urzeczywistnionym lub medytacja nad Jego Stanem.<\/p>\n<p><strong class=\"red-subhead\">Wyj\u0105tkowo\u015b\u0107 Adi Da: Duchowe Poszukiwania a Droga-Rzeczywisto\u015bci Adidam<\/strong><br \/>Wszystkie dotychczasowe \u015bcie\u017cki \u2013 zar\u00f3wno wschodnie, jak i zachodnie, egzoteryczne i ezoteryczne \u2013 rozpoczynaj\u0105 si\u0119 od punktu widzenia ego, od poczucia oddzielnej \u201ewewn\u0119trznej ja\u017ani\u201d. Ka\u017cda z nich, poprzez rozmaite metody, wierzenia, rytua\u0142y, techniki, praktyki medytacyjne i inne \u015brodki, oferuje spos\u00f3b na uwolnienie si\u0119 od tego \u015bmiertelnego i bolesnego poczucia oddzielenia.<\/p>\n<\/div><div class=\"fusion-clearfix\"><\/div><\/div><\/div><\/div><div class=\"fusion-builder-row fusion-builder-row-inner fusion-row\"><div class=\"fusion-layout-column fusion_builder_column_inner fusion-builder-nested-column-2 fusion_builder_column_inner_1_1 1_1 fusion-one-full fusion-column-first fusion-column-last adidapage-centerquote-container\" style=\"--awb-bg-size:cover;\"><div class=\"fusion-column-wrapper fusion-flex-column-wrapper-legacy\"><div class=\"fusion-text fusion-text-6\"><p class=\"adida-page-center-qoute\">\u201eDo\u015bwiadczaj\u0105ca\u201d \u017cywa istota ludzka nie jest zakorzeniona w \u017cadnej niezale\u017cnej \u201ewewn\u0119trznej ja\u017ani\u201d, \u201eumy\u015ble\u201d, \u201epsychice\u201d, \u201eduszy\u201d, \u201eciele\u201d, \u201emiejscu\u201d ani \u201epunkcie widzenia\u201d. W warunkowo postrzeganym kontek\u015bcie, istota ta jest nieod\u0142\u0105cznie zwi\u0105zana, nierozdzielna i zale\u017cna od uprzedniej Jedno\u015bci i Ca\u0142o\u015bci.<\/p>\n<\/div><div class=\"fusion-text fusion-text-7\"><p class=\"adida-page-center-qoute-signature\">~ The Aletheon<\/p>\n<\/div><div class=\"fusion-clearfix\"><\/div><\/div><\/div><\/div><div class=\"fusion-builder-row fusion-builder-row-inner fusion-row\"><div class=\"fusion-layout-column fusion_builder_column_inner fusion-builder-nested-column-3 fusion_builder_column_inner_1_2 1_2 fusion-one-half fusion-column-first\" style=\"--awb-bg-size:cover;width:50%;width:calc(50% - ( ( 4% ) * 0.5 ) );margin-right: 4%;\"><div class=\"fusion-column-wrapper fusion-flex-column-wrapper-legacy\"><div class=\"fusion-text fusion-text-8\"><p>Awatar Adi Da niezwykle szczeg\u00f3\u0142owo opisuje uczucie niepokoju istnienia lub dylematu, kt\u00f3re motywuje ludzkie poszukiwania. Wyja\u015bnia, \u017ce do\u015bwiadczenia te wynikaj\u0105 z jednej chronicznej czynno\u015bci, b\u0119d\u0105cej \u017ar\u00f3d\u0142em poczucia oddzielenia: ka\u017cda mo\u017cliwa forma ludzkiego cierpienia rodzi si\u0119 z tego jednego b\u0142\u0119du \u2013 bolesnej iluzji, \u017ce \u201eja\u201d jest odr\u0119bn\u0105, \u015bmierteln\u0105 istot\u0105, oddzielon\u0105 od wszystkich \u201einnych\u201d i w jaki\u015b spos\u00f3b oddzielon\u0105 od Promiennej Boskiej \u015awiadomo\u015bci, w kt\u00f3rej rozgrywa si\u0119 ca\u0142a gra egzystencji. Poniewa\u017c iluzoryczne ego samo w sobie jest problemem, pr\u00f3ba uwolnienia si\u0119 od niego przypomina pr\u00f3b\u0119 podniesienia deski przez osob\u0119 stoj\u0105c\u0105 na niej.<\/p>\n<p>W przeciwie\u0144stwie do wszystkich tradycyjnych \u015bcie\u017cek poszukiwaczy, na Drodze Rzeczywisto\u015bci Adidam nie istnieje \u017caden cel do osi\u0105gni\u0119cia ani \u017caden inny \u015bwiat do zdobycia. Zamiast tego ucze\u0144 zostaje przyci\u0105gni\u0119ty przez Boski Stan Istnienia Adi Da i wchodzi z oddaniem w responsywn\u0105 komuni\u0119 z Nim. W odr\u00f3\u017cnieniu od tradycyjnych metod duchowych, kt\u00f3re zmierzaj\u0105 do \u201eostatecznego rezultatu\u201d, ten proces rozpoczyna si\u0119 ju\u017c na samym pocz\u0105tku praktyki w Obecno\u015bci Adi Da i zawiera w sobie pe\u0142ni\u0119 Urzeczywistnienia Rzeczywisto\u015bci i Prawdy.<\/p>\n<\/div><div class=\"fusion-clearfix\"><\/div><\/div><\/div><div class=\"fusion-layout-column fusion_builder_column_inner fusion-builder-nested-column-4 fusion_builder_column_inner_1_2 1_2 fusion-one-half fusion-column-last\" style=\"--awb-bg-size:cover;width:50%;width:calc(50% - ( ( 4% ) * 0.5 ) );\"><div class=\"fusion-column-wrapper fusion-flex-column-wrapper-legacy\"><div class=\"fusion-text fusion-text-9\"><p>Prawdziw\u0105 Funkcj\u0105 Awatara Adi Da nie jest nauczanie ani w jaki\u015b cudowny spos\u00f3b \u201ewywo\u0142ywanie\u201d Urzeczywistnienia u Swoich uczni\u00f3w ale po prostu Bycie \u2013 Takim, Jakim Jest jako Boski Stan Rzeczywisto\u015bci \u2013 i tym samym udost\u0119pnianie innym kontaktu z bezpo\u015brednim Objawieniem Samej Rzeczywisto\u015bci. W odpowiedzi na to ucze\u0144 \u201estaje w Pozycji Urzeczywistnienia\u201d \u2013 uprzedniej wobec uto\u017csamienia z cia\u0142o-umys\u0142em \u2013 w rezultacie czego cia\u0142o-umys\u0142 staje si\u0119 coraz bardziej zharmonizowany z tym Urzeczywistnieniem. Nie dzieje si\u0119 to za spraw\u0105 jakiejkolwiek metody poszukiwania, lecz wy\u0142\u0105cznie dzi\u0119ki Boskiemu B\u0142ogos\u0142awie\u0144stwu i Duchowej \u0141asce Adi Da.<\/p>\n<\/div><div class=\"fusion-clearfix\"><\/div><\/div><\/div><\/div><div class=\"fusion-sep-clear\"><\/div><div class=\"fusion-separator fusion-full-width-sep\" style=\"margin-left: auto;margin-right: auto;margin-top:40px;width:100%;\"><\/div><div class=\"fusion-sep-clear\"><\/div><div class=\"fusion-builder-row fusion-builder-row-inner fusion-row\"><div class=\"fusion-layout-column fusion_builder_column_inner fusion-builder-nested-column-5 fusion_builder_column_inner_1_3 1_3 fusion-one-third fusion-column-first\" style=\"--awb-bg-size:cover;width:33.333333333333%;width:calc(33.333333333333% - ( ( 4% + 4% ) * 0.33333333333333 ) );margin-right: 4%;\"><div class=\"fusion-column-wrapper fusion-flex-column-wrapper-legacy\"><div class=\"fusion-content-boxes content-boxes columns row fusion-columns-1 fusion-columns-total-1 fusion-content-boxes-1 content-boxes-icon-on-top content-left icon-watch\" style=\"--awb-body-color:#37939b;--awb-title-color:#37939b;--awb-hover-accent-color:#00474f;--awb-circle-hover-accent-color:#00474f;--awb-item-margin-bottom:40px;\" data-animationOffset=\"top-into-view\"><div style=\"--awb-backgroundcolor:rgba(255,255,255,0);\" class=\"fusion-column content-box-column content-box-column content-box-column-1 col-lg-12 col-md-12 col-sm-12 fusion-content-box-hover content-box-column-last content-box-column-last-in-row\"><div class=\"col content-box-wrapper content-wrapper link-area-link-icon link-type-text icon-hover-animation-fade\" data-animationOffset=\"top-into-view\"><div class=\"heading heading-with-icon icon-left\"><a class=\"heading-link\" href=\"https:\/\/adidam.eu\/watch\/\" target=\"_self\"><div aria-hidden=\"true\" class=\"image\"><img decoding=\"async\" src=\"https:\/\/adidam.eu\/wp-content\/uploads\/2016\/12\/adidam_home_icon_watch.png\" width=\"81\" height=\"81\" alt=\"\" \/><\/div><h2 class=\"content-box-heading\" style=\"--h2_typography-font-size:32px;line-height:37px;\">OGL\u0104DAJ<\/h2><\/a><\/div><\/div><\/div><div class=\"fusion-clearfix\"><\/div><\/div><div class=\"fusion-clearfix\"><\/div><\/div><\/div><div class=\"fusion-layout-column fusion_builder_column_inner fusion-builder-nested-column-6 fusion_builder_column_inner_1_3 1_3 fusion-one-third\" style=\"--awb-bg-size:cover;width:33.333333333333%;width:calc(33.333333333333% - ( ( 4% + 4% ) * 0.33333333333333 ) );margin-right: 4%;\"><div class=\"fusion-column-wrapper fusion-flex-column-wrapper-legacy\"><div class=\"fusion-content-boxes content-boxes columns row fusion-columns-1 fusion-columns-total-1 fusion-content-boxes-2 content-boxes-icon-on-top content-left icon-read\" style=\"--awb-body-color:#737b35;--awb-title-color:#737b35;--awb-hover-accent-color:#404802;--awb-circle-hover-accent-color:#404802;--awb-item-margin-bottom:40px;\" data-animationOffset=\"top-into-view\"><div style=\"--awb-backgroundcolor:rgba(255,255,255,0);\" class=\"fusion-column content-box-column content-box-column content-box-column-1 col-lg-12 col-md-12 col-sm-12 fusion-content-box-hover content-box-column-last content-box-column-last-in-row\"><div class=\"col content-box-wrapper content-wrapper link-area-link-icon link-type-text icon-hover-animation-fade\" data-animationOffset=\"top-into-view\"><div class=\"heading heading-with-icon icon-left\"><a class=\"heading-link\" href=\"https:\/\/adidam.eu\/read\/\" target=\"_self\"><div aria-hidden=\"true\" class=\"image\"><img decoding=\"async\" src=\"https:\/\/adidam.eu\/wp-content\/uploads\/2016\/12\/adidam_home_icon_read.png\" width=\"81\" height=\"81\" alt=\"\" \/><\/div><h2 class=\"content-box-heading\" style=\"--h2_typography-font-size:32px;line-height:37px;\">CZYTAJ<\/h2><\/a><\/div><\/div><\/div><div class=\"fusion-clearfix\"><\/div><\/div><div class=\"fusion-clearfix\"><\/div><\/div><\/div><div class=\"fusion-layout-column fusion_builder_column_inner fusion-builder-nested-column-7 fusion_builder_column_inner_1_3 1_3 fusion-one-third fusion-column-last\" style=\"--awb-bg-size:cover;width:33.333333333333%;width:calc(33.333333333333% - ( ( 4% + 4% ) * 0.33333333333333 ) );\"><div class=\"fusion-column-wrapper fusion-flex-column-wrapper-legacy\"><div class=\"fusion-content-boxes content-boxes columns row fusion-columns-1 fusion-columns-total-1 fusion-content-boxes-3 content-boxes-icon-on-top content-left icon-listen\" style=\"--awb-body-color:#b3740d;--awb-title-color:#b3740d;--awb-hover-accent-color:#804100;--awb-circle-hover-accent-color:#804100;--awb-item-margin-bottom:40px;\" data-animationOffset=\"top-into-view\"><div style=\"--awb-backgroundcolor:rgba(255,255,255,0);\" class=\"fusion-column content-box-column content-box-column content-box-column-1 col-lg-12 col-md-12 col-sm-12 fusion-content-box-hover content-box-column-last content-box-column-last-in-row\"><div class=\"col content-box-wrapper content-wrapper link-area-link-icon link-type-text icon-hover-animation-fade\" data-animationOffset=\"top-into-view\"><div class=\"heading heading-with-icon icon-left\"><a class=\"heading-link\" href=\"https:\/\/adidam.eu\/listen\/\" target=\"_self\"><div aria-hidden=\"true\" class=\"image\"><img decoding=\"async\" src=\"https:\/\/adidam.eu\/wp-content\/uploads\/2016\/12\/adidam_home_icon_listen.png\" width=\"81\" height=\"81\" alt=\"\" \/><\/div><h2 class=\"content-box-heading\" style=\"--h2_typography-font-size:32px;line-height:37px;\">S\u0141UCHAJ<\/h2><\/a><\/div><\/div><\/div><div class=\"fusion-clearfix\"><\/div><\/div><div class=\"fusion-clearfix\"><\/div><\/div><\/div><\/div><div class=\"fusion-clearfix\"><\/div><\/div><\/div><div class=\"fusion-layout-column fusion_builder_column fusion-builder-column-1 fusion_builder_column_1_3 1_3 fusion-one-third fusion-column-last\" style=\"--awb-bg-position:right center;--awb-bg-size:cover;width:33.333333333333%;width:calc(33.333333333333% - ( ( 4% ) * 0.33333333333333 ) );\"><div class=\"fusion-column-wrapper fusion-flex-column-wrapper-legacy\"><div class=\"fusion-video fusion-youtube\" style=\"--awb-max-width:351px;--awb-max-height:197px;\"><div class=\"video-shortcode\"><div class=\"fluid-width-video-wrapper\" style=\"padding-top:56.13%;\" ><iframe title=\"YouTube video player 1\" src=\"https:\/\/www.youtube.com\/embed\/5r_7PajYj3M?wmode=transparent&autoplay=0&amp;rel=0\" width=\"351\" height=\"197\" allowfullscreen allow=\"autoplay; clipboard-write; encrypted-media; gyroscope; picture-in-picture;\"><\/iframe><\/div><\/div><\/div><div class=\"fusion-sep-clear\"><\/div><div class=\"fusion-separator fusion-full-width-sep\" style=\"margin-left: auto;margin-right: auto;margin-top:10px;width:100%;\"><\/div><div class=\"fusion-sep-clear\"><\/div><div class=\"fusion-title title fusion-title-1 fusion-sep-none fusion-title-text fusion-title-size-one youtube-sidebar-h1\" style=\"--awb-margin-top-small:10px;--awb-margin-right-small:0px;--awb-margin-bottom-small:10px;--awb-margin-left-small:0px;\"><h1 class=\"fusion-title-heading title-heading-left\" style=\"margin:0;\">U\u015bwi\u0119cona Tradycj\u0105 Relacja Guru-ucze\u0144<\/h1><\/div><div class=\"fusion-sep-clear\"><\/div><div class=\"fusion-separator fusion-full-width-sep\" style=\"margin-left: auto;margin-right: auto;margin-top:30px;width:100%;\"><\/div><div class=\"fusion-sep-clear\"><\/div><div class=\"fusion-image-element in-legacy-container\" style=\"--awb-caption-title-font-family:var(--h2_typography-font-family);--awb-caption-title-font-weight:var(--h2_typography-font-weight);--awb-caption-title-font-style:var(--h2_typography-font-style);--awb-caption-title-size:var(--h2_typography-font-size);--awb-caption-title-transform:var(--h2_typography-text-transform);--awb-caption-title-line-height:var(--h2_typography-line-height);--awb-caption-title-letter-spacing:var(--h2_typography-letter-spacing);\"><span class=\" fusion-imageframe imageframe-none imageframe-1 hover-type-none\"><img decoding=\"async\" width=\"355\" height=\"253\" title=\"adidam_sidebar_adidapage\" src=\"https:\/\/adidam.eu\/wp-content\/uploads\/2016\/12\/adidam_sidebar_adidapage.png\" alt class=\"img-responsive wp-image-212\" srcset=\"https:\/\/adidam.eu\/wp-content\/uploads\/2016\/12\/adidam_sidebar_adidapage-200x143.png 200w, https:\/\/adidam.eu\/wp-content\/uploads\/2016\/12\/adidam_sidebar_adidapage.png 355w\" sizes=\"(max-width: 1200px) 100vw, 355px\" \/><\/span><\/div><div class=\"fusion-sep-clear\"><\/div><div class=\"fusion-separator fusion-full-width-sep\" style=\"margin-left: auto;margin-right: auto;margin-top:40px;width:100%;\"><\/div><div class=\"fusion-sep-clear\"><\/div><div class=\"fusion-video fusion-youtube\" style=\"--awb-max-width:351px;--awb-max-height:197px;\"><div class=\"video-shortcode\"><div class=\"fluid-width-video-wrapper\" style=\"padding-top:56.13%;\" ><iframe title=\"YouTube video player 2\" src=\"https:\/\/www.youtube.com\/embed\/qXpg0ta4K-Q?wmode=transparent&autoplay=0&amp;rel=0\" width=\"351\" height=\"197\" allowfullscreen allow=\"autoplay; clipboard-write; encrypted-media; gyroscope; picture-in-picture;\"><\/iframe><\/div><\/div><\/div><div class=\"fusion-sep-clear\"><\/div><div class=\"fusion-separator fusion-full-width-sep\" style=\"margin-left: auto;margin-right: auto;margin-top:10px;width:100%;\"><\/div><div class=\"fusion-sep-clear\"><\/div><div class=\"fusion-title title fusion-title-2 fusion-sep-none fusion-title-text fusion-title-size-one youtube-sidebar-h1\" style=\"--awb-margin-top-small:10px;--awb-margin-right-small:0px;--awb-margin-bottom-small:10px;--awb-margin-left-small:0px;\"><h1 class=\"fusion-title-heading title-heading-left\" style=\"margin:0;\">Podsumowanie Dzie\u0142a Adi Da w s\u0142owach ucznia<\/h1><\/div><div class=\"fusion-clearfix\"><\/div><\/div><\/div><\/div><\/div>\n","protected":false},"excerpt":{"rendered":"","protected":false},"author":1,"featured_media":0,"parent":0,"menu_order":0,"comment_status":"closed","ping_status":"closed","template":"100-width.php","meta":{"footnotes":""},"class_list":["post-4306","page","type-page","status-publish","hentry"],"_links":{"self":[{"href":"https:\/\/adidam.eu\/pl\/wp-json\/wp\/v2\/pages\/4306","targetHints":{"allow":["GET"]}}],"collection":[{"href":"https:\/\/adidam.eu\/pl\/wp-json\/wp\/v2\/pages"}],"about":[{"href":"https:\/\/adidam.eu\/pl\/wp-json\/wp\/v2\/types\/page"}],"author":[{"embeddable":true,"href":"https:\/\/adidam.eu\/pl\/wp-json\/wp\/v2\/users\/1"}],"replies":[{"embeddable":true,"href":"https:\/\/adidam.eu\/pl\/wp-json\/wp\/v2\/comments?post=4306"}],"version-history":[{"count":5,"href":"https:\/\/adidam.eu\/pl\/wp-json\/wp\/v2\/pages\/4306\/revisions"}],"predecessor-version":[{"id":4346,"href":"https:\/\/adidam.eu\/pl\/wp-json\/wp\/v2\/pages\/4306\/revisions\/4346"}],"wp:attachment":[{"href":"https:\/\/adidam.eu\/pl\/wp-json\/wp\/v2\/media?parent=4306"}],"curies":[{"name":"wp","href":"https:\/\/api.w.org\/{rel}","templated":true}]}}