{"id":4332,"date":"2021-04-19T03:00:06","date_gmt":"2021-04-19T01:00:06","guid":{"rendered":"https:\/\/adidam.eu\/kursy\/"},"modified":"2025-05-13T14:53:11","modified_gmt":"2025-05-13T12:53:11","slug":"kursy","status":"publish","type":"page","link":"https:\/\/adidam.eu\/pl\/kursy\/","title":{"rendered":"Kursy"},"content":{"rendered":"<div class=\"fusion-fullwidth fullwidth-box fusion-builder-row-1 nonhundred-percent-fullwidth non-hundred-percent-height-scrolling\" style=\"--awb-border-radius-top-left:0px;--awb-border-radius-top-right:0px;--awb-border-radius-bottom-right:0px;--awb-border-radius-bottom-left:0px;--awb-padding-top:20px;--awb-padding-bottom:20px;--awb-flex-wrap:wrap;\" ><div class=\"fusion-builder-row fusion-row\"><div class=\"fusion-layout-column fusion_builder_column fusion-builder-column-0 fusion_builder_column_2_3 2_3 fusion-two-third fusion-column-first\" style=\"--awb-bg-size:cover;width:66.666666666667%;width:calc(66.666666666667% - ( ( 4% ) * 0.66666666666667 ) );margin-right: 4%;\"><div class=\"fusion-column-wrapper fusion-flex-column-wrapper-legacy\"><div class=\"fusion-text fusion-text-1\"><h1 class=\"adida-page-adi-da-quote\"><em>Celem Mojego cielesnego (ludzkiego) Pojawienia si\u0119 tutaj jest Boskie Wyzwolenie <u>ca\u0142ej<\/u> ludzko\u015bci \u2013 nie tylko ludzi Wschodu czy ludzi Zachodu, ale <u>wszystkich<\/u> ludzi (a nawet <u>wszystkich<\/u> istot i rzeczy w tym wszech\u015bwiecie).<\/em><\/h1>\n<p>\n<\/div><div class=\"fusion-text fusion-text-2\"><p class=\"adi-da-quote-sub\" style=\"text-align: right;\">~ AWATAR ADI DA SAMRAJ<br \/>\n(from The Avatar of What <u>Is<\/u>)<\/p>\n<p>\n<\/div><div class=\"fusion-sep-clear\"><\/div><div class=\"fusion-separator fusion-full-width-sep\" style=\"margin-left: auto;margin-right: auto;margin-top:50px;width:100%;\"><\/div><div class=\"fusion-sep-clear\"><\/div><div class=\"fusion-builder-row fusion-builder-row-inner fusion-row\"><div class=\"fusion-layout-column fusion_builder_column_inner fusion-builder-nested-column-0 fusion_builder_column_inner_1_1 1_1 fusion-one-full fusion-column-first fusion-column-last courses-page-centerblock-container\" style=\"--awb-bg-size:cover;\"><div class=\"fusion-column-wrapper fusion-flex-column-wrapper-legacy\"><div class=\"fusion-title title fusion-title-1 fusion-title-text fusion-title-size-one courses-page-centerblock-h1 \" style=\"--awb-margin-top-small:10px;--awb-margin-right-small:0px;--awb-margin-bottom-small:10px;--awb-margin-left-small:0px;\"><h1 class=\"fusion-title-heading title-heading-left\" style=\"margin:0;\">Kursy<\/h1><span class=\"awb-title-spacer\"><\/span><div class=\"title-sep-container\"><div class=\"title-sep sep-double sep-solid\" style=\"border-color:#e0dede;\"><\/div><\/div><\/div><div class=\"fusion-text fusion-text-3\"><h3 class=\"courses-page-centerblock-h3\">Adidam Europe oferuje kursy o Adi Da Samraj oraz o Duchowej Drodze, kt\u00f3r\u0105 On Ofiaruje. Wszystkie kursy s\u0105 dost\u0119pne online poprzez platform\u0119 Zoom. Je\u015bli masz pytania dotycz\u0105ce kurs\u00f3w, prosimy o kontakt mailowy pod adresem <a href=\"mailto:info@adidam.eu\">info@adidam.eu<\/a>.<\/h3>\n<p>\n<\/div><div class=\"fusion-sep-clear\"><\/div><div class=\"fusion-separator fusion-full-width-sep\" style=\"margin-left: auto;margin-right: auto;margin-bottom:15px;width:100%;\"><\/div><div class=\"fusion-sep-clear\"><\/div><div class=\"fusion-title title fusion-title-2 fusion-sep-none fusion-title-text fusion-title-size-four courses-page-centerblock-title-h4\" style=\"--awb-margin-top-small:10px;--awb-margin-right-small:0px;--awb-margin-bottom-small:10px;--awb-margin-left-small:0px;\"><h4 class=\"fusion-title-heading title-heading-left\" style=\"margin:0;\"><a href=\"#\">Kurs Da Awatar<\/a><\/h4><\/div><div class=\"fusion-text fusion-text-4\"><p class=\"courses-page-centerblock-body\"><img decoding=\"async\" class=\" wp-image-1384 alignright\" src=\"https:\/\/adidam.eu\/wp-content\/uploads\/2021\/04\/theavatarofwhatis_book_cover_300x464px.jpg\" alt=\"\" width=\"160\" height=\"247\" srcset=\"https:\/\/adidam.eu\/wp-content\/uploads\/2021\/04\/theavatarofwhatis_book_cover_300x464px-194x300.jpg 194w, https:\/\/adidam.eu\/wp-content\/uploads\/2021\/04\/theavatarofwhatis_book_cover_300x464px-200x309.jpg 200w, https:\/\/adidam.eu\/wp-content\/uploads\/2021\/04\/theavatarofwhatis_book_cover_300x464px.jpg 300w\" sizes=\"(max-width: 160px) 100vw, 160px\" \/>W tym kursie online zapoznamy si\u0119 z lektur\u0105 ksi\u0105\u017cki <em>\u201eAwatar Tego, Co <u>Jest<\/u>\u201d<\/em> napisanej przez Carolyn Lee, kt\u00f3ra stanowi znakomite wprowadzenie do \u017cycia i pracy Adi Da Samraj \u2013 od Jego narodzin a\u017c po chwil\u0119 obecn\u0105 \u2013 oraz ukazuje wyj\u0105tkowo\u015b\u0107 Adi Da w kontek\u015bcie wielkiej tradycji ludzkiej m\u0105dro\u015bci i duchowo\u015bci.<\/p>\n<\/p>\n<p class=\"courses-page-centerblock-body\">Kurs obejmuje cztery sesje online, prowadzone na platformie Zoom.<br \/>\nW ka\u017cdej sesji omawiamy dwa rozdzia\u0142y ksi\u0105\u017cki, rozwa\u017camy pytania, prezentujemy filmy z Adi Da Samraj oraz dzielimy si\u0119 refleksjami zwi\u0105zanymi z tematem danego wieczoru.<\/p>\n<\/p>\n<p class=\"courses-page-centerblock-body\">Kurs poprowadz\u0105 R\u00e9n\u00e9e Pierrot i Bart Lohr \u2013 dwoje wieloletnich uczni\u00f3w Adi Da Samraj i organizator\u00f3w odosobnie\u0144 \u201eGdzie jest Szcz\u0119\u015bcie\u201d w Europejskiej Dandzie.<br \/>\nPoniewa\u017c uczestnicy pochodz\u0105 z r\u00f3\u017cnych kraj\u00f3w, kurs b\u0119dzie prowadzony w j\u0119zyku angielskim, z mo\u017cliwo\u015bci\u0105 wsparcia w j\u0119zykach: holenderskim, francuskim, niemieckim, hiszpa\u0144skim i polskim. <a href=\"https:\/\/adidambookshop.eu\/products\/the-avatar-of-what-is?variant=47211292721495\" target=\"_blank\" rel=\"noopener\">Ksi\u0119garnia<\/a>. E-book jest dost\u0119pny na Amazonie. <em>(Wa\u017cne: je\u015bli kupujesz wersj\u0119 ksi\u0105\u017ckow\u0105 w innym miejscu, upewnij si\u0119, \u017ce jest to drugie wydanie z 2018 lub 2019 roku, a nie pierwsze z 2007 roku.)\u00a0<\/em><\/p>\n<p>\n<\/div><div class=\"fusion-sep-clear\"><\/div><div class=\"fusion-separator fusion-full-width-sep\" style=\"margin-left: auto;margin-right: auto;margin-bottom:15px;width:100%;\"><\/div><div class=\"fusion-sep-clear\"><\/div><div class=\"fusion-aligncenter\"><a class=\"fusion-button button-flat fusion-button-default-size button-default fusion-button-default button-1 fusion-button-default-span fusion-button-default-type\" target=\"_self\" href=\"https:\/\/adidam.eu\/courses\/register\/\"><span class=\"fusion-button-text awb-button__text awb-button__text--default\">ZAPISZ SI\u0118 TERAZ<\/span><\/a><\/div><div class=\"fusion-sep-clear\"><\/div><div class=\"fusion-separator fusion-full-width-sep\" style=\"margin-left: auto;margin-right: auto;margin-bottom:30px;width:100%;\"><\/div><div class=\"fusion-sep-clear\"><\/div><div class=\"fusion-title title fusion-title-3 fusion-sep-none fusion-title-text fusion-title-size-four courses-page-centerblock-title-h4\" style=\"--awb-margin-top-small:10px;--awb-margin-right-small:0px;--awb-margin-bottom-small:10px;--awb-margin-left-small:0px;\"><h4 class=\"fusion-title-heading title-heading-left\" style=\"margin:0;\"><a href=\"#\">Kurs The Reality-Way of Adidam<\/a><\/h4><\/div><div class=\"fusion-text fusion-text-5\"><p class=\"courses-page-centerblock-body\"><img decoding=\"async\" class=\"wp-image-2366 alignright\" src=\"https:\/\/adidam.eu\/wp-content\/uploads\/2023\/01\/therealitywayofadidam_book_cover_300x430px.jpg\" alt=\"\" width=\"160\" height=\"229\" srcset=\"https:\/\/adidam.eu\/wp-content\/uploads\/2023\/01\/therealitywayofadidam_book_cover_300x430px-200x287.jpg 200w, https:\/\/adidam.eu\/wp-content\/uploads\/2023\/01\/therealitywayofadidam_book_cover_300x430px-209x300.jpg 209w, https:\/\/adidam.eu\/wp-content\/uploads\/2023\/01\/therealitywayofadidam_book_cover_300x430px.jpg 300w\" sizes=\"(max-width: 160px) 100vw, 160px\" \/>Wprowadzenie do \u201eradykalnego\u201d oddania, w\u0142a\u015bciwego \u017cycia i \u201eDoskona\u0142ej Wiedzy\u201d, czyli podstawowych element\u00f3w Drogi Adidam.<\/p>\n<\/p>\n<p class=\"courses-page-centerblock-body\">Kurs opiera si\u0119 na najnowszych Instrukcjach i Nauczaniu Awatara Adi Da, kt\u00f3re upraszczaj\u0105 i wyja\u015bniaj\u0105 podstawy oraz praktyk\u0119 Drogi Adidam.<\/p>\n<\/p>\n<p class=\"courses-page-centerblock-body\">W trakcie pi\u0119ciu sesji online, odbywaj\u0105cych si\u0119 co dwa tygodnie zapoznamy si\u0119 z tre\u015bci\u0105 ksi\u0105\u017cki <em>\u201eThe Reality-Way of Adidam: The Divine Process That Outshines All Seeking in the Perfect Freedom of Reality Itself\u201d (\u201eDroga Rzeczywisto\u015bci Adidam: Boski Proces, kt\u00f3ry Roz\u015bwietla Wszelkie Poszukiwania w Doskona\u0142ej Wolno\u015bci Samej Rzeczywisto\u015bci\u201d).<\/em><\/p>\n<\/p>\n<p class=\"courses-page-centerblock-body\">Do udzia\u0142u w kursie potrzebna jest ksi\u0105\u017cka <em>\u201eThe Reality-Way of Adidam\u201d<\/em>. dost\u0119pna w naszym sklepie internetowym. <a href=\"https:\/\/adidambookshop.eu\/products\/the-reality-way-of-adidam-1?_pos=1&amp;_psq=The+Reality-Way+of+Adidam&amp;_ss=e&amp;_v=1.0\" target=\"_blank\" rel=\"noopener\">Ksi\u0119garnia<\/a>.<\/p>\n<p>\n<\/div><div class=\"fusion-sep-clear\"><\/div><div class=\"fusion-separator fusion-full-width-sep\" style=\"margin-left: auto;margin-right: auto;margin-bottom:15px;width:100%;\"><\/div><div class=\"fusion-sep-clear\"><\/div><div class=\"fusion-aligncenter\"><a class=\"fusion-button button-flat fusion-button-default-size button-default fusion-button-default button-2 fusion-button-default-span fusion-button-default-type\" target=\"_self\" href=\"https:\/\/adidam.eu\/courses\/register\/\"><span class=\"fusion-button-text awb-button__text awb-button__text--default\">ZAPISZ SI\u0118 TERAZ<\/span><\/a><\/div><div class=\"fusion-sep-clear\"><\/div><div class=\"fusion-separator fusion-full-width-sep\" style=\"margin-left: auto;margin-right: auto;margin-bottom:30px;width:100%;\"><\/div><div class=\"fusion-sep-clear\"><\/div><div class=\"fusion-title title fusion-title-4 fusion-sep-none fusion-title-text fusion-title-size-four courses-page-centerblock-title-h4\" style=\"--awb-margin-top-small:10px;--awb-margin-right-small:0px;--awb-margin-bottom-small:10px;--awb-margin-left-small:0px;\"><h4 class=\"fusion-title-heading title-heading-left\" style=\"margin:0;\"><a href=\"#\">Kurs The Greatest Gift<\/a><\/h4><\/div><div class=\"fusion-text fusion-text-6\"><p class=\"courses-page-centerblock-body\"><img decoding=\"async\" class=\" wp-image-1385 alignright\" src=\"https:\/\/adidam.eu\/wp-content\/uploads\/2021\/04\/theeightpartadmonition_book_cover_300x460px.jpg\" alt=\"\" width=\"160\" height=\"245\" srcset=\"https:\/\/adidam.eu\/wp-content\/uploads\/2021\/04\/theeightpartadmonition_book_cover_300x460px-196x300.jpg 196w, https:\/\/adidam.eu\/wp-content\/uploads\/2021\/04\/theeightpartadmonition_book_cover_300x460px-200x307.jpg 200w, https:\/\/adidam.eu\/wp-content\/uploads\/2021\/04\/theeightpartadmonition_book_cover_300x460px.jpg 300w\" sizes=\"(max-width: 160px) 100vw, 160px\" \/>Po zapoznaniu si\u0119 z \u017byciem i Nauczaniem Awatara Adi Da Samraj, w ramach tego kursu przyjrzymy si\u0119, Czym jest w codziennym \u017cyciu praktyka duchowa wolna od ego je\u015bli nie jest poszukiwaniem, doskonaleniem siebie ani osi\u0105ganiem czegokolwiek dla domniemanej odr\u0119bnej osobowo\u015bci?<br \/>\nB\u0119dziemy rozwa\u017ca\u0107 ksi\u0105\u017ck\u0119 \u201eDar O\u015bmiocz\u0119\u015bciowego Napomnienia\u201d, kt\u00f3ra stanowi znakomite wprowadzenie do podstawowych zasad praktyki duchowej, ofiarowanej przez Adi Da swoim uczniom.<br \/>\nKurs obejmuje cztery cotygodniowe sesje online za po\u015brednictwem platformy Zoom.<br \/>\nW przerwach mi\u0119dzy sesjami zach\u0119camy do eksperymentowania z praktykami omawianymi podczas zaj\u0119\u0107.<\/p>\n<\/p>\n<p class=\"courses-page-centerblock-body\">Do udzia\u0142u w kursie potrzebna jest ksi\u0105\u017cka <em>\u201eThe Gift of the Eight-Part Admonition\u201d<\/em>. dost\u0119pna w naszym sklepie internetowym. <a href=\"https:\/\/adidambookshop.eu\/products\/the-gift-of-the-eight-part-admonition?_pos=1&amp;_psq=The+Gift+of+the+Eight-Part+Admonition&amp;_ss=e&amp;_v=1.0\" target=\"_blank\" rel=\"noopener\">Ksi\u0119garnia<\/a>.<\/p>\n<p>\n<\/div><div class=\"fusion-sep-clear\"><\/div><div class=\"fusion-separator fusion-full-width-sep\" style=\"margin-left: auto;margin-right: auto;margin-bottom:15px;width:100%;\"><\/div><div class=\"fusion-sep-clear\"><\/div><div class=\"fusion-aligncenter\"><a class=\"fusion-button button-flat fusion-button-default-size button-default fusion-button-default button-3 fusion-button-default-span fusion-button-default-type\" target=\"_self\" href=\"https:\/\/adidam.eu\/courses\/register\/\"><span class=\"fusion-button-text awb-button__text awb-button__text--default\">ZAPISZ SI\u0118 TERAZ<\/span><\/a><\/div><div class=\"fusion-sep-clear\"><\/div><div class=\"fusion-separator fusion-full-width-sep\" style=\"margin-left: auto;margin-right: auto;margin-bottom:30px;width:100%;\"><\/div><div class=\"fusion-sep-clear\"><\/div><div class=\"fusion-title title fusion-title-5 fusion-sep-none fusion-title-text fusion-title-size-four courses-page-centerblock-title-h4\" style=\"--awb-margin-top-small:10px;--awb-margin-right-small:0px;--awb-margin-bottom-small:10px;--awb-margin-left-small:0px;\"><h4 class=\"fusion-title-heading title-heading-left\" style=\"margin:0;\"><a href=\"#\">Kursy Wprowadzaj\u0105ce do Wsp\u00f3lnoty Adidam<\/a><\/h4><\/div><div class=\"fusion-text fusion-text-7\"><p class=\"courses-page-centerblock-body\">Kursy przygotowuj\u0105ce do uzyskania statusu formalnego cz\u0142onka Drugiej lub Trzeciej Kongregacji Adidam Ruchiradam.<\/p>\n<\/div><div class=\"fusion-sep-clear\"><\/div><div class=\"fusion-separator fusion-full-width-sep\" style=\"margin-left: auto;margin-right: auto;margin-bottom:15px;width:100%;\"><\/div><div class=\"fusion-sep-clear\"><\/div><div class=\"fusion-aligncenter\"><a class=\"fusion-button button-flat fusion-button-default-size button-default fusion-button-default button-4 fusion-button-default-span fusion-button-default-type\" target=\"_self\" href=\"https:\/\/adidam.eu\/courses\/courses-adidam-membership\/\"><span class=\"fusion-button-text awb-button__text awb-button__text--default\">WI\u0118CEJ INFORMACJI I REJESTRACJA<\/span><\/a><\/div><div class=\"fusion-sep-clear\"><\/div><div class=\"fusion-separator fusion-full-width-sep\" style=\"margin-left: auto;margin-right: auto;margin-bottom:10px;width:100%;\"><\/div><div class=\"fusion-sep-clear\"><\/div><div class=\"fusion-clearfix\"><\/div><\/div><\/div><\/div><div class=\"fusion-sep-clear\"><\/div><div class=\"fusion-separator fusion-full-width-sep\" style=\"margin-left: auto;margin-right: auto;margin-top:50px;width:100%;\"><\/div><div class=\"fusion-sep-clear\"><\/div><div class=\"fusion-builder-row fusion-builder-row-inner fusion-row\"><div class=\"fusion-layout-column fusion_builder_column_inner fusion-builder-nested-column-1 fusion_builder_column_inner_1_3 1_3 fusion-one-third fusion-column-first\" style=\"--awb-bg-size:cover;width:33.333333333333%;width:calc(33.333333333333% - ( ( 4% + 4% ) * 0.33333333333333 ) );margin-right: 4%;\"><div class=\"fusion-column-wrapper fusion-flex-column-wrapper-legacy\"><div class=\"fusion-content-boxes content-boxes columns row fusion-columns-1 fusion-columns-total-1 fusion-content-boxes-1 content-boxes-icon-on-top content-left icon-watch\" style=\"--awb-body-color:#37939b;--awb-title-color:#37939b;--awb-hover-accent-color:#00474f;--awb-circle-hover-accent-color:#00474f;--awb-item-margin-bottom:40px;\" data-animationOffset=\"top-into-view\"><div style=\"--awb-backgroundcolor:rgba(255,255,255,0);\" class=\"fusion-column content-box-column content-box-column content-box-column-1 col-lg-12 col-md-12 col-sm-12 fusion-content-box-hover content-box-column-last content-box-column-last-in-row\"><div class=\"col content-box-wrapper content-wrapper link-area-link-icon link-type-text icon-hover-animation-fade\" data-animationOffset=\"top-into-view\"><div class=\"heading heading-with-icon icon-left\"><a class=\"heading-link\" href=\"https:\/\/adidam.eu\/watch\/\" target=\"_self\"><div aria-hidden=\"true\" class=\"image\"><img decoding=\"async\" src=\"https:\/\/adidam.eu\/wp-content\/uploads\/2016\/12\/adidam_home_icon_watch.png\" width=\"81\" height=\"81\" alt=\"\" \/><\/div><h2 class=\"content-box-heading\" style=\"--h2_typography-font-size:32px;line-height:37px;\">OGL\u0104DAJ<\/h2><\/a><\/div><\/div><\/div><div class=\"fusion-clearfix\"><\/div><\/div><div class=\"fusion-clearfix\"><\/div><\/div><\/div><div class=\"fusion-layout-column fusion_builder_column_inner fusion-builder-nested-column-2 fusion_builder_column_inner_1_3 1_3 fusion-one-third\" style=\"--awb-bg-size:cover;width:33.333333333333%;width:calc(33.333333333333% - ( ( 4% + 4% ) * 0.33333333333333 ) );margin-right: 4%;\"><div class=\"fusion-column-wrapper fusion-flex-column-wrapper-legacy\"><div class=\"fusion-content-boxes content-boxes columns row fusion-columns-1 fusion-columns-total-1 fusion-content-boxes-2 content-boxes-icon-on-top content-left icon-read\" style=\"--awb-body-color:#737b35;--awb-title-color:#737b35;--awb-hover-accent-color:#404802;--awb-circle-hover-accent-color:#404802;--awb-item-margin-bottom:40px;\" data-animationOffset=\"top-into-view\"><div style=\"--awb-backgroundcolor:rgba(255,255,255,0);\" class=\"fusion-column content-box-column content-box-column content-box-column-1 col-lg-12 col-md-12 col-sm-12 fusion-content-box-hover content-box-column-last content-box-column-last-in-row\"><div class=\"col content-box-wrapper content-wrapper link-area-link-icon link-type-text icon-hover-animation-fade\" data-animationOffset=\"top-into-view\"><div class=\"heading heading-with-icon icon-left\"><a class=\"heading-link\" href=\"https:\/\/adidam.eu\/read\/\" target=\"_self\"><div aria-hidden=\"true\" class=\"image\"><img decoding=\"async\" src=\"https:\/\/adidam.eu\/wp-content\/uploads\/2016\/12\/adidam_home_icon_read.png\" width=\"81\" height=\"81\" alt=\"\" \/><\/div><h2 class=\"content-box-heading\" style=\"--h2_typography-font-size:32px;line-height:37px;\">CZYTAJ<\/h2><\/a><\/div><\/div><\/div><div class=\"fusion-clearfix\"><\/div><\/div><div class=\"fusion-clearfix\"><\/div><\/div><\/div><div class=\"fusion-layout-column fusion_builder_column_inner fusion-builder-nested-column-3 fusion_builder_column_inner_1_3 1_3 fusion-one-third fusion-column-last\" style=\"--awb-bg-size:cover;width:33.333333333333%;width:calc(33.333333333333% - ( ( 4% + 4% ) * 0.33333333333333 ) );\"><div class=\"fusion-column-wrapper fusion-flex-column-wrapper-legacy\"><div class=\"fusion-content-boxes content-boxes columns row fusion-columns-1 fusion-columns-total-1 fusion-content-boxes-3 content-boxes-icon-on-top content-left icon-listen\" style=\"--awb-body-color:#b3740d;--awb-title-color:#b3740d;--awb-hover-accent-color:#804100;--awb-circle-hover-accent-color:#804100;--awb-item-margin-bottom:40px;\" data-animationOffset=\"top-into-view\"><div style=\"--awb-backgroundcolor:rgba(255,255,255,0);\" class=\"fusion-column content-box-column content-box-column content-box-column-1 col-lg-12 col-md-12 col-sm-12 fusion-content-box-hover content-box-column-last content-box-column-last-in-row\"><div class=\"col content-box-wrapper content-wrapper link-area-link-icon link-type-text icon-hover-animation-fade\" data-animationOffset=\"top-into-view\"><div class=\"heading heading-with-icon icon-left\"><a class=\"heading-link\" href=\"https:\/\/adidam.eu\/listen\/\" target=\"_self\"><div aria-hidden=\"true\" class=\"image\"><img decoding=\"async\" src=\"https:\/\/adidam.eu\/wp-content\/uploads\/2016\/12\/adidam_home_icon_listen.png\" width=\"81\" height=\"81\" alt=\"\" \/><\/div><h2 class=\"content-box-heading\" style=\"--h2_typography-font-size:32px;line-height:37px;\">S\u0141UCHAJ<\/h2><\/a><\/div><\/div><\/div><div class=\"fusion-clearfix\"><\/div><\/div><div class=\"fusion-clearfix\"><\/div><\/div><\/div><\/div><div class=\"fusion-clearfix\"><\/div><\/div><\/div><div class=\"fusion-layout-column fusion_builder_column fusion-builder-column-1 fusion_builder_column_1_3 1_3 fusion-one-third fusion-column-last\" style=\"--awb-bg-position:right center;--awb-bg-size:cover;width:33.333333333333%;width:calc(33.333333333333% - ( ( 4% ) * 0.33333333333333 ) );\"><div class=\"fusion-column-wrapper fusion-flex-column-wrapper-legacy\"><div class=\"fusion-image-element in-legacy-container\" style=\"--awb-caption-title-font-family:var(--h2_typography-font-family);--awb-caption-title-font-weight:var(--h2_typography-font-weight);--awb-caption-title-font-style:var(--h2_typography-font-style);--awb-caption-title-size:var(--h2_typography-font-size);--awb-caption-title-transform:var(--h2_typography-text-transform);--awb-caption-title-line-height:var(--h2_typography-line-height);--awb-caption-title-letter-spacing:var(--h2_typography-letter-spacing);\"><span class=\" fusion-imageframe imageframe-none imageframe-1 hover-type-none\"><img decoding=\"async\" width=\"355\" height=\"481\" title=\"adidam_sidebar_coursespage\" src=\"https:\/\/adidam.eu\/wp-content\/uploads\/2016\/12\/adidam_sidebar_coursespage.png\" alt class=\"img-responsive wp-image-294\" srcset=\"https:\/\/adidam.eu\/wp-content\/uploads\/2016\/12\/adidam_sidebar_coursespage-200x271.png 200w, https:\/\/adidam.eu\/wp-content\/uploads\/2016\/12\/adidam_sidebar_coursespage.png 355w\" sizes=\"(max-width: 1200px) 100vw, 355px\" \/><\/span><\/div><div class=\"fusion-sep-clear\"><\/div><div class=\"fusion-separator fusion-full-width-sep\" style=\"margin-left: auto;margin-right: auto;margin-top:30px;width:100%;\"><\/div><div class=\"fusion-sep-clear\"><\/div><div class=\"fusion-clearfix\"><\/div><\/div><\/div><\/div><\/div>\n","protected":false},"excerpt":{"rendered":"","protected":false},"author":1,"featured_media":0,"parent":0,"menu_order":0,"comment_status":"closed","ping_status":"closed","template":"100-width.php","meta":{"footnotes":""},"class_list":["post-4332","page","type-page","status-publish","hentry"],"_links":{"self":[{"href":"https:\/\/adidam.eu\/pl\/wp-json\/wp\/v2\/pages\/4332","targetHints":{"allow":["GET"]}}],"collection":[{"href":"https:\/\/adidam.eu\/pl\/wp-json\/wp\/v2\/pages"}],"about":[{"href":"https:\/\/adidam.eu\/pl\/wp-json\/wp\/v2\/types\/page"}],"author":[{"embeddable":true,"href":"https:\/\/adidam.eu\/pl\/wp-json\/wp\/v2\/users\/1"}],"replies":[{"embeddable":true,"href":"https:\/\/adidam.eu\/pl\/wp-json\/wp\/v2\/comments?post=4332"}],"version-history":[{"count":3,"href":"https:\/\/adidam.eu\/pl\/wp-json\/wp\/v2\/pages\/4332\/revisions"}],"predecessor-version":[{"id":4336,"href":"https:\/\/adidam.eu\/pl\/wp-json\/wp\/v2\/pages\/4332\/revisions\/4336"}],"wp:attachment":[{"href":"https:\/\/adidam.eu\/pl\/wp-json\/wp\/v2\/media?parent=4332"}],"curies":[{"name":"wp","href":"https:\/\/api.w.org\/{rel}","templated":true}]}}