{"id":4370,"date":"2016-12-08T02:59:50","date_gmt":"2016-12-08T01:59:50","guid":{"rendered":"https:\/\/adidam.eu\/adidam\/"},"modified":"2025-05-21T11:38:35","modified_gmt":"2025-05-21T09:38:35","slug":"adidam","status":"publish","type":"page","link":"https:\/\/adidam.eu\/pl\/adidam\/","title":{"rendered":"Adidam"},"content":{"rendered":"<div class=\"fusion-fullwidth fullwidth-box fusion-builder-row-1 nonhundred-percent-fullwidth non-hundred-percent-height-scrolling\" style=\"--awb-border-radius-top-left:0px;--awb-border-radius-top-right:0px;--awb-border-radius-bottom-right:0px;--awb-border-radius-bottom-left:0px;--awb-padding-top:20px;--awb-padding-bottom:20px;--awb-flex-wrap:wrap;\" ><div class=\"fusion-builder-row fusion-row\"><div class=\"fusion-layout-column fusion_builder_column fusion-builder-column-0 fusion_builder_column_2_3 2_3 fusion-two-third fusion-column-first\" style=\"--awb-bg-size:cover;width:66.666666666667%;width:calc(66.666666666667% - ( ( 4% ) * 0.66666666666667 ) );margin-right: 4%;\"><div class=\"fusion-column-wrapper fusion-flex-column-wrapper-legacy\"><div class=\"fusion-text fusion-text-1\"><h1 class=\"adidam-page-adi-da-quote\"><em>Adidam nie jest tradycyjn\u0105 religi\u0105 ani tradycyjnym stylem \u017cycia.<br \/>\nAdidam nie opiera si\u0119 na mitologii ani wierzeniach.<\/em><\/h1>\n<\/div><div class=\"fusion-sep-clear\"><\/div><div class=\"fusion-separator fusion-full-width-sep\" style=\"margin-left: auto;margin-right: auto;margin-top:20px;width:100%;\"><\/div><div class=\"fusion-sep-clear\"><\/div><div class=\"fusion-text fusion-text-2\"><h1 class=\"adidam-page-adi-da-quote\"><em>Adidam jest \u201erozwa\u017caniem rzeczywisto\u015bci\u201d, w kt\u00f3rym bezpo\u015brednio przekracza si\u0119 r\u00f3\u017cne formy egoizmu.<\/em><\/h1>\n<p>\n<\/div><div class=\"fusion-text fusion-text-3\"><h1 class=\"adidam-page-adi-da-quote\"><em>Adidam jest uniwersalnym sposobem \u017bycia.<\/em><\/h1>\n<\/div><div class=\"fusion-sep-clear\"><\/div><div class=\"fusion-separator fusion-full-width-sep\" style=\"margin-left: auto;margin-right: auto;margin-top:20px;width:100%;\"><\/div><div class=\"fusion-sep-clear\"><\/div><div class=\"fusion-text fusion-text-4\"><h1 class=\"adidam-page-adi-da-quote\"><em>Adidam jest dla tych, kt\u00f3rzy go wybieraj\u0105 \u2013 kt\u00f3rych serca i umys\u0142y w pe\u0142ni odpowiadaj\u0105 Mnie i Temu Co Ofiaruj\u0119.<br \/>\nAdidam jest Wielkim Objawieniem i powinien by\u0107 swobodnie i otwarcie przekazywany wszystkim.<\/em><\/h1>\n<\/div><div class=\"fusion-sep-clear\"><\/div><div class=\"fusion-separator fusion-full-width-sep\" style=\"margin-left: auto;margin-right: auto;margin-top:20px;width:100%;\"><\/div><div class=\"fusion-sep-clear\"><\/div><div class=\"fusion-text fusion-text-5\"><p class=\"adi-da-quote-sub\" style=\"text-align: right;\">~  AWATAR ADI DA SAMRAJ<\/p>\n<\/div><div class=\"fusion-sep-clear\"><\/div><div class=\"fusion-separator fusion-full-width-sep\" style=\"margin-left: auto;margin-right: auto;margin-top:50px;width:100%;\"><\/div><div class=\"fusion-sep-clear\"><\/div><div class=\"fusion-builder-row fusion-builder-row-inner fusion-row\"><div class=\"fusion-layout-column fusion_builder_column_inner fusion-builder-nested-column-0 fusion_builder_column_inner_1_2 1_2 fusion-one-half fusion-column-first adidam-page-text-block\" style=\"--awb-bg-size:cover;width:50%;width:calc(50% - ( ( 4% ) * 0.5 ) );margin-right: 4%;\"><div class=\"fusion-column-wrapper fusion-flex-column-wrapper-legacy\"><div class=\"fusion-text fusion-text-6\"><p><strong>\u0179r\u00f3d\u0142em Drogi-Rzeczywisto\u015bci Adidam<\/strong> jest Sam Awatar Adi Da.<br \/>Od pocz\u0105tku do ko\u0144ca praktyka Adidam opiera si\u0119 na coraz g\u0142\u0119bszym oddaniu i odpowiedzi na Boski Stan Istnienia Awatara Adi Da.<br \/>To proste, ciche rozpoznanie i odpowied\u017a na Jego Obecno\u015b\u0107 objawia si\u0119 jako naturalny impuls serca, by sta\u0107 si\u0119 Jego uczniem i praktykowa\u0107 Drog\u0119-Rzeczywisto\u015bci Adidam w Jego Duchowej Obecno\u015bci.<\/p>\n<\/div><div class=\"fusion-sep-clear\"><\/div><div class=\"fusion-separator fusion-full-width-sep\" style=\"margin-left: auto;margin-right: auto;margin-bottom:20px;width:100%;\"><\/div><div class=\"fusion-sep-clear\"><\/div><div class=\"fusion-text fusion-text-7\"><p><strong class=\"red-subhead\">Bosko Ustanowione Agencje Dzie\u0142a Awatara Adi Da<\/strong><br \/>Podczas Swojego fizycznego \u017cycia Awatar Adi Da ustanowi\u0142 g\u0142\u00f3wne Agencje, dzi\u0119ki kt\u00f3rym Jego Boskie Objawienie mo\u017ce by\u0107 przekazywane wszystkim, a praktyka Drogi-Rzeczywisto\u015bci Adidam mo\u017ce pozosta\u0107 mo\u017cliwa na zawsze. S\u0105 to:<\/p>\n<ul>\n<li>Jego ludzka posta\u0107 (zachowana na fotografiach i innych no\u015bnikach wizualnych)<\/li>\n<\/ul>\n<p>\n<\/div><div class=\"fusion-clearfix\"><\/div><\/div><\/div><div class=\"fusion-layout-column fusion_builder_column_inner fusion-builder-nested-column-1 fusion_builder_column_inner_1_2 1_2 fusion-one-half fusion-column-last adidam-page-text-block-right\" style=\"--awb-bg-size:cover;width:50%;width:calc(50% - ( ( 4% ) * 0.5 ) );\"><div class=\"fusion-column-wrapper fusion-flex-column-wrapper-legacy\"><div class=\"fusion-text fusion-text-8\"><ul>\n<li>Jego pisemne i ustne Nauki oraz Leele (opowie\u015bci o Jego \u017byciu i Pracy)<\/li>\n<li>Duchowo Upe\u0142nomocnione Pustelnie i Sanktuaria Adidam<\/li>\n<li>\u015awi\u0119ta kultura wsp\u00f3\u0142pracy uczni\u00f3w, kt\u00f3rzy praktykuj\u0105 wszystkie praktyczne i duchowe dyscypliny Drogi-Rzeczywisto\u015bci Adidam<\/li>\n<\/ul>\n<p>Stworzona przez Awatar Adi Da Droga \u017cycia, obejmuje wszystkie te Agencje jako Jego Dary dla praktykuj\u0105cych Drog\u0119-Rzeczywisto\u015bci Adidam.<\/p>\n<\/div><div class=\"fusion-sep-clear\"><\/div><div class=\"fusion-separator fusion-full-width-sep\" style=\"margin-left: auto;margin-right: auto;margin-bottom:20px;width:100%;\"><\/div><div class=\"fusion-sep-clear\"><\/div><div class=\"fusion-text fusion-text-9\"><p>Zapraszamy wszystkich do odkrywania tych Dar\u00f3w oraz r\u00f3\u017cnych form zaanga\u017cowania w bezpo\u015bredni\u0105, oddan\u0105 i duchow\u0105 relacj\u0119 z Adi Da Samraj.<\/p>\n<\/div><div class=\"fusion-clearfix\"><\/div><\/div><\/div><\/div><div class=\"fusion-builder-row fusion-builder-row-inner fusion-row\"><div class=\"fusion-layout-column fusion_builder_column_inner fusion-builder-nested-column-2 fusion_builder_column_inner_1_1 1_1 fusion-one-full fusion-column-first fusion-column-last adidapage-centerquote-container\" style=\"--awb-bg-size:cover;\"><div class=\"fusion-column-wrapper fusion-flex-column-wrapper-legacy\"><div class=\"fusion-text fusion-text-10\"><p class=\"adida-page-center-qoute\">Jestem jak \u015bwiat\u0142o poranka. Wzmacniam jego blask, a\u017c si\u0119 Obudzisz.<br \/>\nDop\u00f3ki \u015awiat\u0142o ci\u0119 nie Przebudzi, nawet  \u015awiat\u0142o Samej \u015awiadomo\u015bci, b\u0119dziesz nadal \u015bni\u0142, usi\u0142uj\u0105c przetrwa\u0107 we \u015bnie, manipulowa\u0107 sob\u0105 we \u015bnie, d\u0105\u017cy\u0107 do r\u00f3\u017cnych cel\u00f3w, poszukiwa\u0107, lecz nic z tego ci\u0119 nie Obudzi.<\/p>\n<\/div><div class=\"fusion-text fusion-text-11\"><p class=\"adida-page-center-qoute-signature\">~ AWATAR ADI DA SAMRAJ &#8222;The Ancient Walk-About Way&#8221;<\/p>\n<\/div><div class=\"fusion-clearfix\"><\/div><\/div><\/div><\/div><div class=\"fusion-builder-row fusion-builder-row-inner fusion-row\"><div class=\"fusion-layout-column fusion_builder_column_inner fusion-builder-nested-column-3 fusion_builder_column_inner_1_2 1_2 fusion-one-half fusion-column-first adidam-page-text-block\" style=\"--awb-bg-size:cover;width:50%;width:calc(50% - ( ( 4% ) * 0.5 ) );margin-right: 4%;\"><div class=\"fusion-column-wrapper fusion-flex-column-wrapper-legacy\"><div class=\"fusion-text fusion-text-12\"><p><strong class=\"red-subhead\">Mo\u017cliwo\u015bci odosobnie\u0144<\/strong><br \/>Odosobnienia s\u0105 regularnie organizowane w r\u00f3\u017cnych miejscach oraz w Europejskiej Dandzie \u2013 g\u0142\u00f3wnym a\u015bramie i o\u015brodku odosobnie\u0144 Adidam w Europie.<\/p>\n<p>Wi\u0119cej informacji o odosobnieniach znajdziesz na stronie <br \/> <a href=\"https:\/\/adidam.eu\/pl\/wydarzenia\/\" target=\"_self\" rel=\"noopener\">wydarze\u0144<\/a>.<\/p>\n<\/div><div class=\"fusion-sep-clear\"><\/div><div class=\"fusion-separator fusion-full-width-sep\" style=\"margin-left: auto;margin-right: auto;margin-bottom:20px;width:100%;\"><\/div><div class=\"fusion-sep-clear\"><\/div><div class=\"fusion-text fusion-text-13\"><p><strong class=\"red-subhead\">Europejska Danda<\/strong><br \/>Europejska Danda mie\u015bci si\u0119 w dawnym klasztorze na po\u0142udniu Holandii, niedaleko granicy z Niemcami i Belgi\u0105.<\/p>\n<\/div><div class=\"fusion-sep-clear\"><\/div><div class=\"fusion-separator fusion-full-width-sep\" style=\"margin-left: auto;margin-right: auto;margin-bottom:20px;width:100%;\"><\/div><div class=\"fusion-sep-clear\"><\/div><div class=\"fusion-text fusion-text-14\"><p><strong class=\"red-subhead\">Historia Dandy<\/strong><br \/>Latem 1986 roku Awatar Adi Da Samraj odby\u0142 podr\u00f3\u017c do Europy.<br \/>W okresie przygotowa\u0144 uczniowie poszukiwali odpowiedniego miejsca, gdzie mogliby przyj\u0105\u0107 Adi Da \u2014 najlepiej takiego, kt\u00f3re w przysz\u0142o\u015bci mog\u0142oby s\u0142u\u017cy\u0107 jako A\u015bram i O\u015brodek Odosobnie\u0144.<br \/>W tym czasie klasztor w Maria Hoop by\u0142 pusty, a ojcowie, kt\u00f3rzy wcze\u015bniej tam mieszkali, uprzejmie pozwolili nam korzysta\u0107 z niego przez kilka tygodni.<br \/>Miejsce to wyda\u0142o si\u0119 szczeg\u00f3lnie odpowiednie.<br \/>Podczas kilkudniowego pobytu w Maria Hoop Adi Da zaprosi\u0142 uczni\u00f3w z ca\u0142ej Europy do klasztoru i wyg\u0142osi\u0142 dla nich Dyskurs w klasztornej Kaplicy.<\/p>\n<\/div><div class=\"fusion-clearfix\"><\/div><\/div><\/div><div class=\"fusion-layout-column fusion_builder_column_inner fusion-builder-nested-column-4 fusion_builder_column_inner_1_2 1_2 fusion-one-half fusion-column-last adidam-page-text-block-right\" style=\"--awb-bg-size:cover;width:50%;width:calc(50% - ( ( 4% ) * 0.5 ) );\"><div class=\"fusion-column-wrapper fusion-flex-column-wrapper-legacy\"><div class=\"fusion-text fusion-text-15\"><p>Trzy lata p\u00f3\u017aniej, w 1989 roku, Adidam zakupi\u0142 to miejsce, a dawny klasztor od tego czasu funkcjonuje jako A\u015bram Awatara Adi Da Samraj i Europejskie Centrum Odosobnie\u0144. W budynku powsta\u0142a tak\u017ce Galeria Sztuki Adi Da, w kt\u00f3rej prezentowana jest unikalna kolekcja Jego Dzie\u0142. W 1996 roku, podczas drugiej podr\u00f3\u017cy do Europy, Adi Da ponownie zatrzyma\u0142 si\u0119 w A\u015bramie, tym razem na d\u0142u\u017cej i nada\u0142 mu nazw\u0119 \u201eThe European Danda\u201d.<br \/>Sanskryckie s\u0142owo \u201edanda\u201d oznacza lask\u0119, nawi\u0105zuj\u0105c do hinduskich tradycji, wed\u0142ug kt\u00f3rych esencja duchowej mocy mistrza przekazywana jest poprzez jego lask\u0119.<\/p>\n<p>Cz\u0119\u015bci\u0105 posiad\u0142o\u015bci Europejskiej Dandy jest tak\u017ce obszar le\u015bny, \u0142\u0105ka ze strumykiem oraz ekologiczny ogr\u00f3d warzywny i kwiatowy.<br \/>Teren ten znajduje si\u0119 na obszarze chronionym programem Natura 2000 i stanowi schronienie dla wielu zagro\u017conych gatunk\u00f3w.<\/p>\n<\/div><div class=\"fusion-sep-clear\"><\/div><div class=\"fusion-separator fusion-full-width-sep\" style=\"margin-left: auto;margin-right: auto;margin-bottom:20px;width:100%;\"><\/div><div class=\"fusion-sep-clear\"><\/div><div class=\"fusion-text fusion-text-16\"><p>Osoby zainteresowane mog\u0105 uczestniczy\u0107 w dniach wolontariusza na tym terenie (Zobacz <a href=\"https:\/\/adidam.eu\/pl\/wydarzenia\/\" target=\"_blank\" rel=\"noopener\">wydarzenia<\/a>)<\/p>\n<\/div><div class=\"fusion-clearfix\"><\/div><\/div><\/div><\/div><div class=\"fusion-sep-clear\"><\/div><div class=\"fusion-separator fusion-full-width-sep\" style=\"margin-left: auto;margin-right: auto;margin-top:50px;width:100%;\"><\/div><div class=\"fusion-sep-clear\"><\/div><div class=\"fusion-builder-row fusion-builder-row-inner fusion-row\"><div class=\"fusion-layout-column fusion_builder_column_inner fusion-builder-nested-column-5 fusion_builder_column_inner_1_3 1_3 fusion-one-third fusion-column-first\" style=\"--awb-bg-size:cover;width:33.333333333333%;width:calc(33.333333333333% - ( ( 4% + 4% ) * 0.33333333333333 ) );margin-right: 4%;\"><div class=\"fusion-column-wrapper fusion-flex-column-wrapper-legacy\"><div class=\"fusion-content-boxes content-boxes columns row fusion-columns-1 fusion-columns-total-1 fusion-content-boxes-1 content-boxes-icon-on-top content-left icon-watch\" style=\"--awb-body-color:#37939b;--awb-title-color:#37939b;--awb-hover-accent-color:#00474f;--awb-circle-hover-accent-color:#00474f;--awb-item-margin-bottom:40px;\" data-animationOffset=\"top-into-view\"><div style=\"--awb-backgroundcolor:rgba(255,255,255,0);\" class=\"fusion-column content-box-column content-box-column content-box-column-1 col-lg-12 col-md-12 col-sm-12 fusion-content-box-hover content-box-column-last content-box-column-last-in-row\"><div class=\"col content-box-wrapper content-wrapper link-area-link-icon link-type-text icon-hover-animation-fade\" data-animationOffset=\"top-into-view\"><div class=\"heading heading-with-icon icon-left\"><a class=\"heading-link\" href=\"https:\/\/adidam.eu\/watch\/\" target=\"_self\"><div aria-hidden=\"true\" class=\"image\"><img decoding=\"async\" src=\"https:\/\/adidam.eu\/wp-content\/uploads\/2016\/12\/adidam_home_icon_watch.png\" width=\"81\" height=\"81\" alt=\"\" \/><\/div><h2 class=\"content-box-heading\" style=\"--h2_typography-font-size:32px;line-height:37px;\">OGL\u0104DAJ<\/h2><\/a><\/div><\/div><\/div><div class=\"fusion-clearfix\"><\/div><\/div><div class=\"fusion-clearfix\"><\/div><\/div><\/div><div class=\"fusion-layout-column fusion_builder_column_inner fusion-builder-nested-column-6 fusion_builder_column_inner_1_3 1_3 fusion-one-third\" style=\"--awb-bg-size:cover;width:33.333333333333%;width:calc(33.333333333333% - ( ( 4% + 4% ) * 0.33333333333333 ) );margin-right: 4%;\"><div class=\"fusion-column-wrapper fusion-flex-column-wrapper-legacy\"><div class=\"fusion-content-boxes content-boxes columns row fusion-columns-1 fusion-columns-total-1 fusion-content-boxes-2 content-boxes-icon-on-top content-left icon-read\" style=\"--awb-body-color:#737b35;--awb-title-color:#737b35;--awb-hover-accent-color:#404802;--awb-circle-hover-accent-color:#404802;--awb-item-margin-bottom:40px;\" data-animationOffset=\"top-into-view\"><div style=\"--awb-backgroundcolor:rgba(255,255,255,0);\" class=\"fusion-column content-box-column content-box-column content-box-column-1 col-lg-12 col-md-12 col-sm-12 fusion-content-box-hover content-box-column-last content-box-column-last-in-row\"><div class=\"col content-box-wrapper content-wrapper link-area-link-icon link-type-text icon-hover-animation-fade\" data-animationOffset=\"top-into-view\"><div class=\"heading heading-with-icon icon-left\"><a class=\"heading-link\" href=\"https:\/\/adidam.eu\/read\/\" target=\"_self\"><div aria-hidden=\"true\" class=\"image\"><img decoding=\"async\" src=\"https:\/\/adidam.eu\/wp-content\/uploads\/2016\/12\/adidam_home_icon_read.png\" width=\"81\" height=\"81\" alt=\"\" \/><\/div><h2 class=\"content-box-heading\" style=\"--h2_typography-font-size:32px;line-height:37px;\">CZYTAJ<\/h2><\/a><\/div><\/div><\/div><div class=\"fusion-clearfix\"><\/div><\/div><div class=\"fusion-clearfix\"><\/div><\/div><\/div><div class=\"fusion-layout-column fusion_builder_column_inner fusion-builder-nested-column-7 fusion_builder_column_inner_1_3 1_3 fusion-one-third fusion-column-last\" style=\"--awb-bg-size:cover;width:33.333333333333%;width:calc(33.333333333333% - ( ( 4% + 4% ) * 0.33333333333333 ) );\"><div class=\"fusion-column-wrapper fusion-flex-column-wrapper-legacy\"><div class=\"fusion-content-boxes content-boxes columns row fusion-columns-1 fusion-columns-total-1 fusion-content-boxes-3 content-boxes-icon-on-top content-left icon-listen\" style=\"--awb-body-color:#b3740d;--awb-title-color:#b3740d;--awb-hover-accent-color:#804100;--awb-circle-hover-accent-color:#804100;--awb-item-margin-bottom:40px;\" data-animationOffset=\"top-into-view\"><div style=\"--awb-backgroundcolor:rgba(255,255,255,0);\" class=\"fusion-column content-box-column content-box-column content-box-column-1 col-lg-12 col-md-12 col-sm-12 fusion-content-box-hover content-box-column-last content-box-column-last-in-row\"><div class=\"col content-box-wrapper content-wrapper link-area-link-icon link-type-text icon-hover-animation-fade\" data-animationOffset=\"top-into-view\"><div class=\"heading heading-with-icon icon-left\"><a class=\"heading-link\" href=\"https:\/\/adidam.eu\/listen\/\" target=\"_self\"><div aria-hidden=\"true\" class=\"image\"><img decoding=\"async\" src=\"https:\/\/adidam.eu\/wp-content\/uploads\/2016\/12\/adidam_home_icon_listen.png\" width=\"81\" height=\"81\" alt=\"\" \/><\/div><h2 class=\"content-box-heading\" style=\"--h2_typography-font-size:32px;line-height:37px;\">S\u0141UCHAJ<\/h2><\/a><\/div><\/div><\/div><div class=\"fusion-clearfix\"><\/div><\/div><div class=\"fusion-clearfix\"><\/div><\/div><\/div><\/div><div class=\"fusion-clearfix\"><\/div><\/div><\/div><div class=\"fusion-layout-column fusion_builder_column fusion-builder-column-1 fusion_builder_column_1_3 1_3 fusion-one-third fusion-column-last\" style=\"--awb-bg-position:right center;--awb-bg-size:cover;width:33.333333333333%;width:calc(33.333333333333% - ( ( 4% ) * 0.33333333333333 ) );\"><div class=\"fusion-column-wrapper fusion-flex-column-wrapper-legacy\"><div class=\"fusion-video fusion-youtube\" style=\"--awb-max-width:351px;--awb-max-height:197px;\"><div class=\"video-shortcode\"><div class=\"fluid-width-video-wrapper\" style=\"padding-top:56.13%;\" ><iframe title=\"YouTube video player 1\" src=\"https:\/\/www.youtube.com\/embed\/8omuybBC90w?wmode=transparent&autoplay=0&amp;rel=0\" width=\"351\" height=\"197\" allowfullscreen allow=\"autoplay; clipboard-write; encrypted-media; gyroscope; picture-in-picture;\"><\/iframe><\/div><\/div><\/div><div class=\"fusion-sep-clear\"><\/div><div class=\"fusion-separator fusion-full-width-sep\" style=\"margin-left: auto;margin-right: auto;margin-top:10px;width:100%;\"><\/div><div class=\"fusion-sep-clear\"><\/div><div class=\"fusion-title title fusion-title-1 fusion-sep-none fusion-title-text fusion-title-size-one homepage-events-sidebar-h1 \" style=\"--awb-margin-top-small:10px;--awb-margin-right-small:0px;--awb-margin-bottom-small:10px;--awb-margin-left-small:0px;\"><h1 class=\"fusion-title-heading title-heading-left\" style=\"margin:0;\">Spu\u015bcizna Awatara Adi Da<\/h1><\/div><div class=\"fusion-sep-clear\"><\/div><div class=\"fusion-separator fusion-full-width-sep\" style=\"margin-left: auto;margin-right: auto;margin-top:30px;width:100%;\"><\/div><div class=\"fusion-sep-clear\"><\/div><div class=\"fusion-image-element in-legacy-container\" style=\"--awb-caption-title-font-family:var(--h2_typography-font-family);--awb-caption-title-font-weight:var(--h2_typography-font-weight);--awb-caption-title-font-style:var(--h2_typography-font-style);--awb-caption-title-size:var(--h2_typography-font-size);--awb-caption-title-transform:var(--h2_typography-text-transform);--awb-caption-title-line-height:var(--h2_typography-line-height);--awb-caption-title-letter-spacing:var(--h2_typography-letter-spacing);\"><span class=\" fusion-imageframe imageframe-none imageframe-1 hover-type-none\"><img decoding=\"async\" width=\"355\" height=\"444\" title=\"adidam_sidebar_picture_aletheon116\" src=\"https:\/\/adidam.eu\/wp-content\/uploads\/2016\/12\/adidam_sidebar_picture_aletheon116.png\" alt class=\"img-responsive wp-image-4371\" srcset=\"https:\/\/adidam.eu\/wp-content\/uploads\/2016\/12\/adidam_sidebar_picture_aletheon116-200x250.png 200w, https:\/\/adidam.eu\/wp-content\/uploads\/2016\/12\/adidam_sidebar_picture_aletheon116.png 355w\" sizes=\"(max-width: 1200px) 100vw, 355px\" \/><\/span><\/div><div class=\"fusion-sep-clear\"><\/div><div class=\"fusion-separator fusion-full-width-sep\" style=\"margin-left: auto;margin-right: auto;margin-top:30px;width:100%;\"><\/div><div class=\"fusion-sep-clear\"><\/div><div class=\"fusion-image-element in-legacy-container\" style=\"--awb-caption-title-font-family:var(--h2_typography-font-family);--awb-caption-title-font-weight:var(--h2_typography-font-weight);--awb-caption-title-font-style:var(--h2_typography-font-style);--awb-caption-title-size:var(--h2_typography-font-size);--awb-caption-title-transform:var(--h2_typography-text-transform);--awb-caption-title-line-height:var(--h2_typography-line-height);--awb-caption-title-letter-spacing:var(--h2_typography-letter-spacing);\"><span class=\" fusion-imageframe imageframe-none imageframe-2 hover-type-none\"><img decoding=\"async\" width=\"464\" height=\"349\" title=\"the European Danda\" src=\"https:\/\/adidam.eu\/wp-content\/uploads\/2016\/12\/adidam_sidebar_theeuropeandanda.png\" alt class=\"img-responsive wp-image-4293\" srcset=\"https:\/\/adidam.eu\/wp-content\/uploads\/2016\/12\/adidam_sidebar_theeuropeandanda-200x150.png 200w, https:\/\/adidam.eu\/wp-content\/uploads\/2016\/12\/adidam_sidebar_theeuropeandanda-400x301.png 400w, https:\/\/adidam.eu\/wp-content\/uploads\/2016\/12\/adidam_sidebar_theeuropeandanda.png 464w\" sizes=\"(max-width: 1200px) 100vw, 400px\" \/><\/span><\/div><div class=\"fusion-sep-clear\"><\/div><div class=\"fusion-separator fusion-full-width-sep\" style=\"margin-left: auto;margin-right: auto;margin-top:30px;width:100%;\"><\/div><div class=\"fusion-sep-clear\"><\/div><div class=\"fusion-image-element in-legacy-container\" style=\"--awb-caption-title-font-family:var(--h2_typography-font-family);--awb-caption-title-font-weight:var(--h2_typography-font-weight);--awb-caption-title-font-style:var(--h2_typography-font-style);--awb-caption-title-size:var(--h2_typography-font-size);--awb-caption-title-transform:var(--h2_typography-text-transform);--awb-caption-title-line-height:var(--h2_typography-line-height);--awb-caption-title-letter-spacing:var(--h2_typography-letter-spacing);\"><span class=\" fusion-imageframe imageframe-none imageframe-3 hover-type-none\"><img decoding=\"async\" width=\"464\" height=\"309\" title=\"the European Danda\" src=\"https:\/\/adidam.eu\/wp-content\/uploads\/2021\/06\/danda_vooraanzicht_464x309px_100kb.jpg\" alt class=\"img-responsive wp-image-1624\" srcset=\"https:\/\/adidam.eu\/wp-content\/uploads\/2021\/06\/danda_vooraanzicht_464x309px_100kb-200x133.jpg 200w, https:\/\/adidam.eu\/wp-content\/uploads\/2021\/06\/danda_vooraanzicht_464x309px_100kb-400x266.jpg 400w, https:\/\/adidam.eu\/wp-content\/uploads\/2021\/06\/danda_vooraanzicht_464x309px_100kb.jpg 464w\" sizes=\"(max-width: 1200px) 100vw, 400px\" \/><\/span><\/div><div class=\"fusion-sep-clear\"><\/div><div class=\"fusion-separator fusion-full-width-sep\" style=\"margin-left: auto;margin-right: auto;margin-top:30px;width:100%;\"><\/div><div class=\"fusion-sep-clear\"><\/div><div class=\"fusion-image-element in-legacy-container\" style=\"--awb-caption-title-font-family:var(--h2_typography-font-family);--awb-caption-title-font-weight:var(--h2_typography-font-weight);--awb-caption-title-font-style:var(--h2_typography-font-style);--awb-caption-title-size:var(--h2_typography-font-size);--awb-caption-title-transform:var(--h2_typography-text-transform);--awb-caption-title-line-height:var(--h2_typography-line-height);--awb-caption-title-letter-spacing:var(--h2_typography-letter-spacing);\"><span class=\" fusion-imageframe imageframe-none imageframe-4 hover-type-none\"><img decoding=\"async\" width=\"464\" height=\"309\" title=\"the European Danda\" src=\"https:\/\/adidam.eu\/wp-content\/uploads\/2021\/06\/danda_poli_464x309px_80kb.jpg\" alt class=\"img-responsive wp-image-1625\" srcset=\"https:\/\/adidam.eu\/wp-content\/uploads\/2021\/06\/danda_poli_464x309px_80kb-200x133.jpg 200w, https:\/\/adidam.eu\/wp-content\/uploads\/2021\/06\/danda_poli_464x309px_80kb-400x266.jpg 400w, https:\/\/adidam.eu\/wp-content\/uploads\/2021\/06\/danda_poli_464x309px_80kb.jpg 464w\" sizes=\"(max-width: 1200px) 100vw, 400px\" \/><\/span><\/div><div class=\"fusion-clearfix\"><\/div><\/div><\/div><\/div><\/div>\n","protected":false},"excerpt":{"rendered":"","protected":false},"author":1,"featured_media":0,"parent":0,"menu_order":0,"comment_status":"closed","ping_status":"closed","template":"100-width.php","meta":{"footnotes":""},"class_list":["post-4370","page","type-page","status-publish","hentry"],"_links":{"self":[{"href":"https:\/\/adidam.eu\/pl\/wp-json\/wp\/v2\/pages\/4370","targetHints":{"allow":["GET"]}}],"collection":[{"href":"https:\/\/adidam.eu\/pl\/wp-json\/wp\/v2\/pages"}],"about":[{"href":"https:\/\/adidam.eu\/pl\/wp-json\/wp\/v2\/types\/page"}],"author":[{"embeddable":true,"href":"https:\/\/adidam.eu\/pl\/wp-json\/wp\/v2\/users\/1"}],"replies":[{"embeddable":true,"href":"https:\/\/adidam.eu\/pl\/wp-json\/wp\/v2\/comments?post=4370"}],"version-history":[{"count":3,"href":"https:\/\/adidam.eu\/pl\/wp-json\/wp\/v2\/pages\/4370\/revisions"}],"predecessor-version":[{"id":4375,"href":"https:\/\/adidam.eu\/pl\/wp-json\/wp\/v2\/pages\/4370\/revisions\/4375"}],"wp:attachment":[{"href":"https:\/\/adidam.eu\/pl\/wp-json\/wp\/v2\/media?parent=4370"}],"curies":[{"name":"wp","href":"https:\/\/api.w.org\/{rel}","templated":true}]}}