{"id":4383,"date":"2024-04-18T09:23:04","date_gmt":"2024-04-18T07:23:04","guid":{"rendered":"https:\/\/adidam.eu\/kursy\/kursy-przygotowujace-do-czlonkostwa-w-adidam\/"},"modified":"2025-05-28T10:44:48","modified_gmt":"2025-05-28T08:44:48","slug":"kursy-przygotowujace-do-czlonkostwa-w-adidam","status":"publish","type":"page","link":"https:\/\/adidam.eu\/pl\/kursy\/kursy-przygotowujace-do-czlonkostwa-w-adidam\/","title":{"rendered":"Kursy przygotowuj\u0105ce do cz\u0142onkostwa w Adidam."},"content":{"rendered":"<div class=\"fusion-fullwidth fullwidth-box fusion-builder-row-1 nonhundred-percent-fullwidth non-hundred-percent-height-scrolling\" style=\"--awb-border-radius-top-left:0px;--awb-border-radius-top-right:0px;--awb-border-radius-bottom-right:0px;--awb-border-radius-bottom-left:0px;--awb-padding-top:20px;--awb-padding-bottom:20px;--awb-flex-wrap:wrap;\" ><div class=\"fusion-builder-row fusion-row\"><div class=\"fusion-layout-column fusion_builder_column fusion-builder-column-0 fusion_builder_column_2_3 2_3 fusion-two-third fusion-column-first\" style=\"--awb-bg-size:cover;width:66.666666666667%;width:calc(66.666666666667% - ( ( 4% ) * 0.66666666666667 ) );margin-right: 4%;\"><div class=\"fusion-column-wrapper fusion-flex-column-wrapper-legacy\"><div class=\"fusion-text fusion-text-1\"><h1 class=\"adida-page-adi-da-quote\"><em>Celem Mojego cielesnego (ludzkiego) Pojawienia si\u0119 tutaj jest Boskie Wyzwolenie <u>ca\u0142ej<\/u> ludzko\u015bci \u2013 nie tylko ludzi Wschodu czy Zachodu, ale <u>wszystkich<\/u> ludzi, a w\u0142a\u015bciwie <u>wszystkich<\/u> istot i rzeczy.<\/em><\/h1>\n<\/div><div class=\"fusion-text fusion-text-2\"><p class=\"adi-da-quote-sub\" style=\"text-align: right;\">~ AWATAR ADI DA SAMRAJ<br \/>\nAWATAR TEGO CO JEST<\/p>\n<\/div><div class=\"fusion-sep-clear\"><\/div><div class=\"fusion-separator fusion-full-width-sep\" style=\"margin-left: auto;margin-right: auto;margin-top:50px;width:100%;\"><\/div><div class=\"fusion-sep-clear\"><\/div><div class=\"fusion-builder-row fusion-builder-row-inner fusion-row\"><div class=\"fusion-layout-column fusion_builder_column_inner fusion-builder-nested-column-0 fusion_builder_column_inner_1_1 1_1 fusion-one-full fusion-column-first fusion-column-last courses-page-centerblock-container\" style=\"--awb-bg-size:cover;\"><div class=\"fusion-column-wrapper fusion-flex-column-wrapper-legacy\"><div class=\"fusion-title title fusion-title-1 fusion-title-text fusion-title-size-one courses-page-centerblock-h1 \" style=\"--awb-margin-top-small:10px;--awb-margin-right-small:0px;--awb-margin-bottom-small:10px;--awb-margin-left-small:0px;\"><h1 class=\"fusion-title-heading title-heading-left\" style=\"margin:0;\">Kursy przygotowuj\u0105ce do cz\u0142onkostwa w Adidam.<\/h1><span class=\"awb-title-spacer\"><\/span><div class=\"title-sep-container\"><div class=\"title-sep sep-double sep-solid\" style=\"border-color:#e0dede;\"><\/div><\/div><\/div><div class=\"fusion-text fusion-text-3\"><h3 class=\"courses-page-centerblock-h3\">Adidam Europe oferuje kursy o Adi Da Samraj oraz o Duchowej Drodze, kt\u00f3r\u0105 On Oferuje. Wszystkie kursy s\u0105 dost\u0119pne online za po\u015brednictwem platformy Zoom. Je\u015bli masz pytania dotycz\u0105ce kurs\u00f3w, prosimy o kontakt mailowy pod adresem <a href=\"mailto:info@adidam.eu\">info@adidam.eu<\/a>.<\/h3>\n<p>\n<\/div><div class=\"fusion-sep-clear\"><\/div><div class=\"fusion-separator fusion-full-width-sep\" style=\"margin-left: auto;margin-right: auto;margin-bottom:15px;width:100%;\"><\/div><div class=\"fusion-sep-clear\"><\/div><div class=\"fusion-title title fusion-title-2 fusion-sep-none fusion-title-text fusion-title-size-four courses-page-centerblock-title-h4\" style=\"--awb-margin-top-small:10px;--awb-margin-right-small:0px;--awb-margin-bottom-small:10px;--awb-margin-left-small:0px;\"><h4 class=\"fusion-title-heading title-heading-left\" style=\"margin:0;\"><a href=\"#\">Przygotowanie do wst\u0105pienia do Drugiej Kongregacji Adidam Ruchiradam<\/a><\/h4><\/div><div class=\"fusion-text fusion-text-4\"><p class=\"courses-page-centerblock-body\"><img decoding=\"async\" class=\"wp-image-2867 size-full alignright\" src=\"https:\/\/adidam.eu\/wp-content\/uploads\/2024\/04\/adidam_sidebar_picture_aletheon_160x245px.png\" alt=\"\" width=\"160\" height=\"245\" \/>Intensywny kurs refleksji i rozwa\u017ca\u0144 dla os\u00f3b zainteresowanych wst\u0105pieniem do Drugiej Kongregacji Adidam.<\/p>\n<\/p>\n<p class=\"courses-page-centerblock-body\">Kurs obejmuje przegl\u0105d podstawowych zagadnie\u0144 dotycz\u0105cych rozpoznania sercem Jego Boskiej Obecno\u015bci, Awatara Adi Da Samraj oraz \u015bwiadomego wej\u015bcia w relacj\u0119 Guru-ucze\u0144.<\/p>\n<\/p>\n<p class=\"courses-page-centerblock-body\">Dodatkowo uczestnicy zapoznaj\u0105 si\u0119 z tre\u015bci\u0105 u\u015bwi\u0119conych \u015blub\u00f3w wiecznego oddania oraz praktyk\u0105 drugiej kongregacji, a tak\u017ce z zasadami wymaganej samodyscypliny, niezb\u0119dnej do prawdziwego wzrostu w procesie Boskiego Samourzeczywistnienia.<\/p>\n<\/p>\n<p class=\"courses-page-centerblock-body\">Wymagania wst\u0119pne: uko\u0144czone kursy \u201eDa Awatar\u201d i \u201eDroga Rzeczywisto\u015bci Adidam\u201d.<br \/>\nCzas trwania: 5 sesji + indywidualne wskaz\u00f3wki i rozmowy.<br \/>\nKoszt: 265 euro.<\/p>\n<p>\n<\/div><div class=\"fusion-sep-clear\"><\/div><div class=\"fusion-separator fusion-full-width-sep\" style=\"margin-left: auto;margin-right: auto;margin-bottom:15px;width:100%;\"><\/div><div class=\"fusion-sep-clear\"><\/div><div class=\"fusion-aligncenter\"><a class=\"fusion-button button-flat fusion-button-default-size button-default fusion-button-default button-1 fusion-button-default-span fusion-button-default-type\" target=\"_self\" href=\"https:\/\/adidam.eu\/courses\/courses-adidam-membership\/register\/\"><span class=\"fusion-button-text awb-button__text awb-button__text--default\">ZAPISZ SI\u0118 TERAZ<\/span><\/a><\/div><div class=\"fusion-sep-clear\"><\/div><div class=\"fusion-separator fusion-full-width-sep\" style=\"margin-left: auto;margin-right: auto;margin-bottom:30px;width:100%;\"><\/div><div class=\"fusion-sep-clear\"><\/div><div class=\"fusion-title title fusion-title-3 fusion-sep-none fusion-title-text fusion-title-size-four courses-page-centerblock-title-h4\" style=\"--awb-margin-top-small:10px;--awb-margin-right-small:0px;--awb-margin-bottom-small:10px;--awb-margin-left-small:0px;\"><h4 class=\"fusion-title-heading title-heading-left\" style=\"margin:0;\"><a href=\"#\">Przygotowanie do wst\u0105pienia do Trzeciej Kongregacji Adidam Ruchiradam<\/a><\/h4><\/div><div class=\"fusion-text fusion-text-5\"><p class=\"courses-page-centerblock-body\"><img decoding=\"async\" class=\"wp-image-2865 size-full alignright\" src=\"https:\/\/adidam.eu\/wp-content\/uploads\/2024\/04\/theeightpartadmonition_book_cover_160x245px.png\" alt=\"\" width=\"160\" height=\"245\" \/>Dwucz\u0119\u015bciowy kurs refleksji i rozwa\u017ca\u0144 dla os\u00f3b zainteresowanych wst\u0105pieniem do Trzeciej Kongregacji Adidam.<\/p>\n<\/p>\n<p class=\"courses-page-centerblock-body\">Kurs obejmuje zapoznanie si\u0119 z tre\u015bci\u0105 u\u015bwi\u0119conych \u015blub\u00f3w wiecznego oddania oraz praktyki trzeciej kongregacji, opisanej w ksi\u0105\u017cce \u201eDar O\u015bmiocz\u0119\u015bciowego Napomnienia\u201d.<br \/>\nDodatkowo uczestnicy rozwa\u017caj\u0105 instrukcje Adi Da dotycz\u0105ce transcendencji dzieci\u0119cego i m\u0142odzie\u0144czego podej\u015bcia do \u017cycia i prawdy.<\/p>\n<\/p>\n<p class=\"courses-page-centerblock-body\">Wymagania wst\u0119pne: uko\u0144czone kursy \u201e Da Awatar\u201d i \u201eNajwi\u0119kszy Dar\u201d.<br \/>\nCzas trwania: 2 sesje + indywidualne wskaz\u00f3wki i rozmowy kwalifikacyjne.<br \/>\nKoszt: 165 euro.<\/p>\n<p>\n<\/div><div class=\"fusion-sep-clear\"><\/div><div class=\"fusion-separator fusion-full-width-sep\" style=\"margin-left: auto;margin-right: auto;margin-bottom:15px;width:100%;\"><\/div><div class=\"fusion-sep-clear\"><\/div><div class=\"fusion-aligncenter\"><a class=\"fusion-button button-flat fusion-button-default-size button-default fusion-button-default button-2 fusion-button-default-span fusion-button-default-type\" target=\"_self\" href=\"https:\/\/adidam.eu\/courses\/courses-adidam-membership\/register\/\"><span class=\"fusion-button-text awb-button__text awb-button__text--default\">ZAPISZ SI\u0118 TERAZ<\/span><\/a><\/div><div class=\"fusion-sep-clear\"><\/div><div class=\"fusion-separator fusion-full-width-sep\" style=\"margin-left: auto;margin-right: auto;margin-bottom:10px;width:100%;\"><\/div><div class=\"fusion-sep-clear\"><\/div><div class=\"fusion-clearfix\"><\/div><\/div><\/div><\/div><div class=\"fusion-sep-clear\"><\/div><div class=\"fusion-separator fusion-full-width-sep\" style=\"margin-left: auto;margin-right: auto;margin-top:50px;width:100%;\"><\/div><div class=\"fusion-sep-clear\"><\/div><div class=\"fusion-builder-row fusion-builder-row-inner fusion-row\"><div class=\"fusion-layout-column fusion_builder_column_inner fusion-builder-nested-column-1 fusion_builder_column_inner_1_3 1_3 fusion-one-third fusion-column-first\" style=\"--awb-bg-size:cover;width:33.333333333333%;width:calc(33.333333333333% - ( ( 4% + 4% ) * 0.33333333333333 ) );margin-right: 4%;\"><div class=\"fusion-column-wrapper fusion-flex-column-wrapper-legacy\"><div class=\"fusion-content-boxes content-boxes columns row fusion-columns-1 fusion-columns-total-1 fusion-content-boxes-1 content-boxes-icon-on-top content-left icon-watch\" style=\"--awb-body-color:#37939b;--awb-title-color:#37939b;--awb-hover-accent-color:#00474f;--awb-circle-hover-accent-color:#00474f;--awb-item-margin-bottom:40px;\" data-animationOffset=\"top-into-view\"><div style=\"--awb-backgroundcolor:rgba(255,255,255,0);\" class=\"fusion-column content-box-column content-box-column content-box-column-1 col-lg-12 col-md-12 col-sm-12 fusion-content-box-hover content-box-column-last content-box-column-last-in-row\"><div class=\"col content-box-wrapper content-wrapper link-area-link-icon link-type-text icon-hover-animation-fade\" data-animationOffset=\"top-into-view\"><div class=\"heading heading-with-icon icon-left\"><a class=\"heading-link\" href=\"https:\/\/adidam.eu\/watch\/\" target=\"_self\"><div aria-hidden=\"true\" class=\"image\"><img decoding=\"async\" src=\"https:\/\/adidam.eu\/wp-content\/uploads\/2016\/12\/adidam_home_icon_watch.png\" width=\"81\" height=\"81\" alt=\"\" \/><\/div><h2 class=\"content-box-heading\" style=\"--h2_typography-font-size:32px;line-height:37px;\">OGL\u0104DAJ<\/h2><\/a><\/div><\/div><\/div><div class=\"fusion-clearfix\"><\/div><\/div><div class=\"fusion-clearfix\"><\/div><\/div><\/div><div class=\"fusion-layout-column fusion_builder_column_inner fusion-builder-nested-column-2 fusion_builder_column_inner_1_3 1_3 fusion-one-third\" style=\"--awb-bg-size:cover;width:33.333333333333%;width:calc(33.333333333333% - ( ( 4% + 4% ) * 0.33333333333333 ) );margin-right: 4%;\"><div class=\"fusion-column-wrapper fusion-flex-column-wrapper-legacy\"><div class=\"fusion-content-boxes content-boxes columns row fusion-columns-1 fusion-columns-total-1 fusion-content-boxes-2 content-boxes-icon-on-top content-left icon-read\" style=\"--awb-body-color:#737b35;--awb-title-color:#737b35;--awb-hover-accent-color:#404802;--awb-circle-hover-accent-color:#404802;--awb-item-margin-bottom:40px;\" data-animationOffset=\"top-into-view\"><div style=\"--awb-backgroundcolor:rgba(255,255,255,0);\" class=\"fusion-column content-box-column content-box-column content-box-column-1 col-lg-12 col-md-12 col-sm-12 fusion-content-box-hover content-box-column-last content-box-column-last-in-row\"><div class=\"col content-box-wrapper content-wrapper link-area-link-icon link-type-text icon-hover-animation-fade\" data-animationOffset=\"top-into-view\"><div class=\"heading heading-with-icon icon-left\"><a class=\"heading-link\" href=\"https:\/\/adidam.eu\/read\/\" target=\"_self\"><div aria-hidden=\"true\" class=\"image\"><img decoding=\"async\" src=\"https:\/\/adidam.eu\/wp-content\/uploads\/2016\/12\/adidam_home_icon_read.png\" width=\"81\" height=\"81\" alt=\"\" \/><\/div><h2 class=\"content-box-heading\" style=\"--h2_typography-font-size:32px;line-height:37px;\">CZYTAJ<\/h2><\/a><\/div><\/div><\/div><div class=\"fusion-clearfix\"><\/div><\/div><div class=\"fusion-clearfix\"><\/div><\/div><\/div><div class=\"fusion-layout-column fusion_builder_column_inner fusion-builder-nested-column-3 fusion_builder_column_inner_1_3 1_3 fusion-one-third fusion-column-last\" style=\"--awb-bg-size:cover;width:33.333333333333%;width:calc(33.333333333333% - ( ( 4% + 4% ) * 0.33333333333333 ) );\"><div class=\"fusion-column-wrapper fusion-flex-column-wrapper-legacy\"><div class=\"fusion-content-boxes content-boxes columns row fusion-columns-1 fusion-columns-total-1 fusion-content-boxes-3 content-boxes-icon-on-top content-left icon-listen\" style=\"--awb-body-color:#b3740d;--awb-title-color:#b3740d;--awb-hover-accent-color:#804100;--awb-circle-hover-accent-color:#804100;--awb-item-margin-bottom:40px;\" data-animationOffset=\"top-into-view\"><div style=\"--awb-backgroundcolor:rgba(255,255,255,0);\" class=\"fusion-column content-box-column content-box-column content-box-column-1 col-lg-12 col-md-12 col-sm-12 fusion-content-box-hover content-box-column-last content-box-column-last-in-row\"><div class=\"col content-box-wrapper content-wrapper link-area-link-icon link-type-text icon-hover-animation-fade\" data-animationOffset=\"top-into-view\"><div class=\"heading heading-with-icon icon-left\"><a class=\"heading-link\" href=\"https:\/\/adidam.eu\/listen\/\" target=\"_self\"><div aria-hidden=\"true\" class=\"image\"><img decoding=\"async\" src=\"https:\/\/adidam.eu\/wp-content\/uploads\/2016\/12\/adidam_home_icon_listen.png\" width=\"81\" height=\"81\" alt=\"\" \/><\/div><h2 class=\"content-box-heading\" style=\"--h2_typography-font-size:32px;line-height:37px;\">S\u0141UCHAJ<\/h2><\/a><\/div><\/div><\/div><div class=\"fusion-clearfix\"><\/div><\/div><div class=\"fusion-clearfix\"><\/div><\/div><\/div><\/div><div class=\"fusion-clearfix\"><\/div><\/div><\/div><div class=\"fusion-layout-column fusion_builder_column fusion-builder-column-1 fusion_builder_column_1_3 1_3 fusion-one-third fusion-column-last\" style=\"--awb-bg-position:right center;--awb-bg-size:cover;width:33.333333333333%;width:calc(33.333333333333% - ( ( 4% ) * 0.33333333333333 ) );\"><div class=\"fusion-column-wrapper fusion-flex-column-wrapper-legacy\"><div class=\"fusion-image-element in-legacy-container\" style=\"--awb-caption-title-font-family:var(--h2_typography-font-family);--awb-caption-title-font-weight:var(--h2_typography-font-weight);--awb-caption-title-font-style:var(--h2_typography-font-style);--awb-caption-title-size:var(--h2_typography-font-size);--awb-caption-title-transform:var(--h2_typography-text-transform);--awb-caption-title-line-height:var(--h2_typography-line-height);--awb-caption-title-letter-spacing:var(--h2_typography-letter-spacing);\"><span class=\" fusion-imageframe imageframe-none imageframe-1 hover-type-none\"><img decoding=\"async\" width=\"355\" height=\"481\" title=\"adidam_sidebar_coursespage\" src=\"https:\/\/adidam.eu\/wp-content\/uploads\/2016\/12\/adidam_sidebar_coursespage.png\" alt class=\"img-responsive wp-image-294\" srcset=\"https:\/\/adidam.eu\/wp-content\/uploads\/2016\/12\/adidam_sidebar_coursespage-200x271.png 200w, https:\/\/adidam.eu\/wp-content\/uploads\/2016\/12\/adidam_sidebar_coursespage.png 355w\" sizes=\"(max-width: 1200px) 100vw, 355px\" \/><\/span><\/div><div class=\"fusion-sep-clear\"><\/div><div class=\"fusion-separator fusion-full-width-sep\" style=\"margin-left: auto;margin-right: auto;margin-top:30px;width:100%;\"><\/div><div class=\"fusion-sep-clear\"><\/div><div class=\"fusion-clearfix\"><\/div><\/div><\/div><\/div><\/div>\n","protected":false},"excerpt":{"rendered":"","protected":false},"author":1,"featured_media":0,"parent":4332,"menu_order":0,"comment_status":"closed","ping_status":"closed","template":"100-width.php","meta":{"footnotes":""},"class_list":["post-4383","page","type-page","status-publish","hentry"],"_links":{"self":[{"href":"https:\/\/adidam.eu\/pl\/wp-json\/wp\/v2\/pages\/4383","targetHints":{"allow":["GET"]}}],"collection":[{"href":"https:\/\/adidam.eu\/pl\/wp-json\/wp\/v2\/pages"}],"about":[{"href":"https:\/\/adidam.eu\/pl\/wp-json\/wp\/v2\/types\/page"}],"author":[{"embeddable":true,"href":"https:\/\/adidam.eu\/pl\/wp-json\/wp\/v2\/users\/1"}],"replies":[{"embeddable":true,"href":"https:\/\/adidam.eu\/pl\/wp-json\/wp\/v2\/comments?post=4383"}],"version-history":[{"count":3,"href":"https:\/\/adidam.eu\/pl\/wp-json\/wp\/v2\/pages\/4383\/revisions"}],"predecessor-version":[{"id":4388,"href":"https:\/\/adidam.eu\/pl\/wp-json\/wp\/v2\/pages\/4383\/revisions\/4388"}],"up":[{"embeddable":true,"href":"https:\/\/adidam.eu\/pl\/wp-json\/wp\/v2\/pages\/4332"}],"wp:attachment":[{"href":"https:\/\/adidam.eu\/pl\/wp-json\/wp\/v2\/media?parent=4383"}],"curies":[{"name":"wp","href":"https:\/\/api.w.org\/{rel}","templated":true}]}}