{"id":4405,"date":"2016-12-14T18:04:25","date_gmt":"2016-12-14T17:04:25","guid":{"rendered":"https:\/\/adidam.eu\/czytaj\/"},"modified":"2025-05-28T11:17:59","modified_gmt":"2025-05-28T09:17:59","slug":"czytaj","status":"publish","type":"page","link":"https:\/\/adidam.eu\/pl\/czytaj\/","title":{"rendered":"CZYTAJ"},"content":{"rendered":"<div class=\"fusion-fullwidth fullwidth-box fusion-builder-row-1 nonhundred-percent-fullwidth non-hundred-percent-height-scrolling\" style=\"--awb-border-radius-top-left:0px;--awb-border-radius-top-right:0px;--awb-border-radius-bottom-right:0px;--awb-border-radius-bottom-left:0px;--awb-padding-top:20px;--awb-padding-bottom:20px;--awb-flex-wrap:wrap;\" ><div class=\"fusion-builder-row fusion-row\"><div class=\"fusion-layout-column fusion_builder_column fusion-builder-column-0 fusion_builder_column_2_3 2_3 fusion-two-third fusion-column-first\" style=\"--awb-bg-size:cover;width:66.666666666667%;width:calc(66.666666666667% - ( ( 4% ) * 0.66666666666667 ) );margin-right: 4%;\"><div class=\"fusion-column-wrapper fusion-flex-column-wrapper-legacy\"><div class=\"fusion-builder-row fusion-builder-row-inner fusion-row\"><div class=\"fusion-layout-column fusion_builder_column_inner fusion-builder-nested-column-0 fusion_builder_column_inner_1_1 1_1 fusion-one-full fusion-column-first fusion-column-last read-page-centerblock-container\" style=\"--awb-bg-size:cover;\"><div class=\"fusion-column-wrapper fusion-flex-column-wrapper-legacy\"><div class=\"fusion-title title fusion-title-1 fusion-sep-none fusion-title-text fusion-title-size-one courses-page-centerblock-h1 \" style=\"--awb-margin-top-small:10px;--awb-margin-right-small:0px;--awb-margin-bottom-small:10px;--awb-margin-left-small:0px;\"><h1 class=\"fusion-title-heading title-heading-left\" style=\"margin:0;\">Czytaj<\/h1><\/div><div class=\"fusion-sep-clear\"><\/div><div class=\"fusion-separator fusion-full-width-sep\" style=\"margin-left: auto;margin-right: auto;margin-bottom:0px;width:100%;\"><\/div><div class=\"fusion-sep-clear\"><\/div><div class=\"fusion-text fusion-text-1\"><p><img decoding=\"async\" class=\"wp-image-1099 size-full alignleft\" src=\"https:\/\/adidam.eu\/wp-content\/uploads\/2018\/11\/adidam_uk_read_book_mybrightword_1_200px.png\" alt=\"\" width=\"200\" height=\"302\" srcset=\"https:\/\/adidam.eu\/wp-content\/uploads\/2018\/11\/adidam_uk_read_book_mybrightword_1_200px-199x300.png 199w, https:\/\/adidam.eu\/wp-content\/uploads\/2018\/11\/adidam_uk_read_book_mybrightword_1_200px.png 200w\" sizes=\"(max-width: 200px) 100vw, 200px\" \/><\/p>\n<h3 class=\"home-page-centerblock-h3\">MY \u201cBRIGHT\u201d WORD<\/h3>\n<\/p>\n<p class=\"teaching-page-centerblock-body\">W serii Dyskurs\u00f3w z Jego wczesnych Lat Nauczania Awatar Adi Da przekazuje podsumowanie Swoich Nauk-Objawionych oraz porusza takie zagadnienia, jak: pieni\u0105dze, jedzenie i seks, szok wcielenia i przyj\u0119cie to\u017csamo\u015bci odr\u0119bnego \u201eja\u201d, m\u00f3wi o wyj\u0105tkowej funkcji Guru i wiele innych aspektach \u017cycia.<\/p>\n<div class=\"fusion-alignleft\"><a class=\"fusion-button button-flat button-small button-default fusion-button-default button-1 fusion-button-default-span fusion-button-default-type\" target=\"_self\" href=\"..\/read\/my-bright-word\"><span class=\"fusion-button-text awb-button__text awb-button__text--default\">czytaj dalej<\/span><\/a><\/div>\n<\/div><div class=\"fusion-sep-clear\"><\/div><div class=\"fusion-separator fusion-full-width-sep\" style=\"margin-left: auto;margin-right: auto;margin-bottom:20px;width:100%;\"><\/div><div class=\"fusion-sep-clear\"><\/div><div class=\"fusion-text fusion-text-2\"><p><img decoding=\"async\" class=\"wp-image-1098 size-full alignleft\" src=\"https:\/\/adidam.eu\/wp-content\/uploads\/2018\/11\/adidam_uk_read_book_weareconsciousnessitself_1_200px.jpg\" alt=\"\" width=\"200\" height=\"267\" \/><\/p>\n<h3 class=\"home-page-centerblock-h3\">Jeste\u015bmy Sam\u0105 \u015awiadomo\u015bci\u0105<\/h3>\n<\/p>\n<p class=\"teaching-page-centerblock-body\">Poniewa\u017c Sama \u015awiadomo\u015b\u0107 jest Rzeczywisto\u015bci\u0105 przenikaj\u0105c\u0105 ca\u0142\u0105 ludzk\u0105 egzystencj\u0119, Adi Da nazywa j\u0105 \u201ePrawdziw\u0105 Wod\u0105 \u017bycia\u201d \u2014 g\u0142\u0119bok\u0105 studni\u0105 Prawdy i prawdziwym \u0179r\u00f3d\u0142em naszego istnienia.<\/p>\n<div class=\"fusion-alignleft\"><a class=\"fusion-button button-flat button-small button-default fusion-button-default button-2 fusion-button-default-span fusion-button-default-type\" target=\"_blank\" rel=\"noopener noreferrer\" href=\"https:\/\/www.consciousnessitself.org\"><span class=\"fusion-button-text awb-button__text awb-button__text--default\">Bezp\u0142atny e-book<\/span><\/a><\/div>\n<\/div><div class=\"fusion-sep-clear\"><\/div><div class=\"fusion-separator fusion-full-width-sep\" style=\"margin-left: auto;margin-right: auto;margin-bottom:20px;width:100%;\"><\/div><div class=\"fusion-sep-clear\"><\/div><div class=\"fusion-text fusion-text-3\"><p><img decoding=\"async\" class=\"wp-image-1105 size-full alignleft\" src=\"https:\/\/adidam.eu\/wp-content\/uploads\/2018\/11\/adidam_uk_read_book_aletheon_1_200px.jpg\" alt=\"\" width=\"200\" height=\"299\" \/><\/p>\n<h3 class=\"home-page-centerblock-h3\">The Aletheon<\/h3>\n<\/p>\n<p class=\"teaching-page-centerblock-body\">To \u201eradykalna\u201d Krytyka \u017cycia jako ego, dokonana przez Awatara Adi Da, oraz Jego wnikliwe Rozwa\u017canie prawdziwych i fa\u0142szywych rozumie\u0144 Boga, religii i ca\u0142ej ludzkiej egzystencji.<br \/>\nTekst obejmuje Jego unikalne Objawienie Bosko O\u015bwieconego Stanu, Boskie Wyznanie Jego W\u0142asnego Celu i Pracy oraz zwi\u0119z\u0142y Opis Praktyki, kt\u00f3r\u0105 Ofiarowuje wszystkim, kt\u00f3rzy pragn\u0105 sta\u0107 si\u0119 Jego Uczniami.<\/p>\n<div class=\"fusion-alignleft\"><a class=\"fusion-button button-flat button-small button-default fusion-button-default button-3 fusion-button-default-span fusion-button-default-type\" target=\"_self\" href=\"..\/read\/the-aletheon\"><span class=\"fusion-button-text awb-button__text awb-button__text--default\">czytaj dalej<\/span><\/a><\/div>\n<\/div><div class=\"fusion-sep-clear\"><\/div><div class=\"fusion-separator fusion-full-width-sep\" style=\"margin-left: auto;margin-right: auto;margin-bottom:20px;width:100%;\"><\/div><div class=\"fusion-sep-clear\"><\/div><div class=\"fusion-text fusion-text-4\"><p><img decoding=\"async\" class=\"wp-image-1106 size-full alignleft\" src=\"https:\/\/adidam.eu\/wp-content\/uploads\/2018\/11\/adidam_uk_read_book_nottwoispeace_1_200px.jpg\" alt=\"\" width=\"200\" height=\"293\" \/><\/p>\n<h3 class=\"home-page-centerblock-h3\">Not-Two Is Peace<\/h3>\n<\/p>\n<p class=\"teaching-page-centerblock-body\">W tej ksi\u0105\u017cce Adi Da m\u00f3wi o konieczno\u015bci od-budowania ludzkiej cywilizacji na zasadach wzajemnego zaufania, wsp\u00f3\u0142pracy, tolerancji, \u201epierwotnej jedno\u015bci\u201d oraz nieograniczonego udzia\u0142u ca\u0142ej ludzko\u015bci w przemianie w\u0142asnego przeznaczenia.<\/p>\n<div class=\"fusion-alignleft\"><a class=\"fusion-button button-flat button-small button-default fusion-button-default button-4 fusion-button-default-span fusion-button-default-type\" target=\"_self\" href=\"..\/read\/not-two-is-peace\"><span class=\"fusion-button-text awb-button__text awb-button__text--default\">czytaj dalej<\/span><\/a><\/div>\n<\/div><div class=\"fusion-sep-clear\"><\/div><div class=\"fusion-separator fusion-full-width-sep\" style=\"margin-left: auto;margin-right: auto;margin-bottom:0px;width:100%;\"><\/div><div class=\"fusion-sep-clear\"><\/div><div class=\"fusion-clearfix\"><\/div><\/div><\/div><\/div><div class=\"fusion-sep-clear\"><\/div><div class=\"fusion-separator fusion-full-width-sep\" style=\"margin-left: auto;margin-right: auto;margin-top:50px;width:100%;\"><\/div><div class=\"fusion-sep-clear\"><\/div><div class=\"fusion-builder-row fusion-builder-row-inner fusion-row\"><div class=\"fusion-layout-column fusion_builder_column_inner fusion-builder-nested-column-1 fusion_builder_column_inner_1_3 1_3 fusion-one-third fusion-column-first\" style=\"--awb-bg-size:cover;width:33.333333333333%;width:calc(33.333333333333% - ( ( 4% + 4% ) * 0.33333333333333 ) );margin-right: 4%;\"><div class=\"fusion-column-wrapper fusion-flex-column-wrapper-legacy\"><div class=\"fusion-content-boxes content-boxes columns row fusion-columns-1 fusion-columns-total-1 fusion-content-boxes-1 content-boxes-icon-on-top content-left icon-watch\" style=\"--awb-body-color:#37939b;--awb-title-color:#37939b;--awb-hover-accent-color:#00474f;--awb-circle-hover-accent-color:#00474f;--awb-item-margin-bottom:40px;\" data-animationOffset=\"top-into-view\"><div style=\"--awb-backgroundcolor:rgba(255,255,255,0);\" class=\"fusion-column content-box-column content-box-column content-box-column-1 col-lg-12 col-md-12 col-sm-12 fusion-content-box-hover content-box-column-last content-box-column-last-in-row\"><div class=\"col content-box-wrapper content-wrapper link-area-link-icon link-type-text icon-hover-animation-fade\" data-animationOffset=\"top-into-view\"><div class=\"heading heading-with-icon icon-left\"><a class=\"heading-link\" href=\"https:\/\/adidam.eu\/pl\/ogladaj\/\" target=\"_self\"><div aria-hidden=\"true\" class=\"image\"><img decoding=\"async\" src=\"https:\/\/adidam.eu\/wp-content\/uploads\/2016\/12\/adidam_home_icon_watch.png\" width=\"81\" height=\"81\" alt=\"\" \/><\/div><h2 class=\"content-box-heading\" style=\"--h2_typography-font-size:32px;line-height:37px;\">OGL\u0104DAJ<\/h2><\/a><\/div><\/div><\/div><div class=\"fusion-clearfix\"><\/div><\/div><div class=\"fusion-clearfix\"><\/div><\/div><\/div><div class=\"fusion-layout-column fusion_builder_column_inner fusion-builder-nested-column-2 fusion_builder_column_inner_1_3 1_3 fusion-one-third\" style=\"--awb-bg-size:cover;width:33.333333333333%;width:calc(33.333333333333% - ( ( 4% + 4% ) * 0.33333333333333 ) );margin-right: 4%;\"><div class=\"fusion-column-wrapper fusion-flex-column-wrapper-legacy\"><div class=\"fusion-content-boxes content-boxes columns row fusion-columns-1 fusion-columns-total-1 fusion-content-boxes-2 content-boxes-icon-on-top content-left icon-read\" style=\"--awb-body-color:#737b35;--awb-title-color:#737b35;--awb-hover-accent-color:#404802;--awb-circle-hover-accent-color:#404802;--awb-item-margin-bottom:40px;\" data-animationOffset=\"top-into-view\"><div style=\"--awb-backgroundcolor:rgba(255,255,255,0);\" class=\"fusion-column content-box-column content-box-column content-box-column-1 col-lg-12 col-md-12 col-sm-12 fusion-content-box-hover content-box-column-last content-box-column-last-in-row\"><div class=\"col content-box-wrapper content-wrapper link-area-link-icon link-type-text icon-hover-animation-fade\" data-animationOffset=\"top-into-view\"><div class=\"heading heading-with-icon icon-left\"><a class=\"heading-link\" href=\"https:\/\/adidam.eu\/read\/\" target=\"_self\"><div aria-hidden=\"true\" class=\"image\"><img decoding=\"async\" src=\"https:\/\/adidam.eu\/wp-content\/uploads\/2016\/12\/adidam_home_icon_read.png\" width=\"81\" height=\"81\" alt=\"\" \/><\/div><h2 class=\"content-box-heading\" style=\"--h2_typography-font-size:32px;line-height:37px;\">CZYTAJ<\/h2><\/a><\/div><\/div><\/div><div class=\"fusion-clearfix\"><\/div><\/div><div class=\"fusion-clearfix\"><\/div><\/div><\/div><div class=\"fusion-layout-column fusion_builder_column_inner fusion-builder-nested-column-3 fusion_builder_column_inner_1_3 1_3 fusion-one-third fusion-column-last\" style=\"--awb-bg-size:cover;width:33.333333333333%;width:calc(33.333333333333% - ( ( 4% + 4% ) * 0.33333333333333 ) );\"><div class=\"fusion-column-wrapper fusion-flex-column-wrapper-legacy\"><div class=\"fusion-content-boxes content-boxes columns row fusion-columns-1 fusion-columns-total-1 fusion-content-boxes-3 content-boxes-icon-on-top content-left icon-listen\" style=\"--awb-body-color:#b3740d;--awb-title-color:#b3740d;--awb-hover-accent-color:#804100;--awb-circle-hover-accent-color:#804100;--awb-item-margin-bottom:40px;\" data-animationOffset=\"top-into-view\"><div style=\"--awb-backgroundcolor:rgba(255,255,255,0);\" class=\"fusion-column content-box-column content-box-column content-box-column-1 col-lg-12 col-md-12 col-sm-12 fusion-content-box-hover content-box-column-last content-box-column-last-in-row\"><div class=\"col content-box-wrapper content-wrapper link-area-link-icon link-type-text icon-hover-animation-fade\" data-animationOffset=\"top-into-view\"><div class=\"heading heading-with-icon icon-left\"><a class=\"heading-link\" href=\"https:\/\/adidam.eu\/listen\/\" target=\"_self\"><div aria-hidden=\"true\" class=\"image\"><img decoding=\"async\" src=\"https:\/\/adidam.eu\/wp-content\/uploads\/2016\/12\/adidam_home_icon_listen.png\" width=\"81\" height=\"81\" alt=\"\" \/><\/div><h2 class=\"content-box-heading\" style=\"--h2_typography-font-size:32px;line-height:37px;\">S\u0141UCHAJ<\/h2><\/a><\/div><\/div><\/div><div class=\"fusion-clearfix\"><\/div><\/div><div class=\"fusion-clearfix\"><\/div><\/div><\/div><\/div><div class=\"fusion-clearfix\"><\/div><\/div><\/div><div class=\"fusion-layout-column fusion_builder_column fusion-builder-column-1 fusion_builder_column_1_3 1_3 fusion-one-third fusion-column-last\" style=\"--awb-bg-position:right center;--awb-bg-size:cover;width:33.333333333333%;width:calc(33.333333333333% - ( ( 4% ) * 0.33333333333333 ) );\"><div class=\"fusion-column-wrapper fusion-flex-column-wrapper-legacy\"><div class=\"fusion-image-element in-legacy-container\" style=\"--awb-caption-title-font-family:var(--h2_typography-font-family);--awb-caption-title-font-weight:var(--h2_typography-font-weight);--awb-caption-title-font-style:var(--h2_typography-font-style);--awb-caption-title-size:var(--h2_typography-font-size);--awb-caption-title-transform:var(--h2_typography-text-transform);--awb-caption-title-line-height:var(--h2_typography-line-height);--awb-caption-title-letter-spacing:var(--h2_typography-letter-spacing);\"><span class=\" fusion-imageframe imageframe-none imageframe-1 hover-type-none\"><img decoding=\"async\" width=\"355\" height=\"481\" title=\"adidam_sidebar_coursespage\" src=\"https:\/\/adidam.eu\/wp-content\/uploads\/2016\/12\/adidam_sidebar_coursespage.png\" alt class=\"img-responsive wp-image-294\" srcset=\"https:\/\/adidam.eu\/wp-content\/uploads\/2016\/12\/adidam_sidebar_coursespage-200x271.png 200w, https:\/\/adidam.eu\/wp-content\/uploads\/2016\/12\/adidam_sidebar_coursespage.png 355w\" sizes=\"(max-width: 1200px) 100vw, 355px\" \/><\/span><\/div><div class=\"fusion-clearfix\"><\/div><\/div><\/div><\/div><\/div>\n","protected":false},"excerpt":{"rendered":"","protected":false},"author":1,"featured_media":0,"parent":0,"menu_order":0,"comment_status":"closed","ping_status":"closed","template":"100-width.php","meta":{"footnotes":""},"class_list":["post-4405","page","type-page","status-publish","hentry"],"_links":{"self":[{"href":"https:\/\/adidam.eu\/pl\/wp-json\/wp\/v2\/pages\/4405","targetHints":{"allow":["GET"]}}],"collection":[{"href":"https:\/\/adidam.eu\/pl\/wp-json\/wp\/v2\/pages"}],"about":[{"href":"https:\/\/adidam.eu\/pl\/wp-json\/wp\/v2\/types\/page"}],"author":[{"embeddable":true,"href":"https:\/\/adidam.eu\/pl\/wp-json\/wp\/v2\/users\/1"}],"replies":[{"embeddable":true,"href":"https:\/\/adidam.eu\/pl\/wp-json\/wp\/v2\/comments?post=4405"}],"version-history":[{"count":2,"href":"https:\/\/adidam.eu\/pl\/wp-json\/wp\/v2\/pages\/4405\/revisions"}],"predecessor-version":[{"id":4419,"href":"https:\/\/adidam.eu\/pl\/wp-json\/wp\/v2\/pages\/4405\/revisions\/4419"}],"wp:attachment":[{"href":"https:\/\/adidam.eu\/pl\/wp-json\/wp\/v2\/media?parent=4405"}],"curies":[{"name":"wp","href":"https:\/\/api.w.org\/{rel}","templated":true}]}}