{"id":4443,"date":"2018-10-19T14:59:28","date_gmt":"2018-10-19T12:59:28","guid":{"rendered":"https:\/\/adidam.eu\/czytaj\/not-two-is-peace\/"},"modified":"2025-06-03T12:34:38","modified_gmt":"2025-06-03T10:34:38","slug":"not-two-is-peace","status":"publish","type":"page","link":"https:\/\/adidam.eu\/pl\/czytaj\/not-two-is-peace\/","title":{"rendered":"Not-Two Is Peace"},"content":{"rendered":"<div class=\"fusion-fullwidth fullwidth-box fusion-builder-row-1 nonhundred-percent-fullwidth non-hundred-percent-height-scrolling\" style=\"--awb-border-radius-top-left:0px;--awb-border-radius-top-right:0px;--awb-border-radius-bottom-right:0px;--awb-border-radius-bottom-left:0px;--awb-padding-top:20px;--awb-padding-bottom:20px;--awb-flex-wrap:wrap;\" ><div class=\"fusion-builder-row fusion-row\"><div class=\"fusion-layout-column fusion_builder_column fusion-builder-column-0 fusion_builder_column_2_3 2_3 fusion-two-third fusion-column-first\" style=\"--awb-bg-size:cover;width:66.666666666667%;width:calc(66.666666666667% - ( ( 4% ) * 0.66666666666667 ) );margin-right: 4%;\"><div class=\"fusion-column-wrapper fusion-flex-column-wrapper-legacy\"><div class=\"fusion-builder-row fusion-builder-row-inner fusion-row\"><div class=\"fusion-layout-column fusion_builder_column_inner fusion-builder-nested-column-0 fusion_builder_column_inner_1_1 1_1 fusion-one-full fusion-column-first fusion-column-last read-page-centerblock-container\" style=\"--awb-bg-size:cover;\"><div class=\"fusion-column-wrapper fusion-flex-column-wrapper-legacy\"><div class=\"fusion-title title fusion-title-1 fusion-sep-none fusion-title-text fusion-title-size-one courses-page-centerblock-h1 \" style=\"--awb-margin-top-small:10px;--awb-margin-right-small:0px;--awb-margin-bottom-small:10px;--awb-margin-left-small:0px;\"><h1 class=\"fusion-title-heading title-heading-left\" style=\"margin:0;\">Not-Two <u>Is<\/u> Peace<\/h1><\/div><div class=\"fusion-text fusion-text-1\"><p>Not-Two <u>Is<\/u> Peace, str.99<\/p>\n<\/div><div class=\"fusion-text fusion-text-2\"><h5 class=\"courses-page-centerblock-h3\">Ksi\u0105\u017cka dost\u0119pna w naszej <a href=\"https:\/\/adidambookshop.eu\/products\/not-two-is-peace?_pos=1&#038;_psq=Not-Two+Is+Peace&#038;_ss=e&#038;_v=1.0&#038;variant=47006381539671\" target=\"_blank\" rel=\"noopener\">Ksi\u0119garni Internetowej<\/a>.<\/h5>\n<\/div><div class=\"fusion-sep-clear\"><\/div><div class=\"fusion-separator fusion-full-width-sep\" style=\"margin-left: auto;margin-right: auto;margin-bottom:20px;width:100%;\"><\/div><div class=\"fusion-sep-clear\"><\/div><div class=\"fusion-text fusion-text-3\"><h3 class=\"home-page-centerblock-h3\" style=\"text-align: center;\">W + T = P:<br \/>\nR\u00f3wnanie na Pok\u00f3j na \u015awiecie<\/h3>\n<\/p>\n<p style=\"text-align: center;\">1.<\/p>\n<p><u>Najpilniejszym<\/u> zadaniem naszych czas\u00f3w jest natychmiastowe, ca\u0142kowite, powszechne i trwa\u0142e porzucenie panuj\u0105cego globalnie nastroju politycznego separatyzmu, rywalizacji \u201edo upad\u0142ego\u201d i nieustannie mno\u017c\u0105cych si\u0119 podzia\u0142\u00f3w \u2013 tak, aby inteligencja serca oraz pozytywna postawa wsp\u00f3\u0142pracy i tolerancji zosta\u0142y uznane za wsp\u00f3ln\u0105 warto\u015b\u0107 ca\u0142ej ludzko\u015bci.<\/p>\n<p style=\"text-align: center;\">2.<\/p>\n<p>Jedynym sposobem na rozwi\u0105zanie obecnej sytuacji na \u015bwiecie jest, aby <u>wszyscy<\/u> \u201e<u>stracili<\/u> twarz\u201d \u2013 zamiast domaga\u0107 si\u0119 \u201e<u>zachowania<\/u> twarzy\u201d.<\/p>\n<p>Ca\u0142a ludzko\u015b\u0107, jako zorganizowany kolektyw, powinna razem i \u015bwiadomie \u201estraci\u0107 twarz\u201d \u2013 poprzez uznanie, \u017ce je\u015bli ludzie nie b\u0119d\u0105 \u017cy\u0107 we formalnie ustanowionej i konsekwentnie utrzymywanej wsp\u00f3\u0142pracy oraz tolerancji, <u>nieuchronnie<\/u> popadn\u0105 w powszechne i skrajnie destrukcyjne zachowania.<\/p>\n<p>Tylko wtedy, gdy <u>wszyscy<\/u> <u>razem <\/u>\u201estrac\u0105 twarz\u201d, mo\u017cliwe b\u0119dzie odzyskanie moralnej si\u0142y i autorytetu, dzi\u0119ki kt\u00f3rym ludzie b\u0119d\u0105 w stanie domaga\u0107 si\u0119 od siebie nawzajem wsp\u00f3\u0142pracy i tolerancji. I tylko po takiej regeneracji powszechnie uznanej moralnej si\u0142y i autorytetu mo\u017cliwe b\u0119dzie osi\u0105gni\u0119cie powszechnej zgody na stworzenie i utrzymanie globalnej spo\u0142eczno\u015bci ludzkiej prawdziwie opartej na wsp\u00f3\u0142pracy i tolerancji.<\/p>\n<p style=\"text-align: center;\">3.<\/p>\n<p>Ludzie musz\u0105 z pokor\u0105 zaakceptowa\u0107 fakt, \u017ce ich prawowite miejsce (i ka\u017cdego cz\u0142owieka) w naturalnie niepodzielnej rodzinie ziemskiej (w tym ludzko\u015bci) nie jest \u201emiejscem ego\u201d \u2013 czyli <u>uprzedniej nie-jedno\u015bci<\/u> (a zatem oddzielenia, separacji, dominacji i kontroli), ale \u201emiejscem serca\u201d <u>uprzedniej<\/u> <u>jedno\u015bci<\/u> (a zatem wsp\u00f3\u0142pracy i tolerancji transcenduj\u0105cej ego).<\/p>\n<p>Nie jest to <u>poszukiwanie<\/u> pokoju (bo ka\u017cde poszukiwanie zak\u0142ada wcze\u015bniejsze oddzielenie od tego, czego si\u0119 szuka), ale <u>aktywne<\/u> <u>potwierdzanie<\/u> i <u>wprowadzanie<\/u> <u>w<\/u> <u>\u017cycie<\/u> (czyli uznanie uprzedniej jedno\u015bci i braku konfliktu jako stanu, kt\u00f3ry nale\u017cy <u>zawsze<\/u> utwierdza\u0107, na kt\u00f3rym nale\u017cy si\u0119 opiera\u0107, kt\u00f3ry nale\u017cy wprowadza\u0107 w \u017cycie i zachowywa\u0107) jest prawdziwym i jedynym \u015brodkiem do osi\u0105gni\u0119cia pokoju.<\/p>\n<p>Zatem w praktyce oznacza to, \u017ce pok\u00f3j (czyli w\u0142a\u015bciwe \u017cycie) w\u015br\u00f3d istot \u017cywych <u>wszelkiego<\/u> rodzaju i formy mo\u017ce zosta\u0107 ustanowiony <u>wy\u0142\u0105cznie<\/u> na fundamencie aktywnej, przekraczaj\u0105cej ego wsp\u00f3\u0142pracy i tolerancji.<\/p>\n<p>To Wezwanie do W\u0142a\u015bciwego \u017bycia i Pokoju stanowi absolutne, niepodwa\u017calne Prawo moralne, kt\u00f3rego istot\u0119 zawar\u0142em w prostej Formule: W + T = P, czyli \u201eWsp\u00f3\u0142praca + Tolerancja = Pok\u00f3j\u201d.<\/p>\n<p>Absolutnie konieczne jest, aby ludzko\u015b\u0107 jako ca\u0142o\u015b\u0107 formalnie przyj\u0119\u0142a i rzeczywi\u015bcie wprowadzi\u0142a w \u017cycie t\u0119 uniwersaln\u0105 postaw\u0119 moraln\u0105.<\/p>\n<p style=\"text-align: center;\">4.<\/p>\n<p>\u201eWsp\u00f3\u0142praca + Tolerancja = Pok\u00f3j\u201d to Najlepsza Alternatywa wobec egoistycznej drogi prowadz\u0105cej do nieuchronnej, powszechnej zag\u0142ady. Dlatego to Prawo moralne musi sta\u0107 si\u0119 powszechnie akceptowan\u0105 (<u>a<\/u> nawet oczekiwan\u0105) zasad\u0105 moraln\u0105 i praktyczn\u0105 form\u0105 samodyscypliny.<\/p>\n<p>Dzi\u0119ki powszechnemu stosowaniu tego wielkiego Prawa moralnego, rozproszone ludy w\u0119druj\u0105ce po Ziemi mog\u0105 poczu\u0107 swoj\u0105 prawdziw\u0105 si\u0142\u0119 i pierwotn\u0105 jedno\u015b\u0107 (lub nieod\u0142\u0105czn\u0105, wzajemn\u0105 wi\u0119\u017a), a tak\u017ce odkry\u0107 zbiorow\u0105 moc przekszta\u0142cania \u201ezwyk\u0142ej\u201d (czyli te\u017c \u201erealnej\u201d) polityki egoizmu \u2013 tak, by rzeczywi\u015bcie tworzy\u0107 i utrzymywa\u0107 pok\u00f3j mi\u0119dzy lud\u017ami i w \u015bwiecie przyrody.<\/p>\n<p>Ka\u017cdy powinien z pozytywnym nastawieniem odnie\u015b\u0107 si\u0119 do idei powstania prawdziwej, rzeczywistej, globalnej, wsp\u00f3lnoty ludzkiej opartej na wsp\u00f3\u0142pracy. \u00a0Taka wsp\u00f3lnota nie jest jedynie \u201eutopijn\u0105 ide\u0105\u201d, lecz praktyczn\u0105 i realn\u0105 konieczno\u015bci\u0105 \u2013 warunkiem fizycznego przetrwania ludzko\u015bci, \u017cycia na Ziemi i samej planety.<\/p>\n<p style=\"text-align: center;\">5.<\/p>\n<p>Formu\u0142a Pokoju na \u015awiecie musi zosta\u0107 przyj\u0119ta jako <u>nieodzowna<\/u> polityka przysz\u0142o\u015bci.<\/p>\n<p>Wsp\u00f3\u0142praca i tolerancja to konieczna i dok\u0142adna \u201ecena\u201d pokoju \u2013 \u201ekoszt traktatu\u201d, od kt\u00f3rego zale\u017cy przetrwanie ludzko\u015bci, \u017cycia na Ziemi i samej planety.<\/p>\n<p>Na tym w\u0142a\u015bnie polega konieczny \u201enowy paradygmat\u201d ludzkiego dzia\u0142ania na przysz\u0142o\u015b\u0107.<\/p>\n<\/div><div class=\"fusion-sep-clear\"><\/div><div class=\"fusion-separator fusion-full-width-sep\" style=\"margin-left: auto;margin-right: auto;margin-bottom:20px;width:100%;\"><\/div><div class=\"fusion-sep-clear\"><\/div><div class=\"fusion-alignleft\"><a class=\"fusion-button button-flat button-medium button-default fusion-button-default button-1 fusion-button-default-span fusion-button-default-type\" target=\"_self\" href=\"..\/\"><span class=\"fusion-button-text awb-button__text awb-button__text--default\">Wr\u00f3\u0107 do czytania<\/span><\/a><\/div><div class=\"fusion-sep-clear\"><\/div><div class=\"fusion-separator fusion-full-width-sep\" style=\"margin-left: auto;margin-right: auto;margin-bottom:0px;width:100%;\"><\/div><div class=\"fusion-sep-clear\"><\/div><div class=\"fusion-clearfix\"><\/div><\/div><\/div><\/div><div class=\"fusion-sep-clear\"><\/div><div class=\"fusion-separator fusion-full-width-sep\" style=\"margin-left: auto;margin-right: auto;margin-top:50px;width:100%;\"><\/div><div class=\"fusion-sep-clear\"><\/div><div class=\"fusion-builder-row fusion-builder-row-inner fusion-row\"><div class=\"fusion-layout-column fusion_builder_column_inner fusion-builder-nested-column-1 fusion_builder_column_inner_1_3 1_3 fusion-one-third fusion-column-first\" style=\"--awb-bg-size:cover;width:33.333333333333%;width:calc(33.333333333333% - ( ( 4% + 4% ) * 0.33333333333333 ) );margin-right: 4%;\"><div class=\"fusion-column-wrapper fusion-flex-column-wrapper-legacy\"><div class=\"fusion-content-boxes content-boxes columns row fusion-columns-1 fusion-columns-total-1 fusion-content-boxes-1 content-boxes-icon-on-top content-left icon-watch\" style=\"--awb-body-color:#37939b;--awb-title-color:#37939b;--awb-hover-accent-color:#00474f;--awb-circle-hover-accent-color:#00474f;--awb-item-margin-bottom:40px;\" data-animationOffset=\"top-into-view\"><div style=\"--awb-backgroundcolor:rgba(255,255,255,0);\" class=\"fusion-column content-box-column content-box-column content-box-column-1 col-lg-12 col-md-12 col-sm-12 fusion-content-box-hover content-box-column-last content-box-column-last-in-row\"><div class=\"col content-box-wrapper content-wrapper link-area-link-icon link-type-text icon-hover-animation-fade\" data-animationOffset=\"top-into-view\"><div class=\"heading heading-with-icon icon-left\"><a class=\"heading-link\" href=\"https:\/\/adidam.eu\/pl\/ogladaj\/\" target=\"_self\"><div aria-hidden=\"true\" class=\"image\"><img decoding=\"async\" src=\"https:\/\/adidam.eu\/wp-content\/uploads\/2016\/12\/adidam_home_icon_watch.png\" width=\"81\" height=\"81\" alt=\"\" \/><\/div><h2 class=\"content-box-heading\" style=\"--h2_typography-font-size:32px;line-height:37px;\">OGL\u0104DAJ<\/h2><\/a><\/div><\/div><\/div><div class=\"fusion-clearfix\"><\/div><\/div><div class=\"fusion-clearfix\"><\/div><\/div><\/div><div class=\"fusion-layout-column fusion_builder_column_inner fusion-builder-nested-column-2 fusion_builder_column_inner_1_3 1_3 fusion-one-third\" style=\"--awb-bg-size:cover;width:33.333333333333%;width:calc(33.333333333333% - ( ( 4% + 4% ) * 0.33333333333333 ) );margin-right: 4%;\"><div class=\"fusion-column-wrapper fusion-flex-column-wrapper-legacy\"><div class=\"fusion-content-boxes content-boxes columns row fusion-columns-1 fusion-columns-total-1 fusion-content-boxes-2 content-boxes-icon-on-top content-left icon-read\" style=\"--awb-body-color:#737b35;--awb-title-color:#737b35;--awb-hover-accent-color:#404802;--awb-circle-hover-accent-color:#404802;--awb-item-margin-bottom:40px;\" data-animationOffset=\"top-into-view\"><div style=\"--awb-backgroundcolor:rgba(255,255,255,0);\" class=\"fusion-column content-box-column content-box-column content-box-column-1 col-lg-12 col-md-12 col-sm-12 fusion-content-box-hover content-box-column-last content-box-column-last-in-row\"><div class=\"col content-box-wrapper content-wrapper link-area-link-icon link-type-text icon-hover-animation-fade\" data-animationOffset=\"top-into-view\"><div class=\"heading heading-with-icon icon-left\"><a class=\"heading-link\" href=\"https:\/\/adidam.eu\/pl\/czytaj\/\" target=\"_self\"><div aria-hidden=\"true\" class=\"image\"><img decoding=\"async\" src=\"https:\/\/adidam.eu\/wp-content\/uploads\/2016\/12\/adidam_home_icon_read.png\" width=\"81\" height=\"81\" alt=\"\" \/><\/div><h2 class=\"content-box-heading\" style=\"--h2_typography-font-size:32px;line-height:37px;\">CZYTAJ<\/h2><\/a><\/div><\/div><\/div><div class=\"fusion-clearfix\"><\/div><\/div><div class=\"fusion-clearfix\"><\/div><\/div><\/div><div class=\"fusion-layout-column fusion_builder_column_inner fusion-builder-nested-column-3 fusion_builder_column_inner_1_3 1_3 fusion-one-third fusion-column-last\" style=\"--awb-bg-size:cover;width:33.333333333333%;width:calc(33.333333333333% - ( ( 4% + 4% ) * 0.33333333333333 ) );\"><div class=\"fusion-column-wrapper fusion-flex-column-wrapper-legacy\"><div class=\"fusion-content-boxes content-boxes columns row fusion-columns-1 fusion-columns-total-1 fusion-content-boxes-3 content-boxes-icon-on-top content-left icon-listen\" style=\"--awb-body-color:#b3740d;--awb-title-color:#b3740d;--awb-hover-accent-color:#804100;--awb-circle-hover-accent-color:#804100;--awb-item-margin-bottom:40px;\" data-animationOffset=\"top-into-view\"><div style=\"--awb-backgroundcolor:rgba(255,255,255,0);\" class=\"fusion-column content-box-column content-box-column content-box-column-1 col-lg-12 col-md-12 col-sm-12 fusion-content-box-hover content-box-column-last content-box-column-last-in-row\"><div class=\"col content-box-wrapper content-wrapper link-area-link-icon link-type-text icon-hover-animation-fade\" data-animationOffset=\"top-into-view\"><div class=\"heading heading-with-icon icon-left\"><a class=\"heading-link\" href=\"https:\/\/adidam.eu\/pl\/sluchaj\/\" target=\"_self\"><div aria-hidden=\"true\" class=\"image\"><img decoding=\"async\" src=\"https:\/\/adidam.eu\/wp-content\/uploads\/2016\/12\/adidam_home_icon_listen.png\" width=\"81\" height=\"81\" alt=\"\" \/><\/div><h2 class=\"content-box-heading\" style=\"--h2_typography-font-size:32px;line-height:37px;\">S\u0141UCHAJ<\/h2><\/a><\/div><\/div><\/div><div class=\"fusion-clearfix\"><\/div><\/div><div class=\"fusion-clearfix\"><\/div><\/div><\/div><\/div><div class=\"fusion-clearfix\"><\/div><\/div><\/div><div class=\"fusion-layout-column fusion_builder_column fusion-builder-column-1 fusion_builder_column_1_3 1_3 fusion-one-third fusion-column-last\" style=\"--awb-bg-position:right center;--awb-bg-size:cover;width:33.333333333333%;width:calc(33.333333333333% - ( ( 4% ) * 0.33333333333333 ) );\"><div class=\"fusion-column-wrapper fusion-flex-column-wrapper-legacy\"><div class=\"fusion-image-element fusion-image-align-left in-legacy-container\" style=\"text-align:left;--awb-caption-title-font-family:var(--h2_typography-font-family);--awb-caption-title-font-weight:var(--h2_typography-font-weight);--awb-caption-title-font-style:var(--h2_typography-font-style);--awb-caption-title-size:var(--h2_typography-font-size);--awb-caption-title-transform:var(--h2_typography-text-transform);--awb-caption-title-line-height:var(--h2_typography-line-height);--awb-caption-title-letter-spacing:var(--h2_typography-letter-spacing);\"><span class=\" fusion-imageframe imageframe-none imageframe-1 hover-type-none\" style=\"margin-right:25px;float:left;\"><img decoding=\"async\" width=\"200\" height=\"293\" title=\"adidam_uk_read_book_nottwoispeace_1_200px\" src=\"https:\/\/adidam.eu\/wp-content\/uploads\/2018\/11\/adidam_uk_read_book_nottwoispeace_1_200px.jpg\" alt class=\"img-responsive wp-image-4417\"\/><\/span><\/div><div class=\"fusion-clearfix\"><\/div><\/div><\/div><\/div><\/div>\n","protected":false},"excerpt":{"rendered":"","protected":false},"author":1,"featured_media":0,"parent":4405,"menu_order":0,"comment_status":"closed","ping_status":"closed","template":"100-width.php","meta":{"footnotes":""},"class_list":["post-4443","page","type-page","status-publish","hentry"],"_links":{"self":[{"href":"https:\/\/adidam.eu\/pl\/wp-json\/wp\/v2\/pages\/4443","targetHints":{"allow":["GET"]}}],"collection":[{"href":"https:\/\/adidam.eu\/pl\/wp-json\/wp\/v2\/pages"}],"about":[{"href":"https:\/\/adidam.eu\/pl\/wp-json\/wp\/v2\/types\/page"}],"author":[{"embeddable":true,"href":"https:\/\/adidam.eu\/pl\/wp-json\/wp\/v2\/users\/1"}],"replies":[{"embeddable":true,"href":"https:\/\/adidam.eu\/pl\/wp-json\/wp\/v2\/comments?post=4443"}],"version-history":[{"count":3,"href":"https:\/\/adidam.eu\/pl\/wp-json\/wp\/v2\/pages\/4443\/revisions"}],"predecessor-version":[{"id":4446,"href":"https:\/\/adidam.eu\/pl\/wp-json\/wp\/v2\/pages\/4443\/revisions\/4446"}],"up":[{"embeddable":true,"href":"https:\/\/adidam.eu\/pl\/wp-json\/wp\/v2\/pages\/4405"}],"wp:attachment":[{"href":"https:\/\/adidam.eu\/pl\/wp-json\/wp\/v2\/media?parent=4443"}],"curies":[{"name":"wp","href":"https:\/\/api.w.org\/{rel}","templated":true}]}}